{"id":8,"date":"2021-08-27T15:09:07","date_gmt":"2021-08-27T18:09:07","guid":{"rendered":"https:\/\/wp.ufpel.edu.br\/graficacontemporanea\/?page_id=8"},"modified":"2022-02-21T03:21:01","modified_gmt":"2022-02-21T06:21:01","slug":"linhas-de-pesquisas","status":"publish","type":"page","link":"https:\/\/wp.ufpel.edu.br\/graficacontemporanea\/linhas-de-pesquisas\/","title":{"rendered":"Linhas de pesquisas"},"content":{"rendered":"<h3><strong>Arte Contempor\u00e2nea e a multiplica\u00e7\u00e3o da imagem<\/strong><\/h3>\n<p>Investigar artistas contempor\u00e2neos e novos meios de reprodu\u00e7\u00e3o da imagem, assim como po\u00e9ticas individuais e coletivas da atualidade que usam a linguagem gr\u00e1fica como meio de obten\u00e7\u00e3o da imagem.<\/p>\n<h3><strong>Educa\u00e7\u00e3o e Resist\u00eancia<\/strong><\/h3>\n<p>Investigar formas de abordar o tema na educa\u00e7\u00e3o atrav\u00e9s de metodologias que auxilie o conhecimento das t\u00e9cnicas. Trabalhar na cria\u00e7\u00e3o de t\u00e9cnicas alternativas na gravura utilizando a pesquisa destacando materiais e processos acess\u00edveis para o aprendizado da linguagem gr\u00e1fica<em>.<\/em><\/p>\n<h3><strong>Invent\u00e1rio de Impress\u00f5es: arte contempor\u00e2nea na multiplica\u00e7\u00e3o da imagem<\/strong><\/h3>\n<p>Construir atrav\u00e9s de uma investiga\u00e7\u00e3o po\u00e9tica a articula\u00e7\u00e3o dos trabalhos de artes visuais pesquisando a reprodu\u00e7\u00e3o da cidade atrav\u00e9s de invent\u00e1rios de impress\u00f5es fazendo uso da err\u00e2ncia como processo criativo, discutindo quest\u00f5es relativas a mem\u00f3ria: mapeamento, impress\u00e3o e multiplica\u00e7\u00e3o de imagens.<\/p>\n<h3><strong>Meio Ambiente e arte<\/strong><\/h3>\n<p>Atrav\u00e9s da investiga\u00e7\u00e3o de materiais buscar meios menos t\u00f3xicos \u00e0 sa\u00fade dos gravadores e ao meio ambiente para a produ\u00e7\u00e3o de gravuras na contemporaneidade juntamente com a po\u00e9tica.<\/p>\n<h3><strong>Modos de apresenta\u00e7\u00e3o e produ\u00e7\u00e3o em arte contempor\u00e2nea: articula\u00e7\u00f5es com o p\u00fablico<\/strong><\/h3>\n<p>Investigar os modos de apresenta\u00e7\u00e3o e reapresenta\u00e7\u00e3o em artes visuais. Pensar os espa\u00e7os expositivos e a organiza\u00e7\u00e3o de exposi\u00e7\u00f5es, expografia e produ\u00e7\u00e3o, e sua articula\u00e7\u00e3o com o publico para valoriza\u00e7\u00e3o da percep\u00e7\u00e3o diante das imagens e do espa\u00e7o que ela ocupa. Com foco em m\u00faltiplos, estampas e compartilhamentos, esta linha pesquisa se debru\u00e7a a investigar o encontro do trabalho de arte com o publico, e as articula\u00e7\u00f5es necess\u00e1rias entre os personagens envolvidos: arte, artista e espectador.<\/p>\n<h3><strong>Sustentabilidade da linguagem gr\u00e1fica<\/strong><\/h3>\n<p>Investigar materiais, processos, meios, para garantir a sustentabilidade da linguagem gr\u00e1fica. Desenvolvendo uma pesquisa diante da evolu\u00e7\u00e3o dos processos de reprodu\u00e7\u00e3o da imagem e novas perspectivas diante de diferentes tecnologias.<\/p>\n","protected":false},"excerpt":{"rendered":"<p>Arte Contempor\u00e2nea e a multiplica\u00e7\u00e3o da imagem Investigar artistas contempor\u00e2neos e novos meios de reprodu\u00e7\u00e3o da imagem, assim como po\u00e9ticas individuais e coletivas da atualidade que usam a linguagem gr\u00e1fica como meio de obten\u00e7\u00e3o da imagem. Educa\u00e7\u00e3o e Resist\u00eancia Investigar formas de abordar o tema na educa\u00e7\u00e3o atrav\u00e9s de metodologias que auxilie o conhecimento das &hellip; <\/p>\n<p><a class=\"more-link btn\" href=\"https:\/\/wp.ufpel.edu.br\/graficacontemporanea\/linhas-de-pesquisas\/\">Continue lendo<\/a><\/p>\n","protected":false},"author":1140,"featured_media":0,"parent":0,"menu_order":0,"comment_status":"closed","ping_status":"closed","template":"","meta":{"footnotes":""},"class_list":["post-8","page","type-page","status-publish","hentry","nodate","item-wrap"],"_links":{"self":[{"href":"https:\/\/wp.ufpel.edu.br\/graficacontemporanea\/wp-json\/wp\/v2\/pages\/8","targetHints":{"allow":["GET"]}}],"collection":[{"href":"https:\/\/wp.ufpel.edu.br\/graficacontemporanea\/wp-json\/wp\/v2\/pages"}],"about":[{"href":"https:\/\/wp.ufpel.edu.br\/graficacontemporanea\/wp-json\/wp\/v2\/types\/page"}],"author":[{"embeddable":true,"href":"https:\/\/wp.ufpel.edu.br\/graficacontemporanea\/wp-json\/wp\/v2\/users\/1140"}],"replies":[{"embeddable":true,"href":"https:\/\/wp.ufpel.edu.br\/graficacontemporanea\/wp-json\/wp\/v2\/comments?post=8"}],"version-history":[{"count":5,"href":"https:\/\/wp.ufpel.edu.br\/graficacontemporanea\/wp-json\/wp\/v2\/pages\/8\/revisions"}],"predecessor-version":[{"id":300,"href":"https:\/\/wp.ufpel.edu.br\/graficacontemporanea\/wp-json\/wp\/v2\/pages\/8\/revisions\/300"}],"wp:attachment":[{"href":"https:\/\/wp.ufpel.edu.br\/graficacontemporanea\/wp-json\/wp\/v2\/media?parent=8"}],"curies":[{"name":"wp","href":"https:\/\/api.w.org\/{rel}","templated":true}]}}