{"id":7,"date":"2021-08-27T15:09:07","date_gmt":"2021-08-27T18:09:07","guid":{"rendered":"https:\/\/wp.ufpel.edu.br\/graficacontemporanea\/?page_id=7"},"modified":"2021-09-10T23:47:03","modified_gmt":"2021-09-11T02:47:03","slug":"quem-somos","status":"publish","type":"page","link":"https:\/\/wp.ufpel.edu.br\/graficacontemporanea\/quem-somos\/","title":{"rendered":"Quem somos?"},"content":{"rendered":"<h4 style=\"text-align: center\">O grupo se debru\u00e7a investigar, por meio de reflex\u00f5es acerca da gravura contempor\u00e2nea atuando com a pesquisa de materiais (n\u00e3o-t\u00f3xicos) e processos criativos afim de garantir a sustentabilidade dos meios. Criando interc\u00e2mbios com o ensino das t\u00e9cnicas gr\u00e1ficas e a po\u00e9tica visual consistindo num espa\u00e7o de pr\u00e1tica e reflex\u00e3o dos processos de reprodu\u00e7\u00e3o de imagens. Articula a reprodu\u00e7\u00e3o da imagem tradicional e contempor\u00e2nea no contexto atual percebendo a import\u00e2ncia de novos meios para a sustentabilidade de t\u00e9cnicas e neste entendimento a evolu\u00e7\u00e3o desses meios.<\/h4>\n","protected":false},"excerpt":{"rendered":"<p>O grupo se debru\u00e7a investigar, por meio de reflex\u00f5es acerca da gravura contempor\u00e2nea atuando com a pesquisa de materiais (n\u00e3o-t\u00f3xicos) e processos criativos afim de garantir a sustentabilidade dos meios. Criando interc\u00e2mbios com o ensino das t\u00e9cnicas gr\u00e1ficas e a po\u00e9tica visual consistindo num espa\u00e7o de pr\u00e1tica e reflex\u00e3o dos processos de reprodu\u00e7\u00e3o de imagens. &hellip; <\/p>\n<p><a class=\"more-link btn\" href=\"https:\/\/wp.ufpel.edu.br\/graficacontemporanea\/quem-somos\/\">Continue lendo<\/a><\/p>\n","protected":false},"author":1140,"featured_media":0,"parent":0,"menu_order":0,"comment_status":"closed","ping_status":"closed","template":"","meta":{"footnotes":""},"class_list":["post-7","page","type-page","status-publish","hentry","nodate","item-wrap"],"_links":{"self":[{"href":"https:\/\/wp.ufpel.edu.br\/graficacontemporanea\/wp-json\/wp\/v2\/pages\/7","targetHints":{"allow":["GET"]}}],"collection":[{"href":"https:\/\/wp.ufpel.edu.br\/graficacontemporanea\/wp-json\/wp\/v2\/pages"}],"about":[{"href":"https:\/\/wp.ufpel.edu.br\/graficacontemporanea\/wp-json\/wp\/v2\/types\/page"}],"author":[{"embeddable":true,"href":"https:\/\/wp.ufpel.edu.br\/graficacontemporanea\/wp-json\/wp\/v2\/users\/1140"}],"replies":[{"embeddable":true,"href":"https:\/\/wp.ufpel.edu.br\/graficacontemporanea\/wp-json\/wp\/v2\/comments?post=7"}],"version-history":[{"count":3,"href":"https:\/\/wp.ufpel.edu.br\/graficacontemporanea\/wp-json\/wp\/v2\/pages\/7\/revisions"}],"predecessor-version":[{"id":112,"href":"https:\/\/wp.ufpel.edu.br\/graficacontemporanea\/wp-json\/wp\/v2\/pages\/7\/revisions\/112"}],"wp:attachment":[{"href":"https:\/\/wp.ufpel.edu.br\/graficacontemporanea\/wp-json\/wp\/v2\/media?parent=7"}],"curies":[{"name":"wp","href":"https:\/\/api.w.org\/{rel}","templated":true}]}}