{"id":223,"date":"2022-02-14T18:22:16","date_gmt":"2022-02-14T21:22:16","guid":{"rendered":"https:\/\/wp.ufpel.edu.br\/graficacontemporanea\/?page_id=223"},"modified":"2022-03-04T00:21:30","modified_gmt":"2022-03-04T03:21:30","slug":"publicacoes-2","status":"publish","type":"page","link":"https:\/\/wp.ufpel.edu.br\/graficacontemporanea\/publicacoes-2\/","title":{"rendered":"Publica\u00e7\u00f5es"},"content":{"rendered":"<h4><strong>O projeto\u00a0Invent\u00e1rio de Impress\u00f5es\u00a0a reprodu\u00e7\u00e3o de imagens na contemporaneidade\u00a0<\/strong><\/h4>\n<p>vinculada ao grupo de pesquisa da UFPel CNPq, Gr\u00e1fica Contempor\u00e2nea.\u00a0 Consiste em criar um espa\u00e7o de pr\u00e1tica e reflex\u00e3o dos processos de reprodu\u00e7\u00e3o de imagens.<\/p>\n<p>O projeto possibilitar\u00e1 um melhor acompanhamento, para o aprendizado e nas condi\u00e7\u00f5es favor\u00e1veis para o desenvolvimento de suas pesquisas po\u00e9ticas, atividade que demanda tempo, observa\u00e7\u00e3o e envolvimento com o fazer.\u00a0 Deste modo, busca criar um espa\u00e7o de troca, estabelecendo uma disciplina em rela\u00e7\u00e3o as atividades que cada acad\u00eamico desenvolve. Por meio de orienta\u00e7\u00f5es, discuss\u00f5es e principalmente, tempo de ateli\u00ea. Percebe-se \u201d tempo de ateli\u00ea\u201d, como o tempo debru\u00e7ado ao desenvolvimento das t\u00e9cnicas e das suas pr\u00e1ticas art\u00edsticas, visto que a dificuldade (demanda) \u00e9 construir um entrosamento entre a po\u00e9tica e a linguagem gr\u00e1fica. Fazendo o uso, desta forma, dos recursos do espa\u00e7o do ateli\u00ea com orienta\u00e7\u00e3o profissional.<\/p>\n<p>A pr\u00e1tica da gravura exige ao acad\u00eamico tempo de apura\u00e7\u00e3o das t\u00e9cnicas de reprodu\u00e7\u00e3o da imagem, que s\u00e3o variadas na contemporaneidade, precisando, para melhor aprendizado e para aprimorar as linguagens gr\u00e1ficas desenvolvidas. Amadurecendo as t\u00e9cnicas tradicionais que demandam de maior tempo, melhor estrutura para a reprodu\u00e7\u00e3o de imagens assim como fortalecendo a constru\u00e7\u00e3o de praticas art\u00edsticas pr\u00f3prias que podem envolver distintos processos nas artes gr\u00e1ficas.<\/p>\n","protected":false},"excerpt":{"rendered":"<p>O projeto\u00a0Invent\u00e1rio de Impress\u00f5es\u00a0a reprodu\u00e7\u00e3o de imagens na contemporaneidade\u00a0 vinculada ao grupo de pesquisa da UFPel CNPq, Gr\u00e1fica Contempor\u00e2nea.\u00a0 Consiste em criar um espa\u00e7o de pr\u00e1tica e reflex\u00e3o dos processos de reprodu\u00e7\u00e3o de imagens. O projeto possibilitar\u00e1 um melhor acompanhamento, para o aprendizado e nas condi\u00e7\u00f5es favor\u00e1veis para o desenvolvimento de suas pesquisas po\u00e9ticas, atividade &hellip; <\/p>\n<p><a class=\"more-link btn\" href=\"https:\/\/wp.ufpel.edu.br\/graficacontemporanea\/publicacoes-2\/\">Continue lendo<\/a><\/p>\n","protected":false},"author":1140,"featured_media":0,"parent":0,"menu_order":0,"comment_status":"closed","ping_status":"closed","template":"","meta":{"footnotes":""},"class_list":["post-223","page","type-page","status-publish","hentry","nodate","item-wrap"],"_links":{"self":[{"href":"https:\/\/wp.ufpel.edu.br\/graficacontemporanea\/wp-json\/wp\/v2\/pages\/223","targetHints":{"allow":["GET"]}}],"collection":[{"href":"https:\/\/wp.ufpel.edu.br\/graficacontemporanea\/wp-json\/wp\/v2\/pages"}],"about":[{"href":"https:\/\/wp.ufpel.edu.br\/graficacontemporanea\/wp-json\/wp\/v2\/types\/page"}],"author":[{"embeddable":true,"href":"https:\/\/wp.ufpel.edu.br\/graficacontemporanea\/wp-json\/wp\/v2\/users\/1140"}],"replies":[{"embeddable":true,"href":"https:\/\/wp.ufpel.edu.br\/graficacontemporanea\/wp-json\/wp\/v2\/comments?post=223"}],"version-history":[{"count":4,"href":"https:\/\/wp.ufpel.edu.br\/graficacontemporanea\/wp-json\/wp\/v2\/pages\/223\/revisions"}],"predecessor-version":[{"id":314,"href":"https:\/\/wp.ufpel.edu.br\/graficacontemporanea\/wp-json\/wp\/v2\/pages\/223\/revisions\/314"}],"wp:attachment":[{"href":"https:\/\/wp.ufpel.edu.br\/graficacontemporanea\/wp-json\/wp\/v2\/media?parent=223"}],"curies":[{"name":"wp","href":"https:\/\/api.w.org\/{rel}","templated":true}]}}