{"id":10,"date":"2021-08-27T15:09:08","date_gmt":"2021-08-27T18:09:08","guid":{"rendered":"https:\/\/wp.ufpel.edu.br\/graficacontemporanea\/?page_id=10"},"modified":"2022-02-14T18:57:23","modified_gmt":"2022-02-14T21:57:23","slug":"publicacoes","status":"publish","type":"page","link":"https:\/\/wp.ufpel.edu.br\/graficacontemporanea\/eventos-e-residencia\/publicacoes\/","title":{"rendered":"Xepa Gr\u00e1fica 2021"},"content":{"rendered":"<p><span style=\"font-size: 16px\">O projeto Resid\u00eancia Art\u00edstica em Gr\u00e1fica Contempor\u00e2nea, XEPA GRAFICA foi uma produ\u00e7\u00e3o do LABRE coletivo (POA) + Espa\u00e7o RELVA Arte Resist\u00eancia (PEL), com apoio do Grupo de Pesquisa em Gr\u00e1fica Contempor\u00e2nea (CNPq\/UFPEL), que aconteceu em novembro de 2021. A proposta visou o processo de pesquisa na produ\u00e7\u00e3o gr\u00e1fica atrav\u00e9s da pesquisa-resid\u00eancia do artista-pesquisador William Figueiredo, em produ\u00e7\u00e3o de tintas e processos de impress\u00f5es com a utiliza\u00e7\u00e3o de frutas e verduras, oriundas da xepa das feiras livres na cidade de Pelotas.<\/span><\/p>\n<div class=\"entry-content clearfix\">Foram 7 dias de pesquisa imersiva no ateli\u00ea do Espa\u00e7o RELVA,\u00a0\u00a0A resid\u00eancia foi uma oficina de produ\u00e7\u00e3o de tintas e tecnologias de gravura, gratuitas, com a exposi\u00e7\u00e3o da produ\u00e7\u00e3o junto \u00e0 Feira Org\u00e2nica do Parque Dom Ant\u00f4nio Zattera, no Centro de Pelotas.\u00a0Com o objetivo de possibilitar a ressignifica\u00e7\u00e3o dos rejeitos org\u00e2nicos de frutas e verduras para a produ\u00e7\u00e3o aut\u00f4noma de pigmentos e tintas com paletes crom\u00e1ticas \u00fanicas a partir das feiras. Tamb\u00e9m,\u00a0 desenvolver matrizes xilogr\u00e1ficas aliadas a outras tecnologias\/t\u00e9cnicas de impress\u00e3o n\u00e3o convencional, de gravura com cores artesanais, Para isso, foi realizada a resid\u00eancia art\u00edstica na produ\u00e7\u00e3o de tinta\/pigmentos e matrizes para a\u00a0 impress\u00e3o gr\u00e1fica contempor\u00e2nea, nas depend\u00eancias do\u00a0Espa\u00e7o RELVA Arte Resist\u00eancia (PEL).A\u00a0\u201cOficina XEPA GR\u00c1FICA\u201d foi uma proposta para\u00a0ressignificar a rela\u00e7\u00e3o dos indiv\u00edduos com seu consumo e produ\u00e7\u00e3o de rejeitos no cotidiano. Deste modo, prop\u00f4s ao p\u00fablico geral reflex\u00f5es sobre a produ\u00e7\u00e3o art\u00edstica a partir do nosso consumo cotidiano, da precariedade dos materiais e das possibilidades da produ\u00e7\u00e3o de obras de arte contempor\u00e2nea.<img loading=\"lazy\" decoding=\"async\" class=\"alignnone size-medium wp-image-179\" src=\"https:\/\/wp.ufpel.edu.br\/graficacontemporanea\/files\/2022\/01\/unnamed-7-327x400.png\" alt=\"\" width=\"327\" height=\"400\" srcset=\"https:\/\/wp.ufpel.edu.br\/graficacontemporanea\/files\/2022\/01\/unnamed-7-327x400.png 327w, https:\/\/wp.ufpel.edu.br\/graficacontemporanea\/files\/2022\/01\/unnamed-7.png 447w\" sizes=\"auto, (max-width: 327px) 100vw, 327px\" \/><em><span style=\"font-weight: 400\">\u00a0 Per\u00edodo: De 0<\/span>6 a 13 de Novembro de 2021<\/em><br \/>\n<b>CRONOGRAMA<\/b><\/p>\n<ul>\n<li>S\u00e1bado, 06\/11: No per\u00edodo da manh\u00e3, no Parque Dom Ant\u00f4nio Zattera (entre a Av. Bento Gon\u00e7alves e rua Doutor Amarante, Centro de Pelotas), ser\u00e1 realizada a coleta de frutas e verduras oriundos da xepa, para a resid\u00eancia art\u00edstica\/Oficina Arte Alimento.<\/li>\n<li>Domingo, 07\/11: Visita pela cidade de Pelotas. O artista-residente, conhecer\u00e1 as paisagens visuais da cidade, como alimento criativo da produ\u00e7\u00e3o laboratorial.<\/li>\n<li>Segunda, 08, a Quinta,\u00a0 11\/11: Resid\u00eancia art\u00edstica a partir dos materiais recolhidos no s\u00e1bado 06 e Ter\u00e7a 09. Produ\u00e7\u00e3o de pigmentos, tintas, matrizes de impress\u00e3o e impress\u00e3o gr\u00e1fica.<\/li>\n<li>Ter\u00e7a, 09\/11: No per\u00edodo da tarde\/noite, na Feira do BIG, recolhimento de mat\u00e9ria prima na xepa.<\/li>\n<li>Sexta-feira, 12\/11: Na parte da manh\u00e3, ser\u00e1 realizada a Oficina XEPA GR\u00c1FICA, aberta ao p\u00fablico,\u00a0 sobre as tecnologias de produ\u00e7\u00e3o de pigmentos e impress\u00e3o gr\u00e1fica a partir das xepas das feiras da cidade.<br \/>\nCapacidade m\u00e1xima de 10 pessoas.<\/li>\n<li>S\u00e1bado, 13\/11: Ser\u00e1 apresentado o resultado da pesquisa ao p\u00fablico geral, em banca pr\u00f3pria (kombi), junto \u00e0 feira central da cidade, no Parque Dom Ant\u00f4nio Zattera, como encerramento do ciclo de resid\u00eancia<img loading=\"lazy\" decoding=\"async\" class=\"alignnone size-medium wp-image-178\" src=\"https:\/\/wp.ufpel.edu.br\/graficacontemporanea\/files\/2022\/01\/1643146907745631-400x240.jpg\" alt=\"\" width=\"400\" height=\"240\" srcset=\"https:\/\/wp.ufpel.edu.br\/graficacontemporanea\/files\/2022\/01\/1643146907745631-400x240.jpg 400w, https:\/\/wp.ufpel.edu.br\/graficacontemporanea\/files\/2022\/01\/1643146907745631-1024x614.jpg 1024w, https:\/\/wp.ufpel.edu.br\/graficacontemporanea\/files\/2022\/01\/1643146907745631-768x461.jpg 768w, https:\/\/wp.ufpel.edu.br\/graficacontemporanea\/files\/2022\/01\/1643146907745631.jpg 1050w\" sizes=\"auto, (max-width: 400px) 100vw, 400px\" \/><\/li>\n<\/ul>\n<\/div>\n","protected":false},"excerpt":{"rendered":"<p>O projeto Resid\u00eancia Art\u00edstica em Gr\u00e1fica Contempor\u00e2nea, XEPA GRAFICA foi uma produ\u00e7\u00e3o do LABRE coletivo (POA) + Espa\u00e7o RELVA Arte Resist\u00eancia (PEL), com apoio do Grupo de Pesquisa em Gr\u00e1fica Contempor\u00e2nea (CNPq\/UFPEL), que aconteceu em novembro de 2021. A proposta visou o processo de pesquisa na produ\u00e7\u00e3o gr\u00e1fica atrav\u00e9s da pesquisa-resid\u00eancia do artista-pesquisador William Figueiredo, &hellip; <\/p>\n<p><a class=\"more-link btn\" href=\"https:\/\/wp.ufpel.edu.br\/graficacontemporanea\/eventos-e-residencia\/publicacoes\/\">Continue lendo<\/a><\/p>\n","protected":false},"author":1140,"featured_media":0,"parent":226,"menu_order":0,"comment_status":"closed","ping_status":"closed","template":"","meta":{"footnotes":""},"class_list":["post-10","page","type-page","status-publish","hentry","nodate","item-wrap"],"_links":{"self":[{"href":"https:\/\/wp.ufpel.edu.br\/graficacontemporanea\/wp-json\/wp\/v2\/pages\/10","targetHints":{"allow":["GET"]}}],"collection":[{"href":"https:\/\/wp.ufpel.edu.br\/graficacontemporanea\/wp-json\/wp\/v2\/pages"}],"about":[{"href":"https:\/\/wp.ufpel.edu.br\/graficacontemporanea\/wp-json\/wp\/v2\/types\/page"}],"author":[{"embeddable":true,"href":"https:\/\/wp.ufpel.edu.br\/graficacontemporanea\/wp-json\/wp\/v2\/users\/1140"}],"replies":[{"embeddable":true,"href":"https:\/\/wp.ufpel.edu.br\/graficacontemporanea\/wp-json\/wp\/v2\/comments?post=10"}],"version-history":[{"count":11,"href":"https:\/\/wp.ufpel.edu.br\/graficacontemporanea\/wp-json\/wp\/v2\/pages\/10\/revisions"}],"predecessor-version":[{"id":257,"href":"https:\/\/wp.ufpel.edu.br\/graficacontemporanea\/wp-json\/wp\/v2\/pages\/10\/revisions\/257"}],"up":[{"embeddable":true,"href":"https:\/\/wp.ufpel.edu.br\/graficacontemporanea\/wp-json\/wp\/v2\/pages\/226"}],"wp:attachment":[{"href":"https:\/\/wp.ufpel.edu.br\/graficacontemporanea\/wp-json\/wp\/v2\/media?parent=10"}],"curies":[{"name":"wp","href":"https:\/\/api.w.org\/{rel}","templated":true}]}}