{"id":90,"date":"2025-06-11T21:20:52","date_gmt":"2025-06-12T00:20:52","guid":{"rendered":"https:\/\/wp.ufpel.edu.br\/graem\/?page_id=90"},"modified":"2025-10-20T15:36:44","modified_gmt":"2025-10-20T18:36:44","slug":"parceiros","status":"publish","type":"page","link":"https:\/\/wp.ufpel.edu.br\/graem\/parceiros\/","title":{"rendered":"Parceiros"},"content":{"rendered":"<h3 style=\"text-align: center;\"><span style=\"color: #808000;\">Pesquisadores<\/span><\/h3>\n<table style=\"border-collapse: collapse; width: 100%;\" border=\"1\">\n<tbody>\n<tr>\n<td style=\"width: 10%;\"><\/td>\n<td style=\"width: 10%;\"><\/td>\n<td style=\"width: 10%;\"><\/td>\n<td style=\"width: 10%;\"><\/td>\n<td style=\"width: 10%;\"><\/td>\n<td style=\"width: 10%;\"><\/td>\n<td style=\"width: 10%;\"><\/td>\n<td style=\"width: 10%;\"><\/td>\n<td style=\"width: 10%;\"><\/td>\n<td style=\"width: 10%;\"><\/td>\n<\/tr>\n<\/tbody>\n<\/table>\n<p style=\"text-align: center;\"><strong>ADENILDE SOUZA DOS PASSOS<\/strong><\/p>\n<p><strong><img loading=\"lazy\" decoding=\"async\" class=\"wp-image-471 size-thumbnail alignleft\" src=\"https:\/\/wp.ufpel.edu.br\/graem\/files\/2025\/08\/deny-200x200.jpg\" alt=\"\" width=\"200\" height=\"200\" \/>Forma\u00e7\u00e3o acad\u00eamica<\/strong><\/p>\n<p style=\"text-align: justify;\">Doutorado em Qu\u00edmica (Universidade Federal do Rio Grande do Sul, 2019)<br \/>\nMestrado em em Qu\u00edmica (Universidade Estadual do Sudoeste da Bahia, 2011)<br \/>\nGradua\u00e7\u00e3o em Licenciatura em Qu\u00edmica\u00a0 (Universidade Estadual do Sudoeste da Bahia, 2008)<\/p>\n<p>Pesquisadora vinculada \u00e0 <a href=\"https:\/\/www.pelotas.ifsul.edu.br\/\"><img loading=\"lazy\" decoding=\"async\" class=\"alignnone wp-image-144\" src=\"https:\/\/wp.ufpel.edu.br\/graem\/files\/2025\/06\/d6327787-2f33-48a9-a9f5-7555af501c4e.png\" alt=\"\" width=\"50\" height=\"47\" \/><\/a><\/p>\n<h6 style=\"text-align: right;\"><strong><a href=\"http:\/\/lattes.cnpq.br\/4908984277050757\"><img loading=\"lazy\" decoding=\"async\" class=\"wp-image-141 alignright\" src=\"https:\/\/wp.ufpel.edu.br\/graem\/files\/2025\/06\/d499bf9074133db295373575066f97e4_15622676670826_972558144-400x400.png\" alt=\"\" width=\"30\" height=\"30\" srcset=\"https:\/\/wp.ufpel.edu.br\/graem\/files\/2025\/06\/d499bf9074133db295373575066f97e4_15622676670826_972558144-400x400.png 400w, https:\/\/wp.ufpel.edu.br\/graem\/files\/2025\/06\/d499bf9074133db295373575066f97e4_15622676670826_972558144-200x200.png 200w, https:\/\/wp.ufpel.edu.br\/graem\/files\/2025\/06\/d499bf9074133db295373575066f97e4_15622676670826_972558144.png 474w\" sizes=\"auto, (max-width: 30px) 100vw, 30px\" \/> <\/a><\/strong><strong><span style=\"background-color: #ffffff;\"><sub><img loading=\"lazy\" decoding=\"async\" class=\"wp-image-143 alignright\" src=\"https:\/\/wp.ufpel.edu.br\/graem\/files\/2025\/06\/ba0c3abd5fa6f3654f252ab25cb1524e.png\" alt=\"\" width=\"25\" height=\"25\" \/><\/sub><\/span><\/strong><\/h6>\n<table style=\"border-collapse: collapse; width: 100%;\" border=\"1\">\n<tbody>\n<tr>\n<td style=\"width: 10%;\"><\/td>\n<td style=\"width: 10%;\"><\/td>\n<td style=\"width: 10%;\"><\/td>\n<td style=\"width: 10%;\"><\/td>\n<td style=\"width: 10%;\"><\/td>\n<td style=\"width: 10%;\"><\/td>\n<td style=\"width: 10%;\"><\/td>\n<td style=\"width: 10%;\"><\/td>\n<td style=\"width: 10%;\"><\/td>\n<td style=\"width: 10%;\"><\/td>\n<\/tr>\n<\/tbody>\n<\/table>\n<p style=\"text-align: center;\"><a href=\"http:\/\/lattes.cnpq.br\/3325971276584600\"><img loading=\"lazy\" decoding=\"async\" class=\"wp-image-123 size-thumbnail alignleft\" src=\"https:\/\/wp.ufpel.edu.br\/graem\/files\/2025\/06\/glau-200x200.jpg\" alt=\"\" width=\"200\" height=\"200\" \/><\/a><strong>GL\u00c1UCIA OLIVEIRA ISLAB\u00c3O<\/strong><\/p>\n<p><strong>Forma\u00e7\u00e3o acad\u00eamica<\/strong><\/p>\n<p style=\"text-align: justify;\">Doutorado em Agronomia &#8211; Solos (Universidade Federal de Pelotas, 2013)<br \/>\nMestrado em Agronomia &#8211; Solos (Universidade Federal de Pelotas, 2009)<br \/>\nGradua\u00e7\u00e3o em Bacharelado e Licenciatura Em Qu\u00edmica (Universidade Federal de Pelotas, 2002)<\/p>\n<p>Pesquisadora vinculada \u00e0 <a href=\"https:\/\/www.pelotas.ifsul.edu.br\/\"><img loading=\"lazy\" decoding=\"async\" class=\"alignnone wp-image-144\" src=\"https:\/\/wp.ufpel.edu.br\/graem\/files\/2025\/06\/d6327787-2f33-48a9-a9f5-7555af501c4e.png\" alt=\"\" width=\"50\" height=\"47\" \/><\/a><\/p>\n<h6 style=\"text-align: right;\"><strong><a href=\"http:\/\/lattes.cnpq.br\/3325971276584600\"><img loading=\"lazy\" decoding=\"async\" class=\"wp-image-141 alignright\" src=\"https:\/\/wp.ufpel.edu.br\/graem\/files\/2025\/06\/d499bf9074133db295373575066f97e4_15622676670826_972558144-400x400.png\" alt=\"\" width=\"30\" height=\"30\" srcset=\"https:\/\/wp.ufpel.edu.br\/graem\/files\/2025\/06\/d499bf9074133db295373575066f97e4_15622676670826_972558144-400x400.png 400w, https:\/\/wp.ufpel.edu.br\/graem\/files\/2025\/06\/d499bf9074133db295373575066f97e4_15622676670826_972558144-200x200.png 200w, https:\/\/wp.ufpel.edu.br\/graem\/files\/2025\/06\/d499bf9074133db295373575066f97e4_15622676670826_972558144.png 474w\" sizes=\"auto, (max-width: 30px) 100vw, 30px\" \/> <\/a><\/strong><a href=\"glauciaislabao@ifsul.edu.br\"><strong><span style=\"background-color: #ffffff;\"><sub><img loading=\"lazy\" decoding=\"async\" class=\"wp-image-143 alignright\" src=\"https:\/\/wp.ufpel.edu.br\/graem\/files\/2025\/06\/ba0c3abd5fa6f3654f252ab25cb1524e.png\" alt=\"\" width=\"25\" height=\"25\" \/><\/sub><\/span><\/strong><\/a><\/h6>\n<p>&nbsp;<\/p>\n<table style=\"border-collapse: collapse; width: 100%;\" border=\"1\">\n<tbody>\n<tr>\n<td style=\"width: 10%;\"><\/td>\n<td style=\"width: 10%;\"><\/td>\n<td style=\"width: 10%;\"><\/td>\n<td style=\"width: 10%;\"><\/td>\n<td style=\"width: 10%;\"><\/td>\n<td style=\"width: 10%;\"><\/td>\n<td style=\"width: 10%;\"><\/td>\n<td style=\"width: 10%;\"><\/td>\n<td style=\"width: 10%;\"><\/td>\n<td style=\"width: 10%;\"><\/td>\n<\/tr>\n<\/tbody>\n<\/table>\n<p style=\"text-align: center;\"><strong>LEANDRO DOS SANTOS<\/strong><\/p>\n<p><strong><img loading=\"lazy\" decoding=\"async\" class=\"wp-image-472 size-thumbnail alignleft\" src=\"https:\/\/wp.ufpel.edu.br\/graem\/files\/2025\/08\/leo-200x200.jpg\" alt=\"\" width=\"200\" height=\"200\" srcset=\"https:\/\/wp.ufpel.edu.br\/graem\/files\/2025\/08\/leo-200x200.jpg 200w, https:\/\/wp.ufpel.edu.br\/graem\/files\/2025\/08\/leo-400x400.jpg 400w\" sizes=\"auto, (max-width: 200px) 100vw, 200px\" \/>Forma\u00e7\u00e3o acad\u00eamica<\/strong><\/p>\n<p style=\"text-align: justify;\">Doutorado em andamento em\u00a0 Qu\u00edmica (Universidade Federal do Rio Grande do Sul, 2019)<br \/>\nMestrado em em Qu\u00edmica (Universidade Estadual do Sudoeste da Bahia, 2011)<br \/>\nGradua\u00e7\u00e3o em Licenciatura em Qu\u00edmica\u00a0 (Universidade Estadual do Sudoeste da Bahia, 2008)<\/p>\n<p>Pesquisador vinculada \u00e0 <a href=\"https:\/\/www.pelotas.ifsul.edu.br\/\"><img loading=\"lazy\" decoding=\"async\" class=\"alignnone wp-image-144\" src=\"https:\/\/wp.ufpel.edu.br\/graem\/files\/2025\/06\/d6327787-2f33-48a9-a9f5-7555af501c4e.png\" alt=\"\" width=\"50\" height=\"47\" \/><\/a><\/p>\n<h6 style=\"text-align: right;\"><strong><a href=\"http:\/\/lattes.cnpq.br\/0888460193720312\"><img loading=\"lazy\" decoding=\"async\" class=\"wp-image-141 alignright\" src=\"https:\/\/wp.ufpel.edu.br\/graem\/files\/2025\/06\/d499bf9074133db295373575066f97e4_15622676670826_972558144-400x400.png\" alt=\"\" width=\"30\" height=\"30\" srcset=\"https:\/\/wp.ufpel.edu.br\/graem\/files\/2025\/06\/d499bf9074133db295373575066f97e4_15622676670826_972558144-400x400.png 400w, https:\/\/wp.ufpel.edu.br\/graem\/files\/2025\/06\/d499bf9074133db295373575066f97e4_15622676670826_972558144-200x200.png 200w, https:\/\/wp.ufpel.edu.br\/graem\/files\/2025\/06\/d499bf9074133db295373575066f97e4_15622676670826_972558144.png 474w\" sizes=\"auto, (max-width: 30px) 100vw, 30px\" \/> <\/a><\/strong><strong><span style=\"background-color: #ffffff;\"><sub><img loading=\"lazy\" decoding=\"async\" class=\"wp-image-143 alignright\" src=\"https:\/\/wp.ufpel.edu.br\/graem\/files\/2025\/06\/ba0c3abd5fa6f3654f252ab25cb1524e.png\" alt=\"\" width=\"25\" height=\"25\" \/><\/sub><\/span><\/strong><\/h6>\n<table style=\"border-collapse: collapse; width: 100%;\" border=\"1\">\n<tbody>\n<tr>\n<td style=\"width: 10%;\"><\/td>\n<td style=\"width: 10%;\"><\/td>\n<td style=\"width: 10%;\"><\/td>\n<td style=\"width: 10%;\"><\/td>\n<td style=\"width: 10%;\"><\/td>\n<td style=\"width: 10%;\"><\/td>\n<td style=\"width: 10%;\"><\/td>\n<td style=\"width: 10%;\"><\/td>\n<td style=\"width: 10%;\"><\/td>\n<td style=\"width: 10%;\"><\/td>\n<\/tr>\n<\/tbody>\n<\/table>\n<p style=\"text-align: center;\"><strong><img loading=\"lazy\" decoding=\"async\" class=\"wp-image-213 size-thumbnail alignleft\" src=\"https:\/\/wp.ufpel.edu.br\/graem\/files\/2025\/06\/aaa-200x200.jpg\" alt=\"\" width=\"200\" height=\"200\" \/><\/strong><\/p>\n<p>&nbsp;<\/p>\n<p style=\"text-align: center;\"><strong>M\u00c1RCIO RENATO NUNES<\/strong><\/p>\n<p><strong>Forma\u00e7\u00e3o acad\u00eamica<\/strong><\/p>\n<p style=\"text-align: justify;\">Doutorado em Agronomia (Universidade de S\u00e3o Paulo, 2018)<br \/>\nMestrado em Manejo e Conserva\u00e7\u00e3o do Solo e da \u00c1gua (Universidade Federal de Pelotas, 2014)<br \/>\nGradua\u00e7\u00e3o em em Agronomia (Universidade Federal de Pelotas, 2011)<\/p>\n<p>Pesquisador vinculada \u00e0 <a href=\"https:\/\/soils.ifas.ufl.edu\/people\/faculty\/marcio-nunes\/\"><img loading=\"lazy\" decoding=\"async\" class=\"alignnone wp-image-329\" src=\"https:\/\/wp.ufpel.edu.br\/graem\/files\/2025\/07\/SWES-featured-image-400x114.png\" alt=\"\" width=\"250\" height=\"71\" srcset=\"https:\/\/wp.ufpel.edu.br\/graem\/files\/2025\/07\/SWES-featured-image-400x114.png 400w, https:\/\/wp.ufpel.edu.br\/graem\/files\/2025\/07\/SWES-featured-image-1024x292.png 1024w, https:\/\/wp.ufpel.edu.br\/graem\/files\/2025\/07\/SWES-featured-image-768x219.png 768w, https:\/\/wp.ufpel.edu.br\/graem\/files\/2025\/07\/SWES-featured-image-1536x438.png 1536w, https:\/\/wp.ufpel.edu.br\/graem\/files\/2025\/07\/SWES-featured-image-750x214.png 750w, https:\/\/wp.ufpel.edu.br\/graem\/files\/2025\/07\/SWES-featured-image.png 1650w\" sizes=\"auto, (max-width: 250px) 100vw, 250px\" \/><\/a><\/p>\n<h6 style=\"text-align: right;\"><strong><a href=\"http:\/\/lattes.cnpq.br\/5275625150789604\"><img loading=\"lazy\" decoding=\"async\" class=\"wp-image-141 alignright\" src=\"https:\/\/wp.ufpel.edu.br\/graem\/files\/2025\/06\/d499bf9074133db295373575066f97e4_15622676670826_972558144-400x400.png\" alt=\"\" width=\"30\" height=\"30\" srcset=\"https:\/\/wp.ufpel.edu.br\/graem\/files\/2025\/06\/d499bf9074133db295373575066f97e4_15622676670826_972558144-400x400.png 400w, https:\/\/wp.ufpel.edu.br\/graem\/files\/2025\/06\/d499bf9074133db295373575066f97e4_15622676670826_972558144-200x200.png 200w, https:\/\/wp.ufpel.edu.br\/graem\/files\/2025\/06\/d499bf9074133db295373575066f97e4_15622676670826_972558144.png 474w\" sizes=\"auto, (max-width: 30px) 100vw, 30px\" \/> <\/a><\/strong><a href=\"marcionunes@ufl.edu\"><strong><span style=\"background-color: #ffffff;\"><sub><img loading=\"lazy\" decoding=\"async\" class=\"wp-image-143 alignright\" src=\"https:\/\/wp.ufpel.edu.br\/graem\/files\/2025\/06\/ba0c3abd5fa6f3654f252ab25cb1524e.png\" alt=\"\" width=\"25\" height=\"25\" \/><\/sub><\/span><\/strong><\/a><\/h6>\n<p>&nbsp;<\/p>\n<table style=\"border-collapse: collapse; width: 100%;\" border=\"1\">\n<tbody>\n<tr>\n<td style=\"width: 10%;\"><\/td>\n<td style=\"width: 10%;\"><\/td>\n<td style=\"width: 10%;\"><\/td>\n<td style=\"width: 10%;\"><\/td>\n<td style=\"width: 10%;\"><\/td>\n<td style=\"width: 10%;\"><\/td>\n<td style=\"width: 10%;\"><\/td>\n<td style=\"width: 10%;\"><\/td>\n<td style=\"width: 10%;\"><\/td>\n<td style=\"width: 10%;\"><\/td>\n<\/tr>\n<\/tbody>\n<\/table>\n<p style=\"text-align: center;\"><a href=\"http:\/\/lattes.cnpq.br\/0948894948879689\"><strong><img loading=\"lazy\" decoding=\"async\" class=\"wp-image-212 size-thumbnail alignleft\" src=\"https:\/\/wp.ufpel.edu.br\/graem\/files\/2025\/06\/33-200x200.jpg\" alt=\"\" width=\"200\" height=\"200\" srcset=\"https:\/\/wp.ufpel.edu.br\/graem\/files\/2025\/06\/33-200x200.jpg 200w, https:\/\/wp.ufpel.edu.br\/graem\/files\/2025\/06\/33-400x400.jpg 400w, https:\/\/wp.ufpel.edu.br\/graem\/files\/2025\/06\/33.jpg 512w\" sizes=\"auto, (max-width: 200px) 100vw, 200px\" \/><\/strong><\/a><\/p>\n<p style=\"text-align: center;\"><strong>OT\u00c1VIO DOS ANJOS LEAL<\/strong><\/p>\n<p><strong>Forma\u00e7\u00e3o acad\u00eamica<\/strong><\/p>\n<p style=\"text-align: justify;\">Doutorado em Ci\u00eancias do Solo (Universidade Federal do Rio Grande do Sul, 2015)<br \/>\nMestrado em Agronomia &#8211; Solos (Universidade Federal de Pelotas, 2011)<br \/>\nGradua\u00e7\u00e3o em em Agronomia (Universidade Federal de Pelotas, 2008)<\/p>\n<p>Pesquisador vinculada \u00e0 <a href=\"https:\/\/www.fz-juelich.de\/en\/ibg\/ibg-3\"><img loading=\"lazy\" decoding=\"async\" class=\"alignnone wp-image-211\" src=\"https:\/\/wp.ufpel.edu.br\/graem\/files\/2025\/06\/Capturar-400x135.png\" alt=\"\" width=\"100\" height=\"34\" srcset=\"https:\/\/wp.ufpel.edu.br\/graem\/files\/2025\/06\/Capturar-400x135.png 400w, https:\/\/wp.ufpel.edu.br\/graem\/files\/2025\/06\/Capturar-1024x347.png 1024w, https:\/\/wp.ufpel.edu.br\/graem\/files\/2025\/06\/Capturar-768x260.png 768w, https:\/\/wp.ufpel.edu.br\/graem\/files\/2025\/06\/Capturar-750x254.png 750w, https:\/\/wp.ufpel.edu.br\/graem\/files\/2025\/06\/Capturar.png 1117w\" sizes=\"auto, (max-width: 100px) 100vw, 100px\" \/><\/a><\/p>\n<h6 style=\"text-align: right;\"><strong><a href=\"http:\/\/lattes.cnpq.br\/0948894948879689\"><img loading=\"lazy\" decoding=\"async\" class=\"wp-image-141 alignright\" src=\"https:\/\/wp.ufpel.edu.br\/graem\/files\/2025\/06\/d499bf9074133db295373575066f97e4_15622676670826_972558144-400x400.png\" alt=\"\" width=\"30\" height=\"30\" srcset=\"https:\/\/wp.ufpel.edu.br\/graem\/files\/2025\/06\/d499bf9074133db295373575066f97e4_15622676670826_972558144-400x400.png 400w, https:\/\/wp.ufpel.edu.br\/graem\/files\/2025\/06\/d499bf9074133db295373575066f97e4_15622676670826_972558144-200x200.png 200w, https:\/\/wp.ufpel.edu.br\/graem\/files\/2025\/06\/d499bf9074133db295373575066f97e4_15622676670826_972558144.png 474w\" sizes=\"auto, (max-width: 30px) 100vw, 30px\" \/> <\/a><\/strong><a href=\"o.dos.anjos.leal@fz-juelich.de\"><strong><span style=\"background-color: #ffffff;\"><sub><img loading=\"lazy\" decoding=\"async\" class=\"wp-image-143 alignright\" src=\"https:\/\/wp.ufpel.edu.br\/graem\/files\/2025\/06\/ba0c3abd5fa6f3654f252ab25cb1524e.png\" alt=\"\" width=\"25\" height=\"25\" \/><\/sub><\/span><\/strong><\/a><\/h6>\n<p>&nbsp;<\/p>\n<table style=\"border-collapse: collapse; width: 100%;\" border=\"1\">\n<tbody>\n<tr>\n<td style=\"width: 10%;\"><\/td>\n<td style=\"width: 10%;\"><\/td>\n<td style=\"width: 10%;\"><\/td>\n<td style=\"width: 10%;\"><\/td>\n<td style=\"width: 10%;\"><\/td>\n<td style=\"width: 10%;\"><\/td>\n<td style=\"width: 10%;\"><\/td>\n<td style=\"width: 10%;\"><\/td>\n<td style=\"width: 10%;\"><\/td>\n<td style=\"width: 10%;\"><\/td>\n<\/tr>\n<\/tbody>\n<\/table>\n<h3><span style=\"color: #808000;\">Institui\u00e7\u00f5es\u00a0<\/span><\/h3>\n<p><a href=\"https:\/\/www.pelotas.ifsul.edu.br\/\"><img loading=\"lazy\" decoding=\"async\" class=\"alignnone wp-image-144\" src=\"https:\/\/wp.ufpel.edu.br\/graem\/files\/2025\/06\/d6327787-2f33-48a9-a9f5-7555af501c4e.png\" alt=\"\" width=\"100\" height=\"95\" \/><\/a> \u00a0<a href=\"https:\/\/www.fz-juelich.de\/en\/ibg\/ibg-3\"><img loading=\"lazy\" decoding=\"async\" class=\"alignnone wp-image-211\" src=\"https:\/\/wp.ufpel.edu.br\/graem\/files\/2025\/06\/Capturar-400x135.png\" alt=\"\" width=\"100\" height=\"34\" srcset=\"https:\/\/wp.ufpel.edu.br\/graem\/files\/2025\/06\/Capturar-400x135.png 400w, https:\/\/wp.ufpel.edu.br\/graem\/files\/2025\/06\/Capturar-1024x347.png 1024w, https:\/\/wp.ufpel.edu.br\/graem\/files\/2025\/06\/Capturar-768x260.png 768w, https:\/\/wp.ufpel.edu.br\/graem\/files\/2025\/06\/Capturar-750x254.png 750w, https:\/\/wp.ufpel.edu.br\/graem\/files\/2025\/06\/Capturar.png 1117w\" sizes=\"auto, (max-width: 100px) 100vw, 100px\" \/><\/a>\u00a0 \u00a0\u00a0 <a href=\"https:\/\/soils.ifas.ufl.edu\/\"><img loading=\"lazy\" decoding=\"async\" class=\"alignnone wp-image-329\" src=\"https:\/\/wp.ufpel.edu.br\/graem\/files\/2025\/07\/SWES-featured-image-400x114.png\" alt=\"\" width=\"300\" height=\"85\" srcset=\"https:\/\/wp.ufpel.edu.br\/graem\/files\/2025\/07\/SWES-featured-image-400x114.png 400w, https:\/\/wp.ufpel.edu.br\/graem\/files\/2025\/07\/SWES-featured-image-1024x292.png 1024w, https:\/\/wp.ufpel.edu.br\/graem\/files\/2025\/07\/SWES-featured-image-768x219.png 768w, https:\/\/wp.ufpel.edu.br\/graem\/files\/2025\/07\/SWES-featured-image-1536x438.png 1536w, https:\/\/wp.ufpel.edu.br\/graem\/files\/2025\/07\/SWES-featured-image-750x214.png 750w, https:\/\/wp.ufpel.edu.br\/graem\/files\/2025\/07\/SWES-featured-image.png 1650w\" sizes=\"auto, (max-width: 300px) 100vw, 300px\" \/><\/a>\u00a0<a href=\"https:\/\/www.crm.rs.gov.br\/inicial\"><img loading=\"lazy\" decoding=\"async\" class=\"alignnone wp-image-256\" src=\"https:\/\/wp.ufpel.edu.br\/graem\/files\/2025\/06\/logo-1.png\" alt=\"\" width=\"150\" height=\"58\" \/><\/a><\/p>\n","protected":false},"excerpt":{"rendered":"<p>Pesquisadores ADENILDE SOUZA DOS PASSOS Forma\u00e7\u00e3o acad\u00eamica Doutorado em Qu\u00edmica (Universidade Federal do Rio Grande do Sul, 2019) Mestrado em em Qu\u00edmica (Universidade Estadual do Sudoeste da Bahia, 2011) Gradua\u00e7\u00e3o em Licenciatura em Qu\u00edmica\u00a0 (Universidade Estadual do Sudoeste da Bahia, 2008) Pesquisadora vinculada \u00e0 GL\u00c1UCIA OLIVEIRA ISLAB\u00c3O Forma\u00e7\u00e3o acad\u00eamica Doutorado em Agronomia &#8211; Solos (Universidade &hellip; <\/p>\n<p><a class=\"more-link btn\" href=\"https:\/\/wp.ufpel.edu.br\/graem\/parceiros\/\">Continue lendo<\/a><\/p>\n","protected":false},"author":1469,"featured_media":0,"parent":0,"menu_order":0,"comment_status":"closed","ping_status":"closed","template":"","meta":{"footnotes":""},"class_list":["post-90","page","type-page","status-publish","hentry","nodate","item-wrap"],"_links":{"self":[{"href":"https:\/\/wp.ufpel.edu.br\/graem\/wp-json\/wp\/v2\/pages\/90","targetHints":{"allow":["GET"]}}],"collection":[{"href":"https:\/\/wp.ufpel.edu.br\/graem\/wp-json\/wp\/v2\/pages"}],"about":[{"href":"https:\/\/wp.ufpel.edu.br\/graem\/wp-json\/wp\/v2\/types\/page"}],"author":[{"embeddable":true,"href":"https:\/\/wp.ufpel.edu.br\/graem\/wp-json\/wp\/v2\/users\/1469"}],"replies":[{"embeddable":true,"href":"https:\/\/wp.ufpel.edu.br\/graem\/wp-json\/wp\/v2\/comments?post=90"}],"version-history":[{"count":4,"href":"https:\/\/wp.ufpel.edu.br\/graem\/wp-json\/wp\/v2\/pages\/90\/revisions"}],"predecessor-version":[{"id":495,"href":"https:\/\/wp.ufpel.edu.br\/graem\/wp-json\/wp\/v2\/pages\/90\/revisions\/495"}],"wp:attachment":[{"href":"https:\/\/wp.ufpel.edu.br\/graem\/wp-json\/wp\/v2\/media?parent=90"}],"curies":[{"name":"wp","href":"https:\/\/api.w.org\/{rel}","templated":true}]}}