{"id":89,"date":"2025-06-11T21:20:52","date_gmt":"2025-06-12T00:20:52","guid":{"rendered":"https:\/\/wp.ufpel.edu.br\/graem\/?page_id=89"},"modified":"2025-06-17T14:24:46","modified_gmt":"2025-06-17T17:24:46","slug":"projetos","status":"publish","type":"page","link":"https:\/\/wp.ufpel.edu.br\/graem\/projetos\/","title":{"rendered":"Projetos"},"content":{"rendered":"<p style=\"text-align: center;\"><span style=\"background-color: #ffffff; color: #808000;\"><strong>Projetos de pesquisa<\/strong><\/span><\/p>\n<p style=\"text-align: justify;\"><strong><a href=\"https:\/\/institucional.ufpel.edu.br\/projetos\/id\/u3434\"><img loading=\"lazy\" decoding=\"async\" class=\"alignnone wp-image-140\" src=\"https:\/\/wp.ufpel.edu.br\/graem\/files\/2025\/06\/Marca-Colorida-UFPEL-424x228-1-1-400x215.png\" alt=\"\" width=\"100\" height=\"54\" srcset=\"https:\/\/wp.ufpel.edu.br\/graem\/files\/2025\/06\/Marca-Colorida-UFPEL-424x228-1-1-400x215.png 400w, https:\/\/wp.ufpel.edu.br\/graem\/files\/2025\/06\/Marca-Colorida-UFPEL-424x228-1-1.png 424w\" sizes=\"auto, (max-width: 100px) 100vw, 100px\" \/><\/a>Avalia\u00e7\u00e3o f\u00edsica, qu\u00edmica e microbiol\u00f3gica a longo prazo na regenera\u00e7\u00e3o de um solo constru\u00eddo na \u00e1rea de minera\u00e7\u00e3o de carv\u00e3o de Candiota-RS<\/strong><\/p>\n<p style=\"text-align: justify;\">Descri\u00e7\u00e3o: A minera\u00e7\u00e3o de carv\u00e3o a c\u00e9u aberto causa um grande impacto ambiental. A cava aberta para a retirada do carv\u00e3o \u00e9 preenchida com materiais anteriormente removidos e recoberta com uma fina camada de solo superficial. O perfil do solo constru\u00eddo resulta profundamente modificado, com reflexos negativos nos atributos f\u00edsico-h\u00eddricos, qu\u00edmicos e biol\u00f3gicos. A revegeta\u00e7\u00e3o lenta e irregular favorece o escoamento superficial e a eros\u00e3o severa, que exp\u00f5e a camada de est\u00e9ril rica em pirita, o que provoca uma rea\u00e7\u00e3o de acidifica\u00e7\u00e3o intensa, comprometendo o ecossistema. Neste contexto, este projeto tem por objetivo continuar a avalia\u00e7\u00e3o, ao longo do tempo, do efeito de diferentes sistemas de vegeta\u00e7\u00e3o sobre a recupera\u00e7\u00e3o das fun\u00e7\u00f5es de um solo constru\u00eddo em \u00e1rea minerada de carv\u00e3o de forma a atingir qualidade suficiente para manter sistemas agropastoris sustent\u00e1veis.<\/p>\n<p>&nbsp;<\/p>\n<p><strong><a href=\"https:\/\/institucional.ufpel.edu.br\/projetos\/id\/u7957\"><img loading=\"lazy\" decoding=\"async\" class=\"alignnone wp-image-140\" src=\"https:\/\/wp.ufpel.edu.br\/graem\/files\/2025\/06\/Marca-Colorida-UFPEL-424x228-1-1-400x215.png\" alt=\"\" width=\"100\" height=\"54\" srcset=\"https:\/\/wp.ufpel.edu.br\/graem\/files\/2025\/06\/Marca-Colorida-UFPEL-424x228-1-1-400x215.png 400w, https:\/\/wp.ufpel.edu.br\/graem\/files\/2025\/06\/Marca-Colorida-UFPEL-424x228-1-1.png 424w\" sizes=\"auto, (max-width: 100px) 100vw, 100px\" \/><\/a>Distribui\u00e7\u00e3o geoqu\u00edmica de elementos potencialmente t\u00f3xicos (EPTs) em solos do Rio Grande do Sul: Perspectivas de risco ambiental, ecol\u00f3gico e a sa\u00fade<\/strong><\/p>\n<p style=\"text-align: justify;\">Descri\u00e7\u00e3o:\u00a0 A contamina\u00e7\u00e3o dos solos por elementos potencialmente t\u00f3xicos (EPTs) provoca altera\u00e7\u00f5es na estrutura e no funcionamento dos ecossistemas, al\u00e9m de oferecer riscos \u00e0 sa\u00fade p\u00fablica. Os EPTs est\u00e3o presentes naturalmente no ambiente, sendo constituintes de rochas e sedimentos. Entretanto, atividades antropog\u00eanicas como emiss\u00f5es industriais, uso de efluentes urbanos, dejetos de animais, bioss\u00f3lidos, fertilizantes e defensivos agr\u00edcolas podem contribuir para aumento da concentra\u00e7\u00e3o dos EPTs. O solo \u00e9 um dos principais meios de exposi\u00e7\u00e3o dos EPTs aos seres humanos. Logo, \u00e9 importante quantificar os teores dos EPTs nos solos e sua distribui\u00e7\u00e3o na microbacia para poder avaliar o risco a sa\u00fade humana. Nesse contexto, o projeto visa contribuir para uma melhor compreens\u00e3o sobre comportamento geoqu\u00edmico de EPTs em solos do Rio Grande do Sul e avaliar os riscos ambientais ecol\u00f3gicos e a sa\u00fade. Para a determina\u00e7\u00e3o dos riscos ser\u00e1 utilizada os valores da legisla\u00e7\u00e3o ambiental do Estado do Rio Grande do Sul, a PORTARIA FEPAM N.\u00ba 85\/2014. Essa portaria disp\u00f5e sobre o estabelecimento de Valores de Refer\u00eancia de Qualidade (VRQ) dos solos para 09 (nove) elementos qu\u00edmicos naturalmente presentes nas diferentes prov\u00edncias geomorfol\u00f3gicas\/geol\u00f3gicas do Estado do Rio Grande do Sul.<\/p>\n<p>&nbsp;<\/p>\n<p><strong><a href=\"https:\/\/institucional.ufpel.edu.br\/projetos\/id\/u4881\"><img loading=\"lazy\" decoding=\"async\" class=\"alignnone wp-image-140\" src=\"https:\/\/wp.ufpel.edu.br\/graem\/files\/2025\/06\/Marca-Colorida-UFPEL-424x228-1-1-400x215.png\" alt=\"\" width=\"100\" height=\"54\" srcset=\"https:\/\/wp.ufpel.edu.br\/graem\/files\/2025\/06\/Marca-Colorida-UFPEL-424x228-1-1-400x215.png 400w, https:\/\/wp.ufpel.edu.br\/graem\/files\/2025\/06\/Marca-Colorida-UFPEL-424x228-1-1.png 424w\" sizes=\"auto, (max-width: 100px) 100vw, 100px\" \/><\/a>Recupera\u00e7\u00e3o dos solos constru\u00eddos e controle ambiental na \u00e1rea de minera\u00e7\u00e3o de carv\u00e3o de Candiota \u2013 RS<\/strong><\/p>\n<p style=\"text-align: justify;\">Descri\u00e7\u00e3o: O projeto de pesquisa tem como objetivo realizar a irriga\u00e7\u00e3o controlada de efluente tratado (chorume) do aterro sanit\u00e1rio de Candiota sobre solos constru\u00eddos visando a fertirriga\u00e7\u00e3o do perfil e a maximiza\u00e7\u00e3o do crescimento de vegeta\u00e7\u00e3o, da popula\u00e7\u00e3o de organismos ed\u00e1ficos e do teor de mat\u00e9ria org\u00e2nica das \u00e1reas degradadas pela minera\u00e7\u00e3o e atualmente em regenera\u00e7\u00e3o.<\/p>\n","protected":false},"excerpt":{"rendered":"<p>Projetos de pesquisa Avalia\u00e7\u00e3o f\u00edsica, qu\u00edmica e microbiol\u00f3gica a longo prazo na regenera\u00e7\u00e3o de um solo constru\u00eddo na \u00e1rea de minera\u00e7\u00e3o de carv\u00e3o de Candiota-RS Descri\u00e7\u00e3o: A minera\u00e7\u00e3o de carv\u00e3o a c\u00e9u aberto causa um grande impacto ambiental. A cava aberta para a retirada do carv\u00e3o \u00e9 preenchida com materiais anteriormente removidos e recoberta com &hellip; <\/p>\n<p><a class=\"more-link btn\" href=\"https:\/\/wp.ufpel.edu.br\/graem\/projetos\/\">Continue lendo<\/a><\/p>\n","protected":false},"author":1469,"featured_media":0,"parent":0,"menu_order":0,"comment_status":"closed","ping_status":"closed","template":"","meta":{"footnotes":""},"class_list":["post-89","page","type-page","status-publish","hentry","nodate","item-wrap"],"_links":{"self":[{"href":"https:\/\/wp.ufpel.edu.br\/graem\/wp-json\/wp\/v2\/pages\/89","targetHints":{"allow":["GET"]}}],"collection":[{"href":"https:\/\/wp.ufpel.edu.br\/graem\/wp-json\/wp\/v2\/pages"}],"about":[{"href":"https:\/\/wp.ufpel.edu.br\/graem\/wp-json\/wp\/v2\/types\/page"}],"author":[{"embeddable":true,"href":"https:\/\/wp.ufpel.edu.br\/graem\/wp-json\/wp\/v2\/users\/1469"}],"replies":[{"embeddable":true,"href":"https:\/\/wp.ufpel.edu.br\/graem\/wp-json\/wp\/v2\/comments?post=89"}],"version-history":[{"count":6,"href":"https:\/\/wp.ufpel.edu.br\/graem\/wp-json\/wp\/v2\/pages\/89\/revisions"}],"predecessor-version":[{"id":268,"href":"https:\/\/wp.ufpel.edu.br\/graem\/wp-json\/wp\/v2\/pages\/89\/revisions\/268"}],"wp:attachment":[{"href":"https:\/\/wp.ufpel.edu.br\/graem\/wp-json\/wp\/v2\/media?parent=89"}],"curies":[{"name":"wp","href":"https:\/\/api.w.org\/{rel}","templated":true}]}}