{"id":86,"date":"2025-06-11T21:20:52","date_gmt":"2025-06-12T00:20:52","guid":{"rendered":"https:\/\/wp.ufpel.edu.br\/graem\/?page_id=86"},"modified":"2025-07-07T12:26:38","modified_gmt":"2025-07-07T15:26:38","slug":"historia","status":"publish","type":"page","link":"https:\/\/wp.ufpel.edu.br\/graem\/historia\/","title":{"rendered":"Hist\u00f3ria"},"content":{"rendered":"<p style=\"text-align: justify;\">As pesquisas em \u00e1reas mineradas de carv\u00e3o no Departamento de Solos (DS) da FAEM &#8211; UFPel teve in\u00edcio no ano de <strong>2000<\/strong>, atrav\u00e9s de uma parceria com a Companhia Riograndense de Minera\u00e7\u00e3o (CRM) de carv\u00e3o, localizada em Candiota-RS. Os primeiros estudos a serem realizados na Mina de carv\u00e3o de Candiota foram voltados \u00e0 caracteriza\u00e7\u00e3o de atributos de solos constru\u00eddos (minesoils) em diferentes per\u00edodos de restaura\u00e7\u00e3o e suas diferen\u00e7as com os atributos de solos naturais. Esse trabalho resultou em tr\u00eas disserta\u00e7\u00f5es de mestrado, orientadas pelos professores Luiz Fernando Spinelli Pinto, Eloy Antonio Pauletto e Flavia Fontana Fernandes.<\/p>\n<p data-start=\"79\" data-end=\"513\"><img loading=\"lazy\" decoding=\"async\" class=\"alignnone wp-image-265 size-full\" src=\"https:\/\/wp.ufpel.edu.br\/graem\/files\/2025\/06\/554.gif\" alt=\"\" width=\"1156\" height=\"849\" \/><\/p>\n<p style=\"text-align: justify;\" data-start=\"515\" data-end=\"921\">Em 2003, o DS da FAEM-UFPel, em conjunto com t\u00e9cnicos da \u00e1rea ambiental da CRM, selecionou uma \u00e1rea rec\u00e9m-minerada para a instala\u00e7\u00e3o de um experimento de longa dura\u00e7\u00e3o, visando testar vegetais promissoras (<em>po\u00e1ceas<\/em> e <em>fab\u00e1ceas<\/em>), j\u00e1 conhecidas como promissoras na recupera\u00e7\u00e3o de \u00e1reas agr\u00edcolas, recupera\u00e7\u00e3o de \u00e1reas impactadas pela \u00a0minera\u00e7\u00e3o de carv\u00e3o.\u00a0 A recomposi\u00e7\u00e3o topogr\u00e1fica do minesoil da \u00e1rea experimental consistia de 40 cm de material argiloso, retirado de um horizonte B do solo natural da frente de lavra (chamado de topsoil), recolocado sobre a camada de ester\u00e9is (rochas e carv\u00e3o n\u00e3o aproveitados para a queima), (chamado de overburden).<\/p>\n<p style=\"text-align: justify;\" data-start=\"1553\" data-end=\"1816\">Nessa \u00e1rea foi instalado um experimento com 168 parcelas, nas quais foram testadas diversas esp\u00e9cies vegetais, tanto em cultivo solteiro quanto consorciado. No entanto, apenas as esp\u00e9cies pertencentes \u00e0 fam\u00edlia das po\u00e1ceas conseguiram se estabelecer.<\/p>\n<p data-start=\"1553\" data-end=\"1816\"><img loading=\"lazy\" decoding=\"async\" class=\"alignnone wp-image-285 size-full\" src=\"https:\/\/wp.ufpel.edu.br\/graem\/files\/2025\/07\/MArcel.jpg\" alt=\"\" width=\"1280\" height=\"720\" srcset=\"https:\/\/wp.ufpel.edu.br\/graem\/files\/2025\/07\/MArcel.jpg 1280w, https:\/\/wp.ufpel.edu.br\/graem\/files\/2025\/07\/MArcel-400x225.jpg 400w, https:\/\/wp.ufpel.edu.br\/graem\/files\/2025\/07\/MArcel-1024x576.jpg 1024w, https:\/\/wp.ufpel.edu.br\/graem\/files\/2025\/07\/MArcel-768x432.jpg 768w, https:\/\/wp.ufpel.edu.br\/graem\/files\/2025\/07\/MArcel-750x422.jpg 750w\" sizes=\"auto, (max-width: 1280px) 100vw, 1280px\" \/><\/p>\n<p style=\"text-align: justify;\">At\u00e9 o presente momento, o experimento resultou em 17 disserta\u00e7\u00f5es de mestrado, 3 teses de doutorado, al\u00e9m da publica\u00e7\u00e3o de diversos artigos em peri\u00f3dicos cient\u00edficos nacionais e internacionais de alto impacto. Tamb\u00e9m foram publicados cap\u00edtulos de livros, trabalhos completos e resumos apresentados em congressos cient\u00edficos nacionais e internacionais, abordando, a din\u00e2mica de restaura\u00e7\u00e3o dos atributos f\u00edsicos, mec\u00e2nicos, qu\u00edmicos, biol\u00f3gicos e microbiol\u00f3gicos do minesoil ao longo de 20 anos de restaura\u00e7\u00e3o.<\/p>\n<p style=\"text-align: justify;\" data-start=\"2298\" data-end=\"2585\">Destaca-se a importante contribui\u00e7\u00e3o de \u00f3rg\u00e3os de fomento, como o CNPq, o CNPq Rede do Carv\u00e3o, a FAPERGS e a pr\u00f3pria CRM, que forneceram recursos financeiros e log\u00edsticos para a condu\u00e7\u00e3o dos estudos e para o fortalecimento da infraestrutura laboratorial do Departamento de Solos da FAEM nos primeiros 10 anos de pesquisa.<\/p>\n<p style=\"text-align: justify;\">Atualmente a equipe do <strong>GRAEM<\/strong> volta seus esfor\u00e7os para o monitoramento dos minesoils em um estudo de cronosequ\u00eancia. Isto \u00e9, diversas \u00e1reas simult\u00e2neas ter\u00e3o seus atributos avaliados dentro de um per\u00edodo de 30 anos de restaura\u00e7\u00e3o sob revegeta\u00e7\u00e3o espont\u00e2nea.<\/p>\n<p><img loading=\"lazy\" decoding=\"async\" class=\"alignnone wp-image-310 size-full\" src=\"https:\/\/wp.ufpel.edu.br\/graem\/files\/2025\/07\/oto.png\" alt=\"\" width=\"1280\" height=\"539\" \/><\/p>\n","protected":false},"excerpt":{"rendered":"<p>As pesquisas em \u00e1reas mineradas de carv\u00e3o no Departamento de Solos (DS) da FAEM &#8211; UFPel teve in\u00edcio no ano de 2000, atrav\u00e9s de uma parceria com a Companhia Riograndense de Minera\u00e7\u00e3o (CRM) de carv\u00e3o, localizada em Candiota-RS. Os primeiros estudos a serem realizados na Mina de carv\u00e3o de Candiota foram voltados \u00e0 caracteriza\u00e7\u00e3o de &hellip; <\/p>\n<p><a class=\"more-link btn\" href=\"https:\/\/wp.ufpel.edu.br\/graem\/historia\/\">Continue lendo<\/a><\/p>\n","protected":false},"author":1469,"featured_media":0,"parent":0,"menu_order":0,"comment_status":"closed","ping_status":"closed","template":"","meta":{"footnotes":""},"class_list":["post-86","page","type-page","status-publish","hentry","nodate","item-wrap"],"_links":{"self":[{"href":"https:\/\/wp.ufpel.edu.br\/graem\/wp-json\/wp\/v2\/pages\/86","targetHints":{"allow":["GET"]}}],"collection":[{"href":"https:\/\/wp.ufpel.edu.br\/graem\/wp-json\/wp\/v2\/pages"}],"about":[{"href":"https:\/\/wp.ufpel.edu.br\/graem\/wp-json\/wp\/v2\/types\/page"}],"author":[{"embeddable":true,"href":"https:\/\/wp.ufpel.edu.br\/graem\/wp-json\/wp\/v2\/users\/1469"}],"replies":[{"embeddable":true,"href":"https:\/\/wp.ufpel.edu.br\/graem\/wp-json\/wp\/v2\/comments?post=86"}],"version-history":[{"count":8,"href":"https:\/\/wp.ufpel.edu.br\/graem\/wp-json\/wp\/v2\/pages\/86\/revisions"}],"predecessor-version":[{"id":311,"href":"https:\/\/wp.ufpel.edu.br\/graem\/wp-json\/wp\/v2\/pages\/86\/revisions\/311"}],"wp:attachment":[{"href":"https:\/\/wp.ufpel.edu.br\/graem\/wp-json\/wp\/v2\/media?parent=86"}],"curies":[{"name":"wp","href":"https:\/\/api.w.org\/{rel}","templated":true}]}}