{"id":79,"date":"2025-06-11T21:16:20","date_gmt":"2025-06-12T00:16:20","guid":{"rendered":"https:\/\/wp.ufpel.edu.br\/graem\/?page_id=79"},"modified":"2025-08-13T04:56:19","modified_gmt":"2025-08-13T07:56:19","slug":"equipe","status":"publish","type":"page","link":"https:\/\/wp.ufpel.edu.br\/graem\/equipe\/","title":{"rendered":"Equipe"},"content":{"rendered":"<hr \/>\n<h2 style=\"text-align: center;\"><span style=\"color: #808000;\">Coordenadoras<\/span><\/h2>\n<p>&nbsp;<\/p>\n<p><a href=\"http:\/\/lattes.cnpq.br\/8597589653681370\"><img loading=\"lazy\" decoding=\"async\" class=\"wp-image-279 size-thumbnail alignleft\" src=\"https:\/\/wp.ufpel.edu.br\/graem\/files\/2025\/07\/WhatsApp-Image-2025-06-26-at-14.55.57-1-200x200.jpeg\" alt=\"\" width=\"200\" height=\"200\" \/><\/a><\/p>\n<p style=\"text-align: center;\"><span style=\"background-color: #ffffff;\"><strong>LIZETE STUMPF<\/strong><\/span><\/p>\n<p><strong>Forma\u00e7\u00e3o acad\u00eamica <\/strong><\/p>\n<p style=\"text-align: justify;\">Doutorado em Agronomia &#8211; Solos (Universidade Federal de Pelotas, 2015)<br \/>\nMestrado em Agronomia &#8211; Solos (Universidade Federal de Pelotas, 2011)<br \/>\nGradua\u00e7\u00e3o em Agronomia (Universidade Federal de Pelotas, 2004)<\/p>\n<p>&nbsp;<\/p>\n<p>Pesquisadora vinculada \u00e0 <a href=\"https:\/\/portal.ufpel.edu.br\/\"><img loading=\"lazy\" decoding=\"async\" class=\"wp-image-134 alignnone\" src=\"https:\/\/wp.ufpel.edu.br\/graem\/files\/2025\/06\/Marca-Colorida-UFPEL-424x228-1-400x215.png\" alt=\"\" width=\"100\" height=\"54\" srcset=\"https:\/\/wp.ufpel.edu.br\/graem\/files\/2025\/06\/Marca-Colorida-UFPEL-424x228-1-400x215.png 400w, https:\/\/wp.ufpel.edu.br\/graem\/files\/2025\/06\/Marca-Colorida-UFPEL-424x228-1.png 424w\" sizes=\"auto, (max-width: 100px) 100vw, 100px\" \/><\/a><\/p>\n<h6 style=\"text-align: right;\"><strong><a href=\"http:\/\/lattes.cnpq.br\/8597589653681370\"><img loading=\"lazy\" decoding=\"async\" class=\"wp-image-141 alignright\" src=\"https:\/\/wp.ufpel.edu.br\/graem\/files\/2025\/06\/d499bf9074133db295373575066f97e4_15622676670826_972558144-400x400.png\" alt=\"\" width=\"30\" height=\"30\" srcset=\"https:\/\/wp.ufpel.edu.br\/graem\/files\/2025\/06\/d499bf9074133db295373575066f97e4_15622676670826_972558144-400x400.png 400w, https:\/\/wp.ufpel.edu.br\/graem\/files\/2025\/06\/d499bf9074133db295373575066f97e4_15622676670826_972558144-200x200.png 200w, https:\/\/wp.ufpel.edu.br\/graem\/files\/2025\/06\/d499bf9074133db295373575066f97e4_15622676670826_972558144.png 474w\" sizes=\"auto, (max-width: 30px) 100vw, 30px\" \/> <\/a><\/strong><strong><a href=\"lstumpf@ufpel.edu.br\"><span style=\"background-color: #ffffff;\"><sub><img loading=\"lazy\" decoding=\"async\" class=\"wp-image-143 alignright\" src=\"https:\/\/wp.ufpel.edu.br\/graem\/files\/2025\/06\/ba0c3abd5fa6f3654f252ab25cb1524e.png\" alt=\"\" width=\"25\" height=\"25\" \/><\/sub><\/span><\/a><\/strong><\/h6>\n<p>&nbsp;<\/p>\n<p style=\"text-align: center;\"><a href=\"http:\/\/lattes.cnpq.br\/0998532584113686\"><img loading=\"lazy\" decoding=\"async\" class=\"alignleft wp-image-118 size-thumbnail\" src=\"https:\/\/wp.ufpel.edu.br\/graem\/files\/2025\/06\/jak-200x200.gif\" alt=\"\" width=\"200\" height=\"200\" \/><\/a><\/p>\n<p style=\"text-align: center;\"><strong>JAKELINE ROSA DE OLIVEIRA<\/strong><\/p>\n<p><strong>Forma\u00e7\u00e3o acad\u00eamica<\/strong><\/p>\n<p style=\"text-align: justify;\">Doutorado em Ci\u00eancia do Solo (Universidade Federal de Lavras, 2021)<br \/>\nMestrado em Engenharia Agr\u00edcola (Universidade Federal de Mato Grosso, 2014)<br \/>\nGradua\u00e7\u00e3o em Engenharia Agr\u00edcola e Ambiental (Universidade Federal de Mato Grosso, 2013)<\/p>\n<p>Pesquisadora vinculada \u00e0 <a href=\"https:\/\/portal.ufpel.edu.br\/\"><img loading=\"lazy\" decoding=\"async\" class=\"wp-image-134 alignnone\" src=\"https:\/\/wp.ufpel.edu.br\/graem\/files\/2025\/06\/Marca-Colorida-UFPEL-424x228-1-400x215.png\" alt=\"\" width=\"100\" height=\"54\" srcset=\"https:\/\/wp.ufpel.edu.br\/graem\/files\/2025\/06\/Marca-Colorida-UFPEL-424x228-1-400x215.png 400w, https:\/\/wp.ufpel.edu.br\/graem\/files\/2025\/06\/Marca-Colorida-UFPEL-424x228-1.png 424w\" sizes=\"auto, (max-width: 100px) 100vw, 100px\" \/><\/a><\/p>\n<h6 style=\"text-align: right;\"><strong><a href=\"http:\/\/lattes.cnpq.br\/0998532584113686\"><img loading=\"lazy\" decoding=\"async\" class=\"wp-image-141 alignright\" src=\"https:\/\/wp.ufpel.edu.br\/graem\/files\/2025\/06\/d499bf9074133db295373575066f97e4_15622676670826_972558144-400x400.png\" alt=\"\" width=\"30\" height=\"30\" srcset=\"https:\/\/wp.ufpel.edu.br\/graem\/files\/2025\/06\/d499bf9074133db295373575066f97e4_15622676670826_972558144-400x400.png 400w, https:\/\/wp.ufpel.edu.br\/graem\/files\/2025\/06\/d499bf9074133db295373575066f97e4_15622676670826_972558144-200x200.png 200w, https:\/\/wp.ufpel.edu.br\/graem\/files\/2025\/06\/d499bf9074133db295373575066f97e4_15622676670826_972558144.png 474w\" sizes=\"auto, (max-width: 30px) 100vw, 30px\" \/> <\/a><\/strong><strong><a href=\"jakeline.oliveira@ufpel.edu.br\"><span style=\"background-color: #ffffff;\"><sub><img loading=\"lazy\" decoding=\"async\" class=\"wp-image-143 alignright\" src=\"https:\/\/wp.ufpel.edu.br\/graem\/files\/2025\/06\/ba0c3abd5fa6f3654f252ab25cb1524e.png\" alt=\"\" width=\"25\" height=\"25\" \/><\/sub><\/span><\/a><\/strong><\/h6>\n<p>&nbsp;<\/p>\n<hr \/>\n<h2 style=\"text-align: center;\"><span style=\"color: #808000;\">Pesquisadores colaboradores<\/span><\/h2>\n<p>&nbsp;<\/p>\n<p>&nbsp;<\/p>\n<p style=\"text-align: center;\"><a href=\"http:\/\/lattes.cnpq.br\/6715070315999808\"><img loading=\"lazy\" decoding=\"async\" class=\"alignleft wp-image-121 size-thumbnail\" src=\"https:\/\/wp.ufpel.edu.br\/graem\/files\/2025\/06\/servletrecuperafoto-200x200.jpg\" alt=\"\" width=\"200\" height=\"200\" \/><\/a><strong>JULIANA BRITO DA SILVA<\/strong><\/p>\n<p><strong>Forma\u00e7\u00e3o acad\u00eamica<\/strong><\/p>\n<p style=\"text-align: justify;\">Doutorado em Agronomia (Universidade Federal de Pelotas, 2013)<br \/>\nMestrado em Agronomia (Universidade Federal de Pelotas, 2009)<br \/>\nGradua\u00e7\u00e3o em Licenciatura Plena (Universidade Federal de Santa Maria, 2018)<br \/>\nGradua\u00e7\u00e3o em Bacharelado Em Qu\u00edmica Ambiental (Universidade Cat\u00f3lica de Pelotas, 2007)<\/p>\n<p>Pesquisadora vinculada \u00e0 <a href=\"https:\/\/portal.ufpel.edu.br\/\"><img loading=\"lazy\" decoding=\"async\" class=\"wp-image-134 alignnone\" src=\"https:\/\/wp.ufpel.edu.br\/graem\/files\/2025\/06\/Marca-Colorida-UFPEL-424x228-1-400x215.png\" alt=\"\" width=\"100\" height=\"54\" srcset=\"https:\/\/wp.ufpel.edu.br\/graem\/files\/2025\/06\/Marca-Colorida-UFPEL-424x228-1-400x215.png 400w, https:\/\/wp.ufpel.edu.br\/graem\/files\/2025\/06\/Marca-Colorida-UFPEL-424x228-1.png 424w\" sizes=\"auto, (max-width: 100px) 100vw, 100px\" \/><\/a><\/p>\n<h6 style=\"text-align: right;\"><strong><a href=\"http:\/\/lattes.cnpq.br\/6715070315999808\"><img loading=\"lazy\" decoding=\"async\" class=\"wp-image-141 alignright\" src=\"https:\/\/wp.ufpel.edu.br\/graem\/files\/2025\/06\/d499bf9074133db295373575066f97e4_15622676670826_972558144-400x400.png\" alt=\"\" width=\"30\" height=\"30\" srcset=\"https:\/\/wp.ufpel.edu.br\/graem\/files\/2025\/06\/d499bf9074133db295373575066f97e4_15622676670826_972558144-400x400.png 400w, https:\/\/wp.ufpel.edu.br\/graem\/files\/2025\/06\/d499bf9074133db295373575066f97e4_15622676670826_972558144-200x200.png 200w, https:\/\/wp.ufpel.edu.br\/graem\/files\/2025\/06\/d499bf9074133db295373575066f97e4_15622676670826_972558144.png 474w\" sizes=\"auto, (max-width: 30px) 100vw, 30px\" \/> <\/a><\/strong><strong><a href=\"juliana.brito@ufpel.edu.br\"><span style=\"background-color: #ffffff;\"><sub><img loading=\"lazy\" decoding=\"async\" class=\"wp-image-143 alignright\" src=\"https:\/\/wp.ufpel.edu.br\/graem\/files\/2025\/06\/ba0c3abd5fa6f3654f252ab25cb1524e.png\" alt=\"\" width=\"25\" height=\"25\" \/><\/sub><\/span><\/a><\/strong><\/h6>\n<p>&nbsp;<\/p>\n<h6><\/h6>\n<p>&nbsp;<\/p>\n<p>&nbsp;<\/p>\n<p style=\"text-align: center;\"><a href=\"http:\/\/lattes.cnpq.br\/1335865923064627\"><img loading=\"lazy\" decoding=\"async\" class=\"alignleft wp-image-122 size-thumbnail\" src=\"https:\/\/wp.ufpel.edu.br\/graem\/files\/2025\/06\/spineli-200x200.jpg\" alt=\"\" width=\"200\" height=\"200\" \/><\/a><strong>LUIZ FERNANDO SPINELLI PINTO<\/strong><\/p>\n<p><strong>Forma\u00e7\u00e3o acad\u00eamica<\/strong><\/p>\n<p style=\"text-align: justify;\">Doutorado em CIENCIA DO SOLO &#8211; UFRGS (Universidade Federal do Rio Grande do Sul, 1997)<br \/>\nMestrado em Ci\u00eancias F\u00edsicas (Hirosaki University, 1988)<br \/>\nMestrado em CIENCIA DO SOLO &#8211; UFRGS (Universidade Federal do Rio Grande do Sul, 1994)<br \/>\nGradua\u00e7\u00e3o em Geologia (Universidade Federal do Rio Grande do Sul, 1985)<\/p>\n<p>Pesquisador vinculada \u00e0 <a href=\"https:\/\/portal.ufpel.edu.br\/\"><img loading=\"lazy\" decoding=\"async\" class=\"wp-image-134 alignnone\" src=\"https:\/\/wp.ufpel.edu.br\/graem\/files\/2025\/06\/Marca-Colorida-UFPEL-424x228-1-400x215.png\" alt=\"\" width=\"100\" height=\"54\" srcset=\"https:\/\/wp.ufpel.edu.br\/graem\/files\/2025\/06\/Marca-Colorida-UFPEL-424x228-1-400x215.png 400w, https:\/\/wp.ufpel.edu.br\/graem\/files\/2025\/06\/Marca-Colorida-UFPEL-424x228-1.png 424w\" sizes=\"auto, (max-width: 100px) 100vw, 100px\" \/><\/a><\/p>\n<h6 style=\"text-align: right;\"><strong><a href=\"http:\/\/lattes.cnpq.br\/1335865923064627\"><img loading=\"lazy\" decoding=\"async\" class=\"wp-image-141 alignright\" src=\"https:\/\/wp.ufpel.edu.br\/graem\/files\/2025\/06\/d499bf9074133db295373575066f97e4_15622676670826_972558144-400x400.png\" alt=\"\" width=\"30\" height=\"30\" srcset=\"https:\/\/wp.ufpel.edu.br\/graem\/files\/2025\/06\/d499bf9074133db295373575066f97e4_15622676670826_972558144-400x400.png 400w, https:\/\/wp.ufpel.edu.br\/graem\/files\/2025\/06\/d499bf9074133db295373575066f97e4_15622676670826_972558144-200x200.png 200w, https:\/\/wp.ufpel.edu.br\/graem\/files\/2025\/06\/d499bf9074133db295373575066f97e4_15622676670826_972558144.png 474w\" sizes=\"auto, (max-width: 30px) 100vw, 30px\" \/> <\/a><\/strong><strong><a href=\"lfspin@ufpel.edu.br\"><span style=\"background-color: #ffffff;\"><sub><img loading=\"lazy\" decoding=\"async\" class=\"wp-image-143 alignright\" src=\"https:\/\/wp.ufpel.edu.br\/graem\/files\/2025\/06\/ba0c3abd5fa6f3654f252ab25cb1524e.png\" alt=\"\" width=\"25\" height=\"25\" \/><\/sub><\/span><\/a><\/strong><\/h6>\n<p>&nbsp;<\/p>\n<p>&nbsp;<\/p>\n<p>&nbsp;<\/p>\n<p style=\"text-align: center;\"><a href=\"http:\/\/lattes.cnpq.br\/4145554276881172\"><img loading=\"lazy\" decoding=\"async\" class=\"alignleft wp-image-120 size-thumbnail\" src=\"https:\/\/wp.ufpel.edu.br\/graem\/files\/2025\/06\/pablo-200x200.jpg\" alt=\"\" width=\"200\" height=\"200\" srcset=\"https:\/\/wp.ufpel.edu.br\/graem\/files\/2025\/06\/pablo-200x200.jpg 200w, https:\/\/wp.ufpel.edu.br\/graem\/files\/2025\/06\/pablo-400x400.jpg 400w, https:\/\/wp.ufpel.edu.br\/graem\/files\/2025\/06\/pablo.jpg 720w\" sizes=\"auto, (max-width: 200px) 100vw, 200px\" \/><\/a><strong>PABLO MIGUEL<\/strong><\/p>\n<p><strong>Forma\u00e7\u00e3o acad\u00eamica<\/strong><\/p>\n<p style=\"text-align: justify;\">Doutorado em Ci\u00eancia do Solo (Universidade Federal de Santa Maria, 2013)<br \/>\nMestrado em Ci\u00eancia do Solo (Universidade Federal de Santa Maria, 2010)<br \/>\nGradua\u00e7\u00e3o em Agronomia (Universidade Federal de Santa Maria, 2007)<br \/>\nGradua\u00e7\u00e3o em Forma\u00e7\u00e3o de Professores para Educa\u00e7\u00e3o Profissional (Universidade Federal de Santa Maria, 2011)<\/p>\n<p>Pesquisador vinculada \u00e0 <a href=\"https:\/\/portal.ufpel.edu.br\/\"><img loading=\"lazy\" decoding=\"async\" class=\"wp-image-134 alignnone\" src=\"https:\/\/wp.ufpel.edu.br\/graem\/files\/2025\/06\/Marca-Colorida-UFPEL-424x228-1-400x215.png\" alt=\"\" width=\"100\" height=\"54\" srcset=\"https:\/\/wp.ufpel.edu.br\/graem\/files\/2025\/06\/Marca-Colorida-UFPEL-424x228-1-400x215.png 400w, https:\/\/wp.ufpel.edu.br\/graem\/files\/2025\/06\/Marca-Colorida-UFPEL-424x228-1.png 424w\" sizes=\"auto, (max-width: 100px) 100vw, 100px\" \/><\/a><\/p>\n<h6 style=\"text-align: right;\"><strong><a href=\"http:\/\/lattes.cnpq.br\/4145554276881172\"><img loading=\"lazy\" decoding=\"async\" class=\"wp-image-141 alignright\" src=\"https:\/\/wp.ufpel.edu.br\/graem\/files\/2025\/06\/d499bf9074133db295373575066f97e4_15622676670826_972558144-400x400.png\" alt=\"\" width=\"30\" height=\"30\" srcset=\"https:\/\/wp.ufpel.edu.br\/graem\/files\/2025\/06\/d499bf9074133db295373575066f97e4_15622676670826_972558144-400x400.png 400w, https:\/\/wp.ufpel.edu.br\/graem\/files\/2025\/06\/d499bf9074133db295373575066f97e4_15622676670826_972558144-200x200.png 200w, https:\/\/wp.ufpel.edu.br\/graem\/files\/2025\/06\/d499bf9074133db295373575066f97e4_15622676670826_972558144.png 474w\" sizes=\"auto, (max-width: 30px) 100vw, 30px\" \/> <\/a><\/strong><strong><a href=\"pablo.miguel@ufpel.edu.br\"><span style=\"background-color: #ffffff;\"><sub><img loading=\"lazy\" decoding=\"async\" class=\"wp-image-143 alignright\" src=\"https:\/\/wp.ufpel.edu.br\/graem\/files\/2025\/06\/ba0c3abd5fa6f3654f252ab25cb1524e.png\" alt=\"\" width=\"25\" height=\"25\" \/><\/sub><\/span><\/a><\/strong><\/h6>\n<p>&nbsp;<\/p>\n<h6><\/h6>\n<p>Conhe\u00e7a a equipe completa, clicando em<strong>:<\/strong><\/p>\n<h3 style=\"text-align: center;\"><a style=\"color: #9538c5; outline: 0px;\" href=\"https:\/\/wp.ufpel.edu.br\/graem\/ics-mestrandos-e-doutorandos\/\">Doutorandos, <\/a><a href=\"https:\/\/wp.ufpel.edu.br\/graem\/ics-mestrandos-e-doutorandos\/\">Mestrandos , Bolsistas de inicia\u00e7\u00e3o cient\u00edfica, e estagi\u00e1rios vonlut\u00e1rios.<\/a><\/h3>\n","protected":false},"excerpt":{"rendered":"<p>Coordenadoras &nbsp; LIZETE STUMPF Forma\u00e7\u00e3o acad\u00eamica Doutorado em Agronomia &#8211; Solos (Universidade Federal de Pelotas, 2015) Mestrado em Agronomia &#8211; Solos (Universidade Federal de Pelotas, 2011) Gradua\u00e7\u00e3o em Agronomia (Universidade Federal de Pelotas, 2004) &nbsp; Pesquisadora vinculada \u00e0 &nbsp; JAKELINE ROSA DE OLIVEIRA Forma\u00e7\u00e3o acad\u00eamica Doutorado em Ci\u00eancia do Solo (Universidade Federal de Lavras, 2021) &hellip; <\/p>\n<p><a class=\"more-link btn\" href=\"https:\/\/wp.ufpel.edu.br\/graem\/equipe\/\">Continue lendo<\/a><\/p>\n","protected":false},"author":1469,"featured_media":0,"parent":0,"menu_order":0,"comment_status":"closed","ping_status":"closed","template":"","meta":{"footnotes":""},"class_list":["post-79","page","type-page","status-publish","hentry","nodate","item-wrap"],"_links":{"self":[{"href":"https:\/\/wp.ufpel.edu.br\/graem\/wp-json\/wp\/v2\/pages\/79","targetHints":{"allow":["GET"]}}],"collection":[{"href":"https:\/\/wp.ufpel.edu.br\/graem\/wp-json\/wp\/v2\/pages"}],"about":[{"href":"https:\/\/wp.ufpel.edu.br\/graem\/wp-json\/wp\/v2\/types\/page"}],"author":[{"embeddable":true,"href":"https:\/\/wp.ufpel.edu.br\/graem\/wp-json\/wp\/v2\/users\/1469"}],"replies":[{"embeddable":true,"href":"https:\/\/wp.ufpel.edu.br\/graem\/wp-json\/wp\/v2\/comments?post=79"}],"version-history":[{"count":3,"href":"https:\/\/wp.ufpel.edu.br\/graem\/wp-json\/wp\/v2\/pages\/79\/revisions"}],"predecessor-version":[{"id":479,"href":"https:\/\/wp.ufpel.edu.br\/graem\/wp-json\/wp\/v2\/pages\/79\/revisions\/479"}],"wp:attachment":[{"href":"https:\/\/wp.ufpel.edu.br\/graem\/wp-json\/wp\/v2\/media?parent=79"}],"curies":[{"name":"wp","href":"https:\/\/api.w.org\/{rel}","templated":true}]}}