{"id":159,"date":"2025-06-12T12:23:52","date_gmt":"2025-06-12T15:23:52","guid":{"rendered":"https:\/\/wp.ufpel.edu.br\/graem\/?page_id=159"},"modified":"2025-07-07T15:53:11","modified_gmt":"2025-07-07T18:53:11","slug":"publicacoes","status":"publish","type":"page","link":"https:\/\/wp.ufpel.edu.br\/graem\/publicacoes\/","title":{"rendered":"Publica\u00e7\u00f5es"},"content":{"rendered":"<p style=\"text-align: justify;\" data-start=\"264\" data-end=\"545\">O GRAEM (Grupo de Restaura\u00e7\u00e3o Ambiental em Ecossistemas Minerados) tem constru\u00eddo, ao longo de sua trajet\u00f3ria, uma s\u00f3lida produ\u00e7\u00e3o acad\u00eamica e cient\u00edfica, refletindo seu compromisso com a pesquisa de excel\u00eancia e a forma\u00e7\u00e3o qualificada de pesquisadores.<\/p>\n<p style=\"text-align: justify;\" data-start=\"547\" data-end=\"968\">As publica\u00e7\u00f5es do GRAEM abrangem uma diversidade de formatos, contemplando disserta\u00e7\u00f5es de mestrado, teses de doutorado, artigos cient\u00edficos e cap\u00edtulos de livros, fruto das investiga\u00e7\u00f5es desenvolvidas por seus membros em parceria com diferentes institui\u00e7\u00f5es e redes de pesquisa. Esses trabalhos tratam de temas relevantes e atuais, contribuindo significativamente para o avan\u00e7o do conhecimento em suas respectivas \u00e1reas.<\/p>\n<h5 data-start=\"547\" data-end=\"968\"><strong>Acesse:<\/strong><\/h5>\n<p>&nbsp;<\/p>\n<p data-start=\"547\" data-end=\"968\"><a href=\"https:\/\/wp.ufpel.edu.br\/graem\/artigos\/\"><strong>Artigos<\/strong><\/a><\/p>\n<p data-start=\"547\" data-end=\"968\"><a href=\"https:\/\/wp.ufpel.edu.br\/graem\/teses\/\"><strong>Teses<\/strong><\/a><\/p>\n<p data-start=\"547\" data-end=\"968\"><a href=\"https:\/\/wp.ufpel.edu.br\/graem\/dissertacoes\/\"><strong>Disserta\u00e7\u00f5es<\/strong><\/a><\/p>\n<p data-start=\"547\" data-end=\"968\"><strong><a href=\"https:\/\/wp.ufpel.edu.br\/graem\/capitulos-de-livro\/\">Cap\u00edtulos de livros<\/a><\/strong><\/p>\n","protected":false},"excerpt":{"rendered":"<p>O GRAEM (Grupo de Restaura\u00e7\u00e3o Ambiental em Ecossistemas Minerados) tem constru\u00eddo, ao longo de sua trajet\u00f3ria, uma s\u00f3lida produ\u00e7\u00e3o acad\u00eamica e cient\u00edfica, refletindo seu compromisso com a pesquisa de excel\u00eancia e a forma\u00e7\u00e3o qualificada de pesquisadores. As publica\u00e7\u00f5es do GRAEM abrangem uma diversidade de formatos, contemplando disserta\u00e7\u00f5es de mestrado, teses de doutorado, artigos cient\u00edficos e &hellip; <\/p>\n<p><a class=\"more-link btn\" href=\"https:\/\/wp.ufpel.edu.br\/graem\/publicacoes\/\">Continue lendo<\/a><\/p>\n","protected":false},"author":1469,"featured_media":0,"parent":0,"menu_order":0,"comment_status":"closed","ping_status":"closed","template":"","meta":{"footnotes":""},"class_list":["post-159","page","type-page","status-publish","hentry","nodate","item-wrap"],"_links":{"self":[{"href":"https:\/\/wp.ufpel.edu.br\/graem\/wp-json\/wp\/v2\/pages\/159","targetHints":{"allow":["GET"]}}],"collection":[{"href":"https:\/\/wp.ufpel.edu.br\/graem\/wp-json\/wp\/v2\/pages"}],"about":[{"href":"https:\/\/wp.ufpel.edu.br\/graem\/wp-json\/wp\/v2\/types\/page"}],"author":[{"embeddable":true,"href":"https:\/\/wp.ufpel.edu.br\/graem\/wp-json\/wp\/v2\/users\/1469"}],"replies":[{"embeddable":true,"href":"https:\/\/wp.ufpel.edu.br\/graem\/wp-json\/wp\/v2\/comments?post=159"}],"version-history":[{"count":6,"href":"https:\/\/wp.ufpel.edu.br\/graem\/wp-json\/wp\/v2\/pages\/159\/revisions"}],"predecessor-version":[{"id":338,"href":"https:\/\/wp.ufpel.edu.br\/graem\/wp-json\/wp\/v2\/pages\/159\/revisions\/338"}],"wp:attachment":[{"href":"https:\/\/wp.ufpel.edu.br\/graem\/wp-json\/wp\/v2\/media?parent=159"}],"curies":[{"name":"wp","href":"https:\/\/api.w.org\/{rel}","templated":true}]}}