{"id":149,"date":"2025-06-12T12:00:12","date_gmt":"2025-06-12T15:00:12","guid":{"rendered":"https:\/\/wp.ufpel.edu.br\/graem\/?page_id=149"},"modified":"2025-06-12T15:03:40","modified_gmt":"2025-06-12T18:03:40","slug":"dissertacoes","status":"publish","type":"page","link":"https:\/\/wp.ufpel.edu.br\/graem\/dissertacoes\/","title":{"rendered":"Disserta\u00e7\u00f5es"},"content":{"rendered":"<h4><strong>Conclu\u00eddas<\/strong><\/h4>\n<p style=\"text-align: justify;\">Bruna Lemons Brisolara. Elementos potencialmente poluidores em solo constru\u00eddo de minera\u00e7\u00e3o de carv\u00e3o sob o cultivo de gram\u00edneas perenes aos 8,6 e 20 anos. 2024. Disserta\u00e7\u00e3o (<a href=\"https:\/\/wp.ufpel.edu.br\/ppgmacsa\/\">MACSA<\/a>) &#8211; Universidade Federal de Pelotas, . Coorientador: Lizete Stumpf.<\/p>\n<p>Mauricio Silva de Oliveira. Fauna ed\u00e1fica e sua rela\u00e7\u00e3o com atributos f\u00edsicos e qu\u00edmicos de um solo constru\u00eddo ap\u00f3s 14,6 anos de revegeta\u00e7\u00e3o. 2023. Disserta\u00e7\u00e3o (<a href=\"https:\/\/wp.ufpel.edu.br\/ppgmacsa\/\">MACSA<\/a>) &#8211; Universidade Federal de Pelotas, . Orientador: Lizete Stumpf.<\/p>\n<p>Maria Bertaso de Garcia Fernandez. Avalia\u00e7\u00e3o de atributos qu\u00edmicos e biol\u00f3gicos na recupera\u00e7\u00e3o de solo minerado na regi\u00e3o de Candiota-RS. 2022. Disserta\u00e7\u00e3o (<a href=\"https:\/\/wp.ufpel.edu.br\/ppgmacsa\/\">MACSA<\/a>) &#8211; Universidade Federal de Pelotas,. Orientador: Lizete Stumpf.<\/p>\n","protected":false},"excerpt":{"rendered":"<p>Conclu\u00eddas Bruna Lemons Brisolara. Elementos potencialmente poluidores em solo constru\u00eddo de minera\u00e7\u00e3o de carv\u00e3o sob o cultivo de gram\u00edneas perenes aos 8,6 e 20 anos. 2024. Disserta\u00e7\u00e3o (MACSA) &#8211; Universidade Federal de Pelotas, . Coorientador: Lizete Stumpf. Mauricio Silva de Oliveira. Fauna ed\u00e1fica e sua rela\u00e7\u00e3o com atributos f\u00edsicos e qu\u00edmicos de um solo constru\u00eddo &hellip; <\/p>\n<p><a class=\"more-link btn\" href=\"https:\/\/wp.ufpel.edu.br\/graem\/dissertacoes\/\">Continue lendo<\/a><\/p>\n","protected":false},"author":1469,"featured_media":0,"parent":0,"menu_order":0,"comment_status":"closed","ping_status":"closed","template":"","meta":{"footnotes":""},"class_list":["post-149","page","type-page","status-publish","hentry","nodate","item-wrap"],"_links":{"self":[{"href":"https:\/\/wp.ufpel.edu.br\/graem\/wp-json\/wp\/v2\/pages\/149","targetHints":{"allow":["GET"]}}],"collection":[{"href":"https:\/\/wp.ufpel.edu.br\/graem\/wp-json\/wp\/v2\/pages"}],"about":[{"href":"https:\/\/wp.ufpel.edu.br\/graem\/wp-json\/wp\/v2\/types\/page"}],"author":[{"embeddable":true,"href":"https:\/\/wp.ufpel.edu.br\/graem\/wp-json\/wp\/v2\/users\/1469"}],"replies":[{"embeddable":true,"href":"https:\/\/wp.ufpel.edu.br\/graem\/wp-json\/wp\/v2\/comments?post=149"}],"version-history":[{"count":3,"href":"https:\/\/wp.ufpel.edu.br\/graem\/wp-json\/wp\/v2\/pages\/149\/revisions"}],"predecessor-version":[{"id":178,"href":"https:\/\/wp.ufpel.edu.br\/graem\/wp-json\/wp\/v2\/pages\/149\/revisions\/178"}],"wp:attachment":[{"href":"https:\/\/wp.ufpel.edu.br\/graem\/wp-json\/wp\/v2\/media?parent=149"}],"curies":[{"name":"wp","href":"https:\/\/api.w.org\/{rel}","templated":true}]}}