{"id":277,"date":"2024-04-27T12:43:20","date_gmt":"2024-04-27T15:43:20","guid":{"rendered":"https:\/\/wp.ufpel.edu.br\/gplaan\/?page_id=277"},"modified":"2024-05-17T21:15:17","modified_gmt":"2024-05-18T00:15:17","slug":"egressos","status":"publish","type":"page","link":"https:\/\/wp.ufpel.edu.br\/gplaan\/egressos\/","title":{"rendered":"Egressos"},"content":{"rendered":"<table style=\"border-collapse: collapse; width: 100%;\" border=\"1\">\n<tbody>\n<tr style=\"height: 140px;\">\n<td style=\"width: 21.8667%; height: 140px;\"><img loading=\"lazy\" decoding=\"async\" class=\"wp-image-140 alignleft\" style=\"color: #000000; text-align: justify;\" src=\"https:\/\/wp.ufpel.edu.br\/gplaan\/files\/2019\/04\/IMG_4001-276x400.jpeg\" alt=\"\" width=\"138\" height=\"200\" srcset=\"https:\/\/wp.ufpel.edu.br\/gplaan\/files\/2019\/04\/IMG_4001-276x400.jpeg 276w, https:\/\/wp.ufpel.edu.br\/gplaan\/files\/2019\/04\/IMG_4001-768x1114.jpeg 768w, https:\/\/wp.ufpel.edu.br\/gplaan\/files\/2019\/04\/IMG_4001-706x1024.jpeg 706w, https:\/\/wp.ufpel.edu.br\/gplaan\/files\/2019\/04\/IMG_4001.jpeg 1804w\" sizes=\"auto, (max-width: 138px) 100vw, 138px\" \/><\/td>\n<td style=\"width: 78.1333%; height: 140px; text-align: justify;\"><span style=\"font-size: 10pt; color: #000000;\"><strong><a style=\"color: #000000;\" href=\"http:\/\/lattes.cnpq.br\/6392536297292151\" target=\"_blank\" rel=\"noopener noreferrer\">Maur\u00edcio Signorini Dias<\/a><\/strong>\u00a0&#8211; Mestre em Letras &#8211; Estudos da Linguagem (PPGL, 2019, bolsista CAPES) e Graduado em Letras &#8211; Licenciatura em Portugu\u00eas e Literatura (2016\/02) pela Universidade Federal de Pelotas. Durante a gradua\u00e7\u00e3o foi bolsista em Inicia\u00e7\u00e3o Cient\u00edfica (PROBIC) FAPERGS (2013 -2014) e (PIBIC) CNPq (2014-2015) e exerceu a fun\u00e7\u00e3o de monitor de Latim e de Literatura Latina tamb\u00e9m como bolsista (2016). Atuou como professor assistente e monitor no Instituto Compreensivo Gozzadini Castenaso, na It\u00e1lia (2016). Ministrou cursos de extens\u00e3o de Introdu\u00e7\u00e3o ao Latim (2017, 2018). Desde 2013 \u00e9 membro do GPLAAN &#8211; Grupo de Pesquisas em Lingu\u00edstica Aplicada e An\u00e1lise de Narrativas. Foi o idealizador da Jornada de Lingu\u00edstica Aplicada Indisciplinar. Atualmente desenvolve estudos em Lingu\u00edstica Aplicada Indisciplinar, An\u00e1lise de Narrativas e Mem\u00f3ria Social.<\/span><\/td>\n<\/tr>\n<\/tbody>\n<\/table>\n<table style=\"border-collapse: collapse; width: 100%;\" border=\"1\">\n<tbody>\n<tr style=\"height: 87px;\">\n<td style=\"width: 22%; height: 87px;\"><img loading=\"lazy\" decoding=\"async\" class=\"wp-image-141 alignleft\" style=\"color: #000000; font-size: 13.3333px; text-align: justify;\" src=\"https:\/\/wp.ufpel.edu.br\/gplaan\/files\/2019\/04\/IMG_4281-400x400.jpg\" alt=\"\" width=\"139\" height=\"139\" srcset=\"https:\/\/wp.ufpel.edu.br\/gplaan\/files\/2019\/04\/IMG_4281-400x400.jpg 400w, https:\/\/wp.ufpel.edu.br\/gplaan\/files\/2019\/04\/IMG_4281-200x200.jpg 200w, https:\/\/wp.ufpel.edu.br\/gplaan\/files\/2019\/04\/IMG_4281-768x767.jpg 768w, https:\/\/wp.ufpel.edu.br\/gplaan\/files\/2019\/04\/IMG_4281-1024x1022.jpg 1024w, https:\/\/wp.ufpel.edu.br\/gplaan\/files\/2019\/04\/IMG_4281.jpg 1242w\" sizes=\"auto, (max-width: 139px) 100vw, 139px\" \/><\/td>\n<td style=\"width: 78%; height: 87px; text-align: justify;\"><span style=\"font-size: 10pt; color: #000000;\"><a style=\"color: #000000;\" href=\"http:\/\/lattes.cnpq.br\/0499568251715475\" target=\"_blank\" rel=\"noopener noreferrer\"><strong>Ieda Lourdes Gomes de Assump\u00e7\u00e3o<\/strong><\/a> &#8211; Graduada em Pedagogia, Especialista em Psicopedagogia Cl\u00ednica, Mestre em Sa\u00fade e Comportamento, Doutoranda do Programa de P\u00f3s-Gradua\u00e7\u00e3o em Letras pela Universidade Federal de Pelotas. Docente do Instituto Superior de Forma\u00e7\u00e3o Human\u00edstica da Universidade Cat\u00f3lica de Pelotas. Professora Adjunta com experi\u00eancia nas \u00e1reas de Ci\u00eancias Humanas e da Sa\u00fade. Respons\u00e1vel pelo N\u00facleo de Estudos Pedag\u00f3gicos do Curso de Pedagogia da UCPel. Interesses: Forma\u00e7\u00e3o de Professores; Pedagogia Universit\u00e1ria e Educa\u00e7\u00e3o Inclusiva.<\/span><\/td>\n<\/tr>\n<\/tbody>\n<\/table>\n<table style=\"border-collapse: collapse; width: 100%;\" border=\"1\">\n<tbody>\n<tr style=\"height: 95px;\">\n<td style=\"width: 22.2667%; height: 95px;\"><img loading=\"lazy\" decoding=\"async\" class=\"wp-image-144 alignleft\" style=\"color: #000000; font-size: 13.3333px; text-align: justify;\" src=\"https:\/\/wp.ufpel.edu.br\/gplaan\/files\/2019\/04\/maicon-400x400.jpg\" alt=\"\" width=\"145\" height=\"145\" srcset=\"https:\/\/wp.ufpel.edu.br\/gplaan\/files\/2019\/04\/maicon-400x400.jpg 400w, https:\/\/wp.ufpel.edu.br\/gplaan\/files\/2019\/04\/maicon-200x200.jpg 200w, https:\/\/wp.ufpel.edu.br\/gplaan\/files\/2019\/04\/maicon-768x768.jpg 768w, https:\/\/wp.ufpel.edu.br\/gplaan\/files\/2019\/04\/maicon.jpg 842w\" sizes=\"auto, (max-width: 145px) 100vw, 145px\" \/><\/td>\n<td style=\"width: 77.7333%; height: 95px; text-align: justify;\"><span style=\"font-size: 10pt; color: #000000;\"><strong><a style=\"color: #000000;\" href=\"http:\/\/lattes.cnpq.br\/0637172738189475\" target=\"_blank\" rel=\"noopener noreferrer\">Maicon Farias Vieira<\/a><\/strong> &#8211; Possui mestrado em Educa\u00e7\u00e3o pelo Mestrado Profissional em Educa\u00e7\u00e3o e Tecnologia do Instituto Federal Sul-Rio-Grandense (IFSUL) &#8211; Campus Pelotas, gradua\u00e7\u00e3o em Letras &#8211; Hab. Espanhol e Literaturas de L\u00edngua Espanhola pela Universidade Federal de Pelotas (2010) e no Curso Superior de Viticultura e Enologia pela Universidade Federal de Pelotas (2011). Atualmente \u00e9 professor de Espanhol na rede municipal de Pelotas- RS, tutor a dist\u00e2ncia do Curso de Gradua\u00e7\u00e3o em Letras &#8211; Espanhol da UFPel, graduando em Letras &#8211; Portugu\u00eas pelo Centro Universit\u00e1rio FACVEST e doutorando no Programa de P\u00f3s-Gradua\u00e7\u00e3o em Letras da Universidade Federal de Pelotas.<\/span><\/td>\n<\/tr>\n<\/tbody>\n<\/table>\n<table style=\"border-collapse: collapse; width: 100%;\" border=\"1\">\n<tbody>\n<tr style=\"height: 10px;\">\n<td style=\"width: 22.2667%; height: 10px;\"><img loading=\"lazy\" decoding=\"async\" class=\"wp-image-145 alignnone aligncenter\" style=\"color: #000000; font-size: 13.3333px; text-align: justify;\" src=\"https:\/\/wp.ufpel.edu.br\/gplaan\/files\/2019\/04\/20190415_081055-300x400.jpg\" alt=\"\" width=\"117\" height=\"156\" srcset=\"https:\/\/wp.ufpel.edu.br\/gplaan\/files\/2019\/04\/20190415_081055-300x400.jpg 300w, https:\/\/wp.ufpel.edu.br\/gplaan\/files\/2019\/04\/20190415_081055-768x1024.jpg 768w, https:\/\/wp.ufpel.edu.br\/gplaan\/files\/2019\/04\/20190415_081055.jpg 1513w\" sizes=\"auto, (max-width: 117px) 100vw, 117px\" \/><\/td>\n<td style=\"width: 77.7333%; height: 10px; text-align: justify;\"><span style=\"font-size: 10pt; color: #000000;\"><strong><a style=\"color: #000000;\" href=\"http:\/\/lattes.cnpq.br\/9527163445479437\" target=\"_blank\" rel=\"noopener noreferrer\">Andr\u00e9 Nogueira Alves<\/a><\/strong>\u00a0&#8211; Possui gradua\u00e7\u00e3o em Licenciatura Plena em Portugu\u00eas\/Franc\u00eas pela Universidade\u00a0Federal de Pelotas \u2013 UFPEL e mestrado em Letras, com \u00e1rea de concentra\u00e7\u00e3o em em\u00a0lingu\u00edstica aplicada, pela Universidade Cat\u00f3lica de Pelotas \u2013 UCPEL. Atualmente \u00e9\u00a0professor de L\u00edngua Portuguesa e Literatura Brasileira do Instituto Federal de Educa\u00e7\u00e3o,\u00a0Ci\u00eancia e Tecnologia Sul-rio-grandense e participa do GEDES &#8211; Grupo de Estudos da\u00a0Diversidade, Educa\u00e7\u00e3o e Sexualidade e do NUGED \u2013 N\u00facleo de G\u00eanero e Diversidade\u00a0do IFSul &#8211; Pelotas, atualmente doutorando do PPGL \u2013 UFPEL.<\/span><\/td>\n<\/tr>\n<\/tbody>\n<\/table>\n<table style=\"border-collapse: collapse; width: 100%;\" border=\"1\">\n<tbody>\n<tr style=\"height: 136px;\">\n<td style=\"width: 22.2667%; height: 136px;\"><img loading=\"lazy\" decoding=\"async\" class=\"wp-image-147 alignleft\" style=\"color: #000000; font-size: 13.3333px; text-align: justify;\" src=\"https:\/\/wp.ufpel.edu.br\/gplaan\/files\/2019\/04\/image-269x400.png\" alt=\"\" width=\"142\" height=\"211\" srcset=\"https:\/\/wp.ufpel.edu.br\/gplaan\/files\/2019\/04\/image-269x400.png 269w, https:\/\/wp.ufpel.edu.br\/gplaan\/files\/2019\/04\/image.png 539w\" sizes=\"auto, (max-width: 142px) 100vw, 142px\" \/><\/td>\n<td style=\"width: 77.7333%; height: 136px; text-align: justify;\"><span style=\"font-size: 10pt; color: #000000;\"><strong><a style=\"color: #000000;\" href=\"http:\/\/lattes.cnpq.br\/7918856736712613\" target=\"_blank\" rel=\"noopener noreferrer\">Ana Paula Rocha<\/a><\/strong>\u00a0&#8211; Mestranda no programa de P\u00f3s-Gradua\u00e7\u00e3o em Letras da UFPel. Possui gradua\u00e7\u00e3o em Letras Portugu\u00eas- Ingl\u00eas e respectivas literaturas pela Universidade Federal de Pelotas (2011). Trabalha como professora de Ingl\u00eas\/ Portugu\u00eas no Governo do Estado do Rio Grande do Sul.<\/span><\/td>\n<\/tr>\n<\/tbody>\n<\/table>\n<table style=\"border-collapse: collapse; width: 100%;\" border=\"1\">\n<tbody>\n<tr style=\"height: 39px;\">\n<td style=\"width: 22.1333%; height: 39px;\"><span style=\"font-size: 10pt; color: #000000;\"><img loading=\"lazy\" decoding=\"async\" class=\"wp-image-143 alignleft\" src=\"https:\/\/wp.ufpel.edu.br\/gplaan\/files\/2019\/04\/1-2-291x400.jpg\" alt=\"\" width=\"142\" height=\"196\" srcset=\"https:\/\/wp.ufpel.edu.br\/gplaan\/files\/2019\/04\/1-2-291x400.jpg 291w, https:\/\/wp.ufpel.edu.br\/gplaan\/files\/2019\/04\/1-2-768x1057.jpg 768w, https:\/\/wp.ufpel.edu.br\/gplaan\/files\/2019\/04\/1-2-744x1024.jpg 744w, https:\/\/wp.ufpel.edu.br\/gplaan\/files\/2019\/04\/1-2.jpg 1104w\" sizes=\"auto, (max-width: 142px) 100vw, 142px\" \/><\/span><\/td>\n<td style=\"width: 77.8667%; height: 39px;\">\n<p style=\"text-align: justify;\"><span style=\"font-size: 10pt; color: #000000;\"><strong><a style=\"color: #000000;\" href=\"http:\/\/lattes.cnpq.br\/8943707248628981\" target=\"_blank\" rel=\"noopener noreferrer\">Bianca Alves Lehmann<\/a><\/strong>\u00a0&#8211;\u00a0Doutora em Educa\u00e7\u00e3o (2019). Mestra em Letras &#8211; \u00c1rea Estudos da Linguagem (2015). Bacharela em Letras &#8211; Habilita\u00e7\u00e3o em Reda\u00e7\u00e3o e Revis\u00e3o de Textos (2012). Licenciada em Letras &#8211; Habilita\u00e7\u00e3o em Portugu\u00eas e Literaturas de L\u00edngua Portuguesa (2011). Toda forma\u00e7\u00e3o acad\u00eamica e p\u00f3s acad\u00eamica foi realizada na Universidade Federal de Pelotas. \u00c1reas\/temas de interesse: Lingu\u00edstica Aplicada, Lingu\u00edstica Aplicada Transdisciplinar, an\u00e1lise de textos (orais e escritos), produ\u00e7\u00e3o textual.<\/span><\/p>\n<p>&nbsp;<\/td>\n<\/tr>\n<\/tbody>\n<\/table>\n<table style=\"border-collapse: collapse; width: 100%;\" border=\"1\">\n<tbody>\n<tr>\n<td style=\"width: 22.2667%;\"><span style=\"font-size: 10pt; color: #000000;\"><img loading=\"lazy\" decoding=\"async\" class=\"wp-image-142 alignleft\" src=\"https:\/\/wp.ufpel.edu.br\/gplaan\/files\/2019\/04\/IMG_1794_Facetune_25-01-2019-17-34-38-400x344.jpeg\" alt=\"\" width=\"140\" height=\"120\" srcset=\"https:\/\/wp.ufpel.edu.br\/gplaan\/files\/2019\/04\/IMG_1794_Facetune_25-01-2019-17-34-38-400x344.jpeg 400w, https:\/\/wp.ufpel.edu.br\/gplaan\/files\/2019\/04\/IMG_1794_Facetune_25-01-2019-17-34-38-768x661.jpeg 768w, https:\/\/wp.ufpel.edu.br\/gplaan\/files\/2019\/04\/IMG_1794_Facetune_25-01-2019-17-34-38-1024x881.jpeg 1024w\" sizes=\"auto, (max-width: 140px) 100vw, 140px\" \/><\/span><\/td>\n<td style=\"width: 77.7333%; text-align: justify;\"><span style=\"font-size: 10pt; color: #000000;\"><strong><a style=\"color: #000000;\" href=\"http:\/\/lattes.cnpq.br\/4114359398797154\" target=\"_blank\" rel=\"noopener noreferrer\">Clarice R. de S. Cabral<\/a><\/strong>\u00a0&#8211; Mestra em Letras, pesquisas em Lingu\u00edstica Aplicada Transgressiva com foco no feminismo, escalas, ordens de indexicalidade e outscalings. Atualmente atua como professora dos anos finais e tutora no curso de Letras EaD na UFSM.<\/span><\/td>\n<\/tr>\n<\/tbody>\n<\/table>\n<table style=\"border-collapse: collapse; width: 100%;\" border=\"1\">\n<tbody>\n<tr>\n<td style=\"width: 22.4%;\"><img loading=\"lazy\" decoding=\"async\" class=\"wp-image-186 alignleft\" src=\"https:\/\/wp.ufpel.edu.br\/gplaan\/files\/2019\/05\/ab2390cd-688f-4dac-b981-326746e47586-300x400.jpg\" alt=\"\" width=\"142\" height=\"189\" srcset=\"https:\/\/wp.ufpel.edu.br\/gplaan\/files\/2019\/05\/ab2390cd-688f-4dac-b981-326746e47586-300x400.jpg 300w, https:\/\/wp.ufpel.edu.br\/gplaan\/files\/2019\/05\/ab2390cd-688f-4dac-b981-326746e47586-768x1024.jpg 768w, https:\/\/wp.ufpel.edu.br\/gplaan\/files\/2019\/05\/ab2390cd-688f-4dac-b981-326746e47586.jpg 810w\" sizes=\"auto, (max-width: 142px) 100vw, 142px\" \/><\/td>\n<td style=\"width: 77.6%; text-align: justify;\"><span style=\"color: #000000; font-size: 10pt;\"><strong><a style=\"color: #000000;\" href=\"http:\/\/lattes.cnpq.br\/3430810391514646\" target=\"_blank\" rel=\"noopener noreferrer\">Val\u00e9ria Castro Nunes<\/a><\/strong> &#8211; Possui gradua\u00e7\u00e3o em Letras &#8211; Habilita\u00e7\u00e3o em L\u00edngua e Literatura Espanhola, pela Universidade Federal de Pelotas (UFPel ), gradua\u00e7\u00e3o em Pedagogia, pela Universidade Cat\u00f3lica de Pelotas (UCPel) e especializa\u00e7\u00e3o em Neuropsicopedagogia Cl\u00ednica e Institucional pelo Instituto de Ci\u00eancias Sociais e Humanas (ICSH), Valpara\u00edso de Goi\u00e1s, GO. Cursa mestrado em Letras, na \u00e1rea de Aquisi\u00e7\u00e3o, varia\u00e7\u00e3o e ensino, na Universidade Federal de Pelotas (UFPel). Tem experi\u00eancia na \u00e1rea de Letras, com \u00eanfase no ensino de l\u00edngua materna e estrangeira e na \u00e1rea de Educa\u00e7\u00e3o, com \u00eanfase em m\u00e9todos e t\u00e9cnicas de ensino.<\/span><\/td>\n<\/tr>\n<\/tbody>\n<\/table>\n<p>&nbsp;<\/p>\n","protected":false},"excerpt":{"rendered":"<p>Maur\u00edcio Signorini Dias\u00a0&#8211; Mestre em Letras &#8211; Estudos da Linguagem (PPGL, 2019, bolsista CAPES) e Graduado em Letras &#8211; Licenciatura em Portugu\u00eas e Literatura (2016\/02) pela Universidade Federal de Pelotas. Durante a gradua\u00e7\u00e3o foi bolsista em Inicia\u00e7\u00e3o Cient\u00edfica (PROBIC) FAPERGS (2013 -2014) e (PIBIC) CNPq (2014-2015) e exerceu a fun\u00e7\u00e3o de monitor de Latim e &hellip; <\/p>\n<p><a class=\"more-link btn\" href=\"https:\/\/wp.ufpel.edu.br\/gplaan\/egressos\/\">Continue lendo<\/a><\/p>\n","protected":false},"author":915,"featured_media":0,"parent":0,"menu_order":0,"comment_status":"closed","ping_status":"closed","template":"","meta":{"footnotes":""},"class_list":["post-277","page","type-page","status-publish","hentry","nodate","item-wrap"],"_links":{"self":[{"href":"https:\/\/wp.ufpel.edu.br\/gplaan\/wp-json\/wp\/v2\/pages\/277","targetHints":{"allow":["GET"]}}],"collection":[{"href":"https:\/\/wp.ufpel.edu.br\/gplaan\/wp-json\/wp\/v2\/pages"}],"about":[{"href":"https:\/\/wp.ufpel.edu.br\/gplaan\/wp-json\/wp\/v2\/types\/page"}],"author":[{"embeddable":true,"href":"https:\/\/wp.ufpel.edu.br\/gplaan\/wp-json\/wp\/v2\/users\/915"}],"replies":[{"embeddable":true,"href":"https:\/\/wp.ufpel.edu.br\/gplaan\/wp-json\/wp\/v2\/comments?post=277"}],"version-history":[{"count":5,"href":"https:\/\/wp.ufpel.edu.br\/gplaan\/wp-json\/wp\/v2\/pages\/277\/revisions"}],"predecessor-version":[{"id":289,"href":"https:\/\/wp.ufpel.edu.br\/gplaan\/wp-json\/wp\/v2\/pages\/277\/revisions\/289"}],"wp:attachment":[{"href":"https:\/\/wp.ufpel.edu.br\/gplaan\/wp-json\/wp\/v2\/media?parent=277"}],"curies":[{"name":"wp","href":"https:\/\/api.w.org\/{rel}","templated":true}]}}