{"id":24,"date":"2019-04-02T07:10:06","date_gmt":"2019-04-02T10:10:06","guid":{"rendered":"https:\/\/wp.ufpel.edu.br\/gplaan\/?page_id=24"},"modified":"2024-06-03T15:46:25","modified_gmt":"2024-06-03T18:46:25","slug":"membros","status":"publish","type":"page","link":"https:\/\/wp.ufpel.edu.br\/gplaan\/membros\/","title":{"rendered":"Integrantes"},"content":{"rendered":"<p style=\"text-align: center;\"><span style=\"font-size: 14pt; color: #000000;\"><strong>Coordenadora<\/strong><\/span><\/p>\n<table style=\"border-collapse: collapse; width: 100%;\" border=\"1\">\n<tbody>\n<tr style=\"height: 190px;\">\n<td style=\"width: 22.1333%; height: 190px;\"><img loading=\"lazy\" decoding=\"async\" class=\"alignleft wp-image-138\" style=\"color: #000000; text-align: justify;\" src=\"https:\/\/wp.ufpel.edu.br\/gplaan\/files\/2019\/04\/Foto-avulsa-277x400.jpg\" alt=\"\" width=\"137\" height=\"197\" srcset=\"https:\/\/wp.ufpel.edu.br\/gplaan\/files\/2019\/04\/Foto-avulsa-277x400.jpg 277w, https:\/\/wp.ufpel.edu.br\/gplaan\/files\/2019\/04\/Foto-avulsa.jpg 529w\" sizes=\"auto, (max-width: 137px) 100vw, 137px\" \/><\/td>\n<td style=\"width: 77.8667%; height: 190px; text-align: justify;\"><span style=\"font-size: 10pt; color: #000000;\"><a style=\"color: #000000;\" href=\"http:\/\/lattes.cnpq.br\/9914415339003085\" target=\"_blank\" rel=\"noopener noreferrer\"><strong>Let\u00edcia Fonseca Richthofen de Freitas<\/strong><\/a> &#8211; <\/span><span style=\"font-size: 10pt; color: #000000;\">Possui gradua\u00e7\u00e3o em Letras pela Pontif\u00edcia Universidade Cat\u00f3lica do Rio Grande do Sul (1992), Mestrado (2002) e Doutorado (2006) em Educa\u00e7\u00e3o pela Universidade Federal do Rio Grande do Sul. Realizou est\u00e1gio de P\u00f3s-Doutorado em Educa\u00e7\u00e3o (2008 e 2009) na Universidade Federal do Rio Grande do Sul e em Lingu\u00edstica Aplicada na Universidade Federal do Rio de Janeiro (2015) e na Universidade de Bras\u00edlia (2023\/2024). Atualmente \u00e9 professora associada no Centro de Letras e Comunica\u00e7\u00e3o e no Programa de P\u00f3s-Gradua\u00e7\u00e3o em Letras da Universidade Federal de Pelotas. Coordena o Grupo de Pesquisa em Lingu\u00edstica Aplicada e An\u00e1lise de Narrativas (GPLAAN) na UFPel e integra o N\u00facleo de Estudos Sobre Curr\u00edculo, Cultura e Sociedade (NECCSO) na UFRGS. Desenvolve pesquisas na interface das \u00e1reas de Educa\u00e7\u00e3o e de Letras.<\/span><\/td>\n<\/tr>\n<\/tbody>\n<\/table>\n<hr \/>\n<p style=\"text-align: center;\"><span style=\"font-size: 14pt;\"><span style=\"color: #000000;\"><strong>Integrantes &#8211;\u00a0<\/strong><\/span><span style=\"color: #000000;\"><b>Docentes<\/b><\/span><\/span><\/p>\n<table style=\"border-collapse: collapse; width: 100%;\" border=\"1\">\n<tbody>\n<tr style=\"height: 112px;\">\n<td style=\"width: 21.7333%; height: 74px;\"><img loading=\"lazy\" decoding=\"async\" class=\"wp-image-174 aligncenter\" style=\"text-align: justify;\" src=\"https:\/\/wp.ufpel.edu.br\/gplaan\/files\/2019\/04\/f4babed7-da90-4704-a26e-97ffb298fb17-400x400.jpg\" alt=\"\" width=\"105\" height=\"105\" srcset=\"https:\/\/wp.ufpel.edu.br\/gplaan\/files\/2019\/04\/f4babed7-da90-4704-a26e-97ffb298fb17-400x400.jpg 400w, https:\/\/wp.ufpel.edu.br\/gplaan\/files\/2019\/04\/f4babed7-da90-4704-a26e-97ffb298fb17-200x200.jpg 200w, https:\/\/wp.ufpel.edu.br\/gplaan\/files\/2019\/04\/f4babed7-da90-4704-a26e-97ffb298fb17-768x768.jpg 768w, https:\/\/wp.ufpel.edu.br\/gplaan\/files\/2019\/04\/f4babed7-da90-4704-a26e-97ffb298fb17-1024x1024.jpg 1024w, https:\/\/wp.ufpel.edu.br\/gplaan\/files\/2019\/04\/f4babed7-da90-4704-a26e-97ffb298fb17.jpg 1062w\" sizes=\"auto, (max-width: 105px) 100vw, 105px\" \/><\/td>\n<td style=\"width: 78.2667%; height: 74px; text-align: justify;\"><span style=\"font-size: 10pt; color: #000000;\"><a style=\"color: #000000;\" href=\"http:\/\/lattes.cnpq.br\/5548485938932287\" target=\"_blank\" rel=\"noopener noreferrer\"><strong>Vanessa Doumid Damasceno <\/strong><\/a>&#8211; Possui gradua\u00e7\u00e3o em Letras, Mestrado e Doutorado em Letras. \u00c9 professora na Universidade Federal de Pelotas no Centro de Letras e Comunica\u00e7\u00e3o, CLC. Coordena o Projeto Estrat\u00e9gico Portugu\u00eas para Estrangeiros na UFPEL e o Exame Celpa-Bras na Institui\u00e7\u00e3o. Desenvolve pesquisa e extens\u00e3o sobre os seguintes temas: forma\u00e7\u00e3o de professores e portugu\u00eas como l\u00edngua adicional.<\/span><\/td>\n<\/tr>\n<\/tbody>\n<\/table>\n<table style=\"border-collapse: collapse; width: 100%;\" border=\"1\">\n<tbody>\n<tr style=\"height: 106px;\">\n<td style=\"width: 21.7333%; height: 106px;\"><img loading=\"lazy\" decoding=\"async\" class=\"wp-image-175 alignleft\" src=\"https:\/\/wp.ufpel.edu.br\/gplaan\/files\/2019\/04\/IMG-20180502-WA0039-400x300.jpg\" alt=\"\" width=\"138\" height=\"104\" srcset=\"https:\/\/wp.ufpel.edu.br\/gplaan\/files\/2019\/04\/IMG-20180502-WA0039-400x300.jpg 400w, https:\/\/wp.ufpel.edu.br\/gplaan\/files\/2019\/04\/IMG-20180502-WA0039-768x576.jpg 768w, https:\/\/wp.ufpel.edu.br\/gplaan\/files\/2019\/04\/IMG-20180502-WA0039.jpg 856w\" sizes=\"auto, (max-width: 138px) 100vw, 138px\" \/><\/td>\n<td style=\"width: 78.2667%; height: 106px; text-align: justify;\"><span style=\"color: #000000; font-size: 10pt;\"><a style=\"color: #000000;\" href=\"http:\/\/lattes.cnpq.br\/9162131458495123\" target=\"_blank\" rel=\"noopener noreferrer\"><strong>Luiza Machado da Silva<\/strong><\/a> &#8211; Possui gradua\u00e7\u00e3o em Letras Portugu\u00eas-Espanhol pela Universidade Federal do Rio Grande (2006), Mestrado em Letras &#8211; Lingu\u00edstica Aplicada pela Universidade Cat\u00f3lica de Pelotas (2012) e Doutorado no mesmo Programa da UCPel (2017). \u00c9 pesquisadora do Grupo de Estudos em Linguagens: Fronteiras, Identidades e Culturas (GELFIC) e Professora Adjunto da Universidade Federal do Rio Grande. Tem experi\u00eancia na \u00e1rea de Letras, com \u00eanfase em L\u00ednguas Estrangeiras Modernas, atuando principalmente nos seguintes temas: l\u00edngua estrangeira, identidade, alteridade, cultura e constru\u00e7\u00e3o de significados.<\/span><\/td>\n<\/tr>\n<\/tbody>\n<\/table>\n<table style=\"border-collapse: collapse; width: 100%;\" border=\"1\">\n<tbody>\n<tr style=\"height: 128px;\">\n<td style=\"width: 21.8666%; height: 128px;\"><img loading=\"lazy\" decoding=\"async\" class=\"alignnone wp-image-284\" src=\"https:\/\/wp.ufpel.edu.br\/gplaan\/files\/2024\/05\/Imagem1-332x400.jpg\" alt=\"\" width=\"146\" height=\"176\" srcset=\"https:\/\/wp.ufpel.edu.br\/gplaan\/files\/2024\/05\/Imagem1-332x400.jpg 332w, https:\/\/wp.ufpel.edu.br\/gplaan\/files\/2024\/05\/Imagem1.jpg 567w\" sizes=\"auto, (max-width: 146px) 100vw, 146px\" \/><\/td>\n<td style=\"width: 78.1334%; height: 128px;\">\n<p style=\"text-align: justify;\"><span style=\"font-size: 10pt; color: #000000;\"><a style=\"color: #000000;\" href=\"http:\/\/lattes.cnpq.br\/3422363329512937\"><strong>Andr\u00e9 Firpo Bevil\u00e1qua<\/strong><\/a> &#8211; Doutor em Letras pelo Programa de P\u00f3s-Gradua\u00e7\u00e3o em Letras da Universidade Federal de Pelotas (UFPEL). Mestre em Letras \/ Lingu\u00edstica Aplicada pelo PPGL da Universidade Cat\u00f3lica de Pelotas (UCPEL). Licenciado em Letras Portugu\u00eas e em Letras Espanhol pela Universidade Federal de Santa Maria (UFSM). Atualmente, \u00e9 Professor Adjunto A do Centro de Letras e Comunica\u00e7\u00e3o (CLC) da UFPEL. Tem experi\u00eancia na \u00e1rea de Lingu\u00edstica Aplicada Cr\u00edtica, atuando principalmente com os seguintes temas: (1) Educa\u00e7\u00e3o lingu\u00edstica; (2) Tecnologias digitais no ensino de l\u00ednguas; (3) Novos Estudos do Letramento; (4) Produ\u00e7\u00e3o de materiais de ensino e materiais de ensino digitais; (5) Produ\u00e7\u00e3o de cursos abertos e on-line; (6) Forma\u00e7\u00e3o de professores.<\/span><\/p>\n<\/td>\n<\/tr>\n<\/tbody>\n<\/table>\n<p style=\"text-align: center;\"><span style=\"font-size: 14pt; color: #000000;\"><strong>Integrantes &#8211; Discentes<\/strong><\/span><\/p>\n<table style=\"border-collapse: collapse; width: 100%;\" border=\"1\">\n<tbody>\n<tr style=\"height: 303px;\">\n<td style=\"width: 22%; height: 303px;\"><img loading=\"lazy\" decoding=\"async\" class=\"alignnone size-medium wp-image-285\" src=\"https:\/\/wp.ufpel.edu.br\/gplaan\/files\/2024\/05\/Imagem1-1-279x400.jpg\" alt=\"\" width=\"279\" height=\"400\" srcset=\"https:\/\/wp.ufpel.edu.br\/gplaan\/files\/2024\/05\/Imagem1-1-279x400.jpg 279w, https:\/\/wp.ufpel.edu.br\/gplaan\/files\/2024\/05\/Imagem1-1.jpg 394w\" sizes=\"auto, (max-width: 279px) 100vw, 279px\" \/><\/td>\n<td style=\"width: 78%; height: 303px;\">\n<p style=\"text-align: justify;\"><span style=\"font-size: 10pt; color: #000000;\"><strong>Vivian Anghinoni Cardoso Correa<\/strong> &#8211; <\/span><span style=\"font-size: 10pt; color: #000000;\">Licenciada em Letras &#8211; L\u00edngua Espanhola (2004) e L\u00edngua Portuguesa (2016) pela Universidade Federal de Pelotas , mestre em Educa\u00e7\u00e3o pela Universidade Federal de Pelotas (2008) e com experi\u00eancia nas \u00e1reas de Ensino de L\u00edngua Portuguesa, Espanhola e Literatura. Atuou como professora das redes p\u00fablicas estadual e municipal de 2001 a 2019. Al\u00e9m disso, trabalhou com pesquisa na \u00e1rea de Educa\u00e7\u00e3o, com \u00eanfase em Hist\u00f3ria da Educa\u00e7\u00e3o, atuando principalmente nos seguintes temas: biblioteca infantil, hist\u00f3ria das pr\u00e1ticas de leitura, jornal infantil. De 2011 a 2015 foi professora-pesquisadora do Curso de Licenciatura em Pedagogia \u00e0 Dist\u00e2ncia do sistema UAB pela Universidade Federal de Pelotas. Atualmente \u00e9 professora do IFSul &#8211; Campus Pelotas Visconde da Gra\u00e7a, atuando com o ensino de L\u00edngua Portuguesa e Literatura e doutoranda do Programa de P\u00f3s-gradua\u00e7\u00e3o em Letras da Universidade Federal de Pelotas.<\/span><\/p>\n<\/td>\n<\/tr>\n<\/tbody>\n<\/table>\n<table style=\"border-collapse: collapse; width: 100%; height: 294px;\" border=\"1\">\n<tbody>\n<tr style=\"height: 294px;\">\n<td style=\"width: 22%; height: 204px;\"><img loading=\"lazy\" decoding=\"async\" class=\"alignnone size-medium wp-image-286\" src=\"https:\/\/wp.ufpel.edu.br\/gplaan\/files\/2024\/05\/Imagem1-2-400x400.jpg\" alt=\"\" width=\"400\" height=\"400\" srcset=\"https:\/\/wp.ufpel.edu.br\/gplaan\/files\/2024\/05\/Imagem1-2-400x400.jpg 400w, https:\/\/wp.ufpel.edu.br\/gplaan\/files\/2024\/05\/Imagem1-2-200x200.jpg 200w, https:\/\/wp.ufpel.edu.br\/gplaan\/files\/2024\/05\/Imagem1-2.jpg 567w\" sizes=\"auto, (max-width: 400px) 100vw, 400px\" \/><\/td>\n<td style=\"width: 90.6667%; height: 204px;\">\n<p style=\"text-align: justify;\"><span style=\"color: #000000; font-size: 10pt;\"><strong>Viviane Peres de Jesus<\/strong> &#8211; <\/span><span style=\"color: #000000; font-size: 10pt;\">Doutoranda em Letras\/Lingu\u00edstica Aplicada pelo Programa de P\u00f3s-Gradua\u00e7\u00e3o em Letras da Universidade Federal de Pelotas (UFPel). Mestra em Letras\/Lingu\u00edstica Aplicada pelo Programa de P\u00f3s-Gradua\u00e7\u00e3o em Letras da Universidade Cat\u00f3lica de Pelotas (UCPel) (2016). Graduada em Licenciatura em Letras &#8211; habilita\u00e7\u00e3o em Portugu\u00eas\/Ingl\u00eas pela UCPel (2014) e em Tecnologia em Gest\u00e3o de Turismo pela mesma universidade (2010).<\/span><\/p>\n<p style=\"text-align: justify;\"><span style=\"color: #000000; font-size: 10pt;\">Profissionalmente, tem atuado como professora de Ensino B\u00e1sico e de Ensino Superior em institui\u00e7\u00f5es p\u00fablicas e privadas. Como pesquisadora, desenvolveu \u2013 no Mestrado \u2013 pesquisa em Fonologia e Fon\u00e9tica com o foco na aquisi\u00e7\u00e3o da linguagem, sob a orienta\u00e7\u00e3o da professora Dra. Carmen Matzenauer. Atualmente \u2013 orientada pela professora Dra. Let\u00edcia Freitas \u2013 tem interesse em desenvolver pesquisa sob o vi\u00e9s da Lingu\u00edstica Aplicada Indisciplinar.<\/span><\/p>\n<\/td>\n<\/tr>\n<\/tbody>\n<\/table>\n<table style=\"border-collapse: collapse; width: 100%;\" border=\"1\">\n<tbody>\n<tr>\n<td style=\"width: 22%;\"><img loading=\"lazy\" decoding=\"async\" class=\"alignnone size-medium wp-image-287\" src=\"https:\/\/wp.ufpel.edu.br\/gplaan\/files\/2024\/05\/Imagem1-300x400.png\" alt=\"\" width=\"300\" height=\"400\" srcset=\"https:\/\/wp.ufpel.edu.br\/gplaan\/files\/2024\/05\/Imagem1-300x400.png 300w, https:\/\/wp.ufpel.edu.br\/gplaan\/files\/2024\/05\/Imagem1.png 612w\" sizes=\"auto, (max-width: 300px) 100vw, 300px\" \/><\/td>\n<td style=\"width: 78%; text-align: justify;\"><span style=\"color: #000000; font-size: 10pt;\"><strong>Tha\u00eds de Almeida Rochefort<\/strong> &#8211; <\/span><span style=\"color: #000000; font-size: 10pt;\">Possui gradua\u00e7\u00e3o em Letras pela Universidade Cat\u00f3lica de Pelotas (1992), gradua\u00e7\u00e3o em Psicologia pela Universidade Cat\u00f3lica de Pelotas (1997) e mestrado em Letras pela Universidade Cat\u00f3lica de Pelotas (2001). Atualmente \u00e9 professora auxiliar da Universidade Cat\u00f3lica de Pelotas e professora da Escola Mario Quintana. Tem experi\u00eancia na \u00e1rea de Lingu\u00edstica, com \u00eanfase em Lingu\u00edstica Aplicada, atuando principalmente nos seguintes temas: identidade docente, ead, narrativas, forma\u00e7\u00e3o docente.<\/span><\/td>\n<\/tr>\n<\/tbody>\n<\/table>\n<p style=\"text-align: justify;\">\n","protected":false},"excerpt":{"rendered":"<p>Coordenadora Let\u00edcia Fonseca Richthofen de Freitas &#8211; Possui gradua\u00e7\u00e3o em Letras pela Pontif\u00edcia Universidade Cat\u00f3lica do Rio Grande do Sul (1992), Mestrado (2002) e Doutorado (2006) em Educa\u00e7\u00e3o pela Universidade Federal do Rio Grande do Sul. Realizou est\u00e1gio de P\u00f3s-Doutorado em Educa\u00e7\u00e3o (2008 e 2009) na Universidade Federal do Rio Grande do Sul e em &hellip; <\/p>\n<p><a class=\"more-link btn\" href=\"https:\/\/wp.ufpel.edu.br\/gplaan\/membros\/\">Continue lendo<\/a><\/p>\n","protected":false},"author":915,"featured_media":0,"parent":0,"menu_order":0,"comment_status":"closed","ping_status":"closed","template":"","meta":{"footnotes":""},"class_list":["post-24","page","type-page","status-publish","hentry","nodate","item-wrap"],"_links":{"self":[{"href":"https:\/\/wp.ufpel.edu.br\/gplaan\/wp-json\/wp\/v2\/pages\/24","targetHints":{"allow":["GET"]}}],"collection":[{"href":"https:\/\/wp.ufpel.edu.br\/gplaan\/wp-json\/wp\/v2\/pages"}],"about":[{"href":"https:\/\/wp.ufpel.edu.br\/gplaan\/wp-json\/wp\/v2\/types\/page"}],"author":[{"embeddable":true,"href":"https:\/\/wp.ufpel.edu.br\/gplaan\/wp-json\/wp\/v2\/users\/915"}],"replies":[{"embeddable":true,"href":"https:\/\/wp.ufpel.edu.br\/gplaan\/wp-json\/wp\/v2\/comments?post=24"}],"version-history":[{"count":32,"href":"https:\/\/wp.ufpel.edu.br\/gplaan\/wp-json\/wp\/v2\/pages\/24\/revisions"}],"predecessor-version":[{"id":295,"href":"https:\/\/wp.ufpel.edu.br\/gplaan\/wp-json\/wp\/v2\/pages\/24\/revisions\/295"}],"wp:attachment":[{"href":"https:\/\/wp.ufpel.edu.br\/gplaan\/wp-json\/wp\/v2\/media?parent=24"}],"curies":[{"name":"wp","href":"https:\/\/api.w.org\/{rel}","templated":true}]}}