{"id":2,"date":"2019-04-01T15:39:48","date_gmt":"2019-04-01T18:39:48","guid":{"rendered":"https:\/\/wp.ufpel.edu.br\/gplaan\/?page_id=2"},"modified":"2024-04-27T12:19:52","modified_gmt":"2024-04-27T15:19:52","slug":"pagina-exemplo","status":"publish","type":"page","link":"https:\/\/wp.ufpel.edu.br\/gplaan\/pagina-exemplo\/","title":{"rendered":"Disserta\u00e7\u00f5es e Teses"},"content":{"rendered":"<p style=\"text-align: center;\"><span style=\"color: #000000;\"><strong>Disserta\u00e7\u00f5es<\/strong><\/span><\/p>\n<p style=\"text-align: justify;\"><span style=\"color: #000000;\"><a style=\"color: #000000;\" href=\"http:\/\/lattes.cnpq.br\/6392536297292151\" target=\"_blank\" rel=\"noopener noreferrer\">Maur\u00edcio Signorini Dias<\/a> &#8211; <a style=\"color: #000000;\" href=\"http:\/\/guaiaca.ufpel.edu.br:8080\/handle\/prefix\/4482\" target=\"_blank\" rel=\"noopener noreferrer\">Mem\u00f3rias sobre Tempos de Repress\u00e3o em Performances Narrativas de Docentes.<\/a> 2019<\/span><\/p>\n<p style=\"text-align: justify;\"><span style=\"color: #000000;\"><a style=\"color: #000000;\" href=\"http:\/\/lattes.cnpq.br\/4114359398797154\" target=\"_blank\" rel=\"noopener noreferrer\">Clarice Regina de Souza Cabral<\/a> &#8211;\u00a0<a style=\"color: #000000;\" href=\"http:\/\/guaiaca.ufpel.edu.br:8080\/bitstream\/prefix\/4067\/1\/Dissertacao_Clarice_Regina_de_Souza_Cabral.pdf\" target=\"_blank\" rel=\"noopener noreferrer\">A desconstru\u00e7\u00e3o do machismo pela linguagem: ordens de indexicalidade e outscaling motivados pelo movimento feminista no Facebook. <\/a>2018<\/span><\/p>\n<p style=\"text-align: justify;\"><span style=\"color: #000000;\"><a style=\"color: #000000;\" href=\"http:\/\/lattes.cnpq.br\/6390160627791629\" target=\"_blank\" rel=\"noopener noreferrer\">Tha\u00eds Rejes Marques<\/a> &#8211;\u00a0<a style=\"color: #000000;\" href=\"http:\/\/guaiaca.ufpel.edu.br:8080\/bitstream\/prefix\/4075\/1\/Dissertacao_Thais_Rejes_Marques.pdf\">O &#8220;portu\u00f1ol&#8221; no ir e vir dos sujeitos &#8220;fronterizos&#8221; de Acegu\u00e1 BR\/UY: l\u00ednguas e identidades sob o vi\u00e9s de uma Lingu\u00edstica Aplicada Indisciplinar<\/a>. 2018<\/span><\/p>\n<p style=\"text-align: justify;\"><span style=\"color: #000000;\"><a style=\"color: #000000;\" href=\"http:\/\/lattes.cnpq.br\/0918108837775327\">Aline de Lima Bazerque<\/a> &#8211;\u00a0<a style=\"color: #000000;\" href=\"http:\/\/guaiaca.ufpel.edu.br\/bitstream\/prefix\/3606\/1\/Dissertacao_Aline_de_Lima_Bazerque.pdf\">Performances narrativas de minorias sociais nos novos letramentos digitais: empoderamento de LGBTs no canal Muro Pequeno<\/a>. 2017<\/span><\/p>\n<p style=\"text-align: justify;\"><span style=\"color: #000000;\"><a style=\"color: #000000;\" href=\"http:\/\/lattes.cnpq.br\/8943707248628981\" target=\"_blank\" rel=\"noopener noreferrer\">Bianca Alves Lehmann &#8211;\u00a0<\/a><a style=\"color: #000000;\" href=\"http:\/\/guaiaca.ufpel.edu.br\/bitstream\/ri\/2843\/5\/As%20aulas%20de%20orat%C3%B3ria%20-%20um%20espa%C3%A7o%20de%20forma%C3%A7%C3%A3o%20e%20de%20constru%C3%A7%C3%A3o%20identit%C3%A1ria.pdf\" target=\"_blank\" rel=\"noopener noreferrer\">As aulas de orat\u00f3ria: um espa\u00e7o de forma\u00e7\u00e3o e de constru\u00e7\u00e3o identit\u00e1ria.\u00a0<\/a>2015<\/span><\/p>\n<p style=\"text-align: justify;\"><span style=\"color: #000000;\"><a style=\"color: #000000;\" href=\"http:\/\/lattes.cnpq.br\/6294322813222684\" target=\"_blank\" rel=\"noopener noreferrer\">Miriam Saraiva Sandrini &#8211;\u00a0<\/a><a style=\"color: #000000;\" href=\"http:\/\/repositorio.ufpel.edu.br:8080\/bitstream\/prefix\/3113\/1\/Aluno%2c%20professor%20e%20pibidiano.pdf\" target=\"_blank\" rel=\"noopener noreferrer\">Aluno, Professor e Pibidiano: identidades docentes constru\u00eddas a partir de posicionamentos interacionais em performances narrativas.\u00a0<\/a>2015<\/span><\/p>\n<p style=\"text-align: justify;\"><span style=\"color: #000000;\"><a style=\"color: #000000;\" href=\"http:\/\/lattes.cnpq.br\/6347253258065349\" target=\"_blank\" rel=\"noopener noreferrer\">Arl\u00e9zia de Souza &#8211;\u00a0<\/a><a style=\"color: #000000;\" href=\"https:\/\/wp.ufpel.edu.br\/ppgl\/files\/2018\/09\/Disserta%C3%A7%C3%A3o-Arl%C3%A9zia-de-Souza.pdf\" target=\"_blank\" rel=\"noopener noreferrer\">Narrativas docentes: construindo e reconstruindo hist\u00f3rias.\u00a0<\/a>2015<\/span><\/p>\n<p style=\"text-align: justify;\"><span style=\"color: #000000;\"><a style=\"color: #000000;\" href=\"http:\/\/lattes.cnpq.br\/0073807656511272\" target=\"_blank\" rel=\"noopener noreferrer\">Matheus Trindade Velasques<\/a>\u00a0&#8211;\u00a0<a style=\"color: #000000;\" href=\"http:\/\/guaiaca.ufpel.edu.br:8080\/bitstream\/123456789\/2167\/1\/Dissertacao%20Matheus%20Trindade%20Velasques.pdf\" target=\"_blank\" rel=\"noopener noreferrer\">&#8220;Why is the book on the table&#8221; A constru\u00e7\u00e3o identit\u00e1ria de professoras de L\u00edngua Inglesa.\u00a0<\/a>2013<\/span><\/p>\n<p style=\"text-align: justify;\"><span style=\"color: #000000;\"><a style=\"color: #000000;\" href=\"http:\/\/lattes.cnpq.br\/3926641098463447\" target=\"_blank\" rel=\"noopener noreferrer\">Cl\u00e1udia Raquel Lutz\u00a0 &#8211;\u00a0\u00a0<\/a><a style=\"color: #000000;\" href=\"http:\/\/guaiaca.ufpel.edu.br:8080\/bitstream\/123456789\/2168\/1\/Dissertacao%20Claudia.pdf\" target=\"_blank\" rel=\"noopener noreferrer\">As narrativas que circulam sobre o curso de Letras: mem\u00f3rias recontadas por quem deixou seu lar para estudar.\u00a0<\/a>2013<\/span><\/p>\n<p><span style=\"color: #000000;\">Val\u00e9ria Castro Nunes. A constitui\u00e7\u00e3o de subjetividades em meio a contextos discursivos normalizadores: ser, estar e existir como indiv\u00edduo neurodivergente. 2021.\u00a0<\/span><\/p>\n<p><span style=\"color: #000000;\">Ana Paula Rego da Rocha. Com que roupa eu vou? A (re)constru\u00e7\u00e3o de identidades docentes a partir de discursos referentes ao corpo e \u00e0 vestimenta de docentes do g\u00eanero feminino. 2019<\/span><\/p>\n<p style=\"text-align: center;\"><span style=\"color: #000000;\"><strong>Teses<\/strong><\/span><\/p>\n<p><span style=\"color: #000000;\">Maicon Farias Vieira. Narrativas de N\u00e8g: ecos de temas-encruzilhadas das vozes negras de migrantes docentes e de uma negro lingu\u00edstica aplicada. 2023.\u00a0<\/span><\/p>\n<p><span style=\"color: #000000;\">Ieda Lourdes de Assump\u00e7\u00e3o Tillmann. DID\u00c1TICA E IDENTIDADES: CORPOS EM MOVIMENTO DE LICENCIANDOS DE UM CURSO DE LETRAS. 2020.<\/span><\/p>\n<p><span style=\"color: #000000;\">Andr\u00e9 Nogueira Alves. Entre o silenciamento naturalizado e o eco escolar da comunidade LGBTQ+: a emerg\u00eancia da exist\u00eancia\/resist\u00eancia do NUGED &#8211; IFSUL. 2019.<\/span><\/p>\n","protected":false},"excerpt":{"rendered":"<p>Disserta\u00e7\u00f5es Maur\u00edcio Signorini Dias &#8211; Mem\u00f3rias sobre Tempos de Repress\u00e3o em Performances Narrativas de Docentes. 2019 Clarice Regina de Souza Cabral &#8211;\u00a0A desconstru\u00e7\u00e3o do machismo pela linguagem: ordens de indexicalidade e outscaling motivados pelo movimento feminista no Facebook. 2018 Tha\u00eds Rejes Marques &#8211;\u00a0O &#8220;portu\u00f1ol&#8221; no ir e vir dos sujeitos &#8220;fronterizos&#8221; de Acegu\u00e1 BR\/UY: l\u00ednguas &hellip; <\/p>\n<p><a class=\"more-link btn\" href=\"https:\/\/wp.ufpel.edu.br\/gplaan\/pagina-exemplo\/\">Continue lendo<\/a><\/p>\n","protected":false},"author":915,"featured_media":0,"parent":0,"menu_order":0,"comment_status":"closed","ping_status":"closed","template":"","meta":{"footnotes":""},"class_list":["post-2","page","type-page","status-publish","hentry","nodate","item-wrap"],"_links":{"self":[{"href":"https:\/\/wp.ufpel.edu.br\/gplaan\/wp-json\/wp\/v2\/pages\/2","targetHints":{"allow":["GET"]}}],"collection":[{"href":"https:\/\/wp.ufpel.edu.br\/gplaan\/wp-json\/wp\/v2\/pages"}],"about":[{"href":"https:\/\/wp.ufpel.edu.br\/gplaan\/wp-json\/wp\/v2\/types\/page"}],"author":[{"embeddable":true,"href":"https:\/\/wp.ufpel.edu.br\/gplaan\/wp-json\/wp\/v2\/users\/915"}],"replies":[{"embeddable":true,"href":"https:\/\/wp.ufpel.edu.br\/gplaan\/wp-json\/wp\/v2\/comments?post=2"}],"version-history":[{"count":8,"href":"https:\/\/wp.ufpel.edu.br\/gplaan\/wp-json\/wp\/v2\/pages\/2\/revisions"}],"predecessor-version":[{"id":268,"href":"https:\/\/wp.ufpel.edu.br\/gplaan\/wp-json\/wp\/v2\/pages\/2\/revisions\/268"}],"wp:attachment":[{"href":"https:\/\/wp.ufpel.edu.br\/gplaan\/wp-json\/wp\/v2\/media?parent=2"}],"curies":[{"name":"wp","href":"https:\/\/api.w.org\/{rel}","templated":true}]}}