{"id":16,"date":"2019-04-02T07:04:38","date_gmt":"2019-04-02T10:04:38","guid":{"rendered":"https:\/\/wp.ufpel.edu.br\/gplaan\/?page_id=16"},"modified":"2019-04-23T19:35:49","modified_gmt":"2019-04-23T22:35:49","slug":"sobre-o-gplaan","status":"publish","type":"page","link":"https:\/\/wp.ufpel.edu.br\/gplaan\/sobre-o-gplaan\/","title":{"rendered":"Sobre o GPLAAN"},"content":{"rendered":"<p style=\"text-align: justify\"><span style=\"color: #000000\">O GPLANN (Grupo Pesquisa em Lingu\u00edstica Aplicada e An\u00e1lise de Narrativas) congrega pesquisadoras e pesquisadores voltados a an\u00e1lises de fen\u00f4menos lingu\u00edsticos e culturais que constituem a vida social, produzindo, assim, identidades e subjetividades em variados contextos. De car\u00e1ter transdisciplinar, os estudos desenvolvidos pelo grupo partem das viradas lingu\u00edstica, som\u00e1tica e performativa, considerando que a produ\u00e7\u00e3o de sentido sobre quem somos se d\u00e1, em grande parte, por meio de performances narrativas permeadas por lutas e por rela\u00e7\u00f5es de poder. Embora as an\u00e1lises privilegiem as performances narrativas, pesquisas que t\u00eam como foco as diversas maneiras de se produzir sentido na vida social fazem parte do escopo deste grupo.<\/span><\/p>\n","protected":false},"excerpt":{"rendered":"<p>O GPLANN (Grupo Pesquisa em Lingu\u00edstica Aplicada e An\u00e1lise de Narrativas) congrega pesquisadoras e pesquisadores voltados a an\u00e1lises de fen\u00f4menos lingu\u00edsticos e culturais que constituem a vida social, produzindo, assim, identidades e subjetividades em variados contextos. De car\u00e1ter transdisciplinar, os estudos desenvolvidos pelo grupo partem das viradas lingu\u00edstica, som\u00e1tica e performativa, considerando que a produ\u00e7\u00e3o &hellip; <\/p>\n<p><a class=\"more-link btn\" href=\"https:\/\/wp.ufpel.edu.br\/gplaan\/sobre-o-gplaan\/\">Continue lendo<\/a><\/p>\n","protected":false},"author":915,"featured_media":0,"parent":0,"menu_order":0,"comment_status":"closed","ping_status":"closed","template":"","meta":{"footnotes":""},"class_list":["post-16","page","type-page","status-publish","hentry","nodate","item-wrap"],"_links":{"self":[{"href":"https:\/\/wp.ufpel.edu.br\/gplaan\/wp-json\/wp\/v2\/pages\/16","targetHints":{"allow":["GET"]}}],"collection":[{"href":"https:\/\/wp.ufpel.edu.br\/gplaan\/wp-json\/wp\/v2\/pages"}],"about":[{"href":"https:\/\/wp.ufpel.edu.br\/gplaan\/wp-json\/wp\/v2\/types\/page"}],"author":[{"embeddable":true,"href":"https:\/\/wp.ufpel.edu.br\/gplaan\/wp-json\/wp\/v2\/users\/915"}],"replies":[{"embeddable":true,"href":"https:\/\/wp.ufpel.edu.br\/gplaan\/wp-json\/wp\/v2\/comments?post=16"}],"version-history":[{"count":6,"href":"https:\/\/wp.ufpel.edu.br\/gplaan\/wp-json\/wp\/v2\/pages\/16\/revisions"}],"predecessor-version":[{"id":173,"href":"https:\/\/wp.ufpel.edu.br\/gplaan\/wp-json\/wp\/v2\/pages\/16\/revisions\/173"}],"wp:attachment":[{"href":"https:\/\/wp.ufpel.edu.br\/gplaan\/wp-json\/wp\/v2\/media?parent=16"}],"curies":[{"name":"wp","href":"https:\/\/api.w.org\/{rel}","templated":true}]}}