{"id":14,"date":"2019-04-02T07:03:57","date_gmt":"2019-04-02T10:03:57","guid":{"rendered":"https:\/\/wp.ufpel.edu.br\/gplaan\/?page_id=14"},"modified":"2019-04-23T19:19:14","modified_gmt":"2019-04-23T22:19:14","slug":"jlai","status":"publish","type":"page","link":"https:\/\/wp.ufpel.edu.br\/gplaan\/jlai\/","title":{"rendered":"Jornada de Lingu\u00edstica Aplicada Indisciplinar"},"content":{"rendered":"<p style=\"text-align: justify\"><span style=\"color: #000000\">A Jornada de Lingu\u00edstica Aplicada Indisciplinar surgiu com o objetivo principal de divulgar as pesquisas desenvolvidas pelos membros do GPLAAN. Al\u00e9m disso, a JLAI busca dialogar com pesquisadoras e pesquisadores da \u00e1rea de Lingu\u00edstica Aplicada, promovendo palestras e discuss\u00f5es que complementem os estudos realizados pelo grupo.<\/span><\/p>\n<p><span style=\"color: #000000\"><img loading=\"lazy\" decoding=\"async\" class=\"size-medium wp-image-153 aligncenter\" src=\"https:\/\/wp.ufpel.edu.br\/gplaan\/files\/2019\/04\/jlaijlai-400x99.png\" alt=\"\" width=\"400\" height=\"99\" srcset=\"https:\/\/wp.ufpel.edu.br\/gplaan\/files\/2019\/04\/jlaijlai-400x99.png 400w, https:\/\/wp.ufpel.edu.br\/gplaan\/files\/2019\/04\/jlaijlai-768x189.png 768w, https:\/\/wp.ufpel.edu.br\/gplaan\/files\/2019\/04\/jlaijlai.png 819w\" sizes=\"auto, (max-width: 400px) 100vw, 400px\" \/><\/span><\/p>\n<p style=\"text-align: justify\"><span style=\"color: #000000\">A primeira edi\u00e7\u00e3o do evento ocorreu em 2018 e teve a presen\u00e7a de participantes e de ex participantes do GPLAAN, que puderam apresentar as pesquisas desenvolvidas durante o mestrado. A I JLAI contou tamb\u00e9m com a participa\u00e7\u00e3o da Professora Dra. Luiza Silva (FURG).<\/span><\/p>\n<p style=\"text-align: justify\"><span style=\"color: #000000\">A segunda edi\u00e7\u00e3o do evento est\u00e1 programada para ocorrer no segundo semestre de 2019, mas ainda sem uma data definida. Voc\u00ea pode ter mais informa\u00e7\u00f5es sobre a II JLAI acompanhando a p\u00e1gina do evento no <a style=\"color: #000000\" href=\"https:\/\/www.facebook.com\/JLAI.UFPel\/\" target=\"_blank\" rel=\"noopener noreferrer\"><strong>Facebook<\/strong><\/a> ou o site do <a style=\"color: #000000\" href=\"https:\/\/wp.ufpel.edu.br\/gplaan\/\" target=\"_blank\" rel=\"noopener noreferrer\">GPLAAN<\/a>.<\/span><\/p>\n","protected":false},"excerpt":{"rendered":"<p>A Jornada de Lingu\u00edstica Aplicada Indisciplinar surgiu com o objetivo principal de divulgar as pesquisas desenvolvidas pelos membros do GPLAAN. Al\u00e9m disso, a JLAI busca dialogar com pesquisadoras e pesquisadores da \u00e1rea de Lingu\u00edstica Aplicada, promovendo palestras e discuss\u00f5es que complementem os estudos realizados pelo grupo. A primeira edi\u00e7\u00e3o do evento ocorreu em 2018 e &hellip; <\/p>\n<p><a class=\"more-link btn\" href=\"https:\/\/wp.ufpel.edu.br\/gplaan\/jlai\/\">Continue lendo<\/a><\/p>\n","protected":false},"author":915,"featured_media":0,"parent":0,"menu_order":0,"comment_status":"closed","ping_status":"closed","template":"","meta":{"footnotes":""},"class_list":["post-14","page","type-page","status-publish","hentry","nodate","item-wrap"],"_links":{"self":[{"href":"https:\/\/wp.ufpel.edu.br\/gplaan\/wp-json\/wp\/v2\/pages\/14","targetHints":{"allow":["GET"]}}],"collection":[{"href":"https:\/\/wp.ufpel.edu.br\/gplaan\/wp-json\/wp\/v2\/pages"}],"about":[{"href":"https:\/\/wp.ufpel.edu.br\/gplaan\/wp-json\/wp\/v2\/types\/page"}],"author":[{"embeddable":true,"href":"https:\/\/wp.ufpel.edu.br\/gplaan\/wp-json\/wp\/v2\/users\/915"}],"replies":[{"embeddable":true,"href":"https:\/\/wp.ufpel.edu.br\/gplaan\/wp-json\/wp\/v2\/comments?post=14"}],"version-history":[{"count":6,"href":"https:\/\/wp.ufpel.edu.br\/gplaan\/wp-json\/wp\/v2\/pages\/14\/revisions"}],"predecessor-version":[{"id":170,"href":"https:\/\/wp.ufpel.edu.br\/gplaan\/wp-json\/wp\/v2\/pages\/14\/revisions\/170"}],"wp:attachment":[{"href":"https:\/\/wp.ufpel.edu.br\/gplaan\/wp-json\/wp\/v2\/media?parent=14"}],"curies":[{"name":"wp","href":"https:\/\/api.w.org\/{rel}","templated":true}]}}