{"id":87,"date":"2013-07-15T17:27:29","date_gmt":"2013-07-15T20:27:29","guid":{"rendered":"https:\/\/wp.ufpel.edu.br\/gpfe\/?page_id=87"},"modified":"2013-09-16T16:37:20","modified_gmt":"2013-09-16T19:37:20","slug":"pesquisadores","status":"publish","type":"page","link":"https:\/\/wp.ufpel.edu.br\/gpfe\/membros\/pesquisadores\/","title":{"rendered":"Pesquisadores"},"content":{"rendered":"<h3><span style=\"color: #0000ff\"><strong>Elvis Silveira-Martins (l\u00edder)<\/strong><\/span><\/h3>\n<h6 style=\"padding-left: 30px\">Gradua\u00e7\u00e3o: Administra\u00e7\u00e3o (UPF\/2003)<\/h6>\n<h6 style=\"padding-left: 30px\">Mestrado: Administra\u00e7\u00e3o (UNIVALI\/2006)<\/h6>\n<h6 style=\"padding-left: 30px\">Doutorado: Administra\u00e7\u00e3o e Turismo (UNIVALI\/2012)<\/h6>\n<h6 style=\"padding-left: 30px\">Lattes:\u00a0http:\/\/lattes.cnpq.br\/8935092122290271<\/h6>\n<h3><span style=\"color: #0000ff\"><strong>Maria da Gra\u00e7a Nogueira<\/strong><\/span><\/h3>\n<h6 style=\"padding-left: 30px\">Gradua\u00e7\u00e3o: Ci\u00eancias Dom\u00e9sticas (UFPel\/1986)<\/h6>\n<h6 style=\"padding-left: 30px\">Especializa\u00e7\u00e3o: Gest\u00e3o Empresarial (FURG\/2001)<\/h6>\n<h6 style=\"padding-left: 30px\">Mestrado: Engenharia da Produ\u00e7\u00e3o (UFGRS\/2007)<\/h6>\n<h6 style=\"padding-left: 30px\">Doutorado: Administra\u00e7\u00e3o e Turismo (UNIVALI\/2012)<\/h6>\n<h6 style=\"padding-left: 30px\">Lattes:\u00a0http:\/\/lattes.cnpq.br\/6364821985636513<\/h6>\n<h3><span style=\"color: #0000ff\"><strong>Jamerson Viegas Queiroz<\/strong><\/span><\/h3>\n<h6 style=\"padding-left: 30px\"><span style=\"color: #000000;font-size: 0.9em;line-height: 1.5em\">Gradua\u00e7\u00e3o: Ci\u00eancias Econ\u00f4micas (UNAMA\/1996)<\/span><\/h6>\n<h6 style=\"padding-left: 30px\">Especializa\u00e7\u00e3o: Teoria Econ\u00f4mica (FGV\/1997)<\/h6>\n<h6 style=\"padding-left: 30px\">Mestrado: Economia (UFSC\/2000)<\/h6>\n<h6 style=\"padding-left: 30px\">Doutorado: Engenharia da Produ\u00e7\u00e3o (UFSC\/2003)<\/h6>\n<h6 style=\"padding-left: 30px\">Lattes:\u00a0http:\/\/lattes.cnpq.br\/0037657888703116<\/h6>\n<h3><span style=\"color: #0000ff\"><strong>Deosir Fl\u00e1vio Lobo de Castro J\u00fanior<\/strong><\/span><\/h3>\n<h6 style=\"padding-left: 30px\"><span style=\"color: #000000;font-size: 0.9em;line-height: 1.5em\">Gradua\u00e7\u00e3o: Administra\u00e7\u00e3o (UFSC\/1996)<\/span><\/h6>\n<h6 style=\"padding-left: 30px\"><span style=\"font-size: 0.9em;line-height: 1.5em\">Mestrado: Administra\u00e7\u00e3o (UDESC\/2001)<\/span><\/h6>\n<h6 style=\"padding-left: 30px\">Doutorado: Administra\u00e7\u00e3o e Turismo (UNIVALI\/2012)<\/h6>\n<h6 style=\"padding-left: 30px\">Lattes:\u00a0http:\/\/lattes.cnpq.br\/2470003499974011<\/h6>\n<h3><span style=\"color: #0000ff\"><strong>Nilton Cesar Lima<\/strong><\/span><\/h3>\n<h6 style=\"padding-left: 30px\"><span style=\"font-size: 0.9em;line-height: 1.5em\">Gradua\u00e7\u00e3o: Ci\u00eancias Econ\u00f4micas (UNESP\/1999)<\/span><\/h6>\n<h6 style=\"padding-left: 30px\">Especializa\u00e7\u00e3o: MBA Contabilidade, Auditoria e Legisla\u00e7\u00e3o Tribut\u00e1ria (FUNDACE\/2001)<\/h6>\n<h6 style=\"padding-left: 30px\">Especializa\u00e7\u00e3o: Doc\u00eancia do Ensino Superior (CLARENTIANO\/2011)<\/h6>\n<h6 style=\"padding-left: 30px\">Mestrado: Administra\u00e7\u00e3o (USP\/2005)<\/h6>\n<h6 style=\"padding-left: 30px\">Doutorado: Administra\u00e7\u00e3o (USP\/2011)<\/h6>\n<h6 style=\"padding-left: 30px\">Lattes:\u00a0http:\/\/lattes.cnpq.br\/5091784860089845<\/h6>\n<h3><span style=\"color: #0000ff\"><strong>Fernanda Cristina Barbosa Pereira Queiroz<\/strong><\/span><\/h3>\n<h6 style=\"padding-left: 30px\">Gradua\u00e7\u00e3o: Ci\u00eancias Econ\u00f4micas (UFJF\/1992)<\/h6>\n<h6 style=\"padding-left: 30px\"><span style=\"font-size: 0.9em;line-height: 1.5em\">Mestrado: Engenharia da Produ\u00e7\u00e3o (UFSC\/1999)<\/span><\/h6>\n<h6 style=\"padding-left: 30px\">Doutorado: Engenharia da Produ\u00e7\u00e3o (UFSC\/2003)<\/h6>\n<h6 style=\"padding-left: 30px\">Lattes:\u00a0\u00a0http:\/\/lattes.cnpq.br\/4742833301655917<\/h6>\n<p><strong>\u00a0<\/strong><\/p>\n","protected":false},"excerpt":{"rendered":"<p>Elvis Silveira-Martins (l\u00edder) Gradua\u00e7\u00e3o: Administra\u00e7\u00e3o (UPF\/2003) Mestrado: Administra\u00e7\u00e3o (UNIVALI\/2006) Doutorado: Administra\u00e7\u00e3o e Turismo (UNIVALI\/2012) Lattes:\u00a0http:\/\/lattes.cnpq.br\/8935092122290271 Maria da Gra\u00e7a Nogueira Gradua\u00e7\u00e3o: Ci\u00eancias Dom\u00e9sticas (UFPel\/1986) Especializa\u00e7\u00e3o: Gest\u00e3o Empresarial (FURG\/2001) Mestrado: Engenharia da Produ\u00e7\u00e3o (UFGRS\/2007) Doutorado: Administra\u00e7\u00e3o e Turismo (UNIVALI\/2012) Lattes:\u00a0http:\/\/lattes.cnpq.br\/6364821985636513 Jamerson Viegas Queiroz Gradua\u00e7\u00e3o: Ci\u00eancias Econ\u00f4micas (UNAMA\/1996) Especializa\u00e7\u00e3o: Teoria Econ\u00f4mica (FGV\/1997) Mestrado: Economia (UFSC\/2000) Doutorado: Engenharia da &hellip; <\/p>\n<p><a class=\"more-link btn\" href=\"https:\/\/wp.ufpel.edu.br\/gpfe\/membros\/pesquisadores\/\">Continue lendo<\/a><\/p>\n","protected":false},"author":283,"featured_media":0,"parent":10,"menu_order":0,"comment_status":"closed","ping_status":"closed","template":"","meta":{"footnotes":""},"class_list":["post-87","page","type-page","status-publish","hentry","nodate","item-wrap"],"_links":{"self":[{"href":"https:\/\/wp.ufpel.edu.br\/gpfe\/wp-json\/wp\/v2\/pages\/87","targetHints":{"allow":["GET"]}}],"collection":[{"href":"https:\/\/wp.ufpel.edu.br\/gpfe\/wp-json\/wp\/v2\/pages"}],"about":[{"href":"https:\/\/wp.ufpel.edu.br\/gpfe\/wp-json\/wp\/v2\/types\/page"}],"author":[{"embeddable":true,"href":"https:\/\/wp.ufpel.edu.br\/gpfe\/wp-json\/wp\/v2\/users\/283"}],"replies":[{"embeddable":true,"href":"https:\/\/wp.ufpel.edu.br\/gpfe\/wp-json\/wp\/v2\/comments?post=87"}],"version-history":[{"count":12,"href":"https:\/\/wp.ufpel.edu.br\/gpfe\/wp-json\/wp\/v2\/pages\/87\/revisions"}],"predecessor-version":[{"id":142,"href":"https:\/\/wp.ufpel.edu.br\/gpfe\/wp-json\/wp\/v2\/pages\/87\/revisions\/142"}],"up":[{"embeddable":true,"href":"https:\/\/wp.ufpel.edu.br\/gpfe\/wp-json\/wp\/v2\/pages\/10"}],"wp:attachment":[{"href":"https:\/\/wp.ufpel.edu.br\/gpfe\/wp-json\/wp\/v2\/media?parent=87"}],"curies":[{"name":"wp","href":"https:\/\/api.w.org\/{rel}","templated":true}]}}