{"id":64,"date":"2013-07-15T16:45:22","date_gmt":"2013-07-15T19:45:22","guid":{"rendered":"https:\/\/wp.ufpel.edu.br\/gpfe\/?page_id=64"},"modified":"2013-09-16T16:44:25","modified_gmt":"2013-09-16T19:44:25","slug":"64-2","status":"publish","type":"page","link":"https:\/\/wp.ufpel.edu.br\/gpfe\/periodicos\/64-2\/","title":{"rendered":"Webqualis"},"content":{"rendered":"<p><strong><span style=\"color: #0000ff\">SISTEMA QUALIS\/CAPES<\/span><\/strong><\/p>\n<p>Qualis \u00e9 o conjunto de procedimentos utilizados pela Capes para estratifica\u00e7\u00e3o da qualidade da produ\u00e7\u00e3o intelectual dos programas de p\u00f3s-gradua\u00e7\u00e3o. Tal processo foi concebido para atender as necessidades espec\u00edficas do sistema de avalia\u00e7\u00e3o e \u00e9 baseado nas informa\u00e7\u00f5es fornecidas por meio do aplicativo Coleta de Dados. Como resultado, disponibiliza uma lista com a classifica\u00e7\u00e3o dos ve\u00edculos utilizados pelos programas de p\u00f3s-gradua\u00e7\u00e3o para a divulga\u00e7\u00e3o da sua produ\u00e7\u00e3o.<\/p>\n<p>A estratifica\u00e7\u00e3o da qualidade dessa produ\u00e7\u00e3o \u00e9 realizada de forma indireta. Dessa forma, o Qualis afere a qualidade dos artigos e de outros tipos de produ\u00e7\u00e3o, a partir da an\u00e1lise da qualidade dos ve\u00edculos de divulga\u00e7\u00e3o, ou seja, peri\u00f3dicos cient\u00edficos.<\/p>\n<p>A classifica\u00e7\u00e3o de peri\u00f3dicos \u00e9 realizada pelas \u00e1reas de avalia\u00e7\u00e3o e passa por processo anual de atualiza\u00e7\u00e3o. Esses ve\u00edculos s\u00e3o enquadrados em estratos indicativos da qualidade &#8211; A1, o mais elevado; A2; B1; B2; B3; B4; B5; C &#8211; com peso zero.<\/p>\n<p>Note-se que o mesmo peri\u00f3dico, ao ser classificado em duas ou mais \u00e1reas distintas, pode receber diferentes avalia\u00e7\u00f5es. Isto n\u00e3o constitui inconsist\u00eancia, mas expressa o valor atribu\u00eddo, em cada \u00e1rea, \u00e0 pertin\u00eancia do conte\u00fado veiculado. Por isso, n\u00e3o se pretende com esta classifica\u00e7\u00e3o que \u00e9 espec\u00edfica para o processo de avalia\u00e7\u00e3o de cada \u00e1rea, definir qualidade de peri\u00f3dicos de forma absoluta.<\/p>\n<p>O aplicativo que permite a classifica\u00e7\u00e3o e consulta ao Qualis das \u00e1reas, bem como a divulga\u00e7\u00e3o dos crit\u00e9rios utilizados para a classifica\u00e7\u00e3o de peri\u00f3dicos \u00e9 o WebQualis:\u00a0<a href=\"http:\/\/qualis.capes.gov.br\/webqualis\/principal.seam\">http:\/\/qualis.capes.gov.br\/webqualis\/principal.seam<\/a><\/p>\n<p><strong>Fonte:<\/strong> Capes (2013)<\/p>\n","protected":false},"excerpt":{"rendered":"<p>SISTEMA QUALIS\/CAPES Qualis \u00e9 o conjunto de procedimentos utilizados pela Capes para estratifica\u00e7\u00e3o da qualidade da produ\u00e7\u00e3o intelectual dos programas de p\u00f3s-gradua\u00e7\u00e3o. Tal processo foi concebido para atender as necessidades espec\u00edficas do sistema de avalia\u00e7\u00e3o e \u00e9 baseado nas informa\u00e7\u00f5es fornecidas por meio do aplicativo Coleta de Dados. Como resultado, disponibiliza uma lista com a &hellip; <\/p>\n<p><a class=\"more-link btn\" href=\"https:\/\/wp.ufpel.edu.br\/gpfe\/periodicos\/64-2\/\">Continue lendo<\/a><\/p>\n","protected":false},"author":283,"featured_media":0,"parent":13,"menu_order":0,"comment_status":"closed","ping_status":"closed","template":"","meta":{"footnotes":""},"class_list":["post-64","page","type-page","status-publish","hentry","nodate","item-wrap"],"_links":{"self":[{"href":"https:\/\/wp.ufpel.edu.br\/gpfe\/wp-json\/wp\/v2\/pages\/64","targetHints":{"allow":["GET"]}}],"collection":[{"href":"https:\/\/wp.ufpel.edu.br\/gpfe\/wp-json\/wp\/v2\/pages"}],"about":[{"href":"https:\/\/wp.ufpel.edu.br\/gpfe\/wp-json\/wp\/v2\/types\/page"}],"author":[{"embeddable":true,"href":"https:\/\/wp.ufpel.edu.br\/gpfe\/wp-json\/wp\/v2\/users\/283"}],"replies":[{"embeddable":true,"href":"https:\/\/wp.ufpel.edu.br\/gpfe\/wp-json\/wp\/v2\/comments?post=64"}],"version-history":[{"count":5,"href":"https:\/\/wp.ufpel.edu.br\/gpfe\/wp-json\/wp\/v2\/pages\/64\/revisions"}],"predecessor-version":[{"id":145,"href":"https:\/\/wp.ufpel.edu.br\/gpfe\/wp-json\/wp\/v2\/pages\/64\/revisions\/145"}],"up":[{"embeddable":true,"href":"https:\/\/wp.ufpel.edu.br\/gpfe\/wp-json\/wp\/v2\/pages\/13"}],"wp:attachment":[{"href":"https:\/\/wp.ufpel.edu.br\/gpfe\/wp-json\/wp\/v2\/media?parent=64"}],"curies":[{"name":"wp","href":"https:\/\/api.w.org\/{rel}","templated":true}]}}