{"id":48,"date":"2013-07-15T14:36:54","date_gmt":"2013-07-15T17:36:54","guid":{"rendered":"https:\/\/wp.ufpel.edu.br\/gpfe\/?page_id=48"},"modified":"2013-09-16T16:39:57","modified_gmt":"2013-09-16T19:39:57","slug":"revista-reat","status":"publish","type":"page","link":"https:\/\/wp.ufpel.edu.br\/gpfe\/periodicos\/revista-reat\/","title":{"rendered":"Revista ReAT"},"content":{"rendered":"<p><span style=\"font-size: 13px;line-height: 18px\">A<strong> Revista Eletr\u00f4nica de Administra\u00e7\u00e3o e Turismo<\/strong> (ReAT) \u00e9 uma publica\u00e7\u00e3o semestral da <strong>Faculdade de Administra\u00e7\u00e3o e de Turismo<\/strong> da <strong>Universidade Federal de Pelotas<\/strong>, que tem como objetivo a divulga\u00e7\u00e3o do conhecimento cient\u00edfico e tecnol\u00f3gico em forma de artigos e casos de ensino desde que enquadrados nas seguintes \u00e1reas de conhecimento: produ\u00e7\u00e3o, marketing, estudos organizacionais, recursos humanos, finan\u00e7as, estrat\u00e9gia, turismo, tecnologia da informa\u00e7\u00e3o, gest\u00e3o ambiental, empreendedorismo, inova\u00e7\u00e3o, administra\u00e7\u00e3o p\u00fablica e terceiro setor.<\/span><\/p>\n<p><strong>P\u00fablico-alvo:<\/strong> acad\u00eamicos e profissionais das \u00e1reas de Administra\u00e7\u00e3o, Turismo, Gest\u00e3o P\u00fablica e \u00e1reas afins.<\/p>\n<p><strong>Link para a ReAT:<\/strong>\u00a0<a href=\"http:\/\/periodicos.ufpel.edu.br\/ojs2\/index.php\/AT\/index\">http:\/\/periodicos.ufpel.edu.br\/ojs2\/index.php\/AT\/index<\/a><\/p>\n","protected":false},"excerpt":{"rendered":"<p>A Revista Eletr\u00f4nica de Administra\u00e7\u00e3o e Turismo (ReAT) \u00e9 uma publica\u00e7\u00e3o semestral da Faculdade de Administra\u00e7\u00e3o e de Turismo da Universidade Federal de Pelotas, que tem como objetivo a divulga\u00e7\u00e3o do conhecimento cient\u00edfico e tecnol\u00f3gico em forma de artigos e casos de ensino desde que enquadrados nas seguintes \u00e1reas de conhecimento: produ\u00e7\u00e3o, marketing, estudos organizacionais, &hellip; <\/p>\n<p><a class=\"more-link btn\" href=\"https:\/\/wp.ufpel.edu.br\/gpfe\/periodicos\/revista-reat\/\">Continue lendo<\/a><\/p>\n","protected":false},"author":283,"featured_media":0,"parent":13,"menu_order":0,"comment_status":"closed","ping_status":"closed","template":"","meta":{"footnotes":""},"class_list":["post-48","page","type-page","status-publish","hentry","nodate","item-wrap"],"_links":{"self":[{"href":"https:\/\/wp.ufpel.edu.br\/gpfe\/wp-json\/wp\/v2\/pages\/48","targetHints":{"allow":["GET"]}}],"collection":[{"href":"https:\/\/wp.ufpel.edu.br\/gpfe\/wp-json\/wp\/v2\/pages"}],"about":[{"href":"https:\/\/wp.ufpel.edu.br\/gpfe\/wp-json\/wp\/v2\/types\/page"}],"author":[{"embeddable":true,"href":"https:\/\/wp.ufpel.edu.br\/gpfe\/wp-json\/wp\/v2\/users\/283"}],"replies":[{"embeddable":true,"href":"https:\/\/wp.ufpel.edu.br\/gpfe\/wp-json\/wp\/v2\/comments?post=48"}],"version-history":[{"count":7,"href":"https:\/\/wp.ufpel.edu.br\/gpfe\/wp-json\/wp\/v2\/pages\/48\/revisions"}],"predecessor-version":[{"id":143,"href":"https:\/\/wp.ufpel.edu.br\/gpfe\/wp-json\/wp\/v2\/pages\/48\/revisions\/143"}],"up":[{"embeddable":true,"href":"https:\/\/wp.ufpel.edu.br\/gpfe\/wp-json\/wp\/v2\/pages\/13"}],"wp:attachment":[{"href":"https:\/\/wp.ufpel.edu.br\/gpfe\/wp-json\/wp\/v2\/media?parent=48"}],"curies":[{"name":"wp","href":"https:\/\/api.w.org\/{rel}","templated":true}]}}