{"id":885,"date":"2018-01-27T12:01:23","date_gmt":"2018-01-27T14:01:23","guid":{"rendered":"https:\/\/wp.ufpel.edu.br\/gpeia\/?page_id=885"},"modified":"2018-01-27T12:28:51","modified_gmt":"2018-01-27T14:28:51","slug":"redes-no-agronegocio-formacao-evolucao-governanca-e-configuracoes","status":"publish","type":"page","link":"https:\/\/wp.ufpel.edu.br\/gpeia\/redes-no-agronegocio-formacao-evolucao-governanca-e-configuracoes\/","title":{"rendered":"Redes no agroneg\u00f3cio: Forma\u00e7\u00e3o, evolu\u00e7\u00e3o, governan\u00e7a e configura\u00e7\u00f5es"},"content":{"rendered":"<p>As redes interorganizacionais s\u00e3o definidas como grupos de organiza\u00e7\u00f5es com interesses comuns, que se unem para a melhoria da competitividade a partir da pr\u00e1tica da coopera\u00e7\u00e3o. Esse conceito \u00e9 aplicado a diferentes configura\u00e7\u00f5es interorganizacionais, como joint ventures, alian\u00e7as estrat\u00e9gicas, rela\u00e7\u00f5es de terceiriza\u00e7\u00e3o e subcontrata\u00e7\u00e3o, distritos industriais e redes sociais (BRAGA, 2010; CROPPER et al., 2014). Esses novos modelos organizacionais, mais horizontalizados e menos hierarquizados, em formato de redes de relacionamento, s\u00e3o necess\u00e1rios para que todos os agentes envolvidos sejam beneficiados no sentido de conquistarem maior participa\u00e7\u00e3o no mercado que j\u00e1 atuam e, at\u00e9 mesmo, atingirem novos (FELDHAUS, PEREIRA e MORAIS, 2012).<\/p>\n<p>Conforme apresenta Macedo (2009), s\u00e3o exemplos de redes interorganizacionais no setor da produ\u00e7\u00e3o da carne bovina: ?Alian\u00e7a Mercadol\u00f3gica de Guarapuava? ? \u00e9 composta e liderada por produtores de novilhos precoces no munic\u00edpio de Guarapuava\/PR, comercializa com frigor\u00edficos e redes de varejo no estado do Paran\u00e1; ?Montana Premium Beef? ? projeto liderado pelos produtores da ra\u00e7a Montana e o frigor\u00edfico Marfrig, comercializa nas redes de supermercados P\u00e3o de A\u00e7\u00facar e Bourbon, em todo o pa\u00eds; ?Programa Carne Angus Certificada? ? iniciativa da Associa\u00e7\u00e3o Brasileira de Angus, ABA, com os frigor\u00edficos Mercosul (RS) e Marfrig (SP), comercializa com as redes de supermercados Zaffari e P\u00e3o de A\u00e7\u00facar.<\/p>\n<p>Como exemplos internacionais de redes interorganizacionais entre agentes da ind\u00fastria da carne citam-se: Alianza del Pastizal, programa de fomento \u00e0 pecu\u00e1ria sustent\u00e1vel com atua\u00e7\u00e3o no Pampa Ga\u00facho e \u00e1reas do Uruguai, Argentina e Paraguai;Certified Angus Beef (CAB) ? arranjo que opera como uma divis\u00e3o da Associa\u00e7\u00e3o Americana de Angus; Rancher?s Renaissance, alian\u00e7a formada por criadores de bovinos, confinadores e empresa frigor\u00edfica, abrangendo regi\u00f5es dos Estados Unidos e Canad\u00e1; Decatur Beef Alliance organiza\u00e7\u00e3o que direciona sua produ\u00e7\u00e3o aos programas de marcas existentes que operam junto ao frigor\u00edfico Excel, tais como &#8211; Angus Beef, Sterling Silver, e Rancher?s Renaissance (SCHROEDER e KOVANDA, 2003).<\/p>\n<p>Apesar dos exemplos anteriormente expostos, as redes interorganizacionais relativas agroneg\u00f3cio enfrentam barreiras para se consolidarem. Constata-se uma fraca coordena\u00e7\u00e3o entre os atores, tendo como conseq\u00fc\u00eancias negativas ? a dificuldade do compartilhamento de informa\u00e7\u00f5es, resist\u00eancia \u00e0 formaliza\u00e7\u00e3o de compromissos, a falta de confian\u00e7a entre os agentes . Nesse sentido, torna-se importante identificar como estas redes s\u00e3o criadas, quais as barreiras e facilitadores est\u00e3o presentes na forma\u00e7\u00e3o e evolu\u00e7\u00e3o destas redes, quais fatores contribuem para as mudan\u00e7as e quais os impactos que provocam na rede e como estas redes s\u00e3o governadas e quais configura\u00e7\u00f5es assumem, contribuindo assim com a teoria e a pr\u00e1tica da estrat\u00e9gia de redes..<\/p>\n","protected":false},"excerpt":{"rendered":"<p>As redes interorganizacionais s\u00e3o definidas como grupos de organiza\u00e7\u00f5es com interesses comuns, que se unem para a melhoria da competitividade a partir da pr\u00e1tica da coopera\u00e7\u00e3o. Esse conceito \u00e9 aplicado a diferentes configura\u00e7\u00f5es interorganizacionais, como joint ventures, alian\u00e7as estrat\u00e9gicas, rela\u00e7\u00f5es &hellip; <a href=\"https:\/\/wp.ufpel.edu.br\/gpeia\/redes-no-agronegocio-formacao-evolucao-governanca-e-configuracoes\/\">Continue lendo <span class=\"meta-nav\">&rarr;<\/span><\/a><\/p>\n","protected":false},"author":212,"featured_media":0,"parent":0,"menu_order":0,"comment_status":"closed","ping_status":"closed","template":"","meta":{"footnotes":""},"class_list":["post-885","page","type-page","status-publish","hentry"],"_links":{"self":[{"href":"https:\/\/wp.ufpel.edu.br\/gpeia\/wp-json\/wp\/v2\/pages\/885","targetHints":{"allow":["GET"]}}],"collection":[{"href":"https:\/\/wp.ufpel.edu.br\/gpeia\/wp-json\/wp\/v2\/pages"}],"about":[{"href":"https:\/\/wp.ufpel.edu.br\/gpeia\/wp-json\/wp\/v2\/types\/page"}],"author":[{"embeddable":true,"href":"https:\/\/wp.ufpel.edu.br\/gpeia\/wp-json\/wp\/v2\/users\/212"}],"replies":[{"embeddable":true,"href":"https:\/\/wp.ufpel.edu.br\/gpeia\/wp-json\/wp\/v2\/comments?post=885"}],"version-history":[{"count":2,"href":"https:\/\/wp.ufpel.edu.br\/gpeia\/wp-json\/wp\/v2\/pages\/885\/revisions"}],"predecessor-version":[{"id":892,"href":"https:\/\/wp.ufpel.edu.br\/gpeia\/wp-json\/wp\/v2\/pages\/885\/revisions\/892"}],"wp:attachment":[{"href":"https:\/\/wp.ufpel.edu.br\/gpeia\/wp-json\/wp\/v2\/media?parent=885"}],"curies":[{"name":"wp","href":"https:\/\/api.w.org\/{rel}","templated":true}]}}