{"id":779,"date":"2017-07-27T17:41:53","date_gmt":"2017-07-27T20:41:53","guid":{"rendered":"https:\/\/wp.ufpel.edu.br\/gpeia\/?page_id=779"},"modified":"2022-03-29T20:02:20","modified_gmt":"2022-03-29T23:02:20","slug":"livros","status":"publish","type":"page","link":"https:\/\/wp.ufpel.edu.br\/gpeia\/livros\/","title":{"rendered":"Livros \/ Cap\u00edtulos \/ S\u00e9ries"},"content":{"rendered":"<div class=\"layout-cell layout-cell-11\"><\/div>\n<div class=\"layout-cell layout-cell-11\">\n<div class=\"layout-cell-pad-5\">\n<p>\u00a0SCOPONI, Liliana ;\u00a0<strong>DIAS, Marcelo Fernandes Pacheco<\/strong>\u00a0; PESCE, Gabriela . UNIVERSIDADE Y AGRONEGOCIOS: V\u00ednculos para la innovaci\u00f3n y el desarrollo territorial. 1. ed. Editorial de La universidad Nacional del Sur, 2016. v. 1.<\/p>\n<p>Link para download:\u00a0<a href=\"https:\/\/wp.ufpel.edu.br\/gpeia\/files\/2014\/12\/Universidade-y-Agronegocios.pdf\">https:\/\/wp.ufpel.edu.br\/gpeia\/files\/2014\/12\/Universidade-y-Agronegocios.pdf<\/a><\/p>\n<p><strong><a href=\"http:\/\/lattes.cnpq.br\/0737658864135054\">DIAS, Marcelo Fernandes Pacheco<\/a><\/strong>;\u00a0<a href=\"http:\/\/lattes.cnpq.br\/7508035870278552\">HERRMANN, F.F.<\/a>\u00a0; Aquini, Daniel Marques ; Pereira, Aline Soares ; LIMA, A. G. ; COELHO, D. M. ; OLIVEIRA, M. R. . Plano de Desenvolvimento para o Arranjo Produtivo Local dos Alimentos Sul. 1. ed. Pelotas: Editora da Universidade Federal de Pelotas, 2016. v. 1. 162p .<\/p>\n<p>Link para download:\u00a0<a href=\"https:\/\/wp.ufpel.edu.br\/gpeia\/files\/2017\/07\/Plano-de-Desenvolvimento-do-Arranjo-Produtivo-Local-de-Alimentos-da-Regiao-Sul.pdf\">https:\/\/wp.ufpel.edu.br\/gpeia\/files\/2017\/07\/Plano-de-Desenvolvimento-do-Arranjo-Produtivo-Local-de-Alimentos-da-Regiao-Sul.pdf<\/a><\/p>\n<p><strong>Cap\u00edtulos Publicados<\/strong><\/p>\n<p>PEDROZO, Eugenio Avila ; Dias, Marcelo Fernandes Pacheco ; Abreu, M\u00f4nica C.S. de . MultiTheoretical Analysis in Organizational and Strategic Configurational Changes: Using Mixed Methods with Multilevel Rules for Innovation. In: Catherine L. Wang; David J. Ketchen; Donald D. Bergh. (Org.). Research Methodology in Strategy and Management. 1ed.Bingley, Reino Unido: Emerald Group Publishing, 2012, v. 7, p. 265-305.<\/p>\n<p>Scoponi, L., Pacheco Dias, M., Pesce, G., Gzain, M., y Schmidt, A. (2017). Universidad y agronegocios: An\u00e1lisis de centralidad en redes de colaboraci\u00f3n cient\u00edfico tecnol\u00f3gica de Argentina y Brasil. En, Codner, D. y Garrido, c. (Coords). Consolidando acciones cooperativas para la relaci\u00f3n de las Universidades con el mundo productivo em el espacio ALCUE (pp. 192-207). Ciudad de M\u00e9xico, M\u00e9xico: Red Universidad-Empresa ALCUE &#8211; UDUAL.<\/p>\n<p>Link para download:<a href=\"https:\/\/wp.ufpel.edu.br\/gpeia\/files\/2014\/12\/libro-consolidando-acciones-cooperativas-para-la-relacionan-de-las-universidades-com-el-mundo-productivo-1.pdf\">https:\/\/wp.ufpel.edu.br\/gpeia\/files\/2014\/12\/libro-consolidando-acciones-cooperativas-para-la-relacionan-de-las-universidades-com-el-mundo-productivo-1.pdf<\/a><\/p>\n<div class=\"layout-cell layout-cell-11\"><\/div>\n<div class=\"layout-cell-pad-5\"><\/div>\n<div>\n<div class=\"layout-cell layout-cell-11\"><\/div>\n<div class=\"layout-cell layout-cell-11\">\n<div>\n<p>NORI, M. ; PINEIRO, V. ; SCOPONI, Liliana ;\u00a0DIAS, Marcelo Fernandes Pacheco\u00a0; DURAN, R. . Demandas contextuales para la competitividad y sustentabilidad de la ganaderer\u00eda bovina: principales contrastes entre Argentina y Brasil. In: Liliana Scoponi; Marcelo Fernandes Pacheco Dias; Gabriela Pesce. (Org.). UNIVERSIDADE Y AGRONEGOCIOS: V\u00ednculos para la innovaci\u00f3n y el desarrollo territorial. 1ed.Bahia Blanca: Editorial de La universidad Nacional del Sur, 2016, v. 1, p. 83-164.<\/p>\n<p>Link para download:\u00a0<a href=\"https:\/\/wp.ufpel.edu.br\/gpeia\/files\/2014\/12\/Universidade-y-Agronegocios.pdf\">https:\/\/wp.ufpel.edu.br\/gpeia\/files\/2014\/12\/Universidade-y-Agronegocios.pdf<\/a><\/p>\n<p>SCOPONI, Liliana ;\u00a0DIAS, Marcelo Fernandes Pacheco\u00a0; PESCE, Gabriela ; DURAN, R. ; SCHIMIDT, M. A. ; GZAIN, M. . redes de cooperaci\u00f3n cient\u00edfica-tecnol\u00f3gica para la innovaci\u00f3n en Agronegocios em dos universidades latiino americanas. In: Liliana Scoponi; Marcelo Fernandes Pacheco Dias; Gabriela Pesce. (Org.). UNIVERSIDADE Y AGRONEGOCIOS: V\u00ednculos para la innovaci\u00f3n y el desarrollo territorial. 1ed.Bahia Blanca: Editorial de la Universidad Nacional del Sur, 2016, v. 1, p. 165-212.<\/p>\n<p>Link para download:\u00a0<a href=\"https:\/\/wp.ufpel.edu.br\/gpeia\/files\/2014\/12\/Universidade-y-Agronegocios.pdf\">https:\/\/wp.ufpel.edu.br\/gpeia\/files\/2014\/12\/Universidade-y-Agronegocios.pdf<\/a><\/p>\n<p>SCOPONI, Liliana ;\u00a0DIAS, Marcelo Fernandes Pacheco\u00a0; PESCE, Gabriela ; DURAN, R. ; SCHIMIDT, M. A. ; GZAIN, M. . Framework para el an\u00e1lisis de la relaci\u00f3n universidad-agronegocios en contexto latino americano. In: Liliana Scoponi; Marcelo Fernandes Pacheco Dias; Gabriela Pesce. (Org.). UNIVERSIDADE Y AGRONEGOCIOS: V\u00ednculos para la innovaci\u00f3n y el desarrollo territorial. 1ed.Bahia Blanca: Editorial de la Universidad Nacional del Sur, 2016, v. 1, p. 213-258.<\/p>\n<p>Link para download:\u00a0<a href=\"https:\/\/wp.ufpel.edu.br\/gpeia\/files\/2014\/12\/Universidade-y-Agronegocios.pdf\">https:\/\/wp.ufpel.edu.br\/gpeia\/files\/2014\/12\/Universidade-y-Agronegocios.pdf<\/a><\/p>\n<p>SCOPONI, Liliana ;\u00a0DIAS, Marcelo Fernandes Pacheco\u00a0; PESCE, Gabriela ; DURAN, R. ; SCHIMIDT, M. A. ; GZAIN, M. . Evaluacion del desempenho de la tercera mision en el campo de los agronegocios. Estudio comparado entre dos universidades de Argentina y Brasil. In: Liliana Scoponi; Marcelo Fernandes Pacheco Dias; Gabriela Pesce. (Org.). UNIVERSIDADE Y AGRONEGOCIOS: V\u00ednculos para la innovaci\u00f3n y el desarrollo territorial. 1ed.Bahia Blanca: Editora de la Universidade Nacional del Sur, 2016, v. 1, p. 259-320.<\/p>\n<p>Link para download:\u00a0<a href=\"https:\/\/wp.ufpel.edu.br\/gpeia\/files\/2014\/12\/Universidade-y-Agronegocios.pdf\">https:\/\/wp.ufpel.edu.br\/gpeia\/files\/2014\/12\/Universidade-y-Agronegocios.pdf<\/a><\/p>\n<p>SCOPONI, Liliana\u00a0;\u00a0DIAS, Marcelo Fernandes Pacheco\u00a0;\u00a0PESCE, G.\u00a0; GZAIN, M. ; SCHMIDT, A. . Universidad y agronegocios: An\u00e1lisis de centralidad en redes de colaboraci\u00f3n cient\u00edfico-tecnol\u00f3gica de Argentina y Brasil. In: Dar\u00edo Gabriel Codner y Celso Garrido Noguera. (Org.). Consolidando acciones cooperativas para la relaci\u00f3n de las universidades con el mundo productivo en el espacio ALCUE. 1ed.: UDUAL &#8211; RedUE ALCUE, 2017, v. 1, p. 192-207.<\/p>\n<p><strong>Cadeias produtivas<\/strong><\/p>\n<p>CADEIA DA CARNE BOVINA<\/p>\n<p>Link para download:\u00a0<a href=\"https:\/\/wp.ufpel.edu.br\/gpeia\/files\/2018\/04\/CADEIA-DA-CARNE-BOVINA.pdf\">https:\/\/wp.ufpel.edu.br\/gpeia\/files\/2018\/04\/CADEIA-DA-CARNE-BOVINA.pdf<\/a><\/p>\n<p>CADEIA DA OLIVICULTURA<\/p>\n<p>Link para download:\u00a0<a href=\"https:\/\/wp.ufpel.edu.br\/gpeia\/files\/2018\/02\/CADEIA-DA-OLIVICULTURA-1.pdf\">https:\/\/wp.ufpel.edu.br\/gpeia\/files\/2018\/02\/CADEIA-DA-OLIVICULTURA-1.pdf<\/a><\/p>\n<p><strong>Comunicados t\u00e9cnicos<\/strong><\/p>\n<p><strong>BRUNO RIBAS. Crit\u00e9rios competitivos da carne ovina em Pelotas\/RS. Pelotas, 2014.<\/strong><\/p>\n<p>Link para download:\u00a0<a href=\"https:\/\/wp.ufpel.edu.br\/gpeia\/files\/2018\/04\/Crit%C3%A9rios-competitivos-da-carne-ovina-em-PelotasRS.-1.pdf\">https:\/\/wp.ufpel.edu.br\/gpeia\/files\/2018\/04\/Crit%C3%A9rios-competitivos-da-carne-ovina-em-PelotasRS.-1.pdf<\/a><\/p>\n<\/div>\n<\/div>\n<\/div>\n<\/div>\n<\/div>\n","protected":false},"excerpt":{"rendered":"<p>\u00a0SCOPONI, Liliana ;\u00a0DIAS, Marcelo Fernandes Pacheco\u00a0; PESCE, Gabriela . UNIVERSIDADE Y AGRONEGOCIOS: V\u00ednculos para la innovaci\u00f3n y el desarrollo territorial. 1. ed. Editorial de La universidad Nacional del Sur, 2016. v. 1. Link para download:\u00a0https:\/\/wp.ufpel.edu.br\/gpeia\/files\/2014\/12\/Universidade-y-Agronegocios.pdf DIAS, Marcelo Fernandes Pacheco;\u00a0HERRMANN, F.F.\u00a0; &hellip; <a href=\"https:\/\/wp.ufpel.edu.br\/gpeia\/livros\/\">Continue lendo <span class=\"meta-nav\">&rarr;<\/span><\/a><\/p>\n","protected":false},"author":212,"featured_media":0,"parent":0,"menu_order":0,"comment_status":"closed","ping_status":"closed","template":"","meta":{"footnotes":""},"class_list":["post-779","page","type-page","status-publish","hentry"],"_links":{"self":[{"href":"https:\/\/wp.ufpel.edu.br\/gpeia\/wp-json\/wp\/v2\/pages\/779","targetHints":{"allow":["GET"]}}],"collection":[{"href":"https:\/\/wp.ufpel.edu.br\/gpeia\/wp-json\/wp\/v2\/pages"}],"about":[{"href":"https:\/\/wp.ufpel.edu.br\/gpeia\/wp-json\/wp\/v2\/types\/page"}],"author":[{"embeddable":true,"href":"https:\/\/wp.ufpel.edu.br\/gpeia\/wp-json\/wp\/v2\/users\/212"}],"replies":[{"embeddable":true,"href":"https:\/\/wp.ufpel.edu.br\/gpeia\/wp-json\/wp\/v2\/comments?post=779"}],"version-history":[{"count":6,"href":"https:\/\/wp.ufpel.edu.br\/gpeia\/wp-json\/wp\/v2\/pages\/779\/revisions"}],"predecessor-version":[{"id":980,"href":"https:\/\/wp.ufpel.edu.br\/gpeia\/wp-json\/wp\/v2\/pages\/779\/revisions\/980"}],"wp:attachment":[{"href":"https:\/\/wp.ufpel.edu.br\/gpeia\/wp-json\/wp\/v2\/media?parent=779"}],"curies":[{"name":"wp","href":"https:\/\/api.w.org\/{rel}","templated":true}]}}