{"id":751,"date":"2017-07-20T21:57:50","date_gmt":"2017-07-21T00:57:50","guid":{"rendered":"https:\/\/wp.ufpel.edu.br\/gpeia\/?page_id=751"},"modified":"2022-02-24T11:19:43","modified_gmt":"2022-02-24T14:19:43","slug":"monografias","status":"publish","type":"page","link":"https:\/\/wp.ufpel.edu.br\/gpeia\/monografias\/","title":{"rendered":"Monografias"},"content":{"rendered":"<p>Vinicius Bento dos Santos. Nichos Socio-tecnol\u00f3gicos das Aves Livres de Gaiolas na Metade Sul RS. 2021. Trabalho de Conclus\u00e3o de Curso. (Gradua\u00e7\u00e3o em Agronomia) &#8211; Universidade Federal de Pelotas. Orientador: Marcelo Fernandes Pacheco Dias.<\/p>\n<p>Link para download:<\/p>\n<p>ROCKE, Nicole Nobre. Crit\u00e9rios competitivos da comercializa\u00e7\u00e3o de produtos<br \/>\norg\u00e2nicos na cidade de pelotas. 2017. 72 f. Trabalho de Conclus\u00e3o de Curso. Curso<br \/>\nde Bacharelado em Administra\u00e7\u00e3o. Faculdade de Administra\u00e7\u00e3o e de Turismo,<br \/>\nUniversidade Federal de Pelotas, 2018.<\/p>\n<p>Link para download:\u00a0 \u00a0<a href=\"https:\/\/wp.ufpel.edu.br\/gpeia\/files\/2018\/03\/Monografia-2017.2-Nicole-Rocke-CORRIGIDA.pdf\">https:\/\/wp.ufpel.edu.br\/gpeia\/files\/2018\/03\/Monografia-2017.2-Nicole-Rocke-CORRIGIDA.pdf<\/a><\/p>\n<p>Lucas dos Santos da Cruz.CRIT\u00c9RIOS COMPETITIVOS NA DECIS\u00c3O DE COMPRA DE HORTALI\u00c7AS ORG\u00c2NICAS EM RESTAURANTES DA CIDADE DE PELOTAS\/RS. 2017.Trabalho de Conclus\u00e3o de Curso. (Gradua\u00e7\u00e3o em Administra\u00e7\u00e3o) &#8211; Universidade Federal de Pelotas. Orientador: Marcelo Fernandes Pacheco Dias.<\/p>\n<p>Link para download:<a href=\"https:\/\/wp.ufpel.edu.br\/gpeia\/files\/2017\/07\/CRIT%C3%89RIOS-COMPETITIVOS-NA-DECIS%C3%83O-DE-COMPRA-DE-HORTALI%C3%87AS-ORG%C3%82NICAS-EM-RESTAURANTES-DA-CIDADE-DE-PELOTASRS.-1.pdf\">https:\/\/wp.ufpel.edu.br\/gpeia\/files\/2017\/07\/CRIT%C3%89RIOS-COMPETITIVOS-NA-DECIS%C3%83O-DE-COMPRA-DE-HORTALI%C3%87AS-ORG%C3%82NICAS-EM-RESTAURANTES-DA-CIDADE-DE-PELOTASRS.-1.pdf<\/a><\/p>\n<p>Francisco Viegas. As feiras de Pelotas contribuem para as cadeias curtas?. 2016. Trabalho de Conclus\u00e3o de Curso. (Gradua\u00e7\u00e3o em Administra\u00e7\u00e3o) &#8211; Universidade Federal de Pelotas. Orientador: Marcelo Fernandes Pacheco Dias.<\/p>\n<p>Link para download:\u00a0<a href=\"https:\/\/wp.ufpel.edu.br\/gpeia\/files\/2017\/07\/AS-FEIRAS-DE-PELOTAS-CONTRIBUEM-COM-AS-CADEIAS-CURTAS-DE-PRODU%C3%87%C3%83O.pdf\">https:\/\/wp.ufpel.edu.br\/gpeia\/files\/2017\/07\/AS-FEIRAS-DE-PELOTAS-CONTRIBUEM-COM-AS-CADEIAS-CURTAS-DE-PRODU%C3%87%C3%83O.pdf<\/a><\/p>\n<p>Aline Pereira Machado. Perfil do Consumidor e Usos Dom\u00e9sticos da Farinha de Arroz. 2016. Trabalho de Conclus\u00e3o de Curso. (Gradua\u00e7\u00e3o em Administra\u00e7\u00e3o) &#8211; Universidade Federal de Pelotas. Orientador: Marcelo Fernandes Pacheco Dias.<\/p>\n<p>Link para download:\u00a0<a href=\"https:\/\/wp.ufpel.edu.br\/gpeia\/files\/2017\/07\/Perfil-do-Consumidor-e-Usos-Dom%C3%A9sticos-da-Farinha-de-Arroz.pdf\">https:\/\/wp.ufpel.edu.br\/gpeia\/files\/2017\/07\/Perfil-do-Consumidor-e-Usos-Dom%C3%A9sticos-da-Farinha-de-Arroz.pdf<\/a><\/p>\n<p>Porto, Reginaldo Dias.\u00a0Ado\u00e7\u00e3o do Sistema de Produ\u00e7\u00e3o Integrada do P\u00eassego na Regi\u00e3o de Pelotas: grau de difus\u00e3o e barreiras. 2015.\u00a0Trabalho de Conclus\u00e3o de Curso. (Gradua\u00e7\u00e3o em Administra\u00e7\u00e3o) &#8211; Universidade Federal de Pelotas. Orientador: Marcelo Fernandes Pacheco Dias.<\/p>\n<p>Link para download:\u00a0\u00a0<a href=\"https:\/\/wp.ufpel.edu.br\/gpeia\/files\/2018\/04\/Ado%C3%A7%C3%A3o-do-Sistema-de-Produ%C3%A7%C3%A3o-Integrada-do-P%C3%AAssego-na-Regi%C3%A3o-de-Pelotas-grau-de-difus%C3%A3o-e-barreiras.-1.pdf\">https:\/\/wp.ufpel.edu.br\/gpeia\/files\/2018\/04\/Ado%C3%A7%C3%A3o-do-Sistema-de-Produ%C3%A7%C3%A3o-Integrada-do-P%C3%AAssego-na-Regi%C3%A3o-de-Pelotas-grau-de-difus%C3%A3o-e-barreiras.-1.pdf\u00a0<\/a><\/p>\n<p>Silveira, Bruno Ribas.\u00a0CRIT\u00c9RIOS COMPETITIVOS DE COMERCIALIZA\u00c7\u00c3O DA CARNE OVINA EM SUPERMERCADOS, RESTAURANTES E CASAS ESPECIALIZADAS DE PELOTAS RS. 2014. 77 f.\u00a0Trabalho de Conclus\u00e3o de Curso. (Gradua\u00e7\u00e3o em Administra\u00e7\u00e3o) &#8211; Universidade Federal de Pelotas. Pelotas, 2014.<\/p>\n<p>Link para download:\u00a0<a href=\"https:\/\/wp.ufpel.edu.br\/gpeia\/files\/2018\/04\/CRIT%C3%89RIOS-COMPETITIVOS-DE-COMERCIALIZA%C3%87%C3%83O-DA-CARNE-OVINA-EM-SUPERMERCADOS-RESTAURANTES-E-CASAS-ESPECIALIZADAS-DE-PELOTAS-RS.-1.pdf\">https:\/\/wp.ufpel.edu.br\/gpeia\/files\/2018\/04\/CRIT%C3%89RIOS-COMPETITIVOS-DE-COMERCIALIZA%C3%87%C3%83O-DA-CARNE-OVINA-EM-SUPERMERCADOS-RESTAURANTES-E-CASAS-ESPECIALIZADAS-DE-PELOTAS-RS.-1.pdf<\/a><\/p>\n<p>C\u00e1ssia Knopp Timm. CRIT\u00c9RIOS COMPETITIVOS DA PRODU\u00c7\u00c3O DE QUEIJOS: UM ESTUDO DE CASO NA COOPERATIVA AGROINDUSTRIAL POMERANO ALIMENTOS. 2013. Trabalho de Conclus\u00e3o de Curso. (Gradua\u00e7\u00e3o em Administra\u00e7\u00e3o) &#8211; Universidade Federal de Pelotas. Orientador: Marcelo Fernandes Pacheco Dias.<\/p>\n<p>Link para download:\u00a0<a href=\"https:\/\/wp.ufpel.edu.br\/gpeia\/files\/2017\/07\/CRIT%C3%89RIOS-COMPETITIVOS-DA-PRODU%C3%87%C3%83O-DE-QUEIJOS-UM-ESTUDO-DE-CASO-NA-COOPERATIVA-AGROINDUSTRIAL-POMERANO-ALIMENTOS-.pdf\">https:\/\/wp.ufpel.edu.br\/gpeia\/files\/2017\/07\/CRIT%C3%89RIOS-COMPETITIVOS-DA-PRODU%C3%87%C3%83O-DE-QUEIJOS-UM-ESTUDO-DE-CASO-NA-COOPERATIVA-AGROINDUSTRIAL-POMERANO-ALIMENTOS-.pdf<\/a><\/p>\n<p>&nbsp;<\/p>\n<p>&nbsp;<\/p>\n","protected":false},"excerpt":{"rendered":"<p>Vinicius Bento dos Santos. Nichos Socio-tecnol\u00f3gicos das Aves Livres de Gaiolas na Metade Sul RS. 2021. Trabalho de Conclus\u00e3o de Curso. (Gradua\u00e7\u00e3o em Agronomia) &#8211; Universidade Federal de Pelotas. Orientador: Marcelo Fernandes Pacheco Dias. Link para download: ROCKE, Nicole Nobre. &hellip; <a href=\"https:\/\/wp.ufpel.edu.br\/gpeia\/monografias\/\">Continue lendo <span class=\"meta-nav\">&rarr;<\/span><\/a><\/p>\n","protected":false},"author":212,"featured_media":0,"parent":0,"menu_order":0,"comment_status":"closed","ping_status":"closed","template":"","meta":{"footnotes":""},"class_list":["post-751","page","type-page","status-publish","hentry"],"_links":{"self":[{"href":"https:\/\/wp.ufpel.edu.br\/gpeia\/wp-json\/wp\/v2\/pages\/751","targetHints":{"allow":["GET"]}}],"collection":[{"href":"https:\/\/wp.ufpel.edu.br\/gpeia\/wp-json\/wp\/v2\/pages"}],"about":[{"href":"https:\/\/wp.ufpel.edu.br\/gpeia\/wp-json\/wp\/v2\/types\/page"}],"author":[{"embeddable":true,"href":"https:\/\/wp.ufpel.edu.br\/gpeia\/wp-json\/wp\/v2\/users\/212"}],"replies":[{"embeddable":true,"href":"https:\/\/wp.ufpel.edu.br\/gpeia\/wp-json\/wp\/v2\/comments?post=751"}],"version-history":[{"count":10,"href":"https:\/\/wp.ufpel.edu.br\/gpeia\/wp-json\/wp\/v2\/pages\/751\/revisions"}],"predecessor-version":[{"id":965,"href":"https:\/\/wp.ufpel.edu.br\/gpeia\/wp-json\/wp\/v2\/pages\/751\/revisions\/965"}],"wp:attachment":[{"href":"https:\/\/wp.ufpel.edu.br\/gpeia\/wp-json\/wp\/v2\/media?parent=751"}],"curies":[{"name":"wp","href":"https:\/\/api.w.org\/{rel}","templated":true}]}}