{"id":602,"date":"2017-07-13T15:24:14","date_gmt":"2017-07-13T18:24:14","guid":{"rendered":"https:\/\/wp.ufpel.edu.br\/gpeia\/?page_id=602"},"modified":"2017-07-13T16:23:26","modified_gmt":"2017-07-13T19:23:26","slug":"elaboracao-de-um-plano-de-desenvolvimento-do-apl-alimentos-por-meio-de-uma-metodologia-participativa","status":"publish","type":"page","link":"https:\/\/wp.ufpel.edu.br\/gpeia\/elaboracao-de-um-plano-de-desenvolvimento-do-apl-alimentos-por-meio-de-uma-metodologia-participativa\/","title":{"rendered":"Elabora\u00e7\u00e3o de um plano de desenvolvimento do APL Alimentos, por meio de uma metodologia participativa"},"content":{"rendered":"<p>Um Arranjo Produtivo Local (APL) \u00e9 um conjunto de fatores econ\u00f4micos, pol\u00edticos e sociais, localizados em um mesmo territ\u00f3rio, no qual s\u00e3o desenvolvidas atividades econ\u00f4micas correlatas e que apresentam v\u00ednculos de produ\u00e7\u00e3o, intera\u00e7\u00e3o, coopera\u00e7\u00e3o e aprendizagem. Nesse sentido, a AGDI (Ag\u00eancia Ga\u00facha de Desenvolvimento e Promo\u00e7\u00e3o do Investimento) por meio de uma parceria com a UFPel prop\u00f5e a elabora\u00e7\u00e3o de plano de desenvolvimento para o APL Alimentos da Regi\u00e3o Sul do Rio Grande do Sul. Pretende-se com esse plano criar uma vis\u00e3o compartilhada de futuro a ser perseguida pelas empresas, pelas institui\u00e7\u00f5es n\u00e3o governamentais locais, comunidade e poderes p\u00fablicos municipal, estadual e federal, de modo a propiciar o desenvolvimento econ\u00f4mico local com equidade e sustentabilidade.<\/p>\n","protected":false},"excerpt":{"rendered":"<p>Um Arranjo Produtivo Local (APL) \u00e9 um conjunto de fatores econ\u00f4micos, pol\u00edticos e sociais, localizados em um mesmo territ\u00f3rio, no qual s\u00e3o desenvolvidas atividades econ\u00f4micas correlatas e que apresentam v\u00ednculos de produ\u00e7\u00e3o, intera\u00e7\u00e3o, coopera\u00e7\u00e3o e aprendizagem. Nesse sentido, a AGDI &hellip; <a href=\"https:\/\/wp.ufpel.edu.br\/gpeia\/elaboracao-de-um-plano-de-desenvolvimento-do-apl-alimentos-por-meio-de-uma-metodologia-participativa\/\">Continue lendo <span class=\"meta-nav\">&rarr;<\/span><\/a><\/p>\n","protected":false},"author":212,"featured_media":0,"parent":0,"menu_order":0,"comment_status":"closed","ping_status":"closed","template":"","meta":{"footnotes":""},"class_list":["post-602","page","type-page","status-publish","hentry"],"_links":{"self":[{"href":"https:\/\/wp.ufpel.edu.br\/gpeia\/wp-json\/wp\/v2\/pages\/602","targetHints":{"allow":["GET"]}}],"collection":[{"href":"https:\/\/wp.ufpel.edu.br\/gpeia\/wp-json\/wp\/v2\/pages"}],"about":[{"href":"https:\/\/wp.ufpel.edu.br\/gpeia\/wp-json\/wp\/v2\/types\/page"}],"author":[{"embeddable":true,"href":"https:\/\/wp.ufpel.edu.br\/gpeia\/wp-json\/wp\/v2\/users\/212"}],"replies":[{"embeddable":true,"href":"https:\/\/wp.ufpel.edu.br\/gpeia\/wp-json\/wp\/v2\/comments?post=602"}],"version-history":[{"count":3,"href":"https:\/\/wp.ufpel.edu.br\/gpeia\/wp-json\/wp\/v2\/pages\/602\/revisions"}],"predecessor-version":[{"id":638,"href":"https:\/\/wp.ufpel.edu.br\/gpeia\/wp-json\/wp\/v2\/pages\/602\/revisions\/638"}],"wp:attachment":[{"href":"https:\/\/wp.ufpel.edu.br\/gpeia\/wp-json\/wp\/v2\/media?parent=602"}],"curies":[{"name":"wp","href":"https:\/\/api.w.org\/{rel}","templated":true}]}}