{"id":591,"date":"2017-07-13T15:19:54","date_gmt":"2017-07-13T18:19:54","guid":{"rendered":"https:\/\/wp.ufpel.edu.br\/gpeia\/?page_id=591"},"modified":"2018-02-16T17:36:28","modified_gmt":"2018-02-16T19:36:28","slug":"analisis-de-las-posibilidades-de-transferencia-tecnologica-para-la-gestion-del-agronegocio","status":"publish","type":"page","link":"https:\/\/wp.ufpel.edu.br\/gpeia\/analisis-de-las-posibilidades-de-transferencia-tecnologica-para-la-gestion-del-agronegocio\/","title":{"rendered":"An\u00e1lisis de Las Posibilidades de Transferencia Tecnol\u00f3gica para la Gesti\u00f3n del Agronegocio."},"content":{"rendered":"<p>Na Am\u00e9rica Latina , o peso relativo das cadeias agroalimentares atingi valores superiores a 30% do produto interno bruto (PIB), reafirmando a import\u00e2ncia dos neg\u00f3cios que s\u00e3o baseados no setor agr\u00edcola. Esta import\u00e2ncia aumenta ainda mais a necessidade de ganhar ou manter vantagens comparativas e \/ ou competitivas para dar-lhes maiores oportunidades no mercado internacional. Neste contexto, as pol\u00edticas de pesquisa e desenvolvimento (P &amp; D) visando a constru\u00e7\u00e3o de competitividade, deve ter como objetivo o refor\u00e7o da capacidade para resolver problemas espec\u00edficos levantados pelas empresas ou pela sociedade em geral, para atender \u00e0s demandas do mercado. Para fazer isso requer uma maior sobreposi\u00e7\u00e3o entre o mundo da investiga\u00e7\u00e3o e o quadro de produ\u00e7\u00e3o, a fim de que este possa usar o conhecimento gerado pelos pesquisadores. Tamb\u00e9m \u00e9 importante para aumentar o grau de proximidade entre as organiza\u00e7\u00f5es p\u00fablicas de pesquisa, universidades, empregadores e suas organiza\u00e7\u00f5es, e os respons\u00e1veis \u200b\u200bpela gest\u00e3o da pol\u00edtica cient\u00edfica e tecnol\u00f3gica.<\/p>\n<p>Objetivo: Descrever as demandas institucionais presentes na cadeia da carne bovina do Rio Grande do Sul relativas a competitividade e a sustentabilidade. Identificar dentro deste \u00e2mbito organizacional, os fatores motivacionais que favore\u00e7am a inova\u00e7\u00e3o na gest\u00e3o deste sistema agroindustrial por meio da coopera\u00e7\u00e3o entre empresa-universidade.<\/p>\n<p>&nbsp;<\/p>\n<p>&nbsp;<\/p>\n","protected":false},"excerpt":{"rendered":"<p>Na Am\u00e9rica Latina , o peso relativo das cadeias agroalimentares atingi valores superiores a 30% do produto interno bruto (PIB), reafirmando a import\u00e2ncia dos neg\u00f3cios que s\u00e3o baseados no setor agr\u00edcola. Esta import\u00e2ncia aumenta ainda mais a necessidade de ganhar &hellip; <a href=\"https:\/\/wp.ufpel.edu.br\/gpeia\/analisis-de-las-posibilidades-de-transferencia-tecnologica-para-la-gestion-del-agronegocio\/\">Continue lendo <span class=\"meta-nav\">&rarr;<\/span><\/a><\/p>\n","protected":false},"author":212,"featured_media":0,"parent":0,"menu_order":0,"comment_status":"closed","ping_status":"closed","template":"","meta":{"footnotes":""},"class_list":["post-591","page","type-page","status-publish","hentry"],"_links":{"self":[{"href":"https:\/\/wp.ufpel.edu.br\/gpeia\/wp-json\/wp\/v2\/pages\/591","targetHints":{"allow":["GET"]}}],"collection":[{"href":"https:\/\/wp.ufpel.edu.br\/gpeia\/wp-json\/wp\/v2\/pages"}],"about":[{"href":"https:\/\/wp.ufpel.edu.br\/gpeia\/wp-json\/wp\/v2\/types\/page"}],"author":[{"embeddable":true,"href":"https:\/\/wp.ufpel.edu.br\/gpeia\/wp-json\/wp\/v2\/users\/212"}],"replies":[{"embeddable":true,"href":"https:\/\/wp.ufpel.edu.br\/gpeia\/wp-json\/wp\/v2\/comments?post=591"}],"version-history":[{"count":7,"href":"https:\/\/wp.ufpel.edu.br\/gpeia\/wp-json\/wp\/v2\/pages\/591\/revisions"}],"predecessor-version":[{"id":915,"href":"https:\/\/wp.ufpel.edu.br\/gpeia\/wp-json\/wp\/v2\/pages\/591\/revisions\/915"}],"wp:attachment":[{"href":"https:\/\/wp.ufpel.edu.br\/gpeia\/wp-json\/wp\/v2\/media?parent=591"}],"curies":[{"name":"wp","href":"https:\/\/api.w.org\/{rel}","templated":true}]}}