{"id":588,"date":"2017-07-13T15:18:08","date_gmt":"2017-07-13T18:18:08","guid":{"rendered":"https:\/\/wp.ufpel.edu.br\/gpeia\/?page_id=588"},"modified":"2017-10-06T19:14:56","modified_gmt":"2017-10-06T22:14:56","slug":"dinamica-da-inovacao-agronegocio-do-arroz","status":"publish","type":"page","link":"https:\/\/wp.ufpel.edu.br\/gpeia\/dinamica-da-inovacao-agronegocio-do-arroz\/","title":{"rendered":"Din\u00e2mica da Inova\u00e7\u00e3o \u2013 Agroneg\u00f3cio do Arroz."},"content":{"rendered":"<p>Din\u00e2mica de configura\u00e7\u00e3o de regras para inova\u00e7\u00e3o:um olhar complexo e interte\u00f3rico numa organiza\u00e7\u00e3o de pesquisa agr\u00edcola do agroneg\u00f3cio oriz\u00edcola do Rio Grande do Sul.<\/p>\n<p>Link para download:<a href=\"https:\/\/wp.ufpel.edu.br\/gpeia\/files\/2017\/07\/Din%C3%A2mica-de-configura%C3%A7%C3%A3o-de-regras-para-inova%C3%A7%C3%A3o-um-olhar-complexo-e-interte%C3%B3rico-numa-organiza%C3%A7%C3%A3o-de-pesquisa-agr%C3%ADcola-do-agroneg%C3%B3cio-oriz%C3%ADcola-do-Rio-Grande-do-Sul-1.pdf\">https:\/\/wp.ufpel.edu.br\/gpeia\/files\/2017\/07\/Din%C3%A2mica-de-configura%C3%A7%C3%A3o-de-regras-para-inova%C3%A7%C3%A3o-um-olhar-complexo-e-interte%C3%B3rico-numa-organiza%C3%A7%C3%A3o-de-pesquisa-agr%C3%ADcola-do-agroneg%C3%B3cio-oriz%C3%ADcola-do-Rio-Grande-do-Sul-1.pdf<\/a><\/p>\n<p>PROCESSO DE INOVA\u00c7\u00c3O: ESTUDO DE CASO DA ADO\u00c7\u00c3O DO SISTEMA DE PRODU\u00c7\u00c3O DE ARROZ ORG\u00c2NICO VINCULADA AO NEMA.<\/p>\n<p>Link para download:<a href=\"https:\/\/wp.ufpel.edu.br\/gpeia\/files\/2017\/07\/PROCESSO-DE-INOVA%C3%87%C3%83O-ESTUDO-DE-CASO-DA-ADO%C3%87%C3%83O-DO-SISTEMA-DE-PRODU%C3%87%C3%83O-DE-ARROZ-ORG%C3%82NICO-VINCULADA-AO-NEMA.-1.pdf\">https:\/\/wp.ufpel.edu.br\/gpeia\/files\/2017\/07\/PROCESSO-DE-INOVA%C3%87%C3%83O-ESTUDO-DE-CASO-DA-ADO%C3%87%C3%83O-DO-SISTEMA-DE-PRODU%C3%87%C3%83O-DE-ARROZ-ORG%C3%82NICO-VINCULADA-AO-NEMA.-1.pdf<\/a><\/p>\n<p>Inova\u00e7\u00e3o em sistemas de produ\u00e7\u00e3o de arroz org\u00e2nico no Rio Grande do Sul.<\/p>\n<p>Link para download:<a href=\"https:\/\/wp.ufpel.edu.br\/gpeia\/files\/2017\/10\/Inova%C3%A7%C3%A3o-em-sistemas-de-produ%C3%A7%C3%A3o-de-arroz-org%C3%A2nico-no-Rio-Grande-do-Sul-1.pdf\">https:\/\/wp.ufpel.edu.br\/gpeia\/files\/2017\/10\/Inova%C3%A7%C3%A3o-em-sistemas-de-produ%C3%A7%C3%A3o-de-arroz-org%C3%A2nico-no-Rio-Grande-do-Sul-1.pdf<\/a><\/p>\n<p>&nbsp;<\/p>\n<p>&nbsp;<\/p>\n<p>&nbsp;<\/p>\n","protected":false},"excerpt":{"rendered":"<p>Din\u00e2mica de configura\u00e7\u00e3o de regras para inova\u00e7\u00e3o:um olhar complexo e interte\u00f3rico numa organiza\u00e7\u00e3o de pesquisa agr\u00edcola do agroneg\u00f3cio oriz\u00edcola do Rio Grande do Sul. Link para download:https:\/\/wp.ufpel.edu.br\/gpeia\/files\/2017\/07\/Din%C3%A2mica-de-configura%C3%A7%C3%A3o-de-regras-para-inova%C3%A7%C3%A3o-um-olhar-complexo-e-interte%C3%B3rico-numa-organiza%C3%A7%C3%A3o-de-pesquisa-agr%C3%ADcola-do-agroneg%C3%B3cio-oriz%C3%ADcola-do-Rio-Grande-do-Sul-1.pdf PROCESSO DE INOVA\u00c7\u00c3O: ESTUDO DE CASO DA ADO\u00c7\u00c3O DO SISTEMA DE PRODU\u00c7\u00c3O DE &hellip; <a href=\"https:\/\/wp.ufpel.edu.br\/gpeia\/dinamica-da-inovacao-agronegocio-do-arroz\/\">Continue lendo <span class=\"meta-nav\">&rarr;<\/span><\/a><\/p>\n","protected":false},"author":212,"featured_media":0,"parent":0,"menu_order":0,"comment_status":"closed","ping_status":"closed","template":"","meta":{"footnotes":""},"class_list":["post-588","page","type-page","status-publish","hentry"],"_links":{"self":[{"href":"https:\/\/wp.ufpel.edu.br\/gpeia\/wp-json\/wp\/v2\/pages\/588","targetHints":{"allow":["GET"]}}],"collection":[{"href":"https:\/\/wp.ufpel.edu.br\/gpeia\/wp-json\/wp\/v2\/pages"}],"about":[{"href":"https:\/\/wp.ufpel.edu.br\/gpeia\/wp-json\/wp\/v2\/types\/page"}],"author":[{"embeddable":true,"href":"https:\/\/wp.ufpel.edu.br\/gpeia\/wp-json\/wp\/v2\/users\/212"}],"replies":[{"embeddable":true,"href":"https:\/\/wp.ufpel.edu.br\/gpeia\/wp-json\/wp\/v2\/comments?post=588"}],"version-history":[{"count":9,"href":"https:\/\/wp.ufpel.edu.br\/gpeia\/wp-json\/wp\/v2\/pages\/588\/revisions"}],"predecessor-version":[{"id":800,"href":"https:\/\/wp.ufpel.edu.br\/gpeia\/wp-json\/wp\/v2\/pages\/588\/revisions\/800"}],"wp:attachment":[{"href":"https:\/\/wp.ufpel.edu.br\/gpeia\/wp-json\/wp\/v2\/media?parent=588"}],"curies":[{"name":"wp","href":"https:\/\/api.w.org\/{rel}","templated":true}]}}