{"id":577,"date":"2017-07-13T15:07:44","date_gmt":"2017-07-13T18:07:44","guid":{"rendered":"https:\/\/wp.ufpel.edu.br\/gpeia\/?page_id=577"},"modified":"2018-01-27T12:29:45","modified_gmt":"2018-01-27T14:29:45","slug":"transicao-tecnologica-no-agronegocio","status":"publish","type":"page","link":"https:\/\/wp.ufpel.edu.br\/gpeia\/transicao-tecnologica-no-agronegocio\/","title":{"rendered":"Transi\u00e7\u00e3o (S\u00f3cio) Tecnol\u00f3gica no Agroneg\u00f3cio"},"content":{"rendered":"<p>O presente trabalho prop\u00f5e elucidar os caminhos que conduzem a compreens\u00e3o sobre a \u201ctrajet\u00f3ria inovadora dos regimes sociot\u00e9cmicos presentes na campanha ga\u00facha\u201d. Nesse sentido observa-se que muitos estudos sobre inova\u00e7\u00e3o tecnol\u00f3gica prop\u00f5em um tema que aborda mudan\u00e7a, uma altera\u00e7\u00e3o de uma situa\u00e7\u00e3o anterior para outra. Nessa l\u00f3gica, estado de mudan\u00e7a para emergir e formar um processo cont\u00ednuo pode incluir uma s\u00e9rie de combina\u00e7\u00f5es entre diferentes elementos. Assim como esses elementos podem fazer parte de distintos n\u00edveis do ambiente, que influenciam processos de transforma\u00e7\u00e3o e que os fazem avan\u00e7ar ou retrair. Esse tema de mudan\u00e7a ou transforma\u00e7\u00e3o, nos estudos de inova\u00e7\u00e3o, \u00e9 nomeado de transi\u00e7\u00e3o.<br \/>\nNa literatura, transi\u00e7\u00e3o tecnol\u00f3gica, \u00e9 um processo coevolucion\u00e1rio que se estende por d\u00e9cadas e envolve distintos atores e grupos sociais. A an\u00e1lise de uma transi\u00e7\u00e3o tecnol\u00f3gica, sob uma perspectiva especial, pode ser aplicada como transi\u00e7\u00e3o sociot\u00e9cnica e sob essa concep\u00e7\u00e3o espec\u00edfica, a tecnologia s\u00f3 tem efeito em conjunto com a a\u00e7\u00e3o humana, com as estruturas sociais e as organiza\u00e7\u00f5es. A partir disso, quando ocorre uma transi\u00e7\u00e3o, essa n\u00e3o envolve apenas a mudan\u00e7a de uma tecnologia para outra, mas tamb\u00e9m mudan\u00e7as em outros elementos como regulamenta\u00e7\u00f5es, infraestruturas, padr\u00f5es culturais etc. (GEELS, 2002). A transi\u00e7\u00e3o sociot\u00e9cnica envolve mudan\u00e7as de longo alcance atrav\u00e9s de diferentes dimens\u00f5es: tecnol\u00f3gica, material, organizacional, institucional, pol\u00edtica, econ\u00f4mica e sociocultural (MARKARD et al., 2012).<br \/>\nOs estudos que envolvem transi\u00e7\u00e3o, com o passar dos anos receberam contribui\u00e7\u00f5es interdisciplinares que transcendem os limites da \u00e1rea da inova\u00e7\u00e3o e percorre a hist\u00f3ria, a ecologia, a sociologia, os estudos de pol\u00edtica, dentre outros (LOORBACH e ROTMANS, 2001). Da mesma forma, com o passar do tempo, foram sendo elaborados diferentes modelos de an\u00e1lise para a compreens\u00e3o de como ocorrem as transi\u00e7\u00f5es. Dentre esses modelos, s\u00e3o destaque a Perspectiva Multin\u00edvel, a Gest\u00e3o Estrat\u00e9gica de Nicho, a Gest\u00e3o de Transi\u00e7\u00e3o, os Sistemas de Inova\u00e7\u00e3o, o Paradigma T\u00e9cnico-econ\u00f4mico e as Transi\u00e7\u00f5es S\u00f3cio-metab\u00f3licas (LACHMAN, 2013).<br \/>\nEntre os frameworks mencionados, observa-se na atualidade que h\u00e1 uma predile\u00e7\u00e3o pela Perspectiva Multin\u00edvel (PMN). O framework PMN recebe a aten\u00e7\u00e3o de muitos estudiosos e \u00e9 observado como ferramenta estrat\u00e9gica para decisores pol\u00edticos. Est\u00e1 ser\u00e1 a teoria base de an\u00e1lise dos processos de transi\u00e7\u00e3o.<\/p>\n<p>Objetivos:<\/p>\n<p>Geral:<\/p>\n<p>Analisar a trajet\u00f3ria dos regimes sociot\u00e9cnicos agroindustriais da Campanha Ga\u00facha.<\/p>\n<p>Espec\u00edficos:<\/p>\n<p>a. Descrever brevemente os regimes sociot\u00e9cnicos presentes na Campanha Ga\u00facha, a exemplo a pecu\u00e1ria (bovino e ovino), a orizicultura, a cultura da soja e a olivicultura.<\/p>\n<p>b. Descrever a evolu\u00e7\u00e3o dos regime sociot\u00e9cnicos agroindustriais na Campanha Ga\u00facha;<\/p>\n<p>c. Identificar os fatores sociot\u00e9cnicos que contribuem para a ado\u00e7\u00e3o dos regimes sociot\u00e9cnicos;<\/p>\n<p>d. Identificar as combina\u00e7\u00f5es de fatores sociot\u00e9cnicos e como eles evoluem ao longo do tempo.<\/p>\n","protected":false},"excerpt":{"rendered":"<p>O presente trabalho prop\u00f5e elucidar os caminhos que conduzem a compreens\u00e3o sobre a \u201ctrajet\u00f3ria inovadora dos regimes sociot\u00e9cmicos presentes na campanha ga\u00facha\u201d. Nesse sentido observa-se que muitos estudos sobre inova\u00e7\u00e3o tecnol\u00f3gica prop\u00f5em um tema que aborda mudan\u00e7a, uma altera\u00e7\u00e3o de &hellip; <a href=\"https:\/\/wp.ufpel.edu.br\/gpeia\/transicao-tecnologica-no-agronegocio\/\">Continue lendo <span class=\"meta-nav\">&rarr;<\/span><\/a><\/p>\n","protected":false},"author":212,"featured_media":0,"parent":0,"menu_order":0,"comment_status":"closed","ping_status":"closed","template":"","meta":{"footnotes":""},"class_list":["post-577","page","type-page","status-publish","hentry"],"_links":{"self":[{"href":"https:\/\/wp.ufpel.edu.br\/gpeia\/wp-json\/wp\/v2\/pages\/577","targetHints":{"allow":["GET"]}}],"collection":[{"href":"https:\/\/wp.ufpel.edu.br\/gpeia\/wp-json\/wp\/v2\/pages"}],"about":[{"href":"https:\/\/wp.ufpel.edu.br\/gpeia\/wp-json\/wp\/v2\/types\/page"}],"author":[{"embeddable":true,"href":"https:\/\/wp.ufpel.edu.br\/gpeia\/wp-json\/wp\/v2\/users\/212"}],"replies":[{"embeddable":true,"href":"https:\/\/wp.ufpel.edu.br\/gpeia\/wp-json\/wp\/v2\/comments?post=577"}],"version-history":[{"count":5,"href":"https:\/\/wp.ufpel.edu.br\/gpeia\/wp-json\/wp\/v2\/pages\/577\/revisions"}],"predecessor-version":[{"id":893,"href":"https:\/\/wp.ufpel.edu.br\/gpeia\/wp-json\/wp\/v2\/pages\/577\/revisions\/893"}],"wp:attachment":[{"href":"https:\/\/wp.ufpel.edu.br\/gpeia\/wp-json\/wp\/v2\/media?parent=577"}],"curies":[{"name":"wp","href":"https:\/\/api.w.org\/{rel}","templated":true}]}}