{"id":427,"date":"2014-12-30T15:58:52","date_gmt":"2014-12-30T17:58:52","guid":{"rendered":"https:\/\/wp.ufpel.edu.br\/gpeia\/?page_id=427"},"modified":"2017-07-20T22:04:01","modified_gmt":"2017-07-21T01:04:01","slug":"congressos","status":"publish","type":"page","link":"https:\/\/wp.ufpel.edu.br\/gpeia\/congressos\/","title":{"rendered":"Inicia\u00e7\u00e3o Cientifica"},"content":{"rendered":"<div class=\"layout-cell layout-cell-1 text-align-right\">\n<p class=\"layout-cell-pad-5 text-align-right\">NAZI, R. M. ; CARDOSO, C. S. ; YUNES, G. H. ; SCOPONI, L. M. ; LEAL, W. S. ; DIAS, M. F. P. . DEMANDAS INSTITUCIONAIS \u00c0 CADEIA DA CARNE BOVINA.\u00a0In: XXIV Congresso de Inicia\u00e7\u00e3o Cient\u00edfica da UFPel, 2015, Pelotas.<\/p>\n<p>Link para download:\u00a0<a href=\"https:\/\/wp.ufpel.edu.br\/gpeia\/congressos\/demandas-institucionais-a-cadeia-da-carne-bovina\/\">DEMANDAS INSTITUCIONAIS \u00c0 CADEIA DA CARNE BOVINA<\/a><\/p>\n<p class=\"layout-cell-pad-5 text-align-right\">CARDOSO, C. S. ; YUNES, G. H. ; SCOPONI, L. M. ; NAZI, R. M. ; LEAL, W. S. ; DIAS, M. F. P. .\u00a0ESTRUTURA DE RELACIONAMENTOS NA CADEIA DA CARNE DO COREDE-SUL. In: XXIV Congresso de Inicia\u00e7\u00e3o Cient\u00edfica da UFPel, 2015, Pelotas.<\/p>\n<p>Link para download:\u00a0<a href=\"https:\/\/wp.ufpel.edu.br\/gpeia\/congressos\/estrutura-de-relacionamentos-na-cadeia-da-carne-do-corede_sul\/\">ESTRUTURA DE RELACIONAMENTOS NA CADEIA DA CARNE DO COREDE_SUL<\/a><\/p>\n<p class=\"layout-cell-pad-5 text-align-right\">LEAL, W. S. ; CARDOSO, C. S. ; YUNES, G. H. ; SCOPONI, L. M. ; NAZI, R. M. ; DIAS, M. F. P. .\u00a0AN\u00c1LISE COMPARATIVA DOS PADR\u00d5ES DE REDE DE PROFESSORES ATUANDO NO AGRONEG\u00d3CIO: UFPEL E UNS. In: XXIV Congresso de Inicia\u00e7\u00e3o Cient\u00edfica da UFPel, 2015, Pelotas.<\/p>\n<p>Link para download:\u00a0<a href=\"https:\/\/wp.ufpel.edu.br\/gpeia\/congressos\/analise-comparativa-dos-padroes-de-rede-de-professores-atuando-no-agronegocio-ufpel-e-uns\/\">AN\u00c1LISE COMPARATIVA DOS PADR\u00d5ES DE REDE DE PROFESSORES ATUANDO NO AGRONEG\u00d3CIO- UFPEL E UNS<\/a><\/p>\n<\/div>\n<p style=\"text-align: justify\">SILVEIRA, B. R. ; CARDOSO, C. S. ; YUNES, G. H. ; SCOPONI, L. M. ; DIAS, M. F. P. . V\u00cdNCULO ENTRE UNIVERSIDADES E O SETOR PRODUTIVO NO AGRONEG\u00d3CIO. In: 2 SIMP\u00d3SIO DA CI\u00caNCIA DO AGRONEG\u00d3CIO, 2014, Porto Alegre. 2 SIMP\u00d3SIO DA CI\u00caNCIA DO AGRONEG\u00d3CIO, 2014.<\/p>\n<p>Link para download: <a href=\"https:\/\/wp.ufpel.edu.br\/gpeia\/congressos\/inculo-entre-universidades-e-o-setor-produtivo-no-agronegocio\/\">V\u00cdNCULO ENTRE UNIVERSIDADES E O SETOR PRODUTIVO NO AGRONEG\u00d3CIO<\/a><\/p>\n<p style=\"text-align: justify\">SILVEIRA, B. R. ; MACHADO, T. T. ; LEAL, W. S. ; SCOPONI L. M. ; DIAS, M. F. P. . NEOINSTITUCIONALISMO SOCIOL\u00d3GICO: UMA ABORDAGEM PARA OS AGRONEG\u00d3CIOS. In: 23\u00ba Congresso de Inicia\u00e7\u00e3o Cient\u00edfica, 2014, Pelotas. Sal\u00e3o Universit\u00e1rio da Universidade Cat\u00f3lica de Pelotas, 2014.<\/p>\n<p>Link para download:<\/p>\n<p style=\"text-align: justify\">MACHADO, T. T. ; SILVEIRA, B. R. ; DIAS, M. F. P. . DIN\u00c2MICA DAS INOVA\u00c7\u00d5ES SUSTENT\u00c1VEIS NO AGRONEG\u00d3CIO ORIZ\u00cdCOLA DO RIO GRANDE DO SUL, URUGUAI E PORTUGAL. In: XXIII Congresso de Inicia\u00e7\u00e3o Cient\u00edfica da Universidade Federal de Pelotas, 2014, Pelotas. Anais do XXIII Congresso de Inicia\u00e7\u00e3o Cient\u00edfica, 2014., 2014.<\/p>\n<p>Link para download:<a href=\"https:\/\/wp.ufpel.edu.br\/gpeia\/congressos\/dinamica-das-inovacoes-sustentaveis-no-agronegocio-orizicola-do-rio-grande-do-sul-uruguai-e-portugal\/\">DIN\u00c2MICA DAS INOVA\u00c7\u00d5ES SUSTENT\u00c1VEIS NO AGRONEG\u00d3CIO ORIZ\u00cdCOLA DO RIO GRANDE DO SUL, URUGUAI E PORTUGAL<\/a><\/p>\n<p>MACHADO, T. ; DIAS, Marcelo Fernandes Pacheco ; SCOPONI, Liliana ; GZAIN, Matias ; SCHMIDT, A. ; PESCE, G. . RELA\u00c7\u00c3O UNIVERSIDADE &#8211; EMPRESA: AN\u00c1LISE DAS POSSIBILIDADES DE TRANSFER\u00caNCIA TECNOL\u00d3GICA PARA A GEST\u00c3O DO AGRONEG\u00d3CIO. In: XXII Congresso de Inicia\u00e7\u00e3o Cient\u00edfica da UFPel, 2013, Pelotas. XXII Congresso de Inicia\u00e7\u00e3o Cient\u00edfica da UFPel, 2013.<\/p>\n<p>Link para download: <a href=\"https:\/\/wp.ufpel.edu.br\/gpeia\/congressos\/relacao-universidade-empresa-analise-das-possibilidades-de-transferencia-tecnologica-para-a-gestao-do-agronegocio\/\">RELA\u00c7\u00c3O UNIVERSIDADE &#8211; EMPRESA- AN\u00c1LISE DAS POSSIBILIDADES DE TRANSFER\u00caNCIA TECNOL\u00d3GICA PARA A GEST\u00c3O DO AGRONEG\u00d3CIO<\/a>.<\/p>\n<p style=\"text-align: justify\">DIAS, Marcelo Fernandes Pacheco ; Gioieli, Elisa . AGLOMERADO DAS FLORES ORNAMENTAIS DE PELOTAS E REGI\u00c3O. In: XIV ENPOS &#8211; Encontro de P\u00f3s-gradu\u00e7\u00e3o UFPel, 2012, Pelotas. XIV ENPOS, 2012.<\/p>\n<p>Link para download:\u00a0<a href=\"https:\/\/wp.ufpel.edu.br\/gpeia\/congressos\/aglomerado-das-flores-ornamentais-de-pelotas-e-regiao\/\">AGLOMERADO DAS FLORES ORNAMENTAIS DE PELOTAS E REGI\u00c3O<\/a><\/p>\n<p style=\"text-align: justify\">DIAS, Marcelo Fernandes Pacheco ; MONKS, V. ; ANTUNES, G. M. . IDENTIFICA\u00c7\u00c3O DA CONFIGURA\u00c7\u00c3O DE\u00a0REGRAS PARA INOVA\u00c7\u00c3O: ESTUDO DO CASO DO PROCESSO DE ADO\u00c7\u00c3O DA PRODU\u00c7\u00c3O ORG\u00c2NICA VINCULADA AO NEMA. In: Congresso de Inicia\u00e7\u00e3o Cient\u00edfica, 2012, Pelotas. Congresso de Inicia\u00e7\u00e3o Cient\u00edfica &#8211; UFPel, 2012.<\/p>\n<p>Link para download:<a href=\"https:\/\/wp.ufpel.edu.br\/gpeia\/congressos\/identificacao-da-configuracao-de-regras-a-inovacao-estudo-de-caso-da-producao-de-arroz-organico-vinculado-ao-nema\/\"> IDENTIFICA\u00c7\u00c3O DA CONFIGURA\u00c7\u00c3O DE REGRAS \u00c0 INOVA\u00c7\u00c3O-ESTUDO DE CASO DA PRODU\u00c7\u00c3O DE ARROZ ORG\u00c2NICO VINCULADO AO NEMA.<\/a><\/p>\n<p style=\"text-align: justify\">DIAS, Marcelo Fernandes Pacheco ; ANTUNES, G. M. ; MONKS, V. . INOVA\u00c7\u00c3O EM SISTEMAS DE PRODU\u00c7\u00c3O DE ARROZ ORG\u00c2NICO NO RIO GRANDE DO SUL. In: Congresso de inicia\u00e7\u00e3o Cient\u00edfica UFPel, 2012, Pelotas. Congresso de inicia\u00e7\u00e3o Cient\u00edfica UFPel, 2012.<\/p>\n<p>Link para download:<a href=\"https:\/\/wp.ufpel.edu.br\/gpeia\/congressos\/inovacao-em-sistemas-de-producao-de-arroz-organico-no-rio-grande-do-sul-3\/\">\u00a0Inova\u00e7\u00e3o em sistemas de produ\u00e7\u00e3o de arroz org\u00e2nico no Rio Grande do Sul.<\/a><\/p>\n<p style=\"text-align: justify\">DIAS, Marcelo Fernandes Pacheco . REGRAS PARA INOVA\u00c7\u00c3O: ESTUDO DE CASO DO PROCESSO DE IMPLANTA\u00c7\u00c3O DA TECNOLOGIA DE PRODU\u00c7\u00c3O ORG\u00c2NICA DE ARROZ. In: XX Congresso de Inicia\u00e7\u00e3o Cient\u00edfica da UFPel, 2011, Pelotas. XX Congresso de Inicia\u00e7\u00e3o Cient\u00edfica da UFPel, 2011.<\/p>\n<p>Link para download:<a href=\"https:\/\/wp.ufpel.edu.br\/gpeia\/congressos\/regras-para-inovacao-estudo-de-caso-do-processo-de-implantacao-da-tecnologia-de-producao-organica-de-arroz\/\">REGRAS PARA INOVA\u00c7\u00c3O: ESTUDO DE CASO DO PROCESSO DE IMPLANTA\u00c7\u00c3O DA TECNOLOGIA DE PRODU\u00c7\u00c3O ORG\u00c2NICA DE ARROZ.<\/a><\/p>\n<p style=\"text-align: justify\"><strong>RESUMOS SIMPLES:<\/strong><\/p>\n<p style=\"text-align: justify\">ANICET, CRISTINA NUNES ; DIAS, Marcelo Fernandes Pacheco ; PEDROZO, Eugenio Avila . Principais pa\u00edses produtores sul-americanos de arroz. In: XXI Sal\u00e3o de Inicia\u00e7\u00e3o Cient\u00edfica, 2009, Porto Alegre. XXI Sal\u00e3o de Inicia\u00e7\u00e3o Cient\u00edfica, 2009.<\/p>\n<p style=\"text-align: justify\">DIAS, Marcelo Fernandes Pacheco ; Ivone Junkes . AN\u00c1LISE DA CADEIA PRODUTIVA DO ARROZ NO SUL DE SANTA CATARINA. In: 58 Reuni\u00e3o Anual da SPC, 2006, Florian\u00f3polis. 58 Reuni\u00e3o Anual da SPC, 2006.<\/p>\n","protected":false},"excerpt":{"rendered":"<p>NAZI, R. M. ; CARDOSO, C. S. ; YUNES, G. H. ; SCOPONI, L. M. ; LEAL, W. S. ; DIAS, M. F. P. . DEMANDAS INSTITUCIONAIS \u00c0 CADEIA DA CARNE BOVINA.\u00a0In: XXIV Congresso de Inicia\u00e7\u00e3o Cient\u00edfica da UFPel, 2015, &hellip; <a href=\"https:\/\/wp.ufpel.edu.br\/gpeia\/congressos\/\">Continue lendo <span class=\"meta-nav\">&rarr;<\/span><\/a><\/p>\n","protected":false},"author":212,"featured_media":0,"parent":0,"menu_order":0,"comment_status":"closed","ping_status":"closed","template":"","meta":{"footnotes":""},"class_list":["post-427","page","type-page","status-publish","hentry"],"_links":{"self":[{"href":"https:\/\/wp.ufpel.edu.br\/gpeia\/wp-json\/wp\/v2\/pages\/427","targetHints":{"allow":["GET"]}}],"collection":[{"href":"https:\/\/wp.ufpel.edu.br\/gpeia\/wp-json\/wp\/v2\/pages"}],"about":[{"href":"https:\/\/wp.ufpel.edu.br\/gpeia\/wp-json\/wp\/v2\/types\/page"}],"author":[{"embeddable":true,"href":"https:\/\/wp.ufpel.edu.br\/gpeia\/wp-json\/wp\/v2\/users\/212"}],"replies":[{"embeddable":true,"href":"https:\/\/wp.ufpel.edu.br\/gpeia\/wp-json\/wp\/v2\/comments?post=427"}],"version-history":[{"count":20,"href":"https:\/\/wp.ufpel.edu.br\/gpeia\/wp-json\/wp\/v2\/pages\/427\/revisions"}],"predecessor-version":[{"id":749,"href":"https:\/\/wp.ufpel.edu.br\/gpeia\/wp-json\/wp\/v2\/pages\/427\/revisions\/749"}],"wp:attachment":[{"href":"https:\/\/wp.ufpel.edu.br\/gpeia\/wp-json\/wp\/v2\/media?parent=427"}],"curies":[{"name":"wp","href":"https:\/\/api.w.org\/{rel}","templated":true}]}}