{"id":425,"date":"2014-12-30T15:57:59","date_gmt":"2014-12-30T17:57:59","guid":{"rendered":"https:\/\/wp.ufpel.edu.br\/gpeia\/?page_id=425"},"modified":"2022-02-24T10:57:25","modified_gmt":"2022-02-24T13:57:25","slug":"capitulos-publicados","status":"publish","type":"page","link":"https:\/\/wp.ufpel.edu.br\/gpeia\/capitulos-publicados\/","title":{"rendered":"Cap\u00edtulos Publicados"},"content":{"rendered":"<p>PEDROZO, Eugenio Avila ; Dias, Marcelo Fernandes Pacheco ; Abreu, M\u00f4nica C.S. de . MultiTheoretical Analysis in Organizational and Strategic Configurational Changes: Using Mixed Methods with Multilevel Rules for Innovation. In: Catherine L. Wang; David J. Ketchen; Donald D. Bergh. (Org.). Research Methodology in Strategy and Management. 1ed.Bingley, Reino Unido: Emerald Group Publishing, 2012, v. 7, p. 265-305.<\/p>\n<p>Scoponi, L., Pacheco Dias, M., Pesce, G., Gzain, M., y Schmidt, A. (2017). Universidad y agronegocios: An\u00e1lisis de centralidad en redes de colaboraci\u00f3n cient\u00edfico tecnol\u00f3gica de Argentina y Brasil. En, Codner, D. y Garrido, c. (Coords). Consolidando acciones cooperativas para la relaci\u00f3n de las Universidades con el mundo productivo em el espacio ALCUE (pp. 192-207). Ciudad de M\u00e9xico, M\u00e9xico: Red Universidad-Empresa ALCUE &#8211; UDUAL.<\/p>\n<p>Link para download:<a href=\"https:\/\/wp.ufpel.edu.br\/gpeia\/files\/2014\/12\/libro-consolidando-acciones-cooperativas-para-la-relacionan-de-las-universidades-com-el-mundo-productivo-1.pdf\">https:\/\/wp.ufpel.edu.br\/gpeia\/files\/2014\/12\/libro-consolidando-acciones-cooperativas-para-la-relacionan-de-las-universidades-com-el-mundo-productivo-1.pdf<\/a><\/p>\n<div class=\"layout-cell layout-cell-11\"><\/div>\n<div class=\"layout-cell-pad-5\"><\/div>\n<div>\n<div class=\"layout-cell layout-cell-11\"><\/div>\n<div class=\"layout-cell layout-cell-11\">\n<div>\n<p>NORI, M. ; PINEIRO, V. ; SCOPONI, Liliana ;\u00a0DIAS, Marcelo Fernandes Pacheco\u00a0; DURAN, R. . Demandas contextuales para la competitividad y sustentabilidad de la ganaderer\u00eda bovina: principales contrastes entre Argentina y Brasil. In: Liliana Scoponi; Marcelo Fernandes Pacheco Dias; Gabriela Pesce. (Org.). UNIVERSIDADE Y AGRONEGOCIOS: V\u00ednculos para la innovaci\u00f3n y el desarrollo territorial. 1ed.Bahia Blanca: Editorial de La universidad Nacional del Sur, 2016, v. 1, p. 83-164.<\/p>\n<p>Link para download:\u00a0<a href=\"https:\/\/wp.ufpel.edu.br\/gpeia\/files\/2014\/12\/Universidade-y-Agronegocios.pdf\">https:\/\/wp.ufpel.edu.br\/gpeia\/files\/2014\/12\/Universidade-y-Agronegocios.pdf<\/a><\/p>\n<p>SCOPONI, Liliana ;\u00a0DIAS, Marcelo Fernandes Pacheco\u00a0; PESCE, Gabriela ; DURAN, R. ; SCHIMIDT, M. A. ; GZAIN, M. . redes de cooperaci\u00f3n cient\u00edfica-tecnol\u00f3gica para la innovaci\u00f3n en Agronegocios em dos universidades latiino americanas. In: Liliana Scoponi; Marcelo Fernandes Pacheco Dias; Gabriela Pesce. (Org.). UNIVERSIDADE Y AGRONEGOCIOS: V\u00ednculos para la innovaci\u00f3n y el desarrollo territorial. 1ed.Bahia Blanca: Editorial de la Universidad Nacional del Sur, 2016, v. 1, p. 165-212.<\/p>\n<p>Link para download:\u00a0<a href=\"https:\/\/wp.ufpel.edu.br\/gpeia\/files\/2014\/12\/Universidade-y-Agronegocios.pdf\">https:\/\/wp.ufpel.edu.br\/gpeia\/files\/2014\/12\/Universidade-y-Agronegocios.pdf<\/a><\/p>\n<p>SCOPONI, Liliana ;\u00a0DIAS, Marcelo Fernandes Pacheco\u00a0; PESCE, Gabriela ; DURAN, R. ; SCHIMIDT, M. A. ; GZAIN, M. . Framework para el an\u00e1lisis de la relaci\u00f3n universidad-agronegocios en contexto latino americano. In: Liliana Scoponi; Marcelo Fernandes Pacheco Dias; Gabriela Pesce. (Org.). UNIVERSIDADE Y AGRONEGOCIOS: V\u00ednculos para la innovaci\u00f3n y el desarrollo territorial. 1ed.Bahia Blanca: Editorial de la Universidad Nacional del Sur, 2016, v. 1, p. 213-258.<\/p>\n<p>Link para download:\u00a0<a href=\"https:\/\/wp.ufpel.edu.br\/gpeia\/files\/2014\/12\/Universidade-y-Agronegocios.pdf\">https:\/\/wp.ufpel.edu.br\/gpeia\/files\/2014\/12\/Universidade-y-Agronegocios.pdf<\/a><\/p>\n<p>SCOPONI, Liliana ;\u00a0DIAS, Marcelo Fernandes Pacheco\u00a0; PESCE, Gabriela ; DURAN, R. ; SCHIMIDT, M. A. ; GZAIN, M. . Evaluacion del desempenho de la tercera mision en el campo de los agronegocios. Estudio comparado entre dos universidades de Argentina y Brasil. In: Liliana Scoponi; Marcelo Fernandes Pacheco Dias; Gabriela Pesce. (Org.). UNIVERSIDADE Y AGRONEGOCIOS: V\u00ednculos para la innovaci\u00f3n y el desarrollo territorial. 1ed.Bahia Blanca: Editora de la Universidade Nacional del Sur, 2016, v. 1, p. 259-320.<\/p>\n<p>Link para download:\u00a0<a href=\"https:\/\/wp.ufpel.edu.br\/gpeia\/files\/2014\/12\/Universidade-y-Agronegocios.pdf\">https:\/\/wp.ufpel.edu.br\/gpeia\/files\/2014\/12\/Universidade-y-Agronegocios.pdf<\/a><\/p>\n<p>SCOPONI, Liliana\u00a0;\u00a0DIAS, Marcelo Fernandes Pacheco\u00a0;\u00a0PESCE, G.\u00a0; GZAIN, M. ; SCHMIDT, A. . Universidad y agronegocios: An\u00e1lisis de centralidad en redes de colaboraci\u00f3n cient\u00edfico-tecnol\u00f3gica de Argentina y Brasil. In: Dar\u00edo Gabriel Codner y Celso Garrido Noguera. (Org.). Consolidando acciones cooperativas para la relaci\u00f3n de las universidades con el mundo productivo en el espacio ALCUE. 1ed.: UDUAL &#8211; RedUE ALCUE, 2017, v. 1, p. 192-207.<\/p>\n<div><\/div>\n<\/div>\n<\/div>\n<\/div>\n","protected":false},"excerpt":{"rendered":"<p>PEDROZO, Eugenio Avila ; Dias, Marcelo Fernandes Pacheco ; Abreu, M\u00f4nica C.S. de . MultiTheoretical Analysis in Organizational and Strategic Configurational Changes: Using Mixed Methods with Multilevel Rules for Innovation. In: Catherine L. Wang; David J. Ketchen; Donald D. Bergh. &hellip; <a href=\"https:\/\/wp.ufpel.edu.br\/gpeia\/capitulos-publicados\/\">Continue lendo <span class=\"meta-nav\">&rarr;<\/span><\/a><\/p>\n","protected":false},"author":212,"featured_media":0,"parent":0,"menu_order":0,"comment_status":"closed","ping_status":"closed","template":"","meta":{"footnotes":""},"class_list":["post-425","page","type-page","status-publish","hentry"],"_links":{"self":[{"href":"https:\/\/wp.ufpel.edu.br\/gpeia\/wp-json\/wp\/v2\/pages\/425","targetHints":{"allow":["GET"]}}],"collection":[{"href":"https:\/\/wp.ufpel.edu.br\/gpeia\/wp-json\/wp\/v2\/pages"}],"about":[{"href":"https:\/\/wp.ufpel.edu.br\/gpeia\/wp-json\/wp\/v2\/types\/page"}],"author":[{"embeddable":true,"href":"https:\/\/wp.ufpel.edu.br\/gpeia\/wp-json\/wp\/v2\/users\/212"}],"replies":[{"embeddable":true,"href":"https:\/\/wp.ufpel.edu.br\/gpeia\/wp-json\/wp\/v2\/comments?post=425"}],"version-history":[{"count":9,"href":"https:\/\/wp.ufpel.edu.br\/gpeia\/wp-json\/wp\/v2\/pages\/425\/revisions"}],"predecessor-version":[{"id":962,"href":"https:\/\/wp.ufpel.edu.br\/gpeia\/wp-json\/wp\/v2\/pages\/425\/revisions\/962"}],"wp:attachment":[{"href":"https:\/\/wp.ufpel.edu.br\/gpeia\/wp-json\/wp\/v2\/media?parent=425"}],"curies":[{"name":"wp","href":"https:\/\/api.w.org\/{rel}","templated":true}]}}