{"id":42,"date":"2013-01-07T15:14:06","date_gmt":"2013-01-07T17:14:06","guid":{"rendered":"https:\/\/wp.ufpel.edu.br\/gpeia\/?page_id=42"},"modified":"2022-02-27T10:03:48","modified_gmt":"2022-02-27T13:03:48","slug":"projetos","status":"publish","type":"page","link":"https:\/\/wp.ufpel.edu.br\/gpeia\/projetos\/","title":{"rendered":"Projetos"},"content":{"rendered":"<p><a href=\"https:\/\/wp.ufpel.edu.br\/gpeia\/inovacao-estrategia-e-sustentabilidade-no-agronegocio\/\">Inova\u00e7\u00e3o, Estrat\u00e9gia e Sustentabilidade no Agroneg\u00f3cio<\/a> [Em andamento]<\/p>\n<p><a href=\"https:\/\/wp.ufpel.edu.br\/gpeia\/nichos-socio-tecnologicos-rurais\/\">Nichos S\u00f3cio Tecnol\u00f3gicos Rurais<\/a> [Em andamento]<\/p>\n<p><a href=\"https:\/\/wp.ufpel.edu.br\/gpeia\/redes-rurais-formacao-evolucao-governanca-e-configuracoes\/\">Redes Rurais: Forma\u00e7\u00e3o, Evolu\u00e7\u00e3o, Governan\u00e7a e Configura\u00e7\u00f5es<\/a> [Em andamento]<\/p>\n<p><a href=\"https:\/\/wp.ufpel.edu.br\/gpeia\/analisis-de-las-posibilidades-de-transferencia-tecnologica-para-la-gestion-del-agronegocio\/\">An\u00e1lisis de Las Posibilidades de Transferencia Tecnol\u00f3gica para la Gesti\u00f3n del Agronegocio.<\/a>\u00a0 [Conclu\u00eddo]<\/p>\n<p><a href=\"https:\/\/wp.ufpel.edu.br\/gpeia\/dinamica-da-inovacao-agronegocio-do-arroz\/\">Din\u00e2mica da Inova\u00e7\u00e3o \u2013 Agroneg\u00f3cio do Arroz<\/a>. [Conclu\u00eddo]<\/p>\n<p><a href=\"https:\/\/wp.ufpel.edu.br\/gpeia\/redes-no-agronegocio-formacao-evolucao-governanca-e-configuracoes\/\">Redes no agroneg\u00f3cio: Forma\u00e7\u00e3o, evolu\u00e7\u00e3o, governan\u00e7a e configura\u00e7\u00f5es<\/a> [Conclu\u00eddo]<\/p>\n<p><a href=\"https:\/\/wp.ufpel.edu.br\/gpeia\/transicao-tecnologica-no-agronegocio\/\">Transi\u00e7\u00e3o (S\u00f3cio) Tecnol\u00f3gica no Agroneg\u00f3cio.<\/a> [Conclu\u00eddo]<\/p>\n<p><a href=\"https:\/\/wp.ufpel.edu.br\/gpeia\/elaboracao-de-um-plano-de-desenvolvimento-do-apl-alimentos-por-meio-de-uma-metodologia-participativa\/\">Elabora\u00e7\u00e3o de um plano de desenvolvimento do APL Alimentos, por meio de uma metodologia participativa.<\/a>[Conclu\u00eddo]<\/p>\n","protected":false},"excerpt":{"rendered":"<p>Inova\u00e7\u00e3o, Estrat\u00e9gia e Sustentabilidade no Agroneg\u00f3cio [Em andamento] Nichos S\u00f3cio Tecnol\u00f3gicos Rurais [Em andamento] Redes Rurais: Forma\u00e7\u00e3o, Evolu\u00e7\u00e3o, Governan\u00e7a e Configura\u00e7\u00f5es [Em andamento] An\u00e1lisis de Las Posibilidades de Transferencia Tecnol\u00f3gica para la Gesti\u00f3n del Agronegocio.\u00a0 [Conclu\u00eddo] Din\u00e2mica da Inova\u00e7\u00e3o \u2013 &hellip; <a href=\"https:\/\/wp.ufpel.edu.br\/gpeia\/projetos\/\">Continue lendo <span class=\"meta-nav\">&rarr;<\/span><\/a><\/p>\n","protected":false},"author":212,"featured_media":0,"parent":0,"menu_order":0,"comment_status":"closed","ping_status":"closed","template":"","meta":{"footnotes":""},"class_list":["post-42","page","type-page","status-publish","hentry"],"_links":{"self":[{"href":"https:\/\/wp.ufpel.edu.br\/gpeia\/wp-json\/wp\/v2\/pages\/42","targetHints":{"allow":["GET"]}}],"collection":[{"href":"https:\/\/wp.ufpel.edu.br\/gpeia\/wp-json\/wp\/v2\/pages"}],"about":[{"href":"https:\/\/wp.ufpel.edu.br\/gpeia\/wp-json\/wp\/v2\/types\/page"}],"author":[{"embeddable":true,"href":"https:\/\/wp.ufpel.edu.br\/gpeia\/wp-json\/wp\/v2\/users\/212"}],"replies":[{"embeddable":true,"href":"https:\/\/wp.ufpel.edu.br\/gpeia\/wp-json\/wp\/v2\/comments?post=42"}],"version-history":[{"count":21,"href":"https:\/\/wp.ufpel.edu.br\/gpeia\/wp-json\/wp\/v2\/pages\/42\/revisions"}],"predecessor-version":[{"id":974,"href":"https:\/\/wp.ufpel.edu.br\/gpeia\/wp-json\/wp\/v2\/pages\/42\/revisions\/974"}],"wp:attachment":[{"href":"https:\/\/wp.ufpel.edu.br\/gpeia\/wp-json\/wp\/v2\/media?parent=42"}],"curies":[{"name":"wp","href":"https:\/\/api.w.org\/{rel}","templated":true}]}}