{"id":123,"date":"2013-03-12T00:02:05","date_gmt":"2013-03-12T03:02:05","guid":{"rendered":"https:\/\/wp.ufpel.edu.br\/gpeia\/?page_id=123"},"modified":"2018-04-09T14:08:40","modified_gmt":"2018-04-09T17:08:40","slug":"publicacoes","status":"publish","type":"page","link":"https:\/\/wp.ufpel.edu.br\/gpeia\/publicacoes\/","title":{"rendered":"Publica\u00e7\u00f5es"},"content":{"rendered":"<p><a title=\"Artigos\" href=\"https:\/\/wp.ufpel.edu.br\/gpeia\/artigos-2\/\">Artigos<\/a><\/p>\n<p><a href=\"https:\/\/wp.ufpel.edu.br\/gpeia\/congressos\/\">Inicia\u00e7\u00e3o Cientifica<\/a><\/p>\n<p><a title=\"Cap\u00edtulos Publicados\" href=\"https:\/\/wp.ufpel.edu.br\/gpeia\/capitulos-publicados\/\">Cap\u00edtulos Publicados<\/a><\/p>\n<p><a href=\"https:\/\/wp.ufpel.edu.br\/gpeia\/monografias\/\">Monografias\u00a0<\/a><\/p>\n<p><a href=\"https:\/\/wp.ufpel.edu.br\/gpeia\/dissertacoes\/\">Disserta\u00e7\u00f5es<\/a><\/p>\n<p><a href=\"https:\/\/wp.ufpel.edu.br\/gpeia\/livros\/\">Livros<\/a><\/p>\n","protected":false},"excerpt":{"rendered":"<p>Artigos Inicia\u00e7\u00e3o Cientifica Cap\u00edtulos Publicados Monografias\u00a0 Disserta\u00e7\u00f5es Livros<\/p>\n","protected":false},"author":212,"featured_media":0,"parent":0,"menu_order":0,"comment_status":"closed","ping_status":"closed","template":"","meta":{"footnotes":""},"class_list":["post-123","page","type-page","status-publish","hentry"],"_links":{"self":[{"href":"https:\/\/wp.ufpel.edu.br\/gpeia\/wp-json\/wp\/v2\/pages\/123","targetHints":{"allow":["GET"]}}],"collection":[{"href":"https:\/\/wp.ufpel.edu.br\/gpeia\/wp-json\/wp\/v2\/pages"}],"about":[{"href":"https:\/\/wp.ufpel.edu.br\/gpeia\/wp-json\/wp\/v2\/types\/page"}],"author":[{"embeddable":true,"href":"https:\/\/wp.ufpel.edu.br\/gpeia\/wp-json\/wp\/v2\/users\/212"}],"replies":[{"embeddable":true,"href":"https:\/\/wp.ufpel.edu.br\/gpeia\/wp-json\/wp\/v2\/comments?post=123"}],"version-history":[{"count":38,"href":"https:\/\/wp.ufpel.edu.br\/gpeia\/wp-json\/wp\/v2\/pages\/123\/revisions"}],"predecessor-version":[{"id":939,"href":"https:\/\/wp.ufpel.edu.br\/gpeia\/wp-json\/wp\/v2\/pages\/123\/revisions\/939"}],"wp:attachment":[{"href":"https:\/\/wp.ufpel.edu.br\/gpeia\/wp-json\/wp\/v2\/media?parent=123"}],"curies":[{"name":"wp","href":"https:\/\/api.w.org\/{rel}","templated":true}]}}