{"id":1030,"date":"2024-10-10T11:38:47","date_gmt":"2024-10-10T14:38:47","guid":{"rendered":"https:\/\/wp.ufpel.edu.br\/gpeia\/?page_id=1030"},"modified":"2024-12-04T10:09:05","modified_gmt":"2024-12-04T13:09:05","slug":"escola-de-inovacao-transformadora","status":"publish","type":"page","link":"https:\/\/wp.ufpel.edu.br\/gpeia\/escola-de-inovacao-transformadora\/","title":{"rendered":"Escola de Inova\u00e7\u00e3o Transformadora"},"content":{"rendered":"<p style=\"text-align: justify;\"><span style=\"font-family: arial, helvetica, sans-serif;\"><strong>ESCOLA DE INOVA\u00c7\u00c3O TRANSFORMADORA:<\/strong><\/span><\/p>\n<p style=\"text-align: justify;\"><span style=\"font-family: arial, helvetica, sans-serif;\"><strong>Abrang\u00eancia:<\/strong> Meio Ambiente, Tecnologia e Produ\u00e7\u00e3o, Desenvolvimento Rural e Quest\u00e3o Agr\u00e1ria;<\/span><\/p>\n<p style=\"text-align: justify;\"><span style=\"font-family: arial, helvetica, sans-serif;\">\u00a0\u00a0\u00a0\u00a0\u00a0\u00a0\u00a0\u00a0\u00a0\u00a0\u00a0 O projeto quer contribuir com as iniciativas de pesquisa participativa em andamento e com foco no desenvolvimento sustent\u00e1vel na Embrapa ao instrumentalizar os pesquisadores, ONGs, sindicatos, agentes de extens\u00e3o rural, produtores rurais, organiza\u00e7\u00f5es p\u00fablicas Municipais e Estaduais com um m\u00e9todo que os auxilie no planejamento dos seus experimentos sociot\u00e9cnicos de:<\/span><\/p>\n<ul style=\"text-align: justify;\">\n<li><span style=\"font-family: arial, helvetica, sans-serif;\">An\u00e1lise do sistema sociot\u00e9cnicos e da conjuntura em um determinado local ou regi\u00e3o;<\/span><\/li>\n<li><span style=\"font-family: arial, helvetica, sans-serif;\">A olhar \u00e2 frente e planejar seu experimento como um caminho de evolu\u00e7\u00e3o, a partir de diagn\u00f3sticos feitos pelos participantes;<\/span><\/li>\n<li><span style=\"font-family: arial, helvetica, sans-serif;\">A elaborar uma \u201cteoria de mudan\u00e7a\u201d (atividades, produtos, infraestruturas, recursos, mercados&#8230;);<\/span><\/li>\n<li><span style=\"font-family: arial, helvetica, sans-serif;\">A avaliar atividades em desenvolvimento no experimento sociot\u00e9cnicos.<\/span><\/li>\n<\/ul>\n<p style=\"text-align: justify;\"><strong><span style=\"font-family: arial, helvetica, sans-serif; color: #000000;\">As iniciativas selecionadas, foco desse projeto de extens\u00e3o s\u00e3o:<\/span><\/strong><\/p>\n<ul style=\"text-align: justify;\">\n<li><span style=\"font-family: arial, helvetica, sans-serif;\">Projeto Rota dos Butiazais (Embrapa Clima Temperado);<\/span><\/li>\n<li><span style=\"font-family: arial, helvetica, sans-serif;\">Projeto Pecu\u00e1ria sul Familiar (Embrapa Pecu\u00e1ria Sul) e FETAG;<\/span><\/li>\n<li><span style=\"font-family: arial, helvetica, sans-serif;\">Projeto Aves Livres de Gaiolas (Embrapa Clima Temperado).<\/span><\/li>\n<\/ul>\n<p style=\"text-align: justify;\"><span style=\"font-family: arial, helvetica, sans-serif;\">\u00a0\u00a0\u00a0\u00a0\u00a0\u00a0\u00a0\u00a0\u00a0\u00a0\u00a0 Todas as atividades previstas s\u00e3o participativas e a metodologia prev\u00ea um estudo dirigido para cada um dos projetos participativos selecionados.<\/span><\/p>\n<p>&nbsp;<\/p>\n<p><span style=\"font-family: arial, helvetica, sans-serif; font-size: 14pt;\"><strong>Componentes:\u00a0 \u00a0 \u00a0 \u00a0 \u00a0 \u00a0 \u00a0 \u00a0 \u00a0 \u00a0 \u00a0 \u00a0 \u00a0 \u00a0 \u00a0 \u00a0 \u00a0 \u00a0 \u00a0 \u00a0 \u00a0 \u00a0 \u00a0 \u00a0 \u00a0 \u00a0 \u00a0 \u00a0 \u00a0 \u00a0 \u00a0 \u00a0 \u00a0 \u00a0 \u00a0 \u00a0 \u00a0 \u00a0 \u00a0 \u00a0 \u00a0 \u00a0 \u00a0 \u00a0 \u00a0 \u00a0 \u00a0 \u00a0 \u00a0 \u00a0 \u00a0 \u00a0<img loading=\"lazy\" decoding=\"async\" class=\" wp-image-1042 alignright\" src=\"https:\/\/wp.ufpel.edu.br\/gpeia\/files\/2024\/10\/foto-marcelo.png\" alt=\"\" width=\"171\" height=\"172\" \/><\/strong><\/span><\/p>\n<p><span style=\"font-family: arial, helvetica, sans-serif;\">Coordenador: Prof. Dr. Marcelo Fernandes Pacheco Dias\u00a0 \u00a0 \u00a0 <\/span><span style=\"font-family: arial, helvetica, sans-serif;\">Coordenador Adjunto: Ladislau Seus Silveira (TAE)\u00a0 <\/span><\/p>\n<p><strong><span style=\"font-family: arial, helvetica, sans-serif;\">Pesquisadores:<\/span><\/strong><\/p>\n<ul>\n<li><span style=\"font-family: arial, helvetica, sans-serif;\">Prof(a) Dr(a) Marielen Priscila Kaufmann<\/span><\/li>\n<li><span style=\"font-family: arial, helvetica, sans-serif;\">Prof. Dr. Cl\u00e1udio\u00a0 Becker\u00a0 \u00a0 \u00a0 \u00a0 \u00a0 \u00a0\u00a0<\/span><\/li>\n<\/ul>\n<p><span style=\"font-size: 14pt; color: #000000;\"><strong><span style=\"font-family: arial, helvetica, sans-serif;\">Discentes:<\/span><\/strong><\/span><\/p>\n<ul>\n<li><span style=\"font-family: arial, helvetica, sans-serif;\">Glauce M. de Sousa<\/span><\/li>\n<li><span style=\"font-family: arial, helvetica, sans-serif;\">Julia Ruiz<\/span><\/li>\n<li><span style=\"font-family: arial, helvetica, sans-serif;\">Aline Bonini<\/span><\/li>\n<li><span style=\"font-family: arial, helvetica, sans-serif;\">Larissa Rocha<\/span><\/li>\n<li><span style=\"font-family: arial, helvetica, sans-serif;\">Daniel medeiros<\/span><\/li>\n<li><span style=\"font-family: arial, helvetica, sans-serif;\">L\u00e1zaro Henrique Pereira<\/span><\/li>\n<\/ul>\n<p><span style=\"font-size: 14pt;\"><strong>EVENTOS:<\/strong><\/span><\/p>\n<p style=\"text-align: justify;\">No dia 27 e 28 de novembro de 2024, o PPGDTSA (projeto redes rurais), participou do Semin\u00e1rio Estadual de Pecu\u00e1ria Familiar em Porto Alegre, RS, na sede da FETAG-RS. Foi disponibilizado um espa\u00e7o para da seguimento \u00e0 aplica\u00e7\u00e3o da metodologia participativa, como objetivo de estruturar, viabilizar caminhos e a\u00e7\u00f5es para avana\u00e7ar no desenvolvimento da rede da Pecu\u00e1ria Familiar. O encontro teve a participa\u00e7\u00e3o de 5 regi\u00f5es do Rio Grande do Sul.<\/p>\n<p><img loading=\"lazy\" decoding=\"async\" class=\"alignnone size-full wp-image-1091\" src=\"https:\/\/wp.ufpel.edu.br\/gpeia\/files\/2024\/12\/WhatsApp-Image-2024-11-30-at-12.24.42-1.jpeg\" alt=\"\" width=\"1200\" height=\"1600\" srcset=\"https:\/\/wp.ufpel.edu.br\/gpeia\/files\/2024\/12\/WhatsApp-Image-2024-11-30-at-12.24.42-1.jpeg 1200w, https:\/\/wp.ufpel.edu.br\/gpeia\/files\/2024\/12\/WhatsApp-Image-2024-11-30-at-12.24.42-1-300x400.jpeg 300w, https:\/\/wp.ufpel.edu.br\/gpeia\/files\/2024\/12\/WhatsApp-Image-2024-11-30-at-12.24.42-1-768x1024.jpeg 768w, https:\/\/wp.ufpel.edu.br\/gpeia\/files\/2024\/12\/WhatsApp-Image-2024-11-30-at-12.24.42-1-1152x1536.jpeg 1152w\" sizes=\"auto, (max-width: 1200px) 100vw, 1200px\" \/><\/p>\n<div style=\"width: 640px;\" class=\"wp-video\"><video class=\"wp-video-shortcode\" id=\"video-1030-1\" width=\"640\" height=\"362\" preload=\"metadata\" controls=\"controls\"><source type=\"video\/mp4\" src=\"https:\/\/wp.ufpel.edu.br\/gpeia\/files\/2024\/12\/WhatsApp-Video-2024-11-30-at-12.23.20.mp4?_=1\" \/><a href=\"https:\/\/wp.ufpel.edu.br\/gpeia\/files\/2024\/12\/WhatsApp-Video-2024-11-30-at-12.23.20.mp4\">https:\/\/wp.ufpel.edu.br\/gpeia\/files\/2024\/12\/WhatsApp-Video-2024-11-30-at-12.23.20.mp4<\/a><\/video><\/div>\n<p><img loading=\"lazy\" decoding=\"async\" class=\"alignnone size-full wp-image-1093\" src=\"https:\/\/wp.ufpel.edu.br\/gpeia\/files\/2024\/12\/WhatsApp-Image-2024-11-30-at-12.24.42.jpeg\" alt=\"\" width=\"1200\" height=\"1600\" srcset=\"https:\/\/wp.ufpel.edu.br\/gpeia\/files\/2024\/12\/WhatsApp-Image-2024-11-30-at-12.24.42.jpeg 1200w, https:\/\/wp.ufpel.edu.br\/gpeia\/files\/2024\/12\/WhatsApp-Image-2024-11-30-at-12.24.42-300x400.jpeg 300w, https:\/\/wp.ufpel.edu.br\/gpeia\/files\/2024\/12\/WhatsApp-Image-2024-11-30-at-12.24.42-768x1024.jpeg 768w, https:\/\/wp.ufpel.edu.br\/gpeia\/files\/2024\/12\/WhatsApp-Image-2024-11-30-at-12.24.42-1152x1536.jpeg 1152w\" sizes=\"auto, (max-width: 1200px) 100vw, 1200px\" \/><\/p>\n<p>Fonte: Equipe PPGDTSA<\/p>\n<p>&nbsp;<\/p>\n<p style=\"text-align: justify;\">Segundo workshop sobre governan\u00e7a reflexiva no projeto Pecu\u00e1ria Familiar dia 30 de outubro de 2024 em Lavras do Sul-RS. A oficina foi sobre a implementa\u00e7\u00e3o da segunda fase da metodologia que visa dar suporte aos atores para viabilizar caminhos e a\u00e7\u00f5es para impulsionar o desenvolvimento do projeto.<\/p>\n<p><img loading=\"lazy\" decoding=\"async\" class=\"alignnone size-full wp-image-1076\" src=\"https:\/\/wp.ufpel.edu.br\/gpeia\/files\/2024\/11\/WhatsApp-Image-2024-10-30-at-22.15.42.jpeg\" alt=\"\" width=\"1280\" height=\"960\" srcset=\"https:\/\/wp.ufpel.edu.br\/gpeia\/files\/2024\/11\/WhatsApp-Image-2024-10-30-at-22.15.42.jpeg 1280w, https:\/\/wp.ufpel.edu.br\/gpeia\/files\/2024\/11\/WhatsApp-Image-2024-10-30-at-22.15.42-400x300.jpeg 400w, https:\/\/wp.ufpel.edu.br\/gpeia\/files\/2024\/11\/WhatsApp-Image-2024-10-30-at-22.15.42-1024x768.jpeg 1024w, https:\/\/wp.ufpel.edu.br\/gpeia\/files\/2024\/11\/WhatsApp-Image-2024-10-30-at-22.15.42-768x576.jpeg 768w\" sizes=\"auto, (max-width: 1280px) 100vw, 1280px\" \/> <img loading=\"lazy\" decoding=\"async\" class=\"alignnone size-full wp-image-1075\" src=\"https:\/\/wp.ufpel.edu.br\/gpeia\/files\/2024\/11\/WhatsApp-Image-2024-10-30-at-13.49.59-fetag.jpeg\" alt=\"\" width=\"1280\" height=\"960\" srcset=\"https:\/\/wp.ufpel.edu.br\/gpeia\/files\/2024\/11\/WhatsApp-Image-2024-10-30-at-13.49.59-fetag.jpeg 1280w, https:\/\/wp.ufpel.edu.br\/gpeia\/files\/2024\/11\/WhatsApp-Image-2024-10-30-at-13.49.59-fetag-400x300.jpeg 400w, https:\/\/wp.ufpel.edu.br\/gpeia\/files\/2024\/11\/WhatsApp-Image-2024-10-30-at-13.49.59-fetag-1024x768.jpeg 1024w, https:\/\/wp.ufpel.edu.br\/gpeia\/files\/2024\/11\/WhatsApp-Image-2024-10-30-at-13.49.59-fetag-768x576.jpeg 768w\" sizes=\"auto, (max-width: 1280px) 100vw, 1280px\" \/><\/p>\n<p><img loading=\"lazy\" decoding=\"async\" class=\"alignnone size-full wp-image-1083\" src=\"https:\/\/wp.ufpel.edu.br\/gpeia\/files\/2024\/11\/WhatsApp-Image-2024-10-30-at-22.15.42-1.jpeg\" alt=\"\" width=\"1600\" height=\"1200\" srcset=\"https:\/\/wp.ufpel.edu.br\/gpeia\/files\/2024\/11\/WhatsApp-Image-2024-10-30-at-22.15.42-1.jpeg 1600w, https:\/\/wp.ufpel.edu.br\/gpeia\/files\/2024\/11\/WhatsApp-Image-2024-10-30-at-22.15.42-1-400x300.jpeg 400w, https:\/\/wp.ufpel.edu.br\/gpeia\/files\/2024\/11\/WhatsApp-Image-2024-10-30-at-22.15.42-1-1024x768.jpeg 1024w, https:\/\/wp.ufpel.edu.br\/gpeia\/files\/2024\/11\/WhatsApp-Image-2024-10-30-at-22.15.42-1-768x576.jpeg 768w, https:\/\/wp.ufpel.edu.br\/gpeia\/files\/2024\/11\/WhatsApp-Image-2024-10-30-at-22.15.42-1-1536x1152.jpeg 1536w\" sizes=\"auto, (max-width: 1600px) 100vw, 1600px\" \/><\/p>\n<p>Primeiro workshop sobre Governan\u00e7a Reflexiva sobre o projeto Rota dos Butiazais, dia 29 de outubro de 2024 em Pelotas-RS. Articulando com os atores, uma vis\u00e3o de futuro atrav\u00e9s de caminhos e possibilidades.<\/p>\n<p><img loading=\"lazy\" decoding=\"async\" class=\"alignnone size-full wp-image-1067\" src=\"https:\/\/wp.ufpel.edu.br\/gpeia\/files\/2024\/11\/WhatsApp-Image-2024-10-31-at-11.21.19-1.jpeg\" alt=\"\" width=\"1600\" height=\"1200\" srcset=\"https:\/\/wp.ufpel.edu.br\/gpeia\/files\/2024\/11\/WhatsApp-Image-2024-10-31-at-11.21.19-1.jpeg 1600w, https:\/\/wp.ufpel.edu.br\/gpeia\/files\/2024\/11\/WhatsApp-Image-2024-10-31-at-11.21.19-1-400x300.jpeg 400w, https:\/\/wp.ufpel.edu.br\/gpeia\/files\/2024\/11\/WhatsApp-Image-2024-10-31-at-11.21.19-1-1024x768.jpeg 1024w, https:\/\/wp.ufpel.edu.br\/gpeia\/files\/2024\/11\/WhatsApp-Image-2024-10-31-at-11.21.19-1-768x576.jpeg 768w, https:\/\/wp.ufpel.edu.br\/gpeia\/files\/2024\/11\/WhatsApp-Image-2024-10-31-at-11.21.19-1-1536x1152.jpeg 1536w\" sizes=\"auto, (max-width: 1600px) 100vw, 1600px\" \/> <img loading=\"lazy\" decoding=\"async\" class=\"alignnone size-full wp-image-1066\" src=\"https:\/\/wp.ufpel.edu.br\/gpeia\/files\/2024\/11\/WhatsApp-Image-2024-10-31-at-10.03.52-1.jpeg\" alt=\"\" width=\"1200\" height=\"1600\" srcset=\"https:\/\/wp.ufpel.edu.br\/gpeia\/files\/2024\/11\/WhatsApp-Image-2024-10-31-at-10.03.52-1.jpeg 1200w, https:\/\/wp.ufpel.edu.br\/gpeia\/files\/2024\/11\/WhatsApp-Image-2024-10-31-at-10.03.52-1-300x400.jpeg 300w, https:\/\/wp.ufpel.edu.br\/gpeia\/files\/2024\/11\/WhatsApp-Image-2024-10-31-at-10.03.52-1-768x1024.jpeg 768w, https:\/\/wp.ufpel.edu.br\/gpeia\/files\/2024\/11\/WhatsApp-Image-2024-10-31-at-10.03.52-1-1152x1536.jpeg 1152w\" sizes=\"auto, (max-width: 1200px) 100vw, 1200px\" \/> <img loading=\"lazy\" decoding=\"async\" class=\"alignnone size-full wp-image-1068\" src=\"https:\/\/wp.ufpel.edu.br\/gpeia\/files\/2024\/11\/WhatsApp-Image-2024-10-31-at-11.21.20.jpeg\" alt=\"\" width=\"1200\" height=\"1600\" srcset=\"https:\/\/wp.ufpel.edu.br\/gpeia\/files\/2024\/11\/WhatsApp-Image-2024-10-31-at-11.21.20.jpeg 1200w, https:\/\/wp.ufpel.edu.br\/gpeia\/files\/2024\/11\/WhatsApp-Image-2024-10-31-at-11.21.20-300x400.jpeg 300w, https:\/\/wp.ufpel.edu.br\/gpeia\/files\/2024\/11\/WhatsApp-Image-2024-10-31-at-11.21.20-768x1024.jpeg 768w, https:\/\/wp.ufpel.edu.br\/gpeia\/files\/2024\/11\/WhatsApp-Image-2024-10-31-at-11.21.20-1152x1536.jpeg 1152w\" sizes=\"auto, (max-width: 1200px) 100vw, 1200px\" \/> <img loading=\"lazy\" decoding=\"async\" class=\"alignnone size-full wp-image-1069\" src=\"https:\/\/wp.ufpel.edu.br\/gpeia\/files\/2024\/11\/WhatsApp-Image-2024-10-31-at-12.56.18.jpeg\" alt=\"\" width=\"1600\" height=\"1200\" srcset=\"https:\/\/wp.ufpel.edu.br\/gpeia\/files\/2024\/11\/WhatsApp-Image-2024-10-31-at-12.56.18.jpeg 1600w, https:\/\/wp.ufpel.edu.br\/gpeia\/files\/2024\/11\/WhatsApp-Image-2024-10-31-at-12.56.18-400x300.jpeg 400w, https:\/\/wp.ufpel.edu.br\/gpeia\/files\/2024\/11\/WhatsApp-Image-2024-10-31-at-12.56.18-1024x768.jpeg 1024w, https:\/\/wp.ufpel.edu.br\/gpeia\/files\/2024\/11\/WhatsApp-Image-2024-10-31-at-12.56.18-768x576.jpeg 768w, https:\/\/wp.ufpel.edu.br\/gpeia\/files\/2024\/11\/WhatsApp-Image-2024-10-31-at-12.56.18-1536x1152.jpeg 1536w\" sizes=\"auto, (max-width: 1600px) 100vw, 1600px\" \/><\/p>\n<p>&nbsp;<\/p>\n<p>Primeiro workshop sobre Governan\u00e7a Reflexiva no projeto Pecu\u00e1ria Familiar dia 10 de outubro de 2024. em Bag\u00e9-RS.<\/p>\n<p><img loading=\"lazy\" decoding=\"async\" class=\"alignnone size-full wp-image-1037\" src=\"https:\/\/wp.ufpel.edu.br\/gpeia\/files\/2024\/10\/IMG_20240710_123233_766-scaled.jpg\" alt=\"\" width=\"1920\" height=\"2560\" srcset=\"https:\/\/wp.ufpel.edu.br\/gpeia\/files\/2024\/10\/IMG_20240710_123233_766-scaled.jpg 1920w, https:\/\/wp.ufpel.edu.br\/gpeia\/files\/2024\/10\/IMG_20240710_123233_766-300x400.jpg 300w, https:\/\/wp.ufpel.edu.br\/gpeia\/files\/2024\/10\/IMG_20240710_123233_766-768x1024.jpg 768w, https:\/\/wp.ufpel.edu.br\/gpeia\/files\/2024\/10\/IMG_20240710_123233_766-1152x1536.jpg 1152w, https:\/\/wp.ufpel.edu.br\/gpeia\/files\/2024\/10\/IMG_20240710_123233_766-1536x2048.jpg 1536w\" sizes=\"auto, (max-width: 1920px) 100vw, 1920px\" \/> <img loading=\"lazy\" decoding=\"async\" class=\"alignnone size-full wp-image-1035\" src=\"https:\/\/wp.ufpel.edu.br\/gpeia\/files\/2024\/10\/IMG_20240710_123225_491-scaled.jpg\" alt=\"\" width=\"1920\" height=\"2560\" srcset=\"https:\/\/wp.ufpel.edu.br\/gpeia\/files\/2024\/10\/IMG_20240710_123225_491-scaled.jpg 1920w, https:\/\/wp.ufpel.edu.br\/gpeia\/files\/2024\/10\/IMG_20240710_123225_491-300x400.jpg 300w, https:\/\/wp.ufpel.edu.br\/gpeia\/files\/2024\/10\/IMG_20240710_123225_491-768x1024.jpg 768w, https:\/\/wp.ufpel.edu.br\/gpeia\/files\/2024\/10\/IMG_20240710_123225_491-1152x1536.jpg 1152w, https:\/\/wp.ufpel.edu.br\/gpeia\/files\/2024\/10\/IMG_20240710_123225_491-1536x2048.jpg 1536w\" sizes=\"auto, (max-width: 1920px) 100vw, 1920px\" \/><\/p>\n<p>&nbsp;<\/p>\n","protected":false},"excerpt":{"rendered":"<p>ESCOLA DE INOVA\u00c7\u00c3O TRANSFORMADORA: Abrang\u00eancia: Meio Ambiente, Tecnologia e Produ\u00e7\u00e3o, Desenvolvimento Rural e Quest\u00e3o Agr\u00e1ria; \u00a0\u00a0\u00a0\u00a0\u00a0\u00a0\u00a0\u00a0\u00a0\u00a0\u00a0 O projeto quer contribuir com as iniciativas de pesquisa participativa em andamento e com foco no desenvolvimento sustent\u00e1vel na Embrapa ao instrumentalizar os pesquisadores, &hellip; <a href=\"https:\/\/wp.ufpel.edu.br\/gpeia\/escola-de-inovacao-transformadora\/\">Continue lendo <span class=\"meta-nav\">&rarr;<\/span><\/a><\/p>\n","protected":false},"author":212,"featured_media":0,"parent":0,"menu_order":0,"comment_status":"closed","ping_status":"closed","template":"","meta":{"footnotes":""},"class_list":["post-1030","page","type-page","status-publish","hentry"],"_links":{"self":[{"href":"https:\/\/wp.ufpel.edu.br\/gpeia\/wp-json\/wp\/v2\/pages\/1030","targetHints":{"allow":["GET"]}}],"collection":[{"href":"https:\/\/wp.ufpel.edu.br\/gpeia\/wp-json\/wp\/v2\/pages"}],"about":[{"href":"https:\/\/wp.ufpel.edu.br\/gpeia\/wp-json\/wp\/v2\/types\/page"}],"author":[{"embeddable":true,"href":"https:\/\/wp.ufpel.edu.br\/gpeia\/wp-json\/wp\/v2\/users\/212"}],"replies":[{"embeddable":true,"href":"https:\/\/wp.ufpel.edu.br\/gpeia\/wp-json\/wp\/v2\/comments?post=1030"}],"version-history":[{"count":17,"href":"https:\/\/wp.ufpel.edu.br\/gpeia\/wp-json\/wp\/v2\/pages\/1030\/revisions"}],"predecessor-version":[{"id":1094,"href":"https:\/\/wp.ufpel.edu.br\/gpeia\/wp-json\/wp\/v2\/pages\/1030\/revisions\/1094"}],"wp:attachment":[{"href":"https:\/\/wp.ufpel.edu.br\/gpeia\/wp-json\/wp\/v2\/media?parent=1030"}],"curies":[{"name":"wp","href":"https:\/\/api.w.org\/{rel}","templated":true}]}}