{"id":52,"date":"2011-07-21T18:11:35","date_gmt":"2011-07-21T21:11:35","guid":{"rendered":"https:\/\/wp.ufpel.edu.br\/gpdr\/"},"modified":"2017-01-10T13:03:36","modified_gmt":"2017-01-10T15:03:36","slug":"sobre-2","status":"publish","type":"page","link":"https:\/\/wp.ufpel.edu.br\/gpdr\/","title":{"rendered":"Sobre"},"content":{"rendered":"<p style=\"text-align: justify;\">O Congresso Internacional de Gest\u00e3o P\u00fablica e Desenvolvimento Regional no Mercosul &#8211; O papel da universidade, visa reunir a comunidade acad\u00eamica e a sociedade civil para tratar de temas relevantes ao desenvolvimento e \u00e0 gest\u00e3o p\u00fablica no contexto do MERCOSUL. Sendo a Universidade o espa\u00e7o prop\u00edcio para esse encontro e debate, temas como: Fundo de Converg\u00eancia estrutural e fortalecimento institucional do Mercosul &#8211; FOCEM, Conselho de Desenvolvimento Econ\u00f4mico e Social do RS, Planejamento estrat\u00e9gico municipal, Movimento geo-econ\u00f4mico da fronteira, Tecnologias e Inova\u00e7\u00e3o, Dificuldades e Oportunidades na fronteira com Uruguai e Argentina, ser\u00e3o tratados, a partir de experi\u00eancias nacionais e internacionais.<\/p>\n<p style=\"text-align: justify;\"><a href=\"https:\/\/wp.ufpel.edu.br\/gpdr\/noticias\/\" target=\"_self\">Confira as not\u00edcias do evento!<\/a><\/p>\n<p style=\"text-align: justify;\"><strong>Participe:<\/strong><\/p>\n<p style=\"text-align: justify;\">A pr\u00f3xima edi\u00e7\u00e3o do evento inicia com a sua participa\u00e7\u00e3o respondendo a pergunta abaixo, para que possamos construir a pr\u00f3xima edi\u00e7\u00e3o, definindo perspectivas para as nossas tem\u00e1ticas:<\/p>\n<p style=\"text-align: justify;\">Quando voc\u00ea pensa em desenvolvimento, o que \u00e9 importante para voc\u00ea?<\/p>\n<p style=\"text-align: justify;\">\n<div class=\"wpcf7 no-js\" id=\"wpcf7-f382-o1\" lang=\"\" dir=\"ltr\" data-wpcf7-id=\"382\">\n<div class=\"screen-reader-response\"><p role=\"status\" aria-live=\"polite\" aria-atomic=\"true\"><\/p> <ul><\/ul><\/div>\n<form action=\"\/gpdr\/wp-json\/wp\/v2\/pages\/52#wpcf7-f382-o1\" method=\"post\" class=\"wpcf7-form init\" aria-label=\"Formul\u00e1rios de contato\" novalidate=\"novalidate\" data-status=\"init\">\n<fieldset class=\"hidden-fields-container\"><input type=\"hidden\" name=\"_wpcf7\" value=\"382\" \/><input type=\"hidden\" name=\"_wpcf7_version\" value=\"6.1.4\" \/><input type=\"hidden\" name=\"_wpcf7_locale\" value=\"\" \/><input type=\"hidden\" name=\"_wpcf7_unit_tag\" value=\"wpcf7-f382-o1\" \/><input type=\"hidden\" name=\"_wpcf7_container_post\" value=\"0\" \/><input type=\"hidden\" name=\"_wpcf7_posted_data_hash\" value=\"\" \/>\n<\/fieldset>\n<p>Sua mensagem\n<\/p>\n<p><span class=\"wpcf7-form-control-wrap\" data-name=\"your-message\"><textarea cols=\"40\" rows=\"10\" maxlength=\"2000\" class=\"wpcf7-form-control wpcf7-textarea\" aria-invalid=\"false\" name=\"your-message\"><\/textarea><\/span>\n<\/p>\n<p><input class=\"wpcf7-form-control wpcf7-submit has-spinner\" type=\"submit\" value=\"Enviar\" \/>\n<\/p><p style=\"display: none !important;\" class=\"akismet-fields-container\" data-prefix=\"_wpcf7_ak_\"><label>&#916;<textarea name=\"_wpcf7_ak_hp_textarea\" cols=\"45\" rows=\"8\" maxlength=\"100\"><\/textarea><\/label><input type=\"hidden\" id=\"ak_js_1\" name=\"_wpcf7_ak_js\" value=\"233\"\/><script>document.getElementById( \"ak_js_1\" ).setAttribute( \"value\", ( new Date() ).getTime() );<\/script><\/p><div class=\"wpcf7-response-output\" aria-hidden=\"true\"><\/div>\n<\/form>\n<\/div>\n<\/p>\n","protected":false},"excerpt":{"rendered":"<p>O Congresso Internacional de Gest\u00e3o P\u00fablica e Desenvolvimento Regional no Mercosul &#8211; O papel da universidade, visa reunir a comunidade acad\u00eamica e a sociedade civil para tratar de temas relevantes ao desenvolvimento e \u00e0 gest\u00e3o p\u00fablica no contexto do MERCOSUL&#8230;. <a class=\"more-link\" href=\"https:\/\/wp.ufpel.edu.br\/gpdr\/\">Continue lendo &rarr;<\/a><\/p>\n","protected":false},"author":119,"featured_media":0,"parent":0,"menu_order":1,"comment_status":"closed","ping_status":"closed","template":"","meta":{"footnotes":""},"class_list":["post-52","page","type-page","status-publish","hentry"],"_links":{"self":[{"href":"https:\/\/wp.ufpel.edu.br\/gpdr\/wp-json\/wp\/v2\/pages\/52","targetHints":{"allow":["GET"]}}],"collection":[{"href":"https:\/\/wp.ufpel.edu.br\/gpdr\/wp-json\/wp\/v2\/pages"}],"about":[{"href":"https:\/\/wp.ufpel.edu.br\/gpdr\/wp-json\/wp\/v2\/types\/page"}],"author":[{"embeddable":true,"href":"https:\/\/wp.ufpel.edu.br\/gpdr\/wp-json\/wp\/v2\/users\/119"}],"replies":[{"embeddable":true,"href":"https:\/\/wp.ufpel.edu.br\/gpdr\/wp-json\/wp\/v2\/comments?post=52"}],"version-history":[{"count":18,"href":"https:\/\/wp.ufpel.edu.br\/gpdr\/wp-json\/wp\/v2\/pages\/52\/revisions"}],"predecessor-version":[{"id":393,"href":"https:\/\/wp.ufpel.edu.br\/gpdr\/wp-json\/wp\/v2\/pages\/52\/revisions\/393"}],"wp:attachment":[{"href":"https:\/\/wp.ufpel.edu.br\/gpdr\/wp-json\/wp\/v2\/media?parent=52"}],"curies":[{"name":"wp","href":"https:\/\/api.w.org\/{rel}","templated":true}]}}