{"id":31,"date":"2011-07-21T12:17:14","date_gmt":"2011-07-21T15:17:14","guid":{"rendered":"https:\/\/wp.ufpel.edu.br\/gpdr\/"},"modified":"2011-08-16T09:01:22","modified_gmt":"2011-08-16T12:01:22","slug":"comissao-2","status":"publish","type":"page","link":"https:\/\/wp.ufpel.edu.br\/gpdr\/comissao-2\/","title":{"rendered":"Comiss\u00e3o"},"content":{"rendered":"<p><strong>Comiss\u00e3o organizadora:<\/strong><\/p>\n<p style=\"padding-left: 30px\"><strong>Coordena\u00e7\u00e3o geral<\/strong>:<br \/>\nSimone Portella Teixeira de Mello<\/p>\n<p style=\"padding-left: 30px\"><strong>Professores:<\/strong><br \/>\nEdar da Silva Anana<br \/>\nElaine Garcia dos Santos<br \/>\nFabiano Milano Fritzen<br \/>\nKatia Gislaine Baptista Gomes<br \/>\nLuciana Florentino Novo<br \/>\nLuciano Maciel Ribeiro<br \/>\nMauricio Pinto da Silva<br \/>\nRafael Mello Oliveira<br \/>\nSuzana Lanzetta<\/p>\n<p style=\"padding-left: 30px\"><strong>Alunos<\/strong>:<br \/>\nEug\u00eania Cavalheiro Lopes<br \/>\nFilipe Carboni Fim<br \/>\nGabriela Gon\u00e7alves da Rosa Ferreira<br \/>\nNathani Blumberg Figueira<br \/>\nRaquel Martins Diniz<\/p>\n<p><strong>Cr\u00e9ditos<\/strong><\/p>\n<p style=\"padding-left: 30px\"><strong>Cr\u00e9ditos Identidade Visual\u00a0&#8211; Logomarca do evento:<\/strong><br \/>\nPaula Weber e Nicolas de Lima Peter, alunos do curso de Design Gr\u00e1fico \u2013 Centro de Artes &#8211; UFPEL.<\/p>\n<p style=\"padding-left: 30px\"><strong>Cr\u00e9ditos Elabora\u00e7\u00e3o do Web site:<\/strong><br \/>\nFilipe Fim, aluno do curso de Administra\u00e7\u00e3o \u2013 FAT &#8211; UFPEL.<\/p>\n","protected":false},"excerpt":{"rendered":"<p>Comiss\u00e3o organizadora: Coordena\u00e7\u00e3o geral: Simone Portella Teixeira de Mello Professores: Edar da Silva Anana Elaine Garcia dos Santos Fabiano Milano Fritzen Katia Gislaine Baptista Gomes Luciana Florentino Novo Luciano Maciel Ribeiro Mauricio Pinto da Silva Rafael Mello Oliveira Suzana Lanzetta&#8230; <a class=\"more-link\" href=\"https:\/\/wp.ufpel.edu.br\/gpdr\/comissao-2\/\">Continue lendo &rarr;<\/a><\/p>\n","protected":false},"author":119,"featured_media":0,"parent":0,"menu_order":2,"comment_status":"closed","ping_status":"closed","template":"","meta":{"footnotes":""},"class_list":["post-31","page","type-page","status-publish","hentry"],"_links":{"self":[{"href":"https:\/\/wp.ufpel.edu.br\/gpdr\/wp-json\/wp\/v2\/pages\/31","targetHints":{"allow":["GET"]}}],"collection":[{"href":"https:\/\/wp.ufpel.edu.br\/gpdr\/wp-json\/wp\/v2\/pages"}],"about":[{"href":"https:\/\/wp.ufpel.edu.br\/gpdr\/wp-json\/wp\/v2\/types\/page"}],"author":[{"embeddable":true,"href":"https:\/\/wp.ufpel.edu.br\/gpdr\/wp-json\/wp\/v2\/users\/119"}],"replies":[{"embeddable":true,"href":"https:\/\/wp.ufpel.edu.br\/gpdr\/wp-json\/wp\/v2\/comments?post=31"}],"version-history":[{"count":14,"href":"https:\/\/wp.ufpel.edu.br\/gpdr\/wp-json\/wp\/v2\/pages\/31\/revisions"}],"predecessor-version":[{"id":225,"href":"https:\/\/wp.ufpel.edu.br\/gpdr\/wp-json\/wp\/v2\/pages\/31\/revisions\/225"}],"wp:attachment":[{"href":"https:\/\/wp.ufpel.edu.br\/gpdr\/wp-json\/wp\/v2\/media?parent=31"}],"curies":[{"name":"wp","href":"https:\/\/api.w.org\/{rel}","templated":true}]}}