{"id":281,"date":"2011-09-27T01:06:24","date_gmt":"2011-09-27T04:06:24","guid":{"rendered":"https:\/\/wp.ufpel.edu.br\/gpdr\/"},"modified":"2011-09-27T01:08:18","modified_gmt":"2011-09-27T04:08:18","slug":"inscricao-minicurso","status":"publish","type":"page","link":"https:\/\/wp.ufpel.edu.br\/gpdr\/inscricao-minicurso\/","title":{"rendered":""},"content":{"rendered":"<p>Fa\u00e7a sua inscri\u00e7\u00e3o nos Minicursos <a href=\"https:\/\/docs.google.com\/spreadsheet\/viewform?formkey=dHk1YUI2U1JLMjZsRDk5MTFvdHdabHc6MQ\" target=\"_blank\">clicando aqui<\/a>!<\/p>\n","protected":false},"excerpt":{"rendered":"<p>Fa\u00e7a sua inscri\u00e7\u00e3o nos Minicursos clicando aqui!<\/p>\n","protected":false},"author":119,"featured_media":0,"parent":0,"menu_order":0,"comment_status":"closed","ping_status":"open","template":"","meta":{"footnotes":""},"class_list":["post-281","page","type-page","status-publish","hentry"],"_links":{"self":[{"href":"https:\/\/wp.ufpel.edu.br\/gpdr\/wp-json\/wp\/v2\/pages\/281","targetHints":{"allow":["GET"]}}],"collection":[{"href":"https:\/\/wp.ufpel.edu.br\/gpdr\/wp-json\/wp\/v2\/pages"}],"about":[{"href":"https:\/\/wp.ufpel.edu.br\/gpdr\/wp-json\/wp\/v2\/types\/page"}],"author":[{"embeddable":true,"href":"https:\/\/wp.ufpel.edu.br\/gpdr\/wp-json\/wp\/v2\/users\/119"}],"replies":[{"embeddable":true,"href":"https:\/\/wp.ufpel.edu.br\/gpdr\/wp-json\/wp\/v2\/comments?post=281"}],"version-history":[{"count":3,"href":"https:\/\/wp.ufpel.edu.br\/gpdr\/wp-json\/wp\/v2\/pages\/281\/revisions"}],"predecessor-version":[{"id":283,"href":"https:\/\/wp.ufpel.edu.br\/gpdr\/wp-json\/wp\/v2\/pages\/281\/revisions\/283"}],"wp:attachment":[{"href":"https:\/\/wp.ufpel.edu.br\/gpdr\/wp-json\/wp\/v2\/media?parent=281"}],"curies":[{"name":"wp","href":"https:\/\/api.w.org\/{rel}","templated":true}]}}