{"id":280,"date":"2011-09-27T01:08:48","date_gmt":"2011-09-27T04:08:48","guid":{"rendered":"https:\/\/wp.ufpel.edu.br\/gpdr\/"},"modified":"2011-10-05T18:05:41","modified_gmt":"2011-10-05T21:05:41","slug":"inscricoes-minicursos","status":"publish","type":"page","link":"https:\/\/wp.ufpel.edu.br\/gpdr\/inscricoes-minicursos\/","title":{"rendered":"Inscri\u00e7\u00f5es Minicursos"},"content":{"rendered":"<p><strong>Inscri\u00e7\u00f5es encerradas<\/strong><\/p>\n<p><a href=\"https:\/\/wp.ufpel.edu.br\/gpdr\/files\/2011\/10\/InscritosMiniCursos.pdf\">Lista de Inscritos<\/a><\/p>\n<p>Abertas as inscri\u00e7\u00f5es para o Minicurso I e Minicurso II. Voc\u00ea s\u00f3 pode se inscrever em um\u00a0 minicurso, pois eles acontecem no mesmo hor\u00e1rio.<\/p>\n<p>S\u00e3o 20 vagas e 5 vagas-suplentes para cada Minicurso. O crit\u00e9rio de sele\u00e7\u00e3o \u00e9 pela ordem de inscri\u00e7\u00e3o no Congresso. N\u00e3o ser\u00e1 cobrada taxa extra.<\/p>\n<p><strong>Dias 06 e 07 de outubro (quinta-feira e sexta-feira)<\/strong><\/p>\n<p><strong>Hor\u00e1rio <\/strong><strong>08h00min<\/strong><\/p>\n<p><strong>Minicurso I \u2013 <\/strong>\u201cO papel da Universidade no desenvolvimento das regi\u00f5es de fronteira: o caso da UFMS na fronteira com o Paraguai\u201d \u2013\u00a0\u00a0Prof. Dr. Tito Carlos Machado Oliveira \u2013 CADEF \u2013 CPAq \u2013 UFMS<\/p>\n<p><strong>Minicurso II \u00a0\u2013 <\/strong>\u201cIntegracion y Desarrollo: ? em qu\u00e9 se diferencia EL ALBA? (1\u00ba etapa) \u2013 Prof. Dr. Jaime Gabriel Garcia Ruiz \u2013 Universidade Central\u00a0Marta Abreu de Las Villas &#8211; Cuba<\/p>\n<p><strong><br \/>\n<\/strong><\/p>\n<p><strong><a href=\"https:\/\/wp.ufpel.edu.br\/gpdr\/files\/2011\/10\/InscritosMiniCursos.pdf\">Lista de Inscritos<\/a><\/strong><\/p>\n","protected":false},"excerpt":{"rendered":"<p>Inscri\u00e7\u00f5es encerradas Lista de Inscritos Abertas as inscri\u00e7\u00f5es para o Minicurso I e Minicurso II. Voc\u00ea s\u00f3 pode se inscrever em um\u00a0 minicurso, pois eles acontecem no mesmo hor\u00e1rio. S\u00e3o 20 vagas e 5 vagas-suplentes para cada Minicurso. O crit\u00e9rio&#8230; <a class=\"more-link\" href=\"https:\/\/wp.ufpel.edu.br\/gpdr\/inscricoes-minicursos\/\">Continue lendo &rarr;<\/a><\/p>\n","protected":false},"author":119,"featured_media":0,"parent":0,"menu_order":4,"comment_status":"closed","ping_status":"closed","template":"","meta":{"footnotes":""},"class_list":["post-280","page","type-page","status-publish","hentry"],"_links":{"self":[{"href":"https:\/\/wp.ufpel.edu.br\/gpdr\/wp-json\/wp\/v2\/pages\/280","targetHints":{"allow":["GET"]}}],"collection":[{"href":"https:\/\/wp.ufpel.edu.br\/gpdr\/wp-json\/wp\/v2\/pages"}],"about":[{"href":"https:\/\/wp.ufpel.edu.br\/gpdr\/wp-json\/wp\/v2\/types\/page"}],"author":[{"embeddable":true,"href":"https:\/\/wp.ufpel.edu.br\/gpdr\/wp-json\/wp\/v2\/users\/119"}],"replies":[{"embeddable":true,"href":"https:\/\/wp.ufpel.edu.br\/gpdr\/wp-json\/wp\/v2\/comments?post=280"}],"version-history":[{"count":7,"href":"https:\/\/wp.ufpel.edu.br\/gpdr\/wp-json\/wp\/v2\/pages\/280\/revisions"}],"predecessor-version":[{"id":287,"href":"https:\/\/wp.ufpel.edu.br\/gpdr\/wp-json\/wp\/v2\/pages\/280\/revisions\/287"}],"wp:attachment":[{"href":"https:\/\/wp.ufpel.edu.br\/gpdr\/wp-json\/wp\/v2\/media?parent=280"}],"curies":[{"name":"wp","href":"https:\/\/api.w.org\/{rel}","templated":true}]}}