{"id":21,"date":"2011-07-21T11:58:17","date_gmt":"2011-07-21T14:58:17","guid":{"rendered":"https:\/\/wp.ufpel.edu.br\/gpdr\/"},"modified":"2011-10-03T11:49:17","modified_gmt":"2011-10-03T14:49:17","slug":"envio-de-trabalhos","status":"publish","type":"page","link":"https:\/\/wp.ufpel.edu.br\/gpdr\/envio-de-trabalhos\/","title":{"rendered":"Envio de trabalhos"},"content":{"rendered":"<p style=\"text-align: justify\"><strong><a href=\"https:\/\/wp.ufpel.edu.br\/gpdr\/files\/2011\/10\/artigos.pdf\" target=\"_blank\">Lista de trabalhos aprovados<\/a><\/strong><\/p>\n<p style=\"text-align: justify\"><strong>https:\/\/wp.ufpel.edu.br\/gpdr\/files\/2011\/10\/artigos.pdf<\/strong><\/p>\n<p style=\"text-align: justify\"><strong><br \/>\n<\/strong><\/p>\n<p style=\"text-align: justify\">\n<p style=\"text-align: justify\"><strong><br \/>\n<\/strong><\/p>\n<p style=\"text-align: justify\"><strong>Normas para Submiss\u00e3o dos Trabalhos<\/strong><\/p>\n<p style=\"text-align: justify\">O evento receber\u00e1 a submiss\u00e3o de resumos expandidos apresentados em forma de p\u00f4ster que tenham clara rela\u00e7\u00e3o com a tem\u00e1tica do evento, qual seja: gest\u00e3o p\u00fablica e\/ou desenvolvimento regional.<\/p>\n<p style=\"text-align: justify\">Os resumos devem ser enviados na \u00edntegra, <span style=\"color: #ff0000\">atrav\u00e9s do preenchimento da ficha de inscri\u00e7\u00e3o via site (dispon\u00edvel ao final desta p\u00e1gina)<\/span>. O Formul\u00e1rio de inscri\u00e7\u00e3o de trabalhos deve ser preenchido e o arquivo com o resumo (contendo apenas o t\u00edtulo do trabalho).<\/p>\n<p style=\"text-align: justify\">OBS: O nome do arquivo deve conter no m\u00e1ximo as primeiras quatro palavras aninhadas ou unidas pelo caracter &#8220;_&#8221; (sublinhado &#8211; underline) entre as palavras do t\u00edtulo e sem letras acentuadas. Exemplo: a_gestao_publica_contribui.doc<\/p>\n<p style=\"text-align: justify\">Cada autor poder\u00e1 inscrever no m\u00e1ximo tr\u00eas trabalhos sendo apenas um como autor principal. Ainda, cada trabalho n\u00e3o poder\u00e1 ter mais que cinco autores.<\/p>\n<p style=\"text-align: justify\">Mesmo que a apresenta\u00e7\u00e3o presencial do p\u00f4ster seja realizada por apenas um dos autores, todos os autores do trabalho dever\u00e3o efetuar inscri\u00e7\u00e3o no evento, como condi\u00e7\u00e3o para aceite do mesmo.<\/p>\n<p style=\"text-align: justify\"><span style=\"color: #ff0000\">*<\/span> Fa\u00e7a abaixo o download do modelo de artigo (.pdf):<\/p>\n<p style=\"text-align: justify\"><a href=\"https:\/\/wp.ufpel.edu.br\/gpdr\/files\/2011\/07\/Modelo_Resumo_Expandido.pdf\" target=\"_blank\">Modelo Resumo Expandido<\/a><\/p>\n<p><a href=\"https:\/\/wp.ufpel.edu.br\/gpdr\/files\/2011\/07\/Modelo_Pster.pdf\" target=\"_blank\">Modelo P\u00f4ster<\/a><\/p>\n<p style=\"text-align: justify\"><strong> <\/strong><\/p>\n<p style=\"text-align: justify\"><strong>Prazos para Inscri\u00e7\u00f5es  de Trabalhos e Investimento<\/strong><\/p>\n<p style=\"text-align: justify\">Profissionais e Comunidade:<\/p>\n<p style=\"text-align: justify\">&#8211; A partir de 15\/08 at\u00e9 <span style=\"text-decoration: line-through\">12\/09 <\/span> Prorrogado para 21\/09 &#8211; R$ 100,00<\/p>\n<p style=\"text-align: justify\">Estudantes de gradua\u00e7\u00e3o e p\u00f3s-gradua\u00e7\u00e3o:<\/p>\n<p style=\"text-align: justify\">&#8211; A partir de 15\/08 at\u00e9 <span style=\"text-decoration: line-through\">12\/09<\/span> Prorrogado para 21\/09 &#8211; R$ 50,00<\/p>\n<p style=\"text-align: justify\"><strong><span style=\"color: #ff0000\">*<\/span><\/strong> Informa\u00e7\u00f5es banc\u00e1rias para realiza\u00e7\u00e3o do dep\u00f3sito:<\/p>\n<p style=\"text-align: justify\">Banco do Brasil \u2013 Conta corrente n\u00ba 16.059-8; Ag\u00eancia 4468-7 \u2013 Cap\u00e3o do Le\u00e3o.<\/p>\n<p style=\"text-align: justify\">A data limite para dep\u00f3sito na conta banc\u00e1ria do evento para inscri\u00e7\u00e3o para apresenta\u00e7\u00e3o de artigos \u00e9 dia 21\/09,  para inscri\u00e7\u00e3o como participante ouvinte ficar\u00e1 aberta enquanto houver vagas dispon\u00edveis, ou seja, os demais inscritos podem efetuar a inscri\u00e7\u00e3o enquanto existir vaga.<\/p>\n<p style=\"text-align: justify\">Ap\u00f3s a data limite, o trabalho que n\u00e3o tiver todos os autores inscritos estar\u00e1 automaticamente fora do processo de avalia\u00e7\u00e3o do artigo.<\/p>\n<p style=\"text-align: justify\">Obs.: a taxa de inscri\u00e7\u00e3o inclui acesso \u00e0s palestras e apresenta\u00e7\u00f5es de trabalhos, certificado, material do evento e CD com os trabalhos apresentados.<\/p>\n<p style=\"text-align: justify\"><strong> <\/strong><\/p>\n<p style=\"text-align: justify\"><strong>Informa\u00e7\u00f5es Gerais<\/strong><\/p>\n<p style=\"text-align: justify\">Todos os trabalhos aprovados ser\u00e3o publicados na \u00edntegra nos anais eletr\u00f4nicos (CD-Rom) do evento, desde que o resumo expandido seja apresentado por um dos autores e que sejam pagas as respectivas taxas.<\/p>\n<p style=\"text-align: justify\">Todos os trabalhos submetidos receber\u00e3o retorno da Comiss\u00e3o de Avalia\u00e7\u00e3o como aprovado ou n\u00e3o aprovado. Trabalhos n\u00e3o aprovados n\u00e3o ter\u00e3o o valor das inscri\u00e7\u00f5es devolvidas.<\/p>\n<p style=\"text-align: justify\"><strong> <\/strong><\/p>\n<p style=\"text-align: justify\"><strong>Normas de Apresenta\u00e7\u00e3o<\/strong><\/p>\n<p style=\"text-align: justify\">Os trabalhos devem ser apresentados na forma de p\u00f4ster, sendo apresentados conforme os dias, hor\u00e1rios e local informados no cronograma do evento.<\/p>\n<p style=\"text-align: justify\"><strong> <\/strong><\/p>\n<p style=\"text-align: justify\"><strong> <\/strong><\/p>\n<p style=\"text-align: justify\"><strong>Normas de Avalia\u00e7\u00e3o dos Trabalhos<\/strong><\/p>\n<p style=\"text-align: justify\">A avalia\u00e7\u00e3o ser\u00e1 an\u00f4nima (blind review): os trabalhos ser\u00e3o examinados pela Comiss\u00e3o Cient\u00edfica e, por esse motivo, \u00e9 proibida qualquer refer\u00eancia aos nomes dos autores no texto do resumo expandido.<\/p>\n<p style=\"text-align: justify\">Somente ser\u00e3o aceitos trabalhos com reda\u00e7\u00e3o e ortografia adequadas e os que cumprirem as normas de formata\u00e7\u00e3o (ver modelo), pois a vers\u00e3o enviada ser\u00e1 definitiva.<\/p>\n<p style=\"text-align: justify\"><strong> <\/strong><\/p>\n<p style=\"text-align: justify\"><strong>Comiss\u00e3o de Avalia\u00e7\u00e3o<\/strong><\/p>\n<p style=\"text-align: justify\">Julgar\u00e1 os trabalhos de acordo com as normas pr\u00e9-estabelecidas, crit\u00e9rios para elabora\u00e7\u00e3o e qualidade do conte\u00fado e pesquisa do trabalho, limitando a sele\u00e7\u00e3o ao n\u00famero adequado para apresenta\u00e7\u00e3o no tempo dispon\u00edvel no evento.<\/p>\n<p style=\"text-align: justify\">Julgar\u00e1 somente os trabalhos que cumprirem as normas de formato, prazo e tema pertinente. N\u00e3o ser\u00e3o permitidas substitui\u00e7\u00f5es de trabalhos.<\/p>\n","protected":false},"excerpt":{"rendered":"<p>Lista de trabalhos aprovados https:\/\/wp.ufpel.edu.br\/gpdr\/files\/2011\/10\/artigos.pdf Normas para Submiss\u00e3o dos Trabalhos O evento receber\u00e1 a submiss\u00e3o de resumos expandidos apresentados em forma de p\u00f4ster que tenham clara rela\u00e7\u00e3o com a tem\u00e1tica do evento, qual seja: gest\u00e3o p\u00fablica e\/ou desenvolvimento regional. Os&#8230; <a class=\"more-link\" href=\"https:\/\/wp.ufpel.edu.br\/gpdr\/envio-de-trabalhos\/\">Continue lendo &rarr;<\/a><\/p>\n","protected":false},"author":119,"featured_media":0,"parent":0,"menu_order":5,"comment_status":"closed","ping_status":"closed","template":"","meta":{"footnotes":""},"class_list":["post-21","page","type-page","status-publish","hentry"],"_links":{"self":[{"href":"https:\/\/wp.ufpel.edu.br\/gpdr\/wp-json\/wp\/v2\/pages\/21","targetHints":{"allow":["GET"]}}],"collection":[{"href":"https:\/\/wp.ufpel.edu.br\/gpdr\/wp-json\/wp\/v2\/pages"}],"about":[{"href":"https:\/\/wp.ufpel.edu.br\/gpdr\/wp-json\/wp\/v2\/types\/page"}],"author":[{"embeddable":true,"href":"https:\/\/wp.ufpel.edu.br\/gpdr\/wp-json\/wp\/v2\/users\/119"}],"replies":[{"embeddable":true,"href":"https:\/\/wp.ufpel.edu.br\/gpdr\/wp-json\/wp\/v2\/comments?post=21"}],"version-history":[{"count":47,"href":"https:\/\/wp.ufpel.edu.br\/gpdr\/wp-json\/wp\/v2\/pages\/21\/revisions"}],"predecessor-version":[{"id":120,"href":"https:\/\/wp.ufpel.edu.br\/gpdr\/wp-json\/wp\/v2\/pages\/21\/revisions\/120"}],"wp:attachment":[{"href":"https:\/\/wp.ufpel.edu.br\/gpdr\/wp-json\/wp\/v2\/media?parent=21"}],"curies":[{"name":"wp","href":"https:\/\/api.w.org\/{rel}","templated":true}]}}