{"id":531,"date":"2026-03-12T14:29:35","date_gmt":"2026-03-12T17:29:35","guid":{"rendered":"https:\/\/wp.ufpel.edu.br\/gpdclima\/?page_id=531"},"modified":"2026-04-07T22:42:42","modified_gmt":"2026-04-08T01:42:42","slug":"base-de-dados","status":"publish","type":"page","link":"https:\/\/wp.ufpel.edu.br\/gpdclima\/base-de-dados\/","title":{"rendered":"Base de Dados"},"content":{"rendered":"<div id=\"base-dados-centro\">\n<div class=\"linha-identificadores-busca\">\n<p>&nbsp;<\/p>\n<p><input id=\"busca-processos\" name=\"s\" type=\"search\" placeholder=\"Buscar n\u00famero do processo\" \/><\/p>\n<form class=\"busca-processo-form\" role=\"search\" action=\"https:\/\/wp.ufpel.edu.br\/gpdclima\/\" method=\"get\"\nonsubmit=\"event.preventDefault(); window.location.href='https:\/\/wp.ufpel.edu.br\/gpdclima\/' + document.getElementById('busca-processos').value;\"><\/p>\n<p><button class=\"botao-buscar-processo\" type=\"submit\">Buscar<\/button><\/p>\n<\/form>\n<\/div>\n<div id=\"lista-estados\">\n<p><a href=\"https:\/\/wp.ufpel.edu.br\/gpdclima\/acre-ac\/\">Acre (AC)<\/a><\/p>\n<p><a href=\"https:\/\/wp.ufpel.edu.br\/gpdclima\/alagoas-al\/\">Alagoas (AL)<\/a><\/p>\n<p><a href=\"https:\/\/wp.ufpel.edu.br\/gpdclima\/amapa-ap-processos\/\">Amap\u00e1 (AP)<\/a><\/p>\n<p><a href=\"https:\/\/wp.ufpel.edu.br\/gpdclima\/amazonas-am\/\">Amazonas (AM)<\/a><\/p>\n<p><a href=\"https:\/\/wp.ufpel.edu.br\/gpdclima\/bahia-ba-processos\/\">Bahia (BA)<\/a><\/p>\n<p><a href=\"https:\/\/wp.ufpel.edu.br\/gpdclima\/ceara-ce-processos\/\">Cear\u00e1 (CE)<\/a><\/p>\n<p><a href=\"https:\/\/wp.ufpel.edu.br\/gpdclima\/distrito-federal-df-processos\/\">Distrito Federal (DF)<\/a><\/p>\n<p><a href=\"https:\/\/wp.ufpel.edu.br\/gpdclima\/espirito-santo-es-processos\/\">Esp\u00edrito Santo (ES)<\/a><\/p>\n<p><a href=\"https:\/\/wp.ufpel.edu.br\/gpdclima\/goias-go-processos\/\">Goi\u00e1s (GO)<\/a><\/p>\n<p><a href=\"https:\/\/wp.ufpel.edu.br\/gpdclima\/maranhao-ma-processos\/\">Maranh\u00e3o (MA)<\/a><\/p>\n<p><a href=\"https:\/\/wp.ufpel.edu.br\/gpdclima\/mato-grosso-mt-processos\/\">Mato Grosso (MT)<\/a><\/p>\n<p><a href=\"https:\/\/wp.ufpel.edu.br\/gpdclima\/mato-grosso-do-sul-ms-processos\/\">Mato Grosso do Sul (MS)<\/a><\/p>\n<p><a href=\"https:\/\/wp.ufpel.edu.br\/gpdclima\/minas-gerais-mg-processos\/\">Minas Gerais (MG)<\/a><\/p>\n<p><a href=\"https:\/\/wp.ufpel.edu.br\/gpdclima\/para-pa-processos\/\">Par\u00e1 (PA)<\/a><\/p>\n<p><a href=\"https:\/\/wp.ufpel.edu.br\/gpdclima\/paraiba-pb-processos\/\">Para\u00edba (PB)<\/a><\/p>\n<p><a href=\"https:\/\/wp.ufpel.edu.br\/gpdclima\/parana-pr-processos\/\">Paran\u00e1 (PR)<\/a><\/p>\n<p><a href=\"https:\/\/wp.ufpel.edu.br\/gpdclima\/pernambuco-pe-processos\/\">Pernambuco (PE)<\/a><\/p>\n<p><a href=\"https:\/\/wp.ufpel.edu.br\/gpdclima\/piaui-pi-processos\/\">Piau\u00ed (PI)<\/a><\/p>\n<p><a href=\"https:\/\/wp.ufpel.edu.br\/gpdclima\/rio-de-janeiro-rj-processos\/\">Rio de Janeiro (RJ)<\/a><\/p>\n<p><a href=\"https:\/\/wp.ufpel.edu.br\/gpdclima\/rio-grande-do-norte-rn-processos\/\">Rio Grande do Norte (RN)<\/a><\/p>\n<p><a href=\"https:\/\/wp.ufpel.edu.br\/gpdclima\/rio-grande-do-sul-rs\/\">Rio Grande do Sul (RS)<\/a><\/p>\n<p><a href=\"https:\/\/wp.ufpel.edu.br\/gpdclima\/rondonia-ro-processos\/\">Rond\u00f4nia (RO)<\/a><\/p>\n<p><a href=\"https:\/\/wp.ufpel.edu.br\/gpdclima\/roraima-rr-processos\/\">Roraima (RR)<\/a><\/p>\n<p><a href=\"https:\/\/wp.ufpel.edu.br\/gpdclima\/santa-catarina-sc-processos\/\">Santa Catarina (SC)<\/a><\/p>\n<p><a href=\"https:\/\/wp.ufpel.edu.br\/gpdclima\/sao-paulo-sp-processos\/\">S\u00e3o Paulo (SP)<\/a><\/p>\n<p><a href=\"https:\/\/wp.ufpel.edu.br\/gpdclima\/sergipe-se-processos\/\">Sergipe (SE)<\/a><\/p>\n<p><a href=\"https:\/\/wp.ufpel.edu.br\/gpdclima\/tocantins-to-processos\/\">Tocantins (TO)<\/a><\/p>\n<p><a href=\"https:\/\/wp.ufpel.edu.br\/gpdclima\/?page_id=1529&amp;preview=true\">Supremo Tribunal Federal (STF)<\/a><\/p>\n<p><a href=\"https:\/\/wp.ufpel.edu.br\/gpdclima\/superior-tribunal-de-justica-stj\/\">Superior Tribunal de Justi\u00e7a (STJ)<\/a><\/p>\n<\/div>\n<\/div>\n","protected":false},"excerpt":{"rendered":"<p>&nbsp; Buscar Acre (AC) Alagoas (AL) Amap\u00e1 (AP) Amazonas (AM) Bahia (BA) Cear\u00e1 (CE) Distrito Federal (DF) Esp\u00edrito Santo (ES) Goi\u00e1s (GO) Maranh\u00e3o (MA) Mato Grosso (MT) Mato Grosso do Sul (MS) Minas Gerais&#46;&#46;&#46;<\/p>\n","protected":false},"author":1465,"featured_media":0,"parent":0,"menu_order":0,"comment_status":"closed","ping_status":"closed","template":"","meta":{"footnotes":""},"class_list":["post-531","page","type-page","status-publish","hentry"],"_links":{"self":[{"href":"https:\/\/wp.ufpel.edu.br\/gpdclima\/wp-json\/wp\/v2\/pages\/531","targetHints":{"allow":["GET"]}}],"collection":[{"href":"https:\/\/wp.ufpel.edu.br\/gpdclima\/wp-json\/wp\/v2\/pages"}],"about":[{"href":"https:\/\/wp.ufpel.edu.br\/gpdclima\/wp-json\/wp\/v2\/types\/page"}],"author":[{"embeddable":true,"href":"https:\/\/wp.ufpel.edu.br\/gpdclima\/wp-json\/wp\/v2\/users\/1465"}],"replies":[{"embeddable":true,"href":"https:\/\/wp.ufpel.edu.br\/gpdclima\/wp-json\/wp\/v2\/comments?post=531"}],"version-history":[{"count":4,"href":"https:\/\/wp.ufpel.edu.br\/gpdclima\/wp-json\/wp\/v2\/pages\/531\/revisions"}],"predecessor-version":[{"id":2290,"href":"https:\/\/wp.ufpel.edu.br\/gpdclima\/wp-json\/wp\/v2\/pages\/531\/revisions\/2290"}],"wp:attachment":[{"href":"https:\/\/wp.ufpel.edu.br\/gpdclima\/wp-json\/wp\/v2\/media?parent=531"}],"curies":[{"name":"wp","href":"https:\/\/api.w.org\/{rel}","templated":true}]}}