{"id":476,"date":"2026-02-09T14:51:11","date_gmt":"2026-02-09T17:51:11","guid":{"rendered":"https:\/\/wp.ufpel.edu.br\/gpdclima\/?page_id=476"},"modified":"2026-02-09T14:51:11","modified_gmt":"2026-02-09T17:51:11","slug":"dissertacao-de-mestrado","status":"publish","type":"page","link":"https:\/\/wp.ufpel.edu.br\/gpdclima\/dissertacao-de-mestrado\/","title":{"rendered":"Disserta\u00e7\u00e3o de Mestrado"},"content":{"rendered":"<p>Katryelen Britto da Silva Domingues, <strong>Lit\u00edgios clim\u00e1ticos como ferramenta contra o racismo clim\u00e1tico em tempos de emerg\u00eancias clim\u00e1ticas no Brasil<\/strong> (Mestrado em Direito, UFPel)<\/p>\n<p>Marco Aur\u00e9lio Romeu Fernandes, <strong>Litig\u00e2ncia Estrat\u00e9gica e Lit\u00edgio Estrutural Ambiental e Clim\u00e1tico<\/strong>. In\u00edcio: 2025 (Mestrado em Direito, UFPel)<\/p>\n<p>Stella Ginar da Silva, <strong>Direitos de Acesso e Justi\u00e7a Ambiental: uma an\u00e1lise dos impactos do 5\u00ba Ciclo de Oferta da ANP na Bacia de Pelotas \u00e0 luz da Declara\u00e7\u00e3o do Rio de 1992 e da legisla\u00e7\u00e3o nacional sobre os pescadores artesanais do munic\u00edpio do Rio Grande<\/strong> (Mestrado em Direito, UFPel)<\/p>\n","protected":false},"excerpt":{"rendered":"<p>Katryelen Britto da Silva Domingues, Lit\u00edgios clim\u00e1ticos como ferramenta contra o racismo clim\u00e1tico em tempos de emerg\u00eancias clim\u00e1ticas no Brasil (Mestrado em Direito, UFPel) Marco Aur\u00e9lio Romeu Fernandes, Litig\u00e2ncia Estrat\u00e9gica e Lit\u00edgio Estrutural Ambiental&#46;&#46;&#46;<\/p>\n","protected":false},"author":1465,"featured_media":0,"parent":0,"menu_order":0,"comment_status":"closed","ping_status":"closed","template":"","meta":{"footnotes":""},"class_list":["post-476","page","type-page","status-publish","hentry"],"_links":{"self":[{"href":"https:\/\/wp.ufpel.edu.br\/gpdclima\/wp-json\/wp\/v2\/pages\/476","targetHints":{"allow":["GET"]}}],"collection":[{"href":"https:\/\/wp.ufpel.edu.br\/gpdclima\/wp-json\/wp\/v2\/pages"}],"about":[{"href":"https:\/\/wp.ufpel.edu.br\/gpdclima\/wp-json\/wp\/v2\/types\/page"}],"author":[{"embeddable":true,"href":"https:\/\/wp.ufpel.edu.br\/gpdclima\/wp-json\/wp\/v2\/users\/1465"}],"replies":[{"embeddable":true,"href":"https:\/\/wp.ufpel.edu.br\/gpdclima\/wp-json\/wp\/v2\/comments?post=476"}],"version-history":[{"count":1,"href":"https:\/\/wp.ufpel.edu.br\/gpdclima\/wp-json\/wp\/v2\/pages\/476\/revisions"}],"predecessor-version":[{"id":478,"href":"https:\/\/wp.ufpel.edu.br\/gpdclima\/wp-json\/wp\/v2\/pages\/476\/revisions\/478"}],"wp:attachment":[{"href":"https:\/\/wp.ufpel.edu.br\/gpdclima\/wp-json\/wp\/v2\/media?parent=476"}],"curies":[{"name":"wp","href":"https:\/\/api.w.org\/{rel}","templated":true}]}}