{"id":451,"date":"2026-02-06T11:07:10","date_gmt":"2026-02-06T14:07:10","guid":{"rendered":"https:\/\/wp.ufpel.edu.br\/gpdclima\/?page_id=451"},"modified":"2026-04-08T12:12:41","modified_gmt":"2026-04-08T15:12:41","slug":"cnpq","status":"publish","type":"page","link":"https:\/\/wp.ufpel.edu.br\/gpdclima\/cnpq\/","title":{"rendered":"<p style=\"font-size:18px; font-weight:600; margin-top:1px;\"> Cnpq<\/p>"},"content":{"rendered":"<p><img loading=\"lazy\" decoding=\"async\" class=\"aligncenter wp-image-1862\" src=\"https:\/\/wp.ufpel.edu.br\/gpdclima\/files\/2026\/03\/CNPq_v2017_rgb-400x123.png\" alt=\"\" width=\"380\" height=\"117\" srcset=\"https:\/\/wp.ufpel.edu.br\/gpdclima\/files\/2026\/03\/CNPq_v2017_rgb-400x123.png 400w, https:\/\/wp.ufpel.edu.br\/gpdclima\/files\/2026\/03\/CNPq_v2017_rgb-1024x315.png 1024w, https:\/\/wp.ufpel.edu.br\/gpdclima\/files\/2026\/03\/CNPq_v2017_rgb-768x236.png 768w, https:\/\/wp.ufpel.edu.br\/gpdclima\/files\/2026\/03\/CNPq_v2017_rgb-1536x473.png 1536w, https:\/\/wp.ufpel.edu.br\/gpdclima\/files\/2026\/03\/CNPq_v2017_rgb-2048x631.png 2048w\" sizes=\"auto, (max-width: 380px) 100vw, 380px\" \/><\/p>\n<p>&nbsp;<\/p>\n<p>&nbsp;<\/p>\n<p><strong>Perfil de identificadores de lit\u00edgios clim\u00e1ticos para pol\u00edticas, programas e estrat\u00e9gias de adapta\u00e7\u00e3o, mitiga\u00e7\u00e3o e resili\u00eancia no Brasil e na Am\u00e9rica Latina.<\/strong><\/p>\n<p>As mudan\u00e7as clim\u00e1ticas s\u00e3o uma realidade mundial manifesta. Desde 1990, o IPCC apresenta relat\u00f3rios de avalia\u00e7\u00e3o do estado global do clima. Apesar das previs\u00f5es catastr\u00f3ficas, os Estados t\u00eam poucos progressos na aplica\u00e7\u00e3o das normas impostas pelo regime jur\u00eddico das mudan\u00e7as clim\u00e1ticas, e os fen\u00f4menos meteorol\u00f3gicos extremos p\u00f5em em evid\u00eancia a desconsidera\u00e7\u00e3o pol\u00edtica do que j\u00e1 foi demonstrado pelos cientistas. Os lit\u00edgios clim\u00e1ticos s\u00e3o um fen\u00f4meno transnacional e de globaliza\u00e7\u00e3o jur\u00eddica que impacta o direito interno, bem como as rela\u00e7\u00f5es entre o Poder Judici\u00e1rio e os Poderes Executivo e Legislativo. Ademais, s\u00e3o um instrumento de car\u00e1ter estrutural capaz de promover o acesso \u00e0 justi\u00e7a clim\u00e1tica, que inclui a execu\u00e7\u00e3o dos direitos humanos afetados pelo clima cambiante. Pode-se afirmar que s\u00e3o um destacado instrumento de implementa\u00e7\u00e3o do mencionado regime jur\u00eddico internacional e interno e, por consequ\u00eancia, propulsores do emergente direito clim\u00e1tico e de seus instrumentos principais: mitiga\u00e7\u00e3o, adapta\u00e7\u00e3o e resili\u00eancia. A pergunta da pesquisa implica desvelar o perfil de identificadores dos lit\u00edgios clim\u00e1ticos no Brasil e na Am\u00e9rica Latina, por suas caracter\u00edsticas socioecon\u00f4micas e ambientais semelhantes. O objetivo geral \u00e9 definir um perfil de identificadores dos lit\u00edgios clim\u00e1ticos no Brasil e no continente latino-americano que apresente ao Poder Administrativo um panorama de suas falhas para que possa estabelecer pol\u00edticas, programas e estrat\u00e9gias de adapta\u00e7\u00e3o, mitiga\u00e7\u00e3o e resili\u00eancia no enfrentamento dos impactos sociais, econ\u00f4micos e ambientais nos direitos humanos, que sejam pass\u00edveis de dinamizar a justi\u00e7a clim\u00e1tica e a transi\u00e7\u00e3o justa e auxiliar na erradica\u00e7\u00e3o da pobreza. A pesquisa caracteriza-se como um estudo explorat\u00f3rio e descritivo, utilizar\u00e1 revis\u00e3o sistem\u00e1tica, cujo prop\u00f3sito \u00e9 identificar os identificadores nas peti\u00e7\u00f5es iniciais e senten\u00e7as dos lit\u00edgios.<\/p>\n<p>&nbsp;<\/p>\n<div class=\"pattern-footer\"><img decoding=\"async\" src=\"https:\/\/wp.ufpel.edu.br\/gpdclima\/files\/2026\/04\/pattern3.png\" alt=\"\" \/><\/div>\n","protected":false},"excerpt":{"rendered":"<p>&nbsp; &nbsp; Perfil de identificadores de lit\u00edgios clim\u00e1ticos para pol\u00edticas, programas e estrat\u00e9gias de adapta\u00e7\u00e3o, mitiga\u00e7\u00e3o e resili\u00eancia no Brasil e na Am\u00e9rica Latina. As mudan\u00e7as clim\u00e1ticas s\u00e3o uma realidade mundial manifesta. Desde 1990,&#46;&#46;&#46;<\/p>\n","protected":false},"author":1465,"featured_media":0,"parent":0,"menu_order":0,"comment_status":"closed","ping_status":"closed","template":"","meta":{"footnotes":""},"class_list":["post-451","page","type-page","status-publish","hentry"],"_links":{"self":[{"href":"https:\/\/wp.ufpel.edu.br\/gpdclima\/wp-json\/wp\/v2\/pages\/451","targetHints":{"allow":["GET"]}}],"collection":[{"href":"https:\/\/wp.ufpel.edu.br\/gpdclima\/wp-json\/wp\/v2\/pages"}],"about":[{"href":"https:\/\/wp.ufpel.edu.br\/gpdclima\/wp-json\/wp\/v2\/types\/page"}],"author":[{"embeddable":true,"href":"https:\/\/wp.ufpel.edu.br\/gpdclima\/wp-json\/wp\/v2\/users\/1465"}],"replies":[{"embeddable":true,"href":"https:\/\/wp.ufpel.edu.br\/gpdclima\/wp-json\/wp\/v2\/comments?post=451"}],"version-history":[{"count":3,"href":"https:\/\/wp.ufpel.edu.br\/gpdclima\/wp-json\/wp\/v2\/pages\/451\/revisions"}],"predecessor-version":[{"id":2309,"href":"https:\/\/wp.ufpel.edu.br\/gpdclima\/wp-json\/wp\/v2\/pages\/451\/revisions\/2309"}],"wp:attachment":[{"href":"https:\/\/wp.ufpel.edu.br\/gpdclima\/wp-json\/wp\/v2\/media?parent=451"}],"curies":[{"name":"wp","href":"https:\/\/api.w.org\/{rel}","templated":true}]}}