{"id":204,"date":"2025-06-13T16:22:53","date_gmt":"2025-06-13T19:22:53","guid":{"rendered":"https:\/\/wp.ufpel.edu.br\/gpdclima\/?page_id=204"},"modified":"2026-04-08T12:12:20","modified_gmt":"2026-04-08T15:12:20","slug":"fapergs","status":"publish","type":"page","link":"https:\/\/wp.ufpel.edu.br\/gpdclima\/projetos\/fapergs\/","title":{"rendered":"<p style=\"font-size:18px; font-weight:600; margin-top:1px;\"> Fapergs<\/p>"},"content":{"rendered":"<p><img loading=\"lazy\" decoding=\"async\" class=\"aligncenter wp-image-1868\" src=\"https:\/\/wp.ufpel.edu.br\/gpdclima\/files\/2026\/03\/29151508-logomarca-fapergs-vertical-png-Photoroom.png\" alt=\"\" width=\"500\" height=\"108\" srcset=\"https:\/\/wp.ufpel.edu.br\/gpdclima\/files\/2026\/03\/29151508-logomarca-fapergs-vertical-png-Photoroom.png 1280w, https:\/\/wp.ufpel.edu.br\/gpdclima\/files\/2026\/03\/29151508-logomarca-fapergs-vertical-png-Photoroom-400x87.png 400w, https:\/\/wp.ufpel.edu.br\/gpdclima\/files\/2026\/03\/29151508-logomarca-fapergs-vertical-png-Photoroom-1024x222.png 1024w, https:\/\/wp.ufpel.edu.br\/gpdclima\/files\/2026\/03\/29151508-logomarca-fapergs-vertical-png-Photoroom-768x166.png 768w\" sizes=\"auto, (max-width: 500px) 100vw, 500px\" \/><\/p>\n<p>&nbsp;<\/p>\n<p><strong>Perfil de identificadores de lit\u00edgios clim\u00e1ticos para pol\u00edticas p\u00fablicas, programas e estrat\u00e9gias de adapta\u00e7\u00e3o, mitiga\u00e7\u00e3o e resili\u00eancia no estado do Rio Grande do Sul.<\/strong><\/p>\n<p>As mudan\u00e7as clim\u00e1ticas causadas pela influ\u00eancia humana s\u00e3o uma realidade mundial manifesta. Desde 1990, o Painel Intergovernamental sobre as Mudan\u00e7as Clim\u00e1ticas (IPCC) apresenta relat\u00f3rios de avalia\u00e7\u00e3o do estado global do clima. Apesar das realidades factuais e das previs\u00f5es catastr\u00f3ficas, os Estados t\u00eam poucos progressos na aplica\u00e7\u00e3o das normas impostas pelo regime jur\u00eddico das mudan\u00e7as clim\u00e1ticas, e os fen\u00f4menos meteorol\u00f3gicos extremos p\u00f5em em evid\u00eancia a falta de considera\u00e7\u00e3o pol\u00edtica do que j\u00e1 foi amplamente demonstrado pelos cientistas. Tendo isto presente, os lit\u00edgios clim\u00e1ticos se projetam como um destacado instrumento de implementa\u00e7\u00e3o do referido regime e, por consequ\u00eancia, o propulsor do emergente direito das mudan\u00e7as clim\u00e1ticas e de seus instrumentos principais: mitiga\u00e7\u00e3o, adapta\u00e7\u00e3o e resili\u00eancia. Considerando o exposto, o objetivo geral deste projeto \u00e9 definir um perfil de identificadores dos lit\u00edgios clim\u00e1ticos no Brasil e, em especial, no Rio Grande do Sul, que apresente ao Poder Administrativo um panorama de suas falhas frente ao regime jur\u00eddico das mudan\u00e7as clim\u00e1ticas, para que possa estabelecer pol\u00edticas, programas e estrat\u00e9gias de adapta\u00e7\u00e3o, mitiga\u00e7\u00e3o e resili\u00eancia no enfrentamento dos impactos sociais, econ\u00f4micos e ambientais pass\u00edveis de dinamizar a justi\u00e7a clim\u00e1tica e a transi\u00e7\u00e3o justa.<\/p>\n<p>&nbsp;<\/p>\n<p>&nbsp;<\/p>\n<div class=\"pattern-footer\"><img decoding=\"async\" src=\"https:\/\/wp.ufpel.edu.br\/gpdclima\/files\/2026\/04\/pattern3.png\" alt=\"\" \/><\/div>\n","protected":false},"excerpt":{"rendered":"<p>&nbsp; Perfil de identificadores de lit\u00edgios clim\u00e1ticos para pol\u00edticas p\u00fablicas, programas e estrat\u00e9gias de adapta\u00e7\u00e3o, mitiga\u00e7\u00e3o e resili\u00eancia no estado do Rio Grande do Sul. As mudan\u00e7as clim\u00e1ticas causadas pela influ\u00eancia humana s\u00e3o uma&#46;&#46;&#46;<\/p>\n","protected":false},"author":1465,"featured_media":0,"parent":27,"menu_order":0,"comment_status":"closed","ping_status":"closed","template":"","meta":{"footnotes":""},"class_list":["post-204","page","type-page","status-publish","hentry"],"_links":{"self":[{"href":"https:\/\/wp.ufpel.edu.br\/gpdclima\/wp-json\/wp\/v2\/pages\/204","targetHints":{"allow":["GET"]}}],"collection":[{"href":"https:\/\/wp.ufpel.edu.br\/gpdclima\/wp-json\/wp\/v2\/pages"}],"about":[{"href":"https:\/\/wp.ufpel.edu.br\/gpdclima\/wp-json\/wp\/v2\/types\/page"}],"author":[{"embeddable":true,"href":"https:\/\/wp.ufpel.edu.br\/gpdclima\/wp-json\/wp\/v2\/users\/1465"}],"replies":[{"embeddable":true,"href":"https:\/\/wp.ufpel.edu.br\/gpdclima\/wp-json\/wp\/v2\/comments?post=204"}],"version-history":[{"count":4,"href":"https:\/\/wp.ufpel.edu.br\/gpdclima\/wp-json\/wp\/v2\/pages\/204\/revisions"}],"predecessor-version":[{"id":2307,"href":"https:\/\/wp.ufpel.edu.br\/gpdclima\/wp-json\/wp\/v2\/pages\/204\/revisions\/2307"}],"up":[{"embeddable":true,"href":"https:\/\/wp.ufpel.edu.br\/gpdclima\/wp-json\/wp\/v2\/pages\/27"}],"wp:attachment":[{"href":"https:\/\/wp.ufpel.edu.br\/gpdclima\/wp-json\/wp\/v2\/media?parent=204"}],"curies":[{"name":"wp","href":"https:\/\/api.w.org\/{rel}","templated":true}]}}