{"id":18,"date":"2025-06-01T00:00:14","date_gmt":"2025-06-01T03:00:14","guid":{"rendered":"https:\/\/wp.ufpel.edu.br\/gpdclima\/?page_id=18"},"modified":"2026-04-07T20:49:53","modified_gmt":"2026-04-07T23:49:53","slug":"sobre-nos","status":"publish","type":"page","link":"https:\/\/wp.ufpel.edu.br\/gpdclima\/sobre-nos\/","title":{"rendered":"Apresenta\u00e7\u00e3o"},"content":{"rendered":"<p><img loading=\"lazy\" decoding=\"async\" class=\"aligncenter wp-image-411 size-thumbnail\" src=\"https:\/\/wp.ufpel.edu.br\/gpdclima\/files\/2026\/02\/Logotipo-cor1-SF-200x200.png\" alt=\"\" width=\"200\" height=\"200\" srcset=\"https:\/\/wp.ufpel.edu.br\/gpdclima\/files\/2026\/02\/Logotipo-cor1-SF-200x200.png 200w, https:\/\/wp.ufpel.edu.br\/gpdclima\/files\/2026\/02\/Logotipo-cor1-SF-400x400.png 400w, https:\/\/wp.ufpel.edu.br\/gpdclima\/files\/2026\/02\/Logotipo-cor1-SF-1024x1024.png 1024w, https:\/\/wp.ufpel.edu.br\/gpdclima\/files\/2026\/02\/Logotipo-cor1-SF-768x768.png 768w, https:\/\/wp.ufpel.edu.br\/gpdclima\/files\/2026\/02\/Logotipo-cor1-SF-1536x1536.png 1536w, https:\/\/wp.ufpel.edu.br\/gpdclima\/files\/2026\/02\/Logotipo-cor1-SF-2048x2048.png 2048w\" sizes=\"auto, (max-width: 200px) 100vw, 200px\" \/><\/p>\n<h3 style=\"text-align: center;\">Grupo de Estudos e Pesquisa em Direito Clim\u00e1tico (GPDClima)<\/h3>\n<p style=\"text-align: center;\">IFISP \u2013 PPGD &#8211; UFPel<\/p>\n<p style=\"text-align: left;\">O <strong>Grupo de Estudos e Pesquisa em Direito Clim\u00e1tico (GPDClima) e direitos interdependentes<\/strong> \u00e9 dedicado \u00e0 produ\u00e7\u00e3o de conhecimento e \u00e0 reflex\u00e3o cr\u00edtica sobre os desafios jur\u00eddicos impostos pelas mudan\u00e7as clim\u00e1ticas, orientando-se pelos princ\u00edpios da justi\u00e7a clim\u00e1tica, da equidade intergeracional e da dignidade humana.<\/p>\n<p style=\"text-align: left;\">A miss\u00e3o do GPDClima \u00e9 analisar os impactos das mudan\u00e7as clim\u00e1ticas sobre os direitos humanos, com especial aten\u00e7\u00e3o aos direitos sociais \u00e0 alimenta\u00e7\u00e3o, \u00e0 moradia, \u00e0 sa\u00fade e ao trabalho. O grupo atua na formula\u00e7\u00e3o de estrat\u00e9gias jur\u00eddicas, no debate qualificado sobre pol\u00edticas p\u00fablicas e na proposi\u00e7\u00e3o de a\u00e7\u00f5es voltadas \u00e0 mitiga\u00e7\u00e3o, \u00e0 adapta\u00e7\u00e3o e ao fortalecimento da resili\u00eancia diante dos efeitos da mudan\u00e7a clim\u00e1tica.<\/p>\n<p style=\"text-align: left;\">O GPDClima tem origem no <strong>Edital FAPERGS n\u00ba 06\/2024<\/strong>, do Programa de Pesquisa e Desenvolvimento voltado a desastres clim\u00e1ticos, no qual foi contemplado para a execu\u00e7\u00e3o do projeto <strong>\u201cPerfil de identificadores de lit\u00edgios clim\u00e1ticos para pol\u00edticas, programas e estrat\u00e9gias de adapta\u00e7\u00e3o, mitiga\u00e7\u00e3o e resili\u00eancia no Estado do Rio Grande do Sul\u201d<\/strong><strong>.<\/strong> Por meio deste site, ser\u00e1 disponibilizada uma base de dados com o perfil dos lit\u00edgios clim\u00e1ticos, destinada a subsidiar o Poder P\u00fablico na formula\u00e7\u00e3o de pol\u00edticas, programas e estrat\u00e9gias de enfrentamento das mudan\u00e7as clim\u00e1ticas, com fundamento no princ\u00edpio da seguran\u00e7a jur\u00eddica.<\/p>\n<h4 style=\"text-align: left;\">Linhas de estudo e pesquisa<\/h4>\n<p style=\"text-align: left;\">As linhas de estudo e pesquisa desenvolvidas pelo GPDClima incluem:<\/p>\n<ol>\n<li style=\"text-align: left;\">Regime jur\u00eddico das mudan\u00e7as clim\u00e1ticas (Direito clim\u00e1tico internacional, regional e nacional);<\/li>\n<li style=\"text-align: left;\">Governan\u00e7a clim\u00e1tica global;<\/li>\n<li style=\"text-align: left;\">Interse\u00e7\u00f5es entre mudan\u00e7as clim\u00e1ticas e pobreza;<\/li>\n<li style=\"text-align: left;\">Consequ\u00eancias das mudan\u00e7as clim\u00e1ticas na efetiva\u00e7\u00e3o dos direitos humanos;<\/li>\n<li style=\"text-align: left;\">Direito dos desastres e gest\u00e3o de riscos clim\u00e1ticos;<\/li>\n<li style=\"text-align: left;\">Lit\u00edgios clim\u00e1ticos e justi\u00e7a clim\u00e1tica;<\/li>\n<li style=\"text-align: left;\">Transi\u00e7\u00e3o justa e transi\u00e7\u00e3o energ\u00e9tica;<\/li>\n<li style=\"text-align: left;\">Meio ambiente e rela\u00e7\u00f5es internacionais.<\/li>\n<\/ol>\n<p>&nbsp;<\/p>\n<p><img loading=\"lazy\" decoding=\"async\" class=\"aligncenter wp-image-411 size-thumbnail\" src=\"https:\/\/wp.ufpel.edu.br\/gpdclima\/files\/2026\/02\/Logotipo-cor1-SF-200x200.png\" alt=\"\" width=\"200\" height=\"200\" srcset=\"https:\/\/wp.ufpel.edu.br\/gpdclima\/files\/2026\/02\/Logotipo-cor1-SF-200x200.png 200w, https:\/\/wp.ufpel.edu.br\/gpdclima\/files\/2026\/02\/Logotipo-cor1-SF-400x400.png 400w, https:\/\/wp.ufpel.edu.br\/gpdclima\/files\/2026\/02\/Logotipo-cor1-SF-1024x1024.png 1024w, https:\/\/wp.ufpel.edu.br\/gpdclima\/files\/2026\/02\/Logotipo-cor1-SF-768x768.png 768w, https:\/\/wp.ufpel.edu.br\/gpdclima\/files\/2026\/02\/Logotipo-cor1-SF-1536x1536.png 1536w, https:\/\/wp.ufpel.edu.br\/gpdclima\/files\/2026\/02\/Logotipo-cor1-SF-2048x2048.png 2048w\" sizes=\"auto, (max-width: 200px) 100vw, 200px\" \/><\/p>\n<p>&nbsp;<\/p>\n<div class=\"pattern-footer\"> <img decoding=\"async\" src=\"https:\/\/wp.ufpel.edu.br\/gpdclima\/files\/2026\/04\/pattern3.png\" alt=\"\"> <\/div>\n","protected":false},"excerpt":{"rendered":"<p>Grupo de Estudos e Pesquisa em Direito Clim\u00e1tico (GPDClima) IFISP \u2013 PPGD &#8211; UFPel O Grupo de Estudos e Pesquisa em Direito Clim\u00e1tico (GPDClima) e direitos interdependentes \u00e9 dedicado \u00e0 produ\u00e7\u00e3o de conhecimento e&#46;&#46;&#46;<\/p>\n","protected":false},"author":1465,"featured_media":0,"parent":0,"menu_order":1,"comment_status":"closed","ping_status":"closed","template":"","meta":{"footnotes":""},"class_list":["post-18","page","type-page","status-publish","hentry"],"_links":{"self":[{"href":"https:\/\/wp.ufpel.edu.br\/gpdclima\/wp-json\/wp\/v2\/pages\/18","targetHints":{"allow":["GET"]}}],"collection":[{"href":"https:\/\/wp.ufpel.edu.br\/gpdclima\/wp-json\/wp\/v2\/pages"}],"about":[{"href":"https:\/\/wp.ufpel.edu.br\/gpdclima\/wp-json\/wp\/v2\/types\/page"}],"author":[{"embeddable":true,"href":"https:\/\/wp.ufpel.edu.br\/gpdclima\/wp-json\/wp\/v2\/users\/1465"}],"replies":[{"embeddable":true,"href":"https:\/\/wp.ufpel.edu.br\/gpdclima\/wp-json\/wp\/v2\/comments?post=18"}],"version-history":[{"count":4,"href":"https:\/\/wp.ufpel.edu.br\/gpdclima\/wp-json\/wp\/v2\/pages\/18\/revisions"}],"predecessor-version":[{"id":2268,"href":"https:\/\/wp.ufpel.edu.br\/gpdclima\/wp-json\/wp\/v2\/pages\/18\/revisions\/2268"}],"wp:attachment":[{"href":"https:\/\/wp.ufpel.edu.br\/gpdclima\/wp-json\/wp\/v2\/media?parent=18"}],"curies":[{"name":"wp","href":"https:\/\/api.w.org\/{rel}","templated":true}]}}