{"id":90,"date":"2018-08-10T11:11:55","date_gmt":"2018-08-10T14:11:55","guid":{"rendered":"https:\/\/wp.ufpel.edu.br\/gpcie\/?page_id=90"},"modified":"2025-08-30T16:02:25","modified_gmt":"2025-08-30T19:02:25","slug":"banco-de-tccs-dissertacoes-e-teses","status":"publish","type":"page","link":"https:\/\/wp.ufpel.edu.br\/gpcie\/banco-de-tccs-dissertacoes-e-teses\/","title":{"rendered":"x Banco de TCCs, Disserta\u00e7\u00f5es e Teses"},"content":{"rendered":"<p><span style=\"color: #000000;\">Hentges, Angelita\u00a0<\/span><\/p>\n<p><span style=\"color: #000000;\"><a style=\"color: #000000;\" href=\"https:\/\/sucupira.capes.gov.br\/sucupira\/public\/consultas\/coleta\/trabalhoConclusao\/viewTrabalhoConclusao.jsf?popup=true&amp;id_trabalho=4110376\">Tese &#8211; Imagin\u00e1rios Fermentadores nas Rodas de Capoeira Angola do Accara: Elementos de uma Educa\u00e7\u00e3o Circular, Pelotas: UFPel, 2015.<\/a><\/span><\/p>\n<p><span style=\"background-color: #ffffff; color: #000000;\"><a style=\"background-color: #ffffff; color: #000000;\" href=\"https:\/\/drive.google.com\/file\/d\/1WlW35swOHFNvYUTVofVaXnwLj0bWMRCX\/view?usp=sharing\"><span style=\"font-size: 12pt; background-color: #ffffff;\">Disserta\u00e7\u00e3o &#8211; <span lang=\"pt-BR\">S<\/span><span lang=\"pt-BR\">upervis\u00e3o escolar: possibilidades de ressignifica\u00e7\u00e3o. Oror.\u00a0<\/span><span lang=\"pt-BR\">Prof. Dr. Eldon Henrique M\u00fchl,\u00a0<\/span><span lang=\"pt-BR\">Passo Fundo: UPF,<\/span> <span lang=\"pt-BR\">2004 <\/span><\/span><\/a><\/span><\/p>\n<p>&nbsp;<\/p>\n<p><span style=\"color: #000000;\">Carle, Cl\u00e1udio Baptista<\/span><\/p>\n<p><span style=\"color: #000000; font-family: arial, helvetica, sans-serif;\"><a style=\"color: #000000;\" href=\"https:\/\/drive.google.com\/file\/d\/18-gKZmZje1G-DzteVKBOYJhqAX_QzLju\/view?usp=sharing\">Tese &#8211; A organiza\u00e7\u00e3o espacial dos assentamentos de ocupa\u00e7\u00e3o tradicional de africanos e descendentes no Rio Grande do Sul, nos s\u00e9culos XVIII e XIX, Oror. Daniel Schavelzon, Porto Alegre: PUCRS, 2005<\/a><\/span><\/p>\n<p><span style=\"color: #000000;\"><span style=\"background-color: #ffffff;\"><a style=\"color: #000000; background-color: #ffffff;\" href=\"https:\/\/drive.google.com\/file\/d\/1c-sehv5tXRP3ifwHhcJzOzzhdE_Srivv\/view?usp=sharing\"><span style=\"font-size: 12pt; background-color: #ffffff;\">Disserta\u00e7\u00e3o &#8211; <em>Metalurgia nas Miss\u00f5es: uma introdu\u00e7\u00e3o.<\/em><\/span><\/a><\/span><a style=\"color: #000000;\" href=\"https:\/\/drive.google.com\/file\/d\/1c-sehv5tXRP3ifwHhcJzOzzhdE_Srivv\/view?usp=sharing\"><span style=\"font-size: 12pt; background-color: #ffffff;\">P\u00f3s-Gradua\u00e7\u00e3o em Hist\u00f3ria, \u00c1rea de Concentra\u00e7\u00e3o em Hist\u00f3ria Ibero-Americana &#8211; Orientador Arno Alvarez Kern &#8211;\u00a0 Porto Alegre, <\/span><\/a><a style=\"color: #000000; background-color: #ffffff;\" href=\"https:\/\/drive.google.com\/file\/d\/1c-sehv5tXRP3ifwHhcJzOzzhdE_Srivv\/view?usp=sharing\">PUCRS,<\/a> agosto de 1993<\/span><\/p>\n<p>&nbsp;<\/p>\n<p><span style=\"color: #000000;\">Farinha, Alessandra Buriol<\/span><\/p>\n<p><span style=\"color: #000000;\"><a style=\"color: #000000;\" href=\"https:\/\/wp.ufpel.edu.br\/ppgmp\/files\/2018\/04\/TESE-ALESSANDRA-BURIOL-FARINHA-PPGMP-UFPEL.pdf\">Tese &#8211; Mem\u00f3ria e Hist\u00f3ria da Mui Heroica Villa de S\u00e3o Jos\u00e9 do Norte: a Festa de Nossa Senhora dos Navegantes<\/a><\/span><\/p>\n<p><span style=\"color: #000000;\"><a style=\"color: #000000;\" href=\"http:\/\/guaiaca.ufpel.edu.br:8080\/handle\/123456789\/1043?mode=full\">Disserta\u00e7\u00e3o &#8211; Senhora das \u00c1guas: Mem\u00f3rias da antiga Prociss\u00e3o de Navegantes do Porto de Pelotas &#8211; RS<\/a><\/span><\/p>\n<p>&nbsp;<\/p>\n<p><span style=\"color: #000000;\">Michel, Jerusa de Oliveira\u00a0<\/span><\/p>\n<p><span style=\"color: #000000;\"><a style=\"color: #000000;\" href=\"https:\/\/wp.ufpel.edu.br\/ppgmp\/files\/2018\/08\/Tese-final-Jerusa-26_07_2018.pdf\">Tese &#8211; Jornalismo Comunit\u00e1rio na constru\u00e7\u00e3o, compartilhamento e perman\u00eancia das Mem\u00f3rias Sociais: O caso do Jornal \u201cO Pescador\u201d na\/da Col\u00f4nia de Pescadores Z3\/Pelotas<\/a><\/span><\/p>\n<p><span style=\"color: #000000;\"><a style=\"color: #000000;\" href=\"https:\/\/wp.ufpel.edu.br\/ppgmp\/files\/2016\/11\/JERUSA-DE-OLIVEIRA-MICHEL.pdf\">Disserta\u00e7\u00e3o &#8211;\u00a0<\/a>Jornal O Pescador \u2013 Instrumento de Representa\u00e7\u00e3o Social, Constru\u00e7\u00e3o da Mem\u00f3ria e da Identidade Social dos Pescadores da Col\u00f4nia Z3<\/span><\/p>\n<p>&nbsp;<\/p>\n<p><span style=\"color: #000000;\">Mega, Orestes Jayme<\/span><\/p>\n<p><span style=\"color: #000000;\"><a style=\"color: #000000;\" href=\"https:\/\/guaiaca.ufpel.edu.br\/handle\/prefix\/8156\">Tese &#8211; A Sexta Extin\u00e7\u00e3o em Massa e a Catastr\u00f3fica Ecologia do Antropoceno: Tecnodiversidade e Metanarrativa de uma \u201cNova \u00c9poca\u201d. (ufpel.edu.br)<\/a><\/span><\/p>\n<p><span style=\"color: #000000;\"><a style=\"color: #000000;\" href=\"https:\/\/guaiaca.ufpel.edu.br\/handle\/prefix\/2936\">Mitologia e paisagem Mby\u00e1-Guarani : ecologia simb\u00f3lica da Teko\u00e1 Tava\u00ed, Cristal, Rio Grande do Sul (ufpel.edu.br)<\/a><\/span><\/p>\n<p>&nbsp;<\/p>\n<p><span style=\"color: #000000;\">Oliveira, C\u00edcero Ney Pereira de<\/span><\/p>\n<p><span style=\"color: #000000;\"><a style=\"color: #000000;\" href=\"https:\/\/guaiaca.ufpel.edu.br\/handle\/prefix\/9348\">Teses &#8211; Uma arqueologia zumb\u00e9rica: sem ci\u00eancia negra n\u00e3o h\u00e1 consci\u00eancia. (ufpel.edu.br)<\/a><\/span><\/p>\n<p><span style=\"color: #000000;\"><a style=\"color: #000000;\" href=\"https:\/\/guaiaca.ufpel.edu.br\/handle\/prefix\/5461\">Habita\u00e7\u00f5es de taipa e barro: lugares de mem\u00f3rias e patrim\u00f4nio na comunidade Barreiro do Caf\u00e9, S\u00e3o Raimundo Nonato\/PI. (ufpel.edu.br)<\/a><\/span><\/p>\n<p>&nbsp;<\/p>\n<p><span style=\"color: #000000;\">Medeiros, Marielda Barcellos<\/span><\/p>\n<p><span style=\"color: #000000;\"><a style=\"color: #000000;\" href=\"https:\/\/guaiaca.ufpel.edu.br\/handle\/prefix\/9349\">Tese &#8211; Pelotas pequena \u00c1frica: territorialidade negra a partir das Festas Black (ufpel.edu.br)<\/a><\/span><\/p>\n<p>&nbsp;<\/p>\n<p><span style=\"color: #000000;\">Morales, Patr\u00edcia Fernandes Mathias<\/span><\/p>\n<p><span style=\"color: #000000;\"><a style=\"color: #000000;\" href=\"https:\/\/guaiaca.ufpel.edu.br\/handle\/prefix\/7453\">Disserta\u00e7\u00e3o &#8211; Racismos e antirracismos a partir do Clube Cultural Fica Ahi pra ir dizendo (Pelotas \u2013 RS). (ufpel.edu.br)<\/a><\/span><\/p>\n<p>&nbsp;<\/p>\n<p><span style=\"color: #000000;\">Mathias, Simone Fernandes<\/span><\/p>\n<p><span style=\"color: #000000;\"><a style=\"color: #000000;\" href=\"https:\/\/guaiaca.ufpel.edu.br\/handle\/prefix\/6907\">Disserta\u00e7\u00e3o &#8211; Passo dos Negros: Entre Narrativas, Etnografias e Conflitos. (ufpel.edu.br)<\/a><\/span><\/p>\n<p>&nbsp;<\/p>\n<p><span style=\"color: #000000;\">Cardoso, Vit\u00f3ria de Lima<\/span><\/p>\n<p><span style=\"color: #000000;\"><a style=\"color: #000000;\" href=\"https:\/\/guaiaca.ufpel.edu.br\/handle\/prefix\/13759\">Disserta\u00e7\u00e3o &#8211;\u00a0As redeiras: etnografia do artesanato e das materialidades na pesca artesanal da Col\u00f4nia Z-3, Pelotas, RS<\/a><\/span><\/p>\n<p>&nbsp;<\/p>\n<p><span style=\"color: #000000;\">Fonseca, Eder Ribeiro<\/span><\/p>\n<p><span style=\"color: #000000;\"><a style=\"color: #000000;\" href=\"https:\/\/guaiaca.ufpel.edu.br\/handle\/prefix\/13760\">Disserta\u00e7\u00e3o &#8211;\u00a0Ro\u00e7a Quilombola: (re) exist\u00eancia secular das Comunidades Quilombolas no Rio Grande do Sul<\/a><\/span><\/p>\n<p>&nbsp;<\/p>\n<p><span style=\"color: #000000;\">Carle, Mirian Baptista<\/span><\/p>\n<p><span style=\"color: #000000;\"><a style=\"color: #000000;\" href=\"http:\/\/livros01.livrosgratis.com.br\/cp000190.pdf\">Disserta\u00e7\u00e3o &#8211;\u00a0Investiga\u00e7\u00e3o arqueol\u00f3gica em Rio Grande: uma proposta da ocupa\u00e7\u00e3o Guarani pr\u00e9-hist\u00f3rica no Rio Grande do Sul<\/a><\/span><\/p>\n","protected":false},"excerpt":{"rendered":"<p>Hentges, Angelita\u00a0 Tese &#8211; Imagin\u00e1rios Fermentadores nas Rodas de Capoeira Angola do Accara: Elementos de uma Educa\u00e7\u00e3o Circular, Pelotas: UFPel, 2015. Disserta\u00e7\u00e3o &#8211; Supervis\u00e3o escolar: possibilidades de ressignifica\u00e7\u00e3o. Oror.\u00a0Prof. Dr. Eldon Henrique M\u00fchl,\u00a0Passo Fundo: UPF, 2004 &nbsp; Carle, Cl\u00e1udio Baptista&#8230; <a class=\"more-link\" href=\"https:\/\/wp.ufpel.edu.br\/gpcie\/banco-de-tccs-dissertacoes-e-teses\/\">Continue lendo &rarr;<\/a><\/p>\n","protected":false},"author":841,"featured_media":0,"parent":0,"menu_order":0,"comment_status":"closed","ping_status":"closed","template":"","meta":{"footnotes":""},"class_list":["post-90","page","type-page","status-publish","hentry"],"jetpack_sharing_enabled":true,"_links":{"self":[{"href":"https:\/\/wp.ufpel.edu.br\/gpcie\/wp-json\/wp\/v2\/pages\/90","targetHints":{"allow":["GET"]}}],"collection":[{"href":"https:\/\/wp.ufpel.edu.br\/gpcie\/wp-json\/wp\/v2\/pages"}],"about":[{"href":"https:\/\/wp.ufpel.edu.br\/gpcie\/wp-json\/wp\/v2\/types\/page"}],"author":[{"embeddable":true,"href":"https:\/\/wp.ufpel.edu.br\/gpcie\/wp-json\/wp\/v2\/users\/841"}],"replies":[{"embeddable":true,"href":"https:\/\/wp.ufpel.edu.br\/gpcie\/wp-json\/wp\/v2\/comments?post=90"}],"version-history":[{"count":3,"href":"https:\/\/wp.ufpel.edu.br\/gpcie\/wp-json\/wp\/v2\/pages\/90\/revisions"}],"predecessor-version":[{"id":99,"href":"https:\/\/wp.ufpel.edu.br\/gpcie\/wp-json\/wp\/v2\/pages\/90\/revisions\/99"}],"wp:attachment":[{"href":"https:\/\/wp.ufpel.edu.br\/gpcie\/wp-json\/wp\/v2\/media?parent=90"}],"curies":[{"name":"wp","href":"https:\/\/api.w.org\/{rel}","templated":true}]}}