{"id":631,"date":"2023-06-28T18:20:45","date_gmt":"2023-06-28T21:20:45","guid":{"rendered":"https:\/\/wp.ufpel.edu.br\/gpcie\/?page_id=631"},"modified":"2025-10-03T10:51:08","modified_gmt":"2025-10-03T13:51:08","slug":"programas-e-projetos","status":"publish","type":"page","link":"https:\/\/wp.ufpel.edu.br\/gpcie\/programas-e-projetos\/","title":{"rendered":"Programas e Projetos"},"content":{"rendered":"<p><a href=\"https:\/\/www.youtube.com\/watch?v=Bsa71z1XJr0\"><img loading=\"lazy\" decoding=\"async\" class=\"alignnone size-medium wp-image-635\" src=\"https:\/\/wp.ufpel.edu.br\/gpcie\/files\/2023\/06\/macriasul-Logo-400x162.jpg\" alt=\"\" width=\"400\" height=\"162\" srcset=\"https:\/\/wp.ufpel.edu.br\/gpcie\/files\/2023\/06\/macriasul-Logo-400x162.jpg 400w, https:\/\/wp.ufpel.edu.br\/gpcie\/files\/2023\/06\/macriasul-Logo-1024x415.jpg 1024w, https:\/\/wp.ufpel.edu.br\/gpcie\/files\/2023\/06\/macriasul-Logo-768x312.jpg 768w, https:\/\/wp.ufpel.edu.br\/gpcie\/files\/2023\/06\/macriasul-Logo-1536x623.jpg 1536w, https:\/\/wp.ufpel.edu.br\/gpcie\/files\/2023\/06\/macriasul-Logo-600x243.jpg 600w, https:\/\/wp.ufpel.edu.br\/gpcie\/files\/2023\/06\/macriasul-Logo-945x383.jpg 945w, https:\/\/wp.ufpel.edu.br\/gpcie\/files\/2023\/06\/macriasul-Logo.jpg 1669w\" sizes=\"auto, (max-width: 400px) 100vw, 400px\" \/><\/a> <a href=\"https:\/\/www.youtube.com\/watch?v=Bsa71z1XJr0\"><strong><em><span style=\"font-family: 'times new roman', times, serif;\">MACRIASUL<\/span><\/em><\/strong><\/a> &#8211; <span style=\"font-family: Times New Roman, serif;\"><span style=\"font-size: large;\">Mapeamento arqueol\u00f3gico e cultural dos objetos, lugares, manifesta\u00e7\u00f5es e pessoas de refer\u00eancia \u00e0s sociedades tradicionais ind\u00edgenas e afro-brasileiras na regi\u00e3o sul do Estado do Rio Grande do Sul. (coordenado Cl\u00e1udio Baptista Carle)<\/span><\/span><\/p>\n<p>&nbsp;<\/p>\n","protected":false},"excerpt":{"rendered":"<p>MACRIASUL &#8211; Mapeamento arqueol\u00f3gico e cultural dos objetos, lugares, manifesta\u00e7\u00f5es e pessoas de refer\u00eancia \u00e0s sociedades tradicionais ind\u00edgenas e afro-brasileiras na regi\u00e3o sul do Estado do Rio Grande do Sul. (coordenado Cl\u00e1udio Baptista Carle) &nbsp;<\/p>\n","protected":false},"author":841,"featured_media":0,"parent":0,"menu_order":0,"comment_status":"closed","ping_status":"closed","template":"","meta":{"footnotes":""},"class_list":["post-631","page","type-page","status-publish","hentry"],"jetpack_sharing_enabled":true,"_links":{"self":[{"href":"https:\/\/wp.ufpel.edu.br\/gpcie\/wp-json\/wp\/v2\/pages\/631","targetHints":{"allow":["GET"]}}],"collection":[{"href":"https:\/\/wp.ufpel.edu.br\/gpcie\/wp-json\/wp\/v2\/pages"}],"about":[{"href":"https:\/\/wp.ufpel.edu.br\/gpcie\/wp-json\/wp\/v2\/types\/page"}],"author":[{"embeddable":true,"href":"https:\/\/wp.ufpel.edu.br\/gpcie\/wp-json\/wp\/v2\/users\/841"}],"replies":[{"embeddable":true,"href":"https:\/\/wp.ufpel.edu.br\/gpcie\/wp-json\/wp\/v2\/comments?post=631"}],"version-history":[{"count":4,"href":"https:\/\/wp.ufpel.edu.br\/gpcie\/wp-json\/wp\/v2\/pages\/631\/revisions"}],"predecessor-version":[{"id":828,"href":"https:\/\/wp.ufpel.edu.br\/gpcie\/wp-json\/wp\/v2\/pages\/631\/revisions\/828"}],"wp:attachment":[{"href":"https:\/\/wp.ufpel.edu.br\/gpcie\/wp-json\/wp\/v2\/media?parent=631"}],"curies":[{"name":"wp","href":"https:\/\/api.w.org\/{rel}","templated":true}]}}