{"id":407,"date":"2021-05-10T17:43:26","date_gmt":"2021-05-10T20:43:26","guid":{"rendered":"https:\/\/wp.ufpel.edu.br\/gpcie\/?page_id=407"},"modified":"2026-03-26T10:42:33","modified_gmt":"2026-03-26T13:42:33","slug":"textos-do-gpcie-publicacao-independente","status":"publish","type":"page","link":"https:\/\/wp.ufpel.edu.br\/gpcie\/textos-do-gpcie-publicacao-independente\/","title":{"rendered":"Z &#8211; (Re)Vista Insubordinada &#8211; &#8220;S\u00f3 a antropofagia nos une&#8221; &#8211; &#8220;IMAGIN\u00c1RIOS&#8221;"},"content":{"rendered":"<h1>(Re)Vista Insubordinada &#8211; &#8220;S\u00f3 a antropofagia nos une&#8221; &#8211; &#8220;IMAGIN\u00c1RIOS&#8221;<\/h1>\n<p><em>&#8220;IMAGIN\u00c1RIOS&#8221; <\/em>\u00e9 o nosso foco, mas, tamb\u00e9m, a luta contra o colonialismo, que dominam revistas. A Revista que, por bem, achamos de chamar <em>Insubordinada &#8211; &#8220;S\u00f3 a antropofagia nos une&#8221; &#8211; &#8220;IMAGIN\u00c1RIOS&#8221;,<\/em> n\u00e3o segue as manifesta\u00e7\u00f5es liter\u00e1rias e n\u00e3o discute a l\u00edngua, retrata a sensa\u00e7\u00e3o de oposi\u00e7\u00e3o ao modelo colonialista de produ\u00e7\u00e3o acad\u00eamica, que une as revistas no pa\u00eds. Os textos apresentados aqui, seguem uma serie de produ\u00e7\u00f5es independentes e alternativas as revistas acad\u00eamicas regulares, que se prendem a produ\u00e7\u00e3o quantitativa, na busca de perpetuar um padr\u00e3o quantitativo e pouco qualitativo de vis\u00f5es limitadas do mundo do conhecimento &#8211; Ci\u00eancia. A Ci\u00eancia Colonialista n\u00e3o nos interessa, vivemos a ci\u00eancia em meio a popula\u00e7\u00e3o. As<em> publica\u00e7\u00f5es insubordinadas do GPCIE,<\/em> apresentadas neste espa\u00e7o, s\u00e3o relevantes, de amplo valor no universo do imagin\u00e1rio, de interesse aos estudiosos do Imagin\u00e1rio, publicados de forma independente e insubordinada. A produ\u00e7\u00e3o considera os valores das publica\u00e7\u00f5es no Imagin\u00e1rio, como sistema de investiga\u00e7\u00e3o da realidade. Trazemos a vis\u00e3o do MANIFESTO ANTROP\u00d3FAGO, de Oswald de Andrade, na Revista de Antropofagia, datada do &#8220;Anno 374 da Degluti\u00e7\u00e3o do Bispo Sardinha&#8221; (em Piratininga). <em>O primeiro texto da insubordina\u00e7\u00e3o<\/em>. A ideia prevista do <em>Manifesto, Movimento de<\/em> 1922, apresenta a linguagem metaf\u00f3rica, cheia de fragmentos po\u00e9ticos e \u00e9 fonte te\u00f3rica, mas, que agora, \u00e9 regurgitada por n\u00f3s, em nossa insubmiss\u00e3o (iniciado no ano crist\u00e3o de 2024).<\/p>\n<p>&nbsp;<\/p>\n<p><a href=\"http:\/\/Re)Vista\u00a0 N\u00ba 1, Ano 470 (da degluti\u00e7\u00e3o do Bispo Sardinha), Volume 1 Editorial ano 470 (Re)Vista Insubordinada - &quot;S\u00f3 a antropofagia nos une&quot; - &quot;IMAGIN\u00c1RIOS&quot; Oswald de Andrade - Manifesto Antrop\u00f3fago (1928) Cl\u00e1udio B. Carle - A quest\u00e3o \u00e9 simples Darwin era macaco (2019) Cl\u00e1udio B. Carle. - O retorno de Asmodeus Ja Mexiyas Hnab (2019) Cl\u00e1udio B. Carle. - Os mortos vivos na arqueologia ou o dia em que os colegas arque\u00f3logos se transformam em destruidores de s\u00edtios e textos.\"><img loading=\"lazy\" decoding=\"async\" class=\"alignleft wp-image-622\" src=\"https:\/\/wp.ufpel.edu.br\/gpcie\/files\/2023\/04\/imagem-GPCIE-2-258x400.jpg\" alt=\"\" width=\"294\" height=\"456\" srcset=\"https:\/\/wp.ufpel.edu.br\/gpcie\/files\/2023\/04\/imagem-GPCIE-2-258x400.jpg 258w, https:\/\/wp.ufpel.edu.br\/gpcie\/files\/2023\/04\/imagem-GPCIE-2-660x1024.jpg 660w, https:\/\/wp.ufpel.edu.br\/gpcie\/files\/2023\/04\/imagem-GPCIE-2-600x931.jpg 600w, https:\/\/wp.ufpel.edu.br\/gpcie\/files\/2023\/04\/imagem-GPCIE-2.jpg 696w\" sizes=\"auto, (max-width: 294px) 100vw, 294px\" \/><\/a><\/p>\n<h6><span style=\"font-size: 10pt;\">(Re)Vista Insubordinada \u2013 \u201cS\u00f3 a antropofagia nos une\u201d \u2013 \u201cIMAGIN\u00c1RIOS\u201d<\/span><\/h6>\n<h6><span style=\"font-size: 10pt;\">(Re)Vista\u00a0 N\u00ba 1, Ano 468 (da degluti\u00e7\u00e3o do Bispo Sardinha), Volume 1 (JAN-JUL) [ano crist\u00e3o de 2024]<\/span><\/h6>\n<h6><span style=\"font-size: 10pt;\">(Capa: Isabela Hentges Carle)<\/span><\/h6>\n<p><span style=\"font-size: 10pt;\"><a href=\"https:\/\/drive.google.com\/file\/d\/1Y7ZHufpV3R1JxjJtnfEtDWMccdmdrE0P\/view?usp=sharing\">Editorial ano 468 (Re)Vista Insubordinada &#8211; &#8220;S\u00f3 a antropofagia nos une&#8221; &#8211; &#8220;IMAGIN\u00c1RIOS&#8221;<\/a><\/span><\/p>\n<p><span style=\"font-size: 10pt;\"><a href=\"https:\/\/wp.ufpel.edu.br\/gpcie\/files\/2024\/07\/manifesto-antropofago.pdf\">Oswald de Andrade &#8211; Manifesto Antrop\u00f3fago (1928)<\/a><\/span><\/p>\n<p><span style=\"font-size: 10pt; font-family: arial, helvetica, sans-serif;\"><a href=\"https:\/\/wp.ufpel.edu.br\/gpcie\/files\/2019\/08\/O-retorno-de-Asmodeus-Ja-Mexiyas-Hnab.pdf\">Cl\u00e1udio B. Carle. &#8211; O retorno de Asmodeus Ja Mexiyas Hnab (2019)<\/a><\/span><\/p>\n<p style=\"text-align: left;\"><span style=\"font-size: 10pt;\"><a href=\"https:\/\/wp.ufpel.edu.br\/gpcie\/files\/2020\/04\/A-quest\u00e3o-\u00e9-simples-Darwin-era-macaco-1.doc\">Cl\u00e1udio B. Carle &#8211; <\/a><a href=\"https:\/\/wp.ufpel.edu.br\/gpcie\/files\/2020\/04\/A-quest\u00e3o-\u00e9-simples-Darwin-era-macaco-1.doc\">A quest\u00e3o \u00e9 simples Darwin era macaco (2019)<\/a><\/span><\/p>\n<p><span style=\"font-size: 10pt;\"><a href=\"https:\/\/drive.google.com\/file\/d\/12HyoGvjeirBBDIMgy31OLFP-KwsSZ8uH\/view?usp=drive_link\">Cl\u00e1udio B. Carle. &#8211; Os mortos vivos na arqueologia ou o dia em que os colegas arque\u00f3logos se transformam em destruidores de s\u00edtios e textos (2023).<\/a><\/span><\/p>\n<p><span style=\"font-size: 10pt;\"><a href=\"https:\/\/wp.ufpel.edu.br\/gpcie\/files\/2024\/07\/Texto-amarilis2-c-autores-publicar.pdf\"><span lang=\"es-AR\">Lic. Ana Cristina Baptista Carle;\u00a0<\/span><span lang=\"es-AR\">Ms. Mirian Baptista Carle;\u00a0<\/span>Dr. Cl\u00e1udio Baptista Carle;\u00a0Lic. Mateus Roberto Carle &#8211;\u00a0Sitio arqueol\u00f3gico Guarani destru\u00eddo no projeto Amar\u00edlis, Pelotas \u2013 RS. (2024)<\/a><\/span><\/p>\n<p>&nbsp;<\/p>\n<p>&nbsp;<\/p>\n<p>&nbsp;<\/p>\n<p><img loading=\"lazy\" decoding=\"async\" class=\"size-medium wp-image-705 alignleft\" src=\"https:\/\/wp.ufpel.edu.br\/gpcie\/files\/2024\/08\/capa-2-1-264x400.jpg\" alt=\"\" width=\"264\" height=\"400\" srcset=\"https:\/\/wp.ufpel.edu.br\/gpcie\/files\/2024\/08\/capa-2-1-264x400.jpg 264w, https:\/\/wp.ufpel.edu.br\/gpcie\/files\/2024\/08\/capa-2-1.jpg 400w\" sizes=\"auto, (max-width: 264px) 100vw, 264px\" \/><\/p>\n<h6><span style=\"font-size: 10pt;\">(Re)Vista Insubordinada \u2013 \u201cS\u00f3 a antropofagia nos une\u201d \u2013 \u201cIMAGIN\u00c1RIOS\u201d<\/span><\/h6>\n<h6><span style=\"font-size: 10pt;\">(Re)Vista\u00a0 N\u00ba 2, Ano 468 (da degluti\u00e7\u00e3o do Bispo Sardinha), Volume 2 (AGO-DEZ)<\/span><\/h6>\n<h6><span style=\"font-size: 10pt;\">[ano crist\u00e3o de 2024]<\/span><\/h6>\n<h6><span style=\"font-size: 10pt;\">(Capa: C. B. Carle)<\/span><\/h6>\n<p><span style=\"font-size: 10pt;\"><a href=\"https:\/\/drive.google.com\/file\/d\/1nl_tcAuQHGzMB5z788oxTDlMXbToY_gX\/view?usp=drive_link\">Editorial &#8211; Insubordinar para existir<\/a><\/span><\/p>\n<p align=\"justify\"><span style=\"font-size: 10pt;\"><a href=\"https:\/\/drive.google.com\/file\/d\/1odFCgpV4Eh7JZ4_Q4r4elT_LQepRepwu\/view?usp=drive_link\">Cl\u00e1udio B. Carle \/ \u201c<b>Um rosto na janela\u201d &#8211; <\/b><b>Imagin\u00e1rio na Educa\u00e7\u00e3o Patrimonial na forma\u00e7\u00e3o de Antrop\u00f3logos<\/b><\/a><\/span><\/p>\n<p align=\"justify\"><span style=\"font-size: 10pt;\"><a href=\"https:\/\/drive.google.com\/file\/d\/1WgrpHQ2yx3xTzRkvuhyDML7hAUYrgzCN\/view?usp=drive_link\"><span style=\"font-family: arial, helvetica, sans-serif;\">Orestes Mega e Cl\u00e1udio B. Carle \/\u00a0<b>D<\/b><\/span><span style=\"font-family: arial, helvetica, sans-serif;\"><b>e Bioma a Antroma: Uma Reflex\u00e3o Sobre o Papel das Imagens na Ecologia do Antropoceno<\/b><\/span><\/a><\/span><\/p>\n<p align=\"justify\"><span style=\"font-size: 10pt;\"><a href=\"https:\/\/drive.google.com\/file\/d\/1UBI0z2KkbAzgzklx82SD3wSzkWzS8ggj\/view?usp=drive_link\">Ju\u00e7ara Adriane Menegol Feltes &amp;\u00a0Cl\u00e1udio Baptista Carle \/\u00a0<b>As TICs na Escola B\u00e1sica em tempos de Pandemia<\/b><\/a><\/span><\/p>\n<p align=\"justify\"><span style=\"font-size: 10pt;\"><a href=\"https:\/\/drive.google.com\/file\/d\/1-ZSbrfVMOfmbCbeNMPku5qWGlCNVLkFq\/view?usp=drive_link\">Anselmo da Silva Accurso (Mestre Ratinho); Vitalino Dias Neto &amp;\u00a0Cl\u00e1udio Baptista Carle \/ <b>A capacidade educadora e perpetuadora de resist\u00eancia da Capoeira Angola, na cria\u00e7\u00e3o de m\u00eddia musical do ACCARA, Porto Alegre\/RS.<\/b><\/a><\/span><\/p>\n<p>&nbsp;<\/p>\n<p>&nbsp;<\/p>\n<p>&nbsp;<\/p>\n<h6><img loading=\"lazy\" decoding=\"async\" class=\"size-medium wp-image-62 alignleft\" src=\"https:\/\/wp.ufpel.edu.br\/gpcie\/files\/2018\/04\/capa-283x400.jpg\" alt=\"\" width=\"283\" height=\"400\" srcset=\"https:\/\/wp.ufpel.edu.br\/gpcie\/files\/2018\/04\/capa-283x400.jpg 283w, https:\/\/wp.ufpel.edu.br\/gpcie\/files\/2018\/04\/capa-768x1087.jpg 768w, https:\/\/wp.ufpel.edu.br\/gpcie\/files\/2018\/04\/capa-723x1024.jpg 723w, https:\/\/wp.ufpel.edu.br\/gpcie\/files\/2018\/04\/capa-600x849.jpg 600w, https:\/\/wp.ufpel.edu.br\/gpcie\/files\/2018\/04\/capa.jpg 794w\" sizes=\"auto, (max-width: 283px) 100vw, 283px\" \/><span style=\"font-size: 10pt;\">(Re)Vista Insubordinada \u2013 \u201cS\u00f3 a antropofagia nos une\u201d \u2013 \u201cIMAGIN\u00c1RIOS&#8221;<\/span><\/h6>\n<h6><span style=\"font-size: 10pt;\">(Re)Vista\u00a0 N\u00ba 3, Ano 469 (da degluti\u00e7\u00e3o do Bispo Sardinha), Volume 3 (JAN-JUL)<\/span><\/h6>\n<h6><span style=\"font-size: 10pt;\">[ano crist\u00e3o de 2025]<\/span><\/h6>\n<p><span style=\"font-size: 10pt;\">(Capa &#8211; Imagem \u00edcone do GPCIE &#8211; Arte rupestre &#8211; Pintura rupestre dos sans da Dan\u00e7a do El\u00e3-Macho. A figura maior, no centro, \u00e9 uma jovem que menstrua pela primeira vez; as figuras com varas s\u00e3o homens, segurando simbolicamente os chifres de um el\u00e3. [FORD, Clyde W. <em>O Her\u00f3i com rosto Africano<\/em>. Mitos da \u00c1frica. S\u00e3o Paulo:Summus, 1999 , p.157])<\/span><\/p>\n<p><span style=\"font-size: 10pt;\"><a href=\"https:\/\/drive.google.com\/file\/d\/1qCKQvBzcwzoFq_Y9c-KnsrI9TyGy3WeP\/view?usp=sharing\">Editorial &#8211; &#8230;<strong>&#8220;<\/strong><\/a><a href=\"https:\/\/drive.google.com\/file\/d\/1qCKQvBzcwzoFq_Y9c-KnsrI9TyGy3WeP\/view?usp=sharing\"><strong>EEUU entrou no pior momento de sua hist\u00f3ria,&#8221;.<\/strong>..<\/a><\/span><\/p>\n<p><span style=\"font-size: 10pt;\"><a href=\"https:\/\/drive.google.com\/file\/d\/16oICSE_cFkcL34y2ivDPMR4qtPON0LtG\/view?usp=sharing\">Cl\u00e1udio B. Carle &#8211; \u201c<span lang=\"pt-BR\"><b>Nunca nos banhamos duas vezes no mesmo rio<\/b><\/span><span lang=\"pt-BR\"><i><b>\u201d: <\/b><\/i><\/span><span lang=\"pt-BR\"><b>arqueologia do <\/b><\/span><span lang=\"pt-BR\"><b>imagin\u00e1rio e sua forma de entender uma regi\u00e3o como <\/b><\/span><span lang=\"pt-BR\"><b>Pelotas \u2013 RS<\/b><\/span><\/a><\/span><\/p>\n<p class=\"western\"><span style=\"font-size: 10pt;\"><a href=\"https:\/\/drive.google.com\/file\/d\/1SULtmRpKcIEGdWeH1pbRmqlWBPG9j3P0\/view?usp=sharing\"><span style=\"font-family: Arial, serif;\"><b>Cl\u00e1udio B. Carle. O estudo cartogr\u00e1fico do Passo dos Negros \u2013 Pelotas\/RS<\/b><\/span><\/a> (O texto n\u00e3o foi aceito para publica\u00e7\u00e3o, na UFPel, mas \u00e9 de vital import\u00e2ncia para os estudos atuais, que demarcam o valor dessa \u00e1rea)<\/span><\/p>\n<p><span style=\"font-size: 10pt;\"><a href=\"https:\/\/drive.google.com\/file\/d\/1oYdcDzOasd3pNfgxxpwQXW7Q2SIsvY9d\/view?usp=drive_link\">Cl\u00e1udio B. Carle.\u00a0<strong>\u201c<span lang=\"pt-BR\"><i>A \u00e1gua \u00e9 como uma pele, que ningu\u00e9m pode ferir\u201d<\/i><\/span><span lang=\"pt-BR\">: o estudo do<\/span><i> <\/i><span lang=\"pt-BR\">imagin\u00e1rio<\/span><span lang=\"pt-BR\"> da regi\u00e3o de Pelotas \u2013 RS<\/span><\/strong><\/a><\/span><\/p>\n<p>&nbsp;<\/p>\n<p>&nbsp;<\/p>\n<p>&nbsp;<\/p>\n<h6><img loading=\"lazy\" decoding=\"async\" class=\" wp-image-776 alignleft\" src=\"https:\/\/wp.ufpel.edu.br\/gpcie\/files\/2025\/03\/figueira-400x374.jpg\" alt=\"\" width=\"450\" height=\"421\" srcset=\"https:\/\/wp.ufpel.edu.br\/gpcie\/files\/2025\/03\/figueira-400x374.jpg 400w, https:\/\/wp.ufpel.edu.br\/gpcie\/files\/2025\/03\/figueira-1024x957.jpg 1024w, https:\/\/wp.ufpel.edu.br\/gpcie\/files\/2025\/03\/figueira-768x718.jpg 768w, https:\/\/wp.ufpel.edu.br\/gpcie\/files\/2025\/03\/figueira-1536x1436.jpg 1536w, https:\/\/wp.ufpel.edu.br\/gpcie\/files\/2025\/03\/figueira-2048x1915.jpg 2048w, https:\/\/wp.ufpel.edu.br\/gpcie\/files\/2025\/03\/figueira-600x561.jpg 600w, https:\/\/wp.ufpel.edu.br\/gpcie\/files\/2025\/03\/figueira-945x883.jpg 945w\" sizes=\"auto, (max-width: 450px) 100vw, 450px\" \/><span style=\"font-size: 10pt;\">(Re)Vista Insubordinada \u2013 \u201cS\u00f3 a antropofagia nos une\u201d \u2013 \u201cIMAGIN\u00c1RIOS\u201d<\/span><\/h6>\n<h6><span style=\"font-size: 10pt;\">(Re)Vista\u00a0 N\u00ba 4, Ano 469 (da degluti\u00e7\u00e3o do Bispo Sardinha), Volume 4 (AGO-DEZ) [ano crist\u00e3o de 2025] &#8211; Imagem capa &#8211; Foto: Carle, 2024, estrutura arqueol\u00f3gica do Passo dos Negros.<\/span><\/h6>\n<p><span style=\"font-size: 10pt;\"><a href=\"https:\/\/drive.google.com\/file\/d\/1xMBB0ETBb-YnuSX4MGZaV-S-mdesdBUB\/view?usp=drive_link\">Editorial &#8211; \u201cCom n\u00f3is \u00e9 n\u00f3is\u201d &#8211; A gente negra no Brasil \u00e9 morta todo dia, e ai \u00e9 n\u00f3s por n\u00f3s.<\/a><\/span><\/p>\n<p><span style=\"font-size: 10pt;\"><a href=\"https:\/\/drive.google.com\/file\/d\/1kSH9qmEyGl3w-529wAFp0A2tRYlER0qY\/view?usp=drive_link\">SILVA, Jefferson Foster da. \u201cMelhor que Voc\u00eas Morram do que N\u00f3s\u201d: uma cr\u00f4nica de desigualdades socioambientais, inunda\u00e7\u00f5es catastr\u00f3ficas e genoc\u00eddio lento na comunidade do Passo dos Negros, Pelotas\/RS.<\/a><\/span><\/p>\n<p><span style=\"font-size: 10pt;\"><a href=\"https:\/\/drive.google.com\/file\/d\/1cbexcFS_iarhQ7_Yxmkld5kaTYlhNlLu\/view?usp=sharing\">CARLE, Cl\u00e1udio Baptista. \u201cQue se chame do que quiser\u201d, a presun\u00e7\u00e3o colonialista sobre as comunidades tradicionais, bugreiros do S\u00e9culo XXI<\/a><\/span><\/p>\n<p><span style=\"font-size: 10pt;\"><a href=\"https:\/\/drive.google.com\/file\/d\/1HQT9CZB7Xk4_zvZyZ00Kl2S1N9aZoxta\/view?usp=sharing\">CARLE, Cl\u00e1udio Baptista &#8211; Disciplina de etnologia negra brasileira &#8211; n\u00e3o mais brancos e sim negros: a perspectiva da vis\u00e3o eurocentrada da exist\u00eancia negra no Brasil.\u00a0<\/a><\/span><\/p>\n<p>&nbsp;<\/p>\n<p>&nbsp;<\/p>\n<p>&nbsp;<\/p>\n<p>&nbsp;<\/p>\n<h6><span style=\"font-size: 10pt;\"><img loading=\"lazy\" decoding=\"async\" class=\"size-medium wp-image-862 alignleft\" src=\"https:\/\/wp.ufpel.edu.br\/gpcie\/files\/2026\/02\/capa-5-1-210x400.jpeg\" alt=\"\" width=\"210\" height=\"400\" srcset=\"https:\/\/wp.ufpel.edu.br\/gpcie\/files\/2026\/02\/capa-5-1-210x400.jpeg 210w, https:\/\/wp.ufpel.edu.br\/gpcie\/files\/2026\/02\/capa-5-1.jpeg 318w\" sizes=\"auto, (max-width: 210px) 100vw, 210px\" \/>(Re)Vista Insubordinada \u2013 \u201cS\u00f3 a antropofagia nos une\u201d \u2013 \u201cIMAGIN\u00c1RIOS\u201d<\/span><\/h6>\n<h6><span style=\"font-size: 10pt;\">(Re)Vista\u00a0 N\u00ba 5, Ano 470 (da degluti\u00e7\u00e3o do Bispo Sardinha), Volume 5 (JAN_JUL) [ano crist\u00e3o de 2026] &#8211; Imagem capa &#8211; Canto: Imagem criada Carle<\/span><\/h6>\n<p><a href=\"https:\/\/drive.google.com\/file\/d\/1EwhcksoqjkQ_X863WmsCEI_ltWB-5M24\/view?usp=sharing\"><span style=\"font-size: 10pt;\">Editorial &#8211; <span style=\"font-family: Arial, serif;\"><b>Manter a escrita no caminho.<\/b><\/span><\/span><\/a><\/p>\n<p align=\"left\"><span style=\"background-color: #ffffff; font-size: 10pt;\"><a style=\"background-color: #ffffff;\" href=\"https:\/\/drive.google.com\/file\/d\/1ird7RC7wTUc7-d2kqHQbPpfCnvSOBFkd\/view?usp=sharing\"><span style=\"font-family: Arial, serif;\"><span style=\"background-color: #ffffff;\">CARLE, Cl\u00e1udio Baptista. <\/span><\/span><span style=\"font-family: Arial, serif;\"><span style=\"background-color: #ffffff;\"><b>Narrativas <\/b><b>d<\/b><b>o Passo <\/b><b>d<\/b><b>os Negros <\/b><b>n<\/b><b>a Crise Clim\u00e1tica <\/b>&#8211; (Orora. Marielda Barcellos Medeiros) Trabalho de Conclus\u00e3o de Curso &#8211; Antropologia\/Especializa\u00e7\u00e3o <i>L<\/i><i>ato sensu<\/i>, Faculdade de Minas, Coronel Fabriciano\/MG &#8211; Pelotas\/RS<b>, <\/b>2025. 32 fls.<\/span><\/span><\/a><\/span><\/p>\n<p><span style=\"font-size: 10pt;\"><a href=\"https:\/\/drive.google.com\/file\/d\/1meHTiWX_OgaVsDd3Vrm_6jtSnPGjvw0k\/view?usp=sharing\">CARLE, Cl\u00e1udio Baptista; MEDEIROS, Marielda Barcellos; CARLETTO, Andr\u00e9 Dal Bosco; FONSECA, Eder Ribeiro; MATHIAS, Simone Fernandes; MORALES, Patr\u00edcia Fernandes Mathias;\u00a0OLIVEIRA, C\u00edcero Ney Pereira de; SILVA, R\u00fabia de Almeida. <b>Odus, Exus e xamanismos, construindo olhares sobre o mundo: caminhos das interpreta\u00e7\u00f5es cient\u00edficas afrocentradas e amer\u00edndias. (escrito em 2020)<\/b><\/a><\/span><\/p>\n<p align=\"left\"><a href=\"https:\/\/drive.google.com\/file\/d\/172Lq0HC6jqyzfITXEfKhBTrO953WbTke\/view?usp=sharing\"><span style=\"font-family: arial, helvetica, sans-serif; font-size: 10pt;\">CARLE, Cl\u00e1udio Baptista (PPGAnt \u2013 UFPel), <b>Sentidos imaginantes relativos aos poder das \u00e1guas na regi\u00e3o de Pelotas-RS<\/b>.\u201cA \u00e1gua \u00e9 como uma pele, que ningu\u00e9m pode ferir\u201d: estudo sobre os povos das \u00e1guas na regi\u00e3o de Pelotas \u2013 RS &#8211; Relat\u00f3rio de Est\u00e1gio de P\u00f3s-Doutoramento 2, Supervis\u00e3o Profa. Dra. Adriana Schmitz Dias, Vig\u00eancia: 01\/08\/2019 at\u00e9 30\/07\/2020, Universidade Federal do Rio Grande do Sul &#8211; Instituto de Filosofia e Ci\u00eancias Humanas &#8211; Departamento de Hist\u00f3ria &#8211; Programa de P\u00f3s-Gradua\u00e7\u00e3o em Hist\u00f3ria \u2013 P\u00f3s-Doutorado, UFRGS: Porto Alegre, Julho de 2020<\/span><\/a><\/p>\n<div id=\"sdfootnote1\">\n<p class=\"sdfootnote-western\"><a class=\"sdfootnotesym\" href=\"#sdfootnote1anc\" name=\"sdfootnote1sym\"><\/a><\/p>\n<\/div>\n","protected":false},"excerpt":{"rendered":"<p>(Re)Vista Insubordinada &#8211; &#8220;S\u00f3 a antropofagia nos une&#8221; &#8211; &#8220;IMAGIN\u00c1RIOS&#8221; &#8220;IMAGIN\u00c1RIOS&#8221; \u00e9 o nosso foco, mas, tamb\u00e9m, a luta contra o colonialismo, que dominam revistas. A Revista que, por bem, achamos de chamar Insubordinada &#8211; &#8220;S\u00f3 a antropofagia nos une&#8221;&#8230; <a class=\"more-link\" href=\"https:\/\/wp.ufpel.edu.br\/gpcie\/textos-do-gpcie-publicacao-independente\/\">Continue lendo &rarr;<\/a><\/p>\n","protected":false},"author":841,"featured_media":0,"parent":0,"menu_order":0,"comment_status":"closed","ping_status":"closed","template":"","meta":{"footnotes":""},"class_list":["post-407","page","type-page","status-publish","hentry"],"jetpack_sharing_enabled":true,"_links":{"self":[{"href":"https:\/\/wp.ufpel.edu.br\/gpcie\/wp-json\/wp\/v2\/pages\/407","targetHints":{"allow":["GET"]}}],"collection":[{"href":"https:\/\/wp.ufpel.edu.br\/gpcie\/wp-json\/wp\/v2\/pages"}],"about":[{"href":"https:\/\/wp.ufpel.edu.br\/gpcie\/wp-json\/wp\/v2\/types\/page"}],"author":[{"embeddable":true,"href":"https:\/\/wp.ufpel.edu.br\/gpcie\/wp-json\/wp\/v2\/users\/841"}],"replies":[{"embeddable":true,"href":"https:\/\/wp.ufpel.edu.br\/gpcie\/wp-json\/wp\/v2\/comments?post=407"}],"version-history":[{"count":4,"href":"https:\/\/wp.ufpel.edu.br\/gpcie\/wp-json\/wp\/v2\/pages\/407\/revisions"}],"predecessor-version":[{"id":874,"href":"https:\/\/wp.ufpel.edu.br\/gpcie\/wp-json\/wp\/v2\/pages\/407\/revisions\/874"}],"wp:attachment":[{"href":"https:\/\/wp.ufpel.edu.br\/gpcie\/wp-json\/wp\/v2\/media?parent=407"}],"curies":[{"name":"wp","href":"https:\/\/api.w.org\/{rel}","templated":true}]}}