{"id":20,"date":"2018-04-06T18:03:42","date_gmt":"2018-04-06T21:03:42","guid":{"rendered":"https:\/\/wp.ufpel.edu.br\/gpcie\/?page_id=20"},"modified":"2025-02-07T10:36:39","modified_gmt":"2025-02-07T13:36:39","slug":"textos","status":"publish","type":"page","link":"https:\/\/wp.ufpel.edu.br\/gpcie\/textos\/","title":{"rendered":"Textos dos integrantes do GPCIE"},"content":{"rendered":"<h6 style=\"text-align: center;\"><span style=\"font-size: 10pt; font-family: arial, helvetica, sans-serif;\"><em><strong>Textos dos pesquisadores<\/strong><\/em><\/span><\/h6>\n<p style=\"text-align: center;\"><span style=\"font-size: 10pt;\"><a href=\"https:\/\/d1wqtxts1xzle7.cloudfront.net\/110387282\/418-libre.pdf?1705148493=&amp;response-content-disposition=inline%3B+filename%3DImaginarios_Da_Docencia_Refletindo_Sobre.pdf&amp;Expires=1738938826&amp;Signature=It~cZiGuTltCBF09QqFhXgiricvCU-MLzs5cGJ5UXxneEplS95pg4uFWbr8Vx0p5VS8AfKQYgfN0RLIRmFwYd5v-uF1S2sc6Gd7Y0vd0elhZo79w7aiyWiJAjTDh~iUShIwCzkO4hb2XormC3wB1qjM3SLfPKqH-oXGBtf5gEOXJ6skhRAYKraCm6lKnLGAlVLnxeZdzfn7SRx7r944x1OQ9lGkdXOTeGE7lrM1Reieaa4l2SXWzK4Sk53TPTN-6Hw2Y1ehEQEj2Re~OM~~DQKrsk3lcIOMl1ngHYt-nZ7TNnmyEMqEhFSpjAdx2kBl1uYPQauXZO1P2ASMhveSy5w__&amp;Key-Pair-Id=APKAJLOHF5GGSLRBV4ZA\">HENTGES, Angelita; DE MORAES, Maria Laura Brenner. Imagin\u00e1rios da doc\u00eancia: refletindo sobre a forma\u00e7\u00e3o inicial de professores a dist\u00e2ncia.<\/a><\/span><\/p>\n<p style=\"text-align: center;\"><span style=\"font-size: 10pt;\"><a href=\"https:\/\/pdfs.semanticscholar.org\/ea46\/df5d641b4d20d15c110188677e567f5d2674.pdf\">HENTGES, Angelita; DE MORAES, Maria Laura Brenner; DE CASTRO BATALHA, Eliana Ratto. A forma\u00e7\u00e3o continuada e os mestrados profissionais na \u00e1rea do ensino: a pertin\u00eancia dos produtos educacionais<\/a><\/span><\/p>\n<h3 style=\"text-align: center;\"><span style=\"font-family: arial, helvetica, sans-serif; font-size: 10pt; color: #33cccc;\"><a style=\"color: #33cccc;\" href=\"http:\/\/revistathema.ifsul.edu.br\/index.php\/thema\/article\/view\/359\">Angelita Hentges.\u00a0A diversidade cultural como princ\u00edpio pedag\u00f3gico na forma\u00e7\u00e3o de professores.<\/a><\/span><\/h3>\n<p style=\"text-align: center;\"><span style=\"font-family: arial, helvetica, sans-serif; font-size: 10pt; color: #33cccc;\"><a style=\"color: #33cccc;\" href=\"http:\/\/www.periodicos.unir.br\/index.php\/EDUCA\/article\/view\/2087\/1897\">Angelita Hentges.\u00a0Ressignificando a atua\u00e7\u00e3o da supervis\u00e3o pedag\u00f3gica na Educa\u00e7\u00e3o B\u00e1sica<\/a><\/span><\/p>\n<h6 class=\"gs_rt\" style=\"text-align: center;\"><span style=\"font-family: arial, helvetica, sans-serif; font-size: 10pt; color: #33cccc;\"><a id=\"jn9H6M2FfdAJ\" style=\"color: #33cccc;\" href=\"https:\/\/periodicos.ufpel.edu.br\/ojs2\/index.php\/pixo\/article\/view\/12813\" data-clk=\"hl=pt-BR&amp;sa=T&amp;ct=res&amp;cd=2&amp;d=15023311051389632398&amp;ei=nft0XMrfNouGmgG-x6T4BA\" data-clk-atid=\"jn9H6M2FfdAJ\">Angelita Hentges. As escolas entre muros, murm\u00farios e arredores<\/a><\/span><\/h6>\n<h6 class=\"gs_rt\" style=\"text-align: center;\"><span style=\"font-family: arial, helvetica, sans-serif; font-size: 10pt; color: #33cccc;\"><a id=\"xwhvBGNd4FAJ\" style=\"color: #33cccc;\" href=\"http:\/\/periodicos.ifsul.edu.br\/index.php\/thema\/article\/view\/1038\" data-clk=\"hl=pt-BR&amp;sa=T&amp;ct=res&amp;cd=6&amp;d=5827760597674952903&amp;ei=nft0XMrfNouGmgG-x6T4BA\" data-clk-atid=\"xwhvBGNd4FAJ\"><em>Angelita Hentges, Alex Antunes Mendes, Andriel Souza Mont\u00e1gna, Maria Laura Brenner de Moraes.\u00a0<\/em>O planejamento pedag\u00f3gico: reflex\u00f5es sobre a pr\u00e1tica docente na forma\u00e7\u00e3o inicial de professores<\/a><\/span><\/h6>\n<h6 class=\"page-header first-page-header\" style=\"text-align: center;\"><span style=\"font-size: 10pt; font-family: arial, helvetica, sans-serif;\"><a href=\"http:\/\/proedu.rnp.br\/handle\/123456789\/1103\">Angelita Hentges. Gesta\u0303o da Educac\u0327a\u0303o Escolar &#8211; Fundamentos legais da gesta\u0303o democra\u0301tica<\/a><\/span><\/h6>\n<p style=\"text-align: center;\"><span style=\"font-size: 10pt;\"><a href=\"https:\/\/repositorio.ufpel.edu.br\/bitstream\/handle\/prefix\/5881\/A_RELACAO_MESTRE_ALUNO_NA_CAPOEIRA_ANGOLA.pdf?sequence=1&amp;isAllowed=y\">HENTGES, Angelita; PERES, L\u00facia Maria Vaz. A rela\u00e7\u00e3o mestre-aluno na capoeira angola contribui\u00e7\u00f5es para a educa\u00e7\u00e3o, a partir dos estudos do imagin\u00e1rio. 2013.<\/a><\/span><\/p>\n<h3 style=\"text-align: center;\"><span style=\"font-size: 10pt; font-family: arial, helvetica, sans-serif;\"><a href=\"http:\/\/revistathema.ifsul.edu.br\/index.php\/thema\/article\/view\/96\">Cl\u00e1udio Baptista Carle, Angelita Hentges\u00a0Da \u00c1frica ao afro-brasileiro.<\/a><\/span><\/h3>\n<h6 id=\"authorString\" style=\"text-align: center;\"><span style=\"font-size: 10pt; font-family: arial, helvetica, sans-serif;\"><a href=\"https:\/\/periodicos.ufpel.edu.br\/ojs2\/index.php\/lepaarq\/article\/view\/1205\"><span style=\"color: #33cccc;\">Cl\u00e1udio Baptista Carle. <\/span>Das Brenhas ao Asfalto &#8211; Investiga\u00e7\u00e3o da Fric\u00e7\u00e3o Inter\u00e9tnica das\u00a0Comunidades Ind\u00edgenas Transit\u00f3rias na Cidade de Cruz Alta.<\/a><\/span><\/h6>\n<h6 style=\"text-align: center;\"><\/h6>\n<h6 style=\"text-align: center;\"><span style=\"font-size: 10pt; font-family: arial, helvetica, sans-serif;\"><a href=\"https:\/\/periodicos.ufpel.edu.br\/ojs2\/index.php\/tessituras\/article\/view\/4309\/3798\">ALMEIDA, Soraia de; CARLE, Cl\u00e1udio Baptista. Estudo etnogr\u00e1fico dos mitos do imagin\u00e1rio M\u2019bya Guarani.<\/a><\/span><\/h6>\n<h6 style=\"text-align: center;\"><span style=\"font-family: arial, helvetica, sans-serif; font-size: 10pt; color: #33cccc;\"><a style=\"color: #33cccc;\" href=\"https:\/\/periodicos.ufpel.edu.br\/ojs2\/index.php\/tessituras\/article\/download\/11411\/7971\">Cl\u00e1udio Baptista Carle. Imagin\u00e1rio do Passo dos Negros<\/a><\/span><\/h6>\n<h6 style=\"text-align: center;\"><span style=\"font-family: arial, helvetica, sans-serif; font-size: 10pt;\"><a href=\"https:\/\/periodicos.ufpel.edu.br\/ojs2\/index.php\/pixo\/article\/view\/12810\/8038\">Cl\u00e1udio B. Carle. A busca do \u201cGa\u201d ou \u201cYvy\u201d na inser\u00e7\u00e3o no mundo n\u00e3o \u00edndio dos Kaingang e Guarani no contexto de Pelotas<\/a><\/span><\/h6>\n<h6 class=\"gs_rt\" style=\"text-align: center;\"><span style=\"font-family: arial, helvetica, sans-serif; font-size: 10pt;\"><a id=\"HxBvVOs9vvkJ\" href=\"http:\/\/ism.edu.br\/periodicos\/index.php\/identidade\/article\/view\/306\" data-clk=\"hl=pt-BR&amp;sa=T&amp;ct=res&amp;cd=16&amp;d=17995889241962254367&amp;ei=OgJ1XOr4N5DwmgHEwJboBA\" data-clk-atid=\"HxBvVOs9vvkJ\">Cl\u00e1udio B. Carle. Imagin\u00e1rio da tens\u00e3o entre o Aiy\u00ea e o Orun, as faces da pesquisa sobre afro-descendentes.<\/a><\/span><\/h6>\n<h6 class=\"gs_rt\" style=\"text-align: center;\"><span style=\"font-family: arial, helvetica, sans-serif; font-size: 10pt;\"><a id=\"OtpuJt1Zv6MJ\" href=\"http:\/\/ism.edu.br\/periodicos\/index.php\/identidade\/article\/view\/1150\" data-clk=\"hl=pt-BR&amp;sa=T&amp;ct=res&amp;cd=17&amp;d=11799248355101432378&amp;ei=OgJ1XOr4N5DwmgHEwJboBA\" data-clk-atid=\"OtpuJt1Zv6MJ\">Cl\u00e1udio B. Carle. Imagin\u00e1rio africano no estudo arqueol\u00f3gico de quilombos<\/a><\/span><\/h6>\n<h6 class=\"gs_rt\" style=\"text-align: center;\"><span style=\"font-family: arial, helvetica, sans-serif; font-size: 10pt;\"><a id=\"FpqTiYbOOEkJ\" style=\"text-align: center;\" href=\"https:\/\/periodicos.sbu.unicamp.br\/ojs\/index.php\/rap\/article\/view\/8652808\" data-clk=\"hl=pt-BR&amp;sa=T&amp;ct=res&amp;cd=18&amp;d=5276194040693627414&amp;ei=OgJ1XOr4N5DwmgHEwJboBA\" data-clk-atid=\"FpqTiYbOOEkJ\">Cl\u00e1udio B. Carle; Ingrid A. de S. F. Santana; C\u00edcero N.P. Oliveira. As cumplicidades racistas da arqueologia\u00a0<\/a><\/span><\/h6>\n<h6 class=\"gs_rt\" style=\"text-align: center;\"><span style=\"font-family: arial, helvetica, sans-serif; font-size: 10pt;\"><a id=\"0vn6BodAHjcJ\" href=\"https:\/\/periodicos.sbu.unicamp.br\/ojs\/index.php\/rap\/article\/view\/8635690\" data-clk=\"hl=pt-BR&amp;sa=T&amp;ct=res&amp;cd=23&amp;d=3971682870069230034&amp;ei=8AN1XMzsOouGmgG-x6T4BA\" data-clk-atid=\"0vn6BodAHjcJ\">Cl\u00e1udio B. Carle. Estudos sobre o imagin\u00e1rio na atmosfera de quilombos arqueol\u00f3gicos<\/a><\/span><\/h6>\n<h6 class=\"gs_rt\" style=\"text-align: center;\"><span style=\"font-family: arial, helvetica, sans-serif; font-size: 10pt;\"><a href=\"http:\/\/www.portaldeperiodicos.unisul.br\/index.php\/memorare_grupep\/article\/view\/2511\" data-clk=\"hl=pt-BR&amp;sa=T&amp;ct=res&amp;cd=26&amp;d=17407601056867707472&amp;ei=8AN1XMzsOouGmgG-x6T4BA\" data-clk-atid=\"UGpQiu44lPEJ\">\u00a0<\/a><\/span><\/h6>\n<h6 class=\"gs_rt\" style=\"text-align: center;\"><span style=\"font-family: arial, helvetica, sans-serif; font-size: 10pt;\"><a id=\"UGpQiu44lPEJ\" href=\"http:\/\/www.portaldeperiodicos.unisul.br\/index.php\/memorare_grupep\/article\/view\/2511\" data-clk=\"hl=pt-BR&amp;sa=T&amp;ct=res&amp;cd=26&amp;d=17407601056867707472&amp;ei=8AN1XMzsOouGmgG-x6T4BA\" data-clk-atid=\"UGpQiu44lPEJ\">Alessandra B Farinha, Cl\u00e1udio B. Carle. A antiga prociss\u00e3o de Navegantes em Pelotas\u2013RS: hist\u00f3ria e mem\u00f3ria de f\u00e9 e devo\u00e7\u00e3o<\/a><\/span><\/h6>\n<h6 class=\"gs_rt\" style=\"text-align: center;\"><span style=\"font-family: arial, helvetica, sans-serif; font-size: 10pt;\"><a id=\"nVe5zUiBccwJ\" href=\"http:\/\/periodicos.ufpel.edu.br\/ojs2\/index.php\/lepaarq\/article\/view\/1680\" data-clk=\"hl=pt-BR&amp;sa=T&amp;ct=res&amp;cd=28&amp;d=14731698005794707357&amp;ei=8AN1XMzsOouGmgG-x6T4BA\" data-clk-atid=\"nVe5zUiBccwJ\"><em>Alessandra B. Farinha, Jerusa O. Michel, Claudio B. Carle. <\/em>A festa de navegantes na Col\u00f4nia Z-3 de Pelotas: uma quest\u00e3o de identidade e f\u00e9<\/a><\/span><\/h6>\n<h6 class=\"LC20lb\" style=\"text-align: center;\"><span style=\"font-family: arial, helvetica, sans-serif; font-size: 10pt;\"><a href=\"https:\/\/periodicos.sbu.unicamp.br\/ojs\/index.php\/rap\/article\/view\/8646473\/16260\">Cl\u00e1udio B. Carle. Arqueologia hist\u00f3rica brasileira e o estudo missioneiro de 50 anos (1966-2016)<\/a><\/span><\/h6>\n<h6 style=\"text-align: center;\"><span style=\"font-family: arial, helvetica, sans-serif; font-size: 10pt;\"><a href=\"https:\/\/books.google.com.br\/books?id=GgCzDgAAQBAJ&amp;printsec=frontcover&amp;hl=pt-BR#v=onepage&amp;q&amp;f=false\">Cl\u00e1udio B. Carle. A evoca\u00e7\u00e3o dos &#8220;Ar\u00e1 \u00c2run&#8221; nos saberes constitutivos de quilombos arqueol\u00f3gicos.<\/a><\/span><\/h6>\n<div id=\"sidebar\">\n<div id=\"rightSidebar\">\n<div id=\"sidebarFontSize\" class=\"block\">\n<div id=\"sizer\" style=\"text-align: center;\"><span style=\"background-color: #ffffff; color: #33cccc; font-family: arial, helvetica, sans-serif; font-size: 10pt;\"><a style=\"background-color: #ffffff; color: #33cccc;\" href=\"http:\/\/periodicos.ifsul.edu.br\/index.php\/educarmais\/article\/view\/1382\"><span style=\"background-color: #ffffff;\"><span style=\"font-weight: bold;\">Cl\u00e1udio B. Carle. O imagin\u00e1rio eurocentrado e o racismo institucional: a exclus\u00e3o de negros\/as, ind\u00edgenas e quilombolas na p\u00f3s-gradua\u00e7\u00e3o de institui\u00e7\u00f5es p\u00fablicas no pa\u00eds.<\/span><\/span><\/a><\/span><\/div>\n<div style=\"text-align: center;\">\n<p style=\"text-align: center;\"><span style=\"font-size: 10pt; font-family: arial, helvetica, sans-serif;\"><a href=\"https:\/\/www.aunirede.org.br\/revista\/index.php\/emrede\/article\/view\/425\/418\">Angelita Hentges. Imagin\u00e1rios da doc\u00eancia: refletindo sobre a forma\u00e7\u00e3o inicial de professores a dist\u00e2ncia<\/a><\/span><\/p>\n<p><span style=\"font-size: 10pt; font-family: arial, helvetica, sans-serif;\"><a href=\"http:\/\/www.ppgac.tea.ufba.br\/wp-content\/uploads\/2019\/09\/cad_gipe_cit-42.pdf\">Cl\u00e1udio B. Carle. A PO\u00c9TICA-COSMOG\u00d4NICA BRASILEIRA: Arqueologia do imagin\u00e1rio afro-ind\u00edgena nas manifesta\u00e7\u00f5es dos corpos ancestrais.<\/a><\/span><\/p>\n<p><span style=\"font-size: 10pt;\"><a href=\"https:\/\/periodicos.sbu.unicamp.br\/ojs\/index.php\/rap\/article\/view\/8666519\/27783\">Cl\u00e1udio B. Carle. Caminhando com os encantados: o aprender fazendo e as ideias libertadoras de Paulo Freire na forma\u00e7\u00e3o de arque\u00f3logos no Rio Grande do Sul.<\/a><\/span><\/p>\n<p><span style=\"font-size: 10pt;\"><a href=\"https:\/\/www.revistas.ufg.br\/artce\/article\/view\/70438\/38145\"><span style=\"font-family: arial, helvetica, sans-serif;\">Maria Fonseca Falkembach; Eloisa Leite Domenici; Cl\u00e1udio B Carle &#8211; &#8220;Epistemologias afrocentradas na academia&#8221; (ufg.br) 2022<\/span><\/a><\/span><\/p>\n<\/div>\n<\/div>\n<h6><\/h6>\n<h6 style=\"text-align: center;\"><span style=\"font-family: arial, helvetica, sans-serif; font-size: 10pt;\"><strong>Grupo de Estudos 2018-2019\u00a0<\/strong><\/span><\/h6>\n<h6 style=\"text-align: center;\"><span style=\"font-size: 10pt; font-family: arial, helvetica, sans-serif;\">1\u00ba texto:\u00a0<a href=\"https:\/\/wp.ufpel.edu.br\/gpcie\/files\/2018\/04\/multiplas-concep\u00e7\u00f5es-cultura-1.pdf\">multiplas concep\u00e7\u00f5es cultura<\/a><\/span><\/h6>\n<h6 style=\"text-align: center;\"><span style=\"font-family: arial, helvetica, sans-serif; font-size: 10pt;\">2\u00ba texto\u00a0<a href=\"https:\/\/wp.ufpel.edu.br\/gpcie\/files\/2018\/04\/2-BARTH-Fredrik.-Os-grupos-\u00e9tnicos-e-suas-fronteiras.pdf\">BARTH, Fredrik. Os grupos \u00e9tnicos e suas fronteiras<\/a><\/span><\/h6>\n<\/div>\n<\/div>\n","protected":false},"excerpt":{"rendered":"<p>Textos dos pesquisadores HENTGES, Angelita; DE MORAES, Maria Laura Brenner. Imagin\u00e1rios da doc\u00eancia: refletindo sobre a forma\u00e7\u00e3o inicial de professores a dist\u00e2ncia. HENTGES, Angelita; DE MORAES, Maria Laura Brenner; DE CASTRO BATALHA, Eliana Ratto. A forma\u00e7\u00e3o continuada e os mestrados&#8230; <a class=\"more-link\" href=\"https:\/\/wp.ufpel.edu.br\/gpcie\/textos\/\">Continue lendo &rarr;<\/a><\/p>\n","protected":false},"author":841,"featured_media":42,"parent":0,"menu_order":1,"comment_status":"closed","ping_status":"closed","template":"","meta":{"footnotes":""},"class_list":["post-20","page","type-page","status-publish","has-post-thumbnail","hentry"],"jetpack_sharing_enabled":true,"_links":{"self":[{"href":"https:\/\/wp.ufpel.edu.br\/gpcie\/wp-json\/wp\/v2\/pages\/20","targetHints":{"allow":["GET"]}}],"collection":[{"href":"https:\/\/wp.ufpel.edu.br\/gpcie\/wp-json\/wp\/v2\/pages"}],"about":[{"href":"https:\/\/wp.ufpel.edu.br\/gpcie\/wp-json\/wp\/v2\/types\/page"}],"author":[{"embeddable":true,"href":"https:\/\/wp.ufpel.edu.br\/gpcie\/wp-json\/wp\/v2\/users\/841"}],"replies":[{"embeddable":true,"href":"https:\/\/wp.ufpel.edu.br\/gpcie\/wp-json\/wp\/v2\/comments?post=20"}],"version-history":[{"count":44,"href":"https:\/\/wp.ufpel.edu.br\/gpcie\/wp-json\/wp\/v2\/pages\/20\/revisions"}],"predecessor-version":[{"id":757,"href":"https:\/\/wp.ufpel.edu.br\/gpcie\/wp-json\/wp\/v2\/pages\/20\/revisions\/757"}],"wp:featuredmedia":[{"embeddable":true,"href":"https:\/\/wp.ufpel.edu.br\/gpcie\/wp-json\/wp\/v2\/media\/42"}],"wp:attachment":[{"href":"https:\/\/wp.ufpel.edu.br\/gpcie\/wp-json\/wp\/v2\/media?parent=20"}],"curies":[{"name":"wp","href":"https:\/\/api.w.org\/{rel}","templated":true}]}}