{"id":171,"date":"2019-05-06T10:37:34","date_gmt":"2019-05-06T13:37:34","guid":{"rendered":"https:\/\/wp.ufpel.edu.br\/gpcie\/?page_id=171"},"modified":"2022-03-25T15:40:49","modified_gmt":"2022-03-25T18:40:49","slug":"links","status":"publish","type":"page","link":"https:\/\/wp.ufpel.edu.br\/gpcie\/links\/","title":{"rendered":"Links"},"content":{"rendered":"<p><span style=\"font-family: arial, helvetica, sans-serif;font-size: 24pt\"><a href=\"http:\/\/dgp.cnpq.br\/dgp\/espelhogrupo\/2123696386836094\">Grupo de Pesquisa CNPq<\/a><\/span><\/p>\n<p>Cultura<\/p>\n<p><a href=\"https:\/\/www.youtube.com\/channel\/UChmfRMDOYf68FfQA4nWqC7A\">P\u00e1gina Angelita Hentges no Youtube<\/a><\/p>\n<p><a href=\"https:\/\/www.facebook.com\/Ratinho-Anselmo-Accurso-1834496940146081\/\">Mestre Ratinho<\/a><\/p>\n<p><a href=\"https:\/\/www.facebook.com\/MestreMoadoKatende\/\">Mestre Moa<\/a><\/p>\n<p><a href=\"https:\/\/www.facebook.com\/accaracapoeira\/\">ACCARA &#8211; Associa\u00e7\u00e3o Cultural de Capoeira de Angola Rabo de Arraia<\/a><\/p>\n<p>&nbsp;<\/p>\n<p><span style=\"font-family: arial, helvetica, sans-serif;font-size: 14pt;color: #808080\">REVISTAS<\/span><\/p>\n<p><span style=\"color: #00ff00;font-family: arial, helvetica, sans-serif\"><a style=\"color: #00ff00\" href=\"https:\/\/periodicos.ufpel.edu.br\/ojs2\/index.php\/tessituras\"><span style=\"font-size: 18pt\">Revista Tessituras &#8211; PPGAnt &#8211; UFPel<\/span><\/a><\/span><\/p>\n<p><span style=\"font-family: arial, helvetica, sans-serif;font-size: 18pt\"><a href=\"https:\/\/orcid.org\"><span style=\"color: #ff0000\">Orc<\/span><span style=\"color: #00ff00\">id<\/span><\/a><\/span><\/p>\n<p><span style=\"color: #000080;font-size: 18pt;font-family: arial, helvetica, sans-serif\"><a style=\"color: #000080\" href=\"http:\/\/www.ifsul.edu.br\/revista-thema\">Revista Thema &#8211; IFSul<\/a><\/span><\/p>\n<p>&nbsp;<\/p>\n<p>&nbsp;<\/p>\n<p><span style=\"color: #808080;font-size: 18pt;font-family: arial, helvetica, sans-serif\">Institui\u00e7\u00f5es<\/span><\/p>\n<p><a href=\"http:\/\/portal.ufpel.edu.br\">UFPel<\/a><\/p>\n<p><span style=\"font-family: arial, helvetica, sans-serif\"><a href=\"http:\/\/cavg.ifsul.edu.br\">IFSul &#8211; CAVG<\/a><\/span><\/p>\n<p><span style=\"font-family: arial, helvetica, sans-serif\"><a href=\"http:\/\/novoportal.unipampa.edu.br\/jaguarao\/\">Unipampa Jaguar\u00e3o<\/a><\/span><\/p>\n<p><a href=\"http:\/\/www.cnpq.br\/web\/guest\/pagina-inicial\"><span style=\"color: #999999\">CNPq<\/span><\/a><\/p>\n<p><a href=\"https:\/\/www.capes.gov.br\/\"><span style=\"color: #808080\">CAPES<\/span><\/a><\/p>\n<p><a href=\"https:\/\/wp.ufpel.edu.br\/muaran\/?msclkid=acffb79aac6a11ecac82ee015b2a2e1e\"><img loading=\"lazy\" decoding=\"async\" class=\"alignnone\" src=\"https:\/\/wp.ufpel.edu.br\/muaran\/files\/2015\/04\/MUARAN-ARTE-com-UFPel-C.jpg\" alt=\"MUARAN ARTE com UFPel - C\" width=\"333\" height=\"150\" \/><\/a><\/p>\n<p>&nbsp;<\/p>\n<p>Cursos de P\u00f3s-Gradua\u00e7\u00e3o Vinculados<\/p>\n<p><span style=\"font-family: arial, helvetica, sans-serif\"><a href=\"https:\/\/wp.ufpel.edu.br\/ppgant\/\">Antropologia &#8211; PPGAnt &#8211; UFPel <\/a><a href=\"https:\/\/wp.ufpel.edu.br\/ppgant\/\"><img loading=\"lazy\" decoding=\"async\" class=\"\" src=\"https:\/\/scontent.fpet1-1.fna.fbcdn.net\/v\/t1.0-9\/s960x960\/69803665_103067581085613_5034496961416265728_o.jpg?_nc_cat=111&amp;_nc_sid=dd9801&amp;_nc_eui2=AeE1A4s7vyhr2Q_gwHhntI92VU6XJyUBx_IthM1cgJBt7rfKxLYY7rMUsR6gT5PCCxTk9-j59Yw8lMWY4iRqG9uNxUr3IHZRmCDD2RibFQi4NQ&amp;_nc_ohc=0JLTPtY1QD8AX9UIFBs&amp;_nc_ht=scontent.fpet1-1.fna&amp;_nc_tp=7&amp;oh=136e53ef769ce18c7435171c76d675bd&amp;oe=5EF735AA\" alt=\"A imagem pode conter: texto que diz &quot;PPGAnt Mestrado Doutorado&quot;\" width=\"190\" height=\"71\" \/><\/a><\/span><\/p>\n<p><a href=\"http:\/\/intranet.ifsul.edu.br\/catalogo\/curso\/167\">Ci\u00eancias e Tecnologias na Educa\u00e7\u00e3o &#8211; IFSUL &#8211; CAVG<\/a> <a href=\"http:\/\/ppgcited.cavg.ifsul.edu.br\"><img loading=\"lazy\" decoding=\"async\" class=\"\" src=\"http:\/\/ppgcited.cavg.ifsul.edu.br\/img\/ap_horizontal02.png\" width=\"211\" height=\"52\" \/><\/a><\/p>\n<p>&nbsp;<\/p>\n<p><span style=\"color: #333333\">Links Importantes<\/span><\/p>\n<p><a href=\"http:\/\/lattes.cnpq.br\/\">Plataforma Lattes<\/a><\/p>\n<p><a href=\"https:\/\/sucupira.capes.gov.br\/sucupira\/\">Plataforma Sucupira<\/a><\/p>\n","protected":false},"excerpt":{"rendered":"<p>Grupo de Pesquisa CNPq Cultura P\u00e1gina Angelita Hentges no Youtube Mestre Ratinho Mestre Moa ACCARA &#8211; Associa\u00e7\u00e3o Cultural de Capoeira de Angola Rabo de Arraia &nbsp; REVISTAS Revista Tessituras &#8211; PPGAnt &#8211; UFPel Orcid Revista Thema &#8211; IFSul &nbsp; &nbsp;&#8230; <a class=\"more-link\" href=\"https:\/\/wp.ufpel.edu.br\/gpcie\/links\/\">Continue lendo &rarr;<\/a><\/p>\n","protected":false},"author":841,"featured_media":0,"parent":0,"menu_order":0,"comment_status":"closed","ping_status":"closed","template":"","meta":{"footnotes":""},"class_list":["post-171","page","type-page","status-publish","hentry"],"jetpack_sharing_enabled":true,"_links":{"self":[{"href":"https:\/\/wp.ufpel.edu.br\/gpcie\/wp-json\/wp\/v2\/pages\/171","targetHints":{"allow":["GET"]}}],"collection":[{"href":"https:\/\/wp.ufpel.edu.br\/gpcie\/wp-json\/wp\/v2\/pages"}],"about":[{"href":"https:\/\/wp.ufpel.edu.br\/gpcie\/wp-json\/wp\/v2\/types\/page"}],"author":[{"embeddable":true,"href":"https:\/\/wp.ufpel.edu.br\/gpcie\/wp-json\/wp\/v2\/users\/841"}],"replies":[{"embeddable":true,"href":"https:\/\/wp.ufpel.edu.br\/gpcie\/wp-json\/wp\/v2\/comments?post=171"}],"version-history":[{"count":19,"href":"https:\/\/wp.ufpel.edu.br\/gpcie\/wp-json\/wp\/v2\/pages\/171\/revisions"}],"predecessor-version":[{"id":516,"href":"https:\/\/wp.ufpel.edu.br\/gpcie\/wp-json\/wp\/v2\/pages\/171\/revisions\/516"}],"wp:attachment":[{"href":"https:\/\/wp.ufpel.edu.br\/gpcie\/wp-json\/wp\/v2\/media?parent=171"}],"curies":[{"name":"wp","href":"https:\/\/api.w.org\/{rel}","templated":true}]}}