{"id":86,"date":"2010-10-08T09:39:47","date_gmt":"2010-10-08T12:39:47","guid":{"rendered":"https:\/\/wp.ufpel.edu.br\/gpa\/"},"modified":"2019-04-12T18:08:18","modified_gmt":"2019-04-12T21:08:18","slug":"projetos-de-pesquisa","status":"publish","type":"page","link":"https:\/\/wp.ufpel.edu.br\/gpa\/projetos-de-pesquisa\/","title":{"rendered":"Projetos de Pesquisa"},"content":{"rendered":"<table width=\"454\">\n<tbody>\n<tr>\n<td width=\"454\">Shopping Center: templo de prazer ou caverna de prote\u00e7\u00e3o?<\/td>\n<\/tr>\n<tr>\n<td width=\"454\">Competitividade de Destinos Tur\u00edsticos: proposta e valida\u00e7\u00e3o de um modelo de mensura\u00e7\u00e3o<\/td>\n<\/tr>\n<\/tbody>\n<\/table>\n<p>&nbsp;<\/p>\n","protected":false},"excerpt":{"rendered":"<p>Shopping Center: templo de prazer ou caverna de prote\u00e7\u00e3o? Competitividade de Destinos Tur\u00edsticos: proposta e valida\u00e7\u00e3o de um modelo de mensura\u00e7\u00e3o &nbsp;<\/p>\n","protected":false},"author":77,"featured_media":0,"parent":0,"menu_order":2,"comment_status":"closed","ping_status":"closed","template":"","meta":{"footnotes":""},"class_list":["post-86","page","type-page","status-publish","hentry","nodate","item-wrap"],"_links":{"self":[{"href":"https:\/\/wp.ufpel.edu.br\/gpa\/wp-json\/wp\/v2\/pages\/86","targetHints":{"allow":["GET"]}}],"collection":[{"href":"https:\/\/wp.ufpel.edu.br\/gpa\/wp-json\/wp\/v2\/pages"}],"about":[{"href":"https:\/\/wp.ufpel.edu.br\/gpa\/wp-json\/wp\/v2\/types\/page"}],"author":[{"embeddable":true,"href":"https:\/\/wp.ufpel.edu.br\/gpa\/wp-json\/wp\/v2\/users\/77"}],"replies":[{"embeddable":true,"href":"https:\/\/wp.ufpel.edu.br\/gpa\/wp-json\/wp\/v2\/comments?post=86"}],"version-history":[{"count":61,"href":"https:\/\/wp.ufpel.edu.br\/gpa\/wp-json\/wp\/v2\/pages\/86\/revisions"}],"predecessor-version":[{"id":434,"href":"https:\/\/wp.ufpel.edu.br\/gpa\/wp-json\/wp\/v2\/pages\/86\/revisions\/434"}],"wp:attachment":[{"href":"https:\/\/wp.ufpel.edu.br\/gpa\/wp-json\/wp\/v2\/media?parent=86"}],"curies":[{"name":"wp","href":"https:\/\/api.w.org\/{rel}","templated":true}]}}