{"id":20,"date":"2010-10-07T23:19:01","date_gmt":"2010-10-08T02:19:01","guid":{"rendered":"https:\/\/wp.ufpel.edu.br\/gpa\/"},"modified":"2019-04-12T18:17:51","modified_gmt":"2019-04-12T21:17:51","slug":"membros","status":"publish","type":"page","link":"https:\/\/wp.ufpel.edu.br\/gpa\/membros\/","title":{"rendered":"Membros do Grupo"},"content":{"rendered":"<h3>Veja aqui a lista dos membros do grupo:<\/h3>\n<table style=\"height: 108px;width: 100%;border-collapse: collapse;border-style: double;border-color: #cf3838\" border=\"1\">\n<tbody>\n<tr style=\"height: 69px\">\n<td style=\"width: 50%;height: 69px;text-align: center\">\n<h4><span style=\"font-family: arial, helvetica, sans-serif;color: #0000ff\">Nome<\/span><\/h4>\n<\/td>\n<td style=\"width: 50%;height: 69px;text-align: center\">\n<h4><span style=\"font-family: arial, helvetica, sans-serif;color: #0000ff\">Titula\u00e7\u00e3o<\/span><\/h4>\n<\/td>\n<\/tr>\n<tr style=\"height: 39px\">\n<td style=\"width: 50%;height: 39px\"><span style=\"font-size: 18pt;color: #808000\">Edar da Silva A\u00f1a\u00f1a<\/span><\/td>\n<td style=\"width: 50%;height: 39px\"><span style=\"font-size: 18pt;color: #808000\">Doutor<\/span><\/td>\n<\/tr>\n<\/tbody>\n<\/table>\n<p>&nbsp;<\/p>\n","protected":false},"excerpt":{"rendered":"<p>Veja aqui a lista dos membros do grupo: Nome Titula\u00e7\u00e3o Edar da Silva A\u00f1a\u00f1a Doutor &nbsp;<\/p>\n","protected":false},"author":77,"featured_media":0,"parent":0,"menu_order":1,"comment_status":"closed","ping_status":"closed","template":"","meta":{"footnotes":""},"class_list":["post-20","page","type-page","status-publish","hentry","nodate","item-wrap"],"_links":{"self":[{"href":"https:\/\/wp.ufpel.edu.br\/gpa\/wp-json\/wp\/v2\/pages\/20","targetHints":{"allow":["GET"]}}],"collection":[{"href":"https:\/\/wp.ufpel.edu.br\/gpa\/wp-json\/wp\/v2\/pages"}],"about":[{"href":"https:\/\/wp.ufpel.edu.br\/gpa\/wp-json\/wp\/v2\/types\/page"}],"author":[{"embeddable":true,"href":"https:\/\/wp.ufpel.edu.br\/gpa\/wp-json\/wp\/v2\/users\/77"}],"replies":[{"embeddable":true,"href":"https:\/\/wp.ufpel.edu.br\/gpa\/wp-json\/wp\/v2\/comments?post=20"}],"version-history":[{"count":13,"href":"https:\/\/wp.ufpel.edu.br\/gpa\/wp-json\/wp\/v2\/pages\/20\/revisions"}],"predecessor-version":[{"id":440,"href":"https:\/\/wp.ufpel.edu.br\/gpa\/wp-json\/wp\/v2\/pages\/20\/revisions\/440"}],"wp:attachment":[{"href":"https:\/\/wp.ufpel.edu.br\/gpa\/wp-json\/wp\/v2\/media?parent=20"}],"curies":[{"name":"wp","href":"https:\/\/api.w.org\/{rel}","templated":true}]}}