{"id":80,"date":"2019-12-02T20:24:38","date_gmt":"2019-12-02T23:24:38","guid":{"rendered":"https:\/\/wp.ufpel.edu.br\/gp2ve\/?page_id=80"},"modified":"2023-04-28T08:40:43","modified_gmt":"2023-04-28T11:40:43","slug":"livros-teses-dissertacoes-e-artigos","status":"publish","type":"page","link":"https:\/\/wp.ufpel.edu.br\/gp2ve\/livros-teses-dissertacoes-e-artigos\/","title":{"rendered":"Livros, Teses, disserta\u00e7\u00f5es e artigos"},"content":{"rendered":"<p>Aqui iremos apresentar alguns artigos, livros e teses que tratam sobre produ\u00e7\u00e3o de v\u00eddeo estudantil<\/p>\n<p><strong>Livros<\/strong><\/p>\n<p><a href=\"https:\/\/drive.google.com\/file\/d\/1PzV4JPmKzNnhpR8XMePjZ7v5TJTfjTQB\/view\" target=\"_blank\" rel=\"noopener\">V\u00eddeo Estudantil Luz, C\u00e2mera Educa\u00e7\u00e3o<\/a> &#8211; Zaldo Borges<\/p>\n<p><a href=\"https:\/\/wp.ufpel.edu.br\/gp2ve\/files\/2021\/10\/educacao_basica.pdf\">Escola de Educa\u00e7\u00e3o B\u00e1sica\u00a0 Para Todos!<\/a> Organiza\u00e7\u00e3o Deise Nanci de Castro Mesquita; Maria Alice de Sousa Carvalho Rocha;<br \/>\nSilvana Matias Freire.<\/p>\n<p><a href=\"https:\/\/wp.ufpel.edu.br\/gp2ve\/2020\/10\/21\/livro-como-fazer-video-estudantil-na-pratica-da-sala-de-aula\/\">Livro como Fazer V\u00eddeo Estudantil na Pr\u00e1tica da Sala de Aula<\/a>: Josias Pereira; V\u00e2nia Dal Pont<\/p>\n<p><a href=\"https:\/\/www.researchgate.net\/profile\/Luis_Rios4\/publication\/311675373_Jovens_Camera_Acao_reflexoes_sobre_os_usos_dos_dispositivos_moveis_de_midia_em_um_projeto_de_mobilizacao_social\/links\/5853ce0108ae95fd8e1fcf70\/Jovens-Camera-Acao-reflexoes-sobre-os-usos-dos-dispositivos-moveis-de-midia-em-um-projeto-de-mobilizacao-social.pdf\" target=\"_blank\" rel=\"noopener noreferrer\">Jovens C\u00e2mera,A\u00e7\u00e3o <\/a>&#8211; Jaileila Araujo<\/p>\n<p><a href=\"https:\/\/www.academia.edu\/22865825\/Novas_Tecnologias_de_Informa%C3%A7%C3%A3o_e_Comunica%C3%A7%C3%A3o_em_redes_Educativas?auto=download\">Novas Tecnologias de Informa\u00e7\u00e3o e Comunica\u00e7\u00e3o em redes Educativas<\/a> &#8211; Josias Pereira, Nilda Alves, Rose Fisher Bueno, Rosalia Maria<br \/>\n<a href=\"http:\/\/www.academia.edu\/17299190\/Produ%C3%A7%C3%A3o_de_V%C3%ADdeo_nas_Escolas_Educar_com_Prazer\" target=\"_blank\" rel=\"noopener noreferrer\">Produ\u00e7\u00e3o de V\u00eddeo:Educar com Prazer<\/a> &#8211; Josias Pereira; Giovana Janhke<\/p>\n<p><a href=\"https:\/\/wp.ufpel.edu.br\/gp2ve\/files\/2021\/03\/CINE-COM-CIENCIA-ZALDO-BORGES.pdf\" target=\"_blank\" rel=\"noopener\">Cine com Ci\u00eancia<\/a> &#8211; Zaldo Borges<\/p>\n<p><a href=\"https:\/\/www.academia.edu\/22865053\/Produ%C3%A7%C3%A3o_de_V%C3%ADdeo_nas_Escolas_Uma_vis%C3%A3o_Brasil_-It%C3%A1lia_-Espanha_-Equador\" target=\"_blank\" rel=\"noopener noreferrer\">Produ\u00e7\u00e3o de V\u00eddeo nas escolas: Uma vis\u00e3o Brasil &#8211; Italia &#8211; Espanha &#8211; Equador<\/a> &#8211; Josias Pereira<\/p>\n<p><a href=\"https:\/\/wp.ufpel.edu.br\/producaodevideo\/files\/2018\/09\/S\u00c3O-LEO-EM-CINE_a-escola-construindo-sonhos.pdf\">S\u00c3O LEO EM CINE: a escola construindo sonhos<\/a> &#8211; Josias Pereira, Eliane Candido<\/p>\n<p>&nbsp;<\/p>\n<p>&nbsp;<\/p>\n<p><strong>Teses\u00a0<\/strong><\/p>\n<p><a href=\"https:\/\/wp.ufpel.edu.br\/gp2ve\/files\/2021\/10\/educacao_basica.pdf\">Escola de Educa\u00e7\u00e3o B\u00e1sica\u00a0 Para Todos!<\/a> <a href=\"https:\/\/wp.ufpel.edu.br\/gp2ve\/files\/2021\/10\/Pensar_pela_imagem_Educacao_Audiovisual.pdf\">Pensar pela imagem: educa\u00e7\u00e3o audiovisual pela perspectiva cultural, pol\u00edtica e pedag\u00f3gica<\/a> &#8211; Greg\u00f3rio Galv\u00e3o de Albuquerque\u00a0 \/ UERJ<\/p>\n<p><a href=\"https:\/\/www.lume.ufrgs.br\/bitstream\/handle\/10183\/70596\/000876934.pdf?sequence=1\" target=\"_blank\" rel=\"noopener noreferrer\">A Enuncia\u00e7\u00e3o Est\u00e9tica Juvenil em V\u00eddeos Escolares no You Tube<\/a> &#8211; Cintia Ines Boll<\/p>\n<p><a href=\"https:\/\/goo.gl\/koivt5\" target=\"_blank\" rel=\"noopener noreferrer\">A produ\u00e7\u00e3o de v\u00eddeo estudantil na pr\u00e1tica docente: uma forma de ensinar<\/a> &#8211; Josias Pereira<\/p>\n<p><a href=\"http:\/\/repositorio.unb.br\/handle\/10482\/14589\" target=\"_blank\" rel=\"noopener noreferrer\">Cine com ci\u00eancia: luz, c\u00e2mera &#8211; educa\u00e7\u00e3o!<\/a> Erizaldo Cavalcanti Borges Pimentel<\/p>\n<p><a href=\"https:\/\/wp.ufpel.edu.br\/producaodevideo\/files\/2018\/09\/oechsler_v_dr_rcla.pdf\">Comunica\u00e7\u00e3o Multimodal: produ\u00e7\u00e3o de v\u00eddeos em aula de matem\u00e1tica<\/a> &#8211; Vanessa Oechsler<\/p>\n<p><a href=\"http:\/\/repositorio.unicamp.br\/jspui\/bitstream\/REPOSIP\/254141\/1\/Lanza_Renata_D.pdf\">Conjun\u00e7\u00f5es Entre Escola e Cinema: pesquisa-interven\u00e7\u00e3o em duas Escolas da Rede Municipal de Ensino de Campinas<\/a> &#8211; Renata Lanza<\/p>\n<p><a href=\"https:\/\/www.teses.usp.br\/teses\/disponiveis\/27\/27154\/tde-23092011-174020\/publico\/TESE_MOGADOURO_CLAUDIA_publico.pdf\">Educomunica\u00e7\u00e3o e Escola: O cinema como media\u00e7ao poss\u00edvel <\/a> &#8211; USP &#8211; 2011<\/p>\n<p>&nbsp;<\/p>\n<p><strong>Disserta\u00e7\u00f5es<\/strong><\/p>\n<p><a href=\"http:\/\/ppgter.ufsm.br\/images\/Dissertacoes\/DISSERTA%C3%87%C3%83O_-_A_PRODU%C3%87%C3%83O_AUDIOVISUAL_NO_ENSINO_FUNDAMENTAL_-_UMA_APOSTA_NA_AUTORIA_E_COAUTORIA_DOS_ESTUDANTES.pdf?fbclid=IwAR0CYdelUckn-Mwrjh033vnj-zsDDEuvcxcO0py3_aSUjbzHd7gb0WeF_9g\">A produ\u00e7\u00e3o audiovisual no ensino fundamental: uma aposta na autoria e coautoria dos estudantes<\/a> &#8211; Lilian Roberta Ilha Saccol\/UFSM<\/p>\n<p><a href=\"http:\/\/www.dominiopublico.gov.br\/pesquisa\/DetalheObraForm.do?select_action=&amp;co_obra=84947\">A produ\u00e7\u00e3o de v\u00eddeo em escolas: um estudo sobre o perfil dos professores que trabalham com a cria\u00e7\u00e3o de v\u00eddeos em escolas do munic\u00edpio do Rio de Janeiro<\/a> &#8211; Josias Pereira\/UNIRIO<\/p>\n<p><a href=\"https:\/\/repositorio.ufsc.br\/handle\/123456789\/186601\" target=\"_blank\" rel=\"noopener\">A Produ\u00e7\u00e3o de Curtas Metragens nas Aulas de Geografia<\/a> &#8211; Daniel Assis Freitas\/UFSC<\/p>\n<p><a href=\"https:\/\/repositorio.ufsc.br\/bitstream\/handle\/123456789\/188269\/PEED1296-D.pdf?sequence=-1\">Oficinas de Cinema: Olhares e Participa\u00e7\u00f5es de Crian\u00e7as e Jovens na Escola<\/a> &#8211; Karine Joulie Martins<\/p>\n<p><a href=\"https:\/\/portalseer.ufba.br\/index.php\/entreideias\/article\/view\/2825\">Mem\u00f3rias e Trajet\u00f3rias de Escolariza\u00e7\u00e3o: Abordagem Experiencial e Forma\u00e7\u00e3o de Professores Para as S\u00e9ries Iniciais do Ensino Fundamental<\/a> &#8211; Weslania Evangelista de Jesus \/UFG<\/p>\n<p><a href=\"https:\/\/goo.gl\/aYSu1A\" target=\"_blank\" rel=\"noopener noreferrer\">Produ\u00e7\u00e3o audiovisual como recurso did\u00e1tico pedag\u00f3gico no ensino de hist\u00f3ria<\/a> &#8211; Caroline Dall&#8217; Agnol<\/p>\n<p><a href=\"https:\/\/goo.gl\/B3NpoY\" target=\"_blank\" rel=\"noopener noreferrer\">Produ\u00e7\u00e3o De V\u00eddeos Por Estudantes Do Ensino M\u00e9dio: Um Estudo Motivacional Da Aprendizagem Em Qu\u00edmica<\/a> &#8211; S\u00edlvia Gomes dos Santos Resende<\/p>\n<p><a href=\"https:\/\/goo.gl\/NWaJF1\" target=\"_blank\" rel=\"noopener noreferrer\">Tecnologias digitais da Informa\u00e7\u00e3o e Comunica\u00e7\u00e3o: Explorando as possibilidades pedag\u00f3gicas na produ\u00e7\u00e3o de v\u00eddeos<\/a> &#8211; Milena Aparecida Vendramini Sato<\/p>\n<p><a href=\"http:\/\/www.lume.ufrgs.br\/bitstream\/handle\/10183\/149106\/001004783.pdf?sequence=1\">Transforma\u00e7\u00e3o e Cria\u00e7\u00e3o de Si em Pr\u00e1ticas Cinematograficas no Espa\u00e7o Escolar<\/a>. Luciana Tubello Caldas<\/p>\n<p>&nbsp;<\/p>\n<p>&nbsp;<\/p>\n<p><strong>TCC e Especializa\u00e7\u00e3o <\/strong><br \/>\n<a href=\"http:\/\/www.academia.edu\/34450987\/A_PRODU%C3%87%C3%83O_AUDIOVISUAL_COMO_RECURSO_PEDAG%C3%93GICO_CAPITAL_CULTURAL_E_AUTOESTIMA\" target=\"_blank\" rel=\"noopener noreferrer\">A Produ\u00e7\u00e3o de v\u00eddeo como recurso Pedagogico capital Cultural e Autoestima<\/a> &#8211; Andrea Rodrigues<\/p>\n<p><a href=\"https:\/\/goo.gl\/vS63Wu\" target=\"_blank\" rel=\"noopener noreferrer\">A Produ\u00e7\u00e3o de V\u00eddeo Contribuindo no Processo de Ensino<\/a> &#8211;\u00a0Regis Aguiar Dutra<\/p>\n<p><a href=\"https:\/\/dadospdf.com\/download\/cenarios-sempiternos-movimentos-da-produao-audiovisual-no-ensino-de-arte-_5a4c8412b7d7bcab6715b70d_pdf\">Cen\u00e1rios Sempiternos: Movimentos Da Produ\u00e7\u00e3o. Audiovisual No Ensino De Arte<\/a>\u00a0&#8211;\u00a0 J\u00e9ssica Tha\u00eds Demarchi<\/p>\n<p><a href=\"https:\/\/goo.gl\/VVkzz3\" target=\"_blank\" rel=\"noopener noreferrer\">Perspectivas de Ensino com o Cinema: um estudo a partir do projeto Oficina de V\u00eddeo Estudantil<\/a> &#8211; Kelly Demo Christ<\/p>\n<p><a href=\"https:\/\/www.lume.ufrgs.br\/handle\/10183\/95938\">Produ\u00e7\u00e3o audiovisual como estrat\u00e9gia pedag\u00f3gica no processo de ensino e aprendizagem de geografia<\/a> &#8211; Carla Pureza de Souza<\/p>\n<p><strong>Artigos<\/strong><\/p>\n<p><a href=\"https:\/\/wp.ufpel.edu.br\/gp2ve\/files\/2021\/10\/42-TEXTO-DO-ARTIGO-SEM-IDENTIFICACAO-DOS-AUTORES-621-1-10-20210903-1.pdf\">PRODU\u00c7\u00c3O DE V\u00cdDEO ESTUDANTIL: UMA REALIDADE CRESCENTE NAS ESCOLAS DO RIO GRANDE DO SUL<\/a> &#8211; Vania Dal Pont &#8211; 2021<\/p>\n<p><a href=\"http:\/\/www.scielo.br\/pdf\/ep\/v36n1\/a06v36n1.pdf\">A experi\u00eancia audiovisual nos espa\u00e7os educativos:\u00a0poss\u00edveis interse\u00e7\u00f5es entre educa\u00e7\u00e3o e comunica\u00e7\u00e3o<\/a> &#8211;\u00a0Eloiza Gurgel Pires<\/p>\n<p><a href=\"https:\/\/goo.gl\/KaA7KQ\" target=\"_blank\" rel=\"noopener noreferrer\">An\u00e1lise do I Festival de V\u00eddeo Estudantil da Cidade de Cap\u00e3o do Le\u00e3o \/ Rs-Brasil<\/a>\u00a0&#8211; Josias Pereira, Daniela Pedra Mattos<\/p>\n<p><a href=\"https:\/\/sistemascmc.ifam.edu.br\/educitec\/index.php\/educitec\/article\/view\/565\/193\">A produ\u00e7\u00e3o de v\u00eddeo como pr\u00e1tica pedag\u00f3gica no processo de ensino-aprendizagem<\/a> &#8211; Josias Pereira<\/p>\n<p><a href=\"http:\/\/tecedu.pro.br\/wp-content\/uploads\/2017\/07\/Art13-vol19-julho2017.pdf\">A PRODU\u00c7\u00c3O DE V\u00cdDEO NA PR\u00c1TICA ESCOLAR: AN\u00c1LISE DO I FESTIVAL DE V\u00cdDEO ESTUDANTIL DA CIDADE DE CAP\u00c3O DO LE\u00c3O\/RS- BRASIL. <\/a>\u00a0&#8211; Josias Pereira, Daniela Pedra Mattos<\/p>\n<p><a href=\"https:\/\/goo.gl\/EykDcz\" target=\"_blank\" rel=\"noopener noreferrer\">As possibilidades do uso do v\u00eddeo como recurso de aprendizagem em salas de aula do 5\u00ba ano<\/a>\u00a0&#8211; Rosilma Ventura da Silva, Elisangela Mercado de Oliveira<\/p>\n<p><a href=\"https:\/\/wp.ufpel.edu.br\/producaodevideo\/files\/2018\/12\/Cineclubes_nas_Escolas_tensionamento_da-renata-Oliveira.pdf\">Cineclubes nas escolas: tensionamento da linguagem escolar<\/a>\u00a0&#8211;\u00a0Renata Oliveira<\/p>\n<p><a href=\"http:\/\/revistaadmmade.estacio.br\/index.php\/reeduc\/article\/viewArticle\/1526\">Cinema na escola pra qu\u00ea?<\/a>\u00a0&#8211; Mirna Juliana Santos Fonseca<\/p>\n<p><a href=\"http:\/\/www.revistasbemsp.com.br\/index.php\/REMat-SP\/article\/view\/147\">Compreendendo o I Festival de V\u00eddeos Digitais e Educa\u00e7\u00e3o Matem\u00e1tica<\/a>\u00a0&#8211; Nilton Silveira Domingues, Marcelo de Carvalho Borba<\/p>\n<p><a href=\"https:\/\/goo.gl\/nT7WCP\" target=\"_blank\" rel=\"noopener noreferrer\">Depois da tempestade&#8230; a tempestade. Uma a\u00e7\u00e3o de aprendiz audiovisual<\/a>\u00a0&#8211; \u00c1lvaro Benevenuto Jr., C\u00e9sar Vin\u00edcius Massing, Michael Susin<\/p>\n<p><a href=\"https:\/\/goo.gl\/6eJuH1\" target=\"_blank\" rel=\"noopener noreferrer\">Etapas da produ\u00e7\u00e3o de v\u00eddeos por alunos da educa\u00e7\u00e3o b\u00e1sica: uma experi\u00eancia na aula de matem\u00e1tica<\/a>\u00a0&#8211; Vanessa Oechsler, Marcelo de Carvalho Borba<\/p>\n<p><a href=\"https:\/\/goo.gl\/sZZqrM\" target=\"_blank\" rel=\"noopener noreferrer\">Neuroci\u00eancia e a produ\u00e7\u00e3o de V\u00eddeo Estudantil<\/a>\u00a0&#8211; Josias Pereira<\/p>\n<p><a href=\"https:\/\/goo.gl\/gHLtVM\" target=\"_blank\" rel=\"noopener noreferrer\">O desafio da produ\u00e7\u00e3o audiovisual por alunos de escolas p\u00fablicas douradenses: um estudo de caso do Projeto Cine-Escola<\/a>\u00a0&#8211; Jany Carla Arruda da Silva<\/p>\n<p><a href=\"https:\/\/wp.ufpel.edu.br\/producaodevideo\/files\/2018\/10\/1895-5975-1-PB.pdf\">O uso da produ\u00e7\u00e3o audiovisual no ensino de jovens e adultos<\/a> &#8211; S\u00edlvio da Costa Pereira<\/p>\n<p><a href=\"http:\/\/periodicos.estacio.br\/index.php\/reeduc\/article\/download\/2045\/1152\">Pr\u00e1tica m\u00eddia-educativa de an\u00e1lise de produtos e conte\u00fados midi\u00e1ticos nas escolas da Prefeitura do Rio de Janeiro<\/a>\u00a0&#8211; Marcus Tavares; Rosalia Duarte<\/p>\n<p><a href=\"https:\/\/tecedu.pro.br\/wp-content\/uploads\/2019\/01\/Rel6-Ano-10-vol28-Dezembro-2018.pdf\">PRECONCEITO NA PRODU\u00c7\u00c3O DE V\u00cdDEO ESTUDANTIL<\/a>\u00a0&#8211; Josias Pereira, Josiane Brignol , Mara Cezar<\/p>\n<p><a href=\"http:\/\/www.academia.edu\/22866444\/A_PRODU%C3%87%C3%83O_DE_V%C3%8DDEO_CONTRIBUINDO_NA_TEORIA_DAS_REPRESENTA%C3%87%C3%95ES_SOCIAIS\" target=\"_blank\" rel=\"noopener noreferrer\">Produ\u00e7\u00e3o de V\u00eddeo Contribuindo na teoria das Representa\u00e7\u00f5es Sociais<\/a>\u00a0&#8211; Josias Pereira<\/p>\n<p><a href=\"http:\/\/www.academia.edu\/34450747\/A_Produ%C3%A7%C3%A3o_de_V%C3%ADdeo_Contribuindo_no_Processo_de_Ensino_-_Aprendizagem\" target=\"_blank\" rel=\"noopener noreferrer\">Produ\u00e7\u00e3o de V\u00eddeo Contribuindo no Processo de Ensino Aprendizagem<\/a>\u00a0&#8211; Josias Pereira<\/p>\n<p><a href=\"http:\/\/tecedu.pro.br\/wp-content\/uploads\/2017\/12\/Rel7-vol19-julho2017.pdf\">Produ\u00e7\u00e3o de V\u00eddeo na Escola: oportunizar saberes e o resgate da cultura local<\/a> &#8211; Adriana Nebel Kovalscki,\u00a0Elisane Strelow Gon\u00e7alves<\/p>\n<p>&nbsp;<\/p>\n<p>&nbsp;<\/p>\n<p>&nbsp;<\/p>\n<p><strong>Apostilas <\/strong><br \/>\nVoc\u00ea pode fazer download de apostilas que foram produzidas especialmente para produ\u00e7\u00e3o de v\u00eddeo estudantil.<\/p>\n<p>A apostila de <strong>Oficina de V\u00eddeo<\/strong> foi desenvolvida pelo prof. Dr. Josias Pereira, mais voltada para os professores.<\/p>\n<p><strong>Pode ser baixada neste link: <a href=\"https:\/\/festivaldevideo.files.wordpress.com\/2014\/05\/oficina-de-vc3addeo.pdf\">Oficina de V\u00eddeo<\/a><\/strong><\/p>\n","protected":false},"excerpt":{"rendered":"<p>Aqui iremos apresentar alguns artigos, livros e teses que tratam sobre produ\u00e7\u00e3o de v\u00eddeo estudantil Livros V\u00eddeo Estudantil Luz, C\u00e2mera Educa\u00e7\u00e3o &#8211; Zaldo Borges Escola de Educa\u00e7\u00e3o B\u00e1sica\u00a0 Para Todos! Organiza\u00e7\u00e3o Deise Nanci de Castro Mesquita; Maria Alice de Sousa Carvalho Rocha; Silvana Matias Freire. Livro como Fazer V\u00eddeo Estudantil na Pr\u00e1tica da Sala de [&hellip;]<\/p>\n","protected":false},"author":578,"featured_media":0,"parent":0,"menu_order":0,"comment_status":"closed","ping_status":"closed","template":"","meta":{"footnotes":""},"class_list":["post-80","page","type-page","status-publish","hentry","post"],"jetpack-related-posts":[],"jetpack_sharing_enabled":true,"_links":{"self":[{"href":"https:\/\/wp.ufpel.edu.br\/gp2ve\/wp-json\/wp\/v2\/pages\/80","targetHints":{"allow":["GET"]}}],"collection":[{"href":"https:\/\/wp.ufpel.edu.br\/gp2ve\/wp-json\/wp\/v2\/pages"}],"about":[{"href":"https:\/\/wp.ufpel.edu.br\/gp2ve\/wp-json\/wp\/v2\/types\/page"}],"author":[{"embeddable":true,"href":"https:\/\/wp.ufpel.edu.br\/gp2ve\/wp-json\/wp\/v2\/users\/578"}],"replies":[{"embeddable":true,"href":"https:\/\/wp.ufpel.edu.br\/gp2ve\/wp-json\/wp\/v2\/comments?post=80"}],"version-history":[{"count":16,"href":"https:\/\/wp.ufpel.edu.br\/gp2ve\/wp-json\/wp\/v2\/pages\/80\/revisions"}],"predecessor-version":[{"id":366,"href":"https:\/\/wp.ufpel.edu.br\/gp2ve\/wp-json\/wp\/v2\/pages\/80\/revisions\/366"}],"wp:attachment":[{"href":"https:\/\/wp.ufpel.edu.br\/gp2ve\/wp-json\/wp\/v2\/media?parent=80"}],"curies":[{"name":"wp","href":"https:\/\/api.w.org\/{rel}","templated":true}]}}