{"id":31,"date":"2019-03-06T14:35:36","date_gmt":"2019-03-06T17:35:36","guid":{"rendered":"https:\/\/wp.ufpel.edu.br\/gp2ve\/?page_id=31"},"modified":"2019-12-23T22:48:45","modified_gmt":"2019-12-24T01:48:45","slug":"sites-indicados","status":"publish","type":"page","link":"https:\/\/wp.ufpel.edu.br\/gp2ve\/sites-indicados\/","title":{"rendered":"Sites Indicados"},"content":{"rendered":"<p><a href=\"https:\/\/www.youtube.com\/user\/producaovideoescolar\">Produ\u00e7\u00e3o de V\u00eddeo Estudantil<\/a> &#8211;\u00a0 Canal do you tube organizado pelo curso de cinema da UFPel onde os professores e alunos aprendem a fazer v\u00eddeo.<\/p>\n<p><a href=\"https:\/\/www.youtube.com\/watch?v=3d_CSsxd5J8&amp;t=28s\">SEM HPV &#8211; O Filme que ensina a Fazer Filme<\/a> &#8211; O filme narra a historia de uma menina de 12 anos que deseja aprender a fazer v\u00eddeo e com a ajuda de seus amigos ela consegue realizar o seu sonho, mas claro depois de vencer todos os obst\u00e1culos.<\/p>\n<p><a href=\"https:\/\/videoestudantil.com.br\/\">Congresso Brasileiro de Produ\u00e7\u00e3o de Video Estudantil<\/a> &#8211; Se voc\u00ea deseja informa\u00e7\u00e3o te\u00f3rica sobre fazer v\u00eddeo entre\u00a0 no site do Congresso brasileiro de Produ\u00e7\u00e3o de V\u00eddeo Estudantil<\/p>\n<p><strong><a href=\"https:\/\/www.youtube.com\/channel\/UCAvsi_oKHwt6eYhAVSABErQ\">Canal Produtores<\/a>. <\/strong>\u00c9 um canal do YouTube com entrevistas sobre as mais diversas etapas da produ\u00e7\u00e3o e todas as fun\u00e7\u00f5es dentro de um set.<\/p>\n<p><a href=\"http:\/\/www.roteirodecinema.com.br\/\"><strong>Roteiro de Cinema.<\/strong><\/a> Este site cont\u00e9m v\u00e1rios roteiros, argumentos, livros sobre roteiros e manuais. \u00c9 para te ajudar a pegar a caneta (ou o teclado, se voc\u00ea for escrever no computador) e come\u00e7ar a trabalhar no roteiro que vai ganhar o pr\u00f3ximo Oscar!<\/p>\n<p><strong>Foco Filmes<\/strong> \u00e9 uma produtora de Cinema. Eles mostram em seu canal como se utilizam alguns dos equipamentos mais tecnol\u00f3gicos e tamb\u00e9m algumas gambiarras que podem ser bastante \u00fateis.\u00a0<strong>YouTube:<\/strong> <a href=\"https:\/\/wp.ufpel.edu.br\/producaodevideo\/sites-e-canais-do-youtube\/www.youtube.com\/user\/Focofilmes\">www.youtube.com\/user\/Focofilmes<\/a> ;\u00a0<strong>Site oficial:<\/strong> <a href=\"https:\/\/wp.ufpel.edu.br\/producaodevideo\/sites-e-canais-do-youtube\/www.focofilmes.com.br\">www.focofilmes.com.br<\/a><\/p>\n<p><strong><a href=\"http:\/\/www.youtube.com\/playlist?list=PL3D7E94BEFEB60BC8&amp;feature=plcp\">\u00a0S\u00e9rie Cr\u00e9ditos<\/a><\/strong>. Voc\u00ea ainda n\u00e3o sabe ao certo a fun\u00e7\u00e3o que voc\u00ea ter\u00e1 no filme? N\u00e3o entende muito bem a diferen\u00e7a entre diretor de fotografia e diretor de arte? Esta s\u00e9rie pode sanar suas d\u00favidas. \u00c9 uma s\u00e9rie sobre os profissionais do cinema, com a apresenta\u00e7\u00e3o de Leo Leite.<\/p>\n<p><strong><a href=\"https:\/\/www.cineduc.org.br\/\">Cineduc &#8211;\u00a0<\/a><\/strong> Cinema e Educa\u00e7\u00e3o iniciou sua atividade, em 1970, tinha a preocupa\u00e7\u00e3o de dar \u00e0s crian\u00e7as e jovens a possibilidade de conhecer os elementos da linguagem cinematogr\u00e1fica, usados pelos cineastas para realizar suas obras.<\/p>\n<p><a href=\"http:\/\/www.primeirofilme.com.br\/site\/\"><strong>Projeto Primeiro Filme<\/strong><\/a>. Se voc\u00ea tiver interesse em conhecer outros projetos de filmes realizados em escolas que trabalhem a inser\u00e7\u00e3o do cinema no aprendizado,\u00a0o projeto Primeiro Filme \u00e9 uma boa pedida!<\/p>\n<p><a href=\"http:\/\/www.youtube.com\/user\/UfpelCead\"><strong>UFPelCead<\/strong><\/a> \u00e9 um canal do YouTube desenvolvido pelos alunos da Universidade Federal de Pelotas para a disciplina de \u201cLinguagens Digitais e os Temas da Diversidade\u201d. Nos v\u00eddeos do canal voc\u00ea vai encontrar conte\u00fado sobre manipula\u00e7\u00e3o de imagem, edi\u00e7\u00e3o de som e edi\u00e7\u00e3o de v\u00eddeo. Todos com ferramentas gratuitas como o Audacity e o Movie Maker.<\/p>\n<p><strong><a href=\"http:\/\/nvguaratiba.blogspot.com.br\/\">N\u00facleo de V\u00eddeo de Guaratiba<\/a>. <\/strong>Este projeto \u00e9 realizado nas escolas municipais Monteiro Lobato e Narcisa Am\u00e1lia, em Guaratiba, zona oeste do Rio de Janeiro, desde 2003<\/p>\n<p><strong><a href=\"https:\/\/www.youtube.com\/user\/zehdobarao\/featured\">EducA\u00e7\u00e3o 3D+<\/a>: <\/strong>Arte, Cultura, Educa\u00e7\u00e3o e Tecnologia. Um canal experimental do educador, escritor e poeta Jos\u00e9 Antonio Klaes Roig, O Urbanauta, ou simplesmente o Z\u00e9 Roig, editor do blog educacional Educa Tube Brasil (http:\/\/educa-tube.blogspot.com)<strong><br \/>\n<\/strong><\/p>\n","protected":false},"excerpt":{"rendered":"<p>Produ\u00e7\u00e3o de V\u00eddeo Estudantil &#8211;\u00a0 Canal do you tube organizado pelo curso de cinema da UFPel onde os professores e alunos aprendem a fazer v\u00eddeo. SEM HPV &#8211; O Filme que ensina a Fazer Filme &#8211; O filme narra a historia de uma menina de 12 anos que deseja aprender a fazer v\u00eddeo e com [&hellip;]<\/p>\n","protected":false},"author":578,"featured_media":0,"parent":0,"menu_order":0,"comment_status":"closed","ping_status":"closed","template":"","meta":{"footnotes":""},"class_list":["post-31","page","type-page","status-publish","hentry","post"],"jetpack-related-posts":[],"jetpack_sharing_enabled":true,"_links":{"self":[{"href":"https:\/\/wp.ufpel.edu.br\/gp2ve\/wp-json\/wp\/v2\/pages\/31","targetHints":{"allow":["GET"]}}],"collection":[{"href":"https:\/\/wp.ufpel.edu.br\/gp2ve\/wp-json\/wp\/v2\/pages"}],"about":[{"href":"https:\/\/wp.ufpel.edu.br\/gp2ve\/wp-json\/wp\/v2\/types\/page"}],"author":[{"embeddable":true,"href":"https:\/\/wp.ufpel.edu.br\/gp2ve\/wp-json\/wp\/v2\/users\/578"}],"replies":[{"embeddable":true,"href":"https:\/\/wp.ufpel.edu.br\/gp2ve\/wp-json\/wp\/v2\/comments?post=31"}],"version-history":[{"count":5,"href":"https:\/\/wp.ufpel.edu.br\/gp2ve\/wp-json\/wp\/v2\/pages\/31\/revisions"}],"predecessor-version":[{"id":106,"href":"https:\/\/wp.ufpel.edu.br\/gp2ve\/wp-json\/wp\/v2\/pages\/31\/revisions\/106"}],"wp:attachment":[{"href":"https:\/\/wp.ufpel.edu.br\/gp2ve\/wp-json\/wp\/v2\/media?parent=31"}],"curies":[{"name":"wp","href":"https:\/\/api.w.org\/{rel}","templated":true}]}}