{"id":243,"date":"2020-11-03T04:47:47","date_gmt":"2020-11-03T07:47:47","guid":{"rendered":"https:\/\/wp.ufpel.edu.br\/gp2ve\/?page_id=243"},"modified":"2020-11-10T11:49:12","modified_gmt":"2020-11-10T14:49:12","slug":"canais-de-professores","status":"publish","type":"page","link":"https:\/\/wp.ufpel.edu.br\/gp2ve\/canais-de-professores\/","title":{"rendered":"Canais de Professores"},"content":{"rendered":"<p>Esta \u00e9 uma lista de canais de professores, onde est\u00e3o dispon\u00edveis v\u00eddeos e materiais estudantis<\/p>\n<hr \/>\n<p><strong>SUL:<\/strong><\/p>\n<p>&nbsp;<\/p>\n<p><span style=\"color: #ff6600\">Rio Grande do Sul:<\/span><\/p>\n<p><a href=\"https:\/\/www.youtube.com\/channel\/UC3ppKFaU-3zHA6fM9dw2QYw\" target=\"_blank\" rel=\"noopener noreferrer\">Volunt\u00e1rios de M\u00eddias<\/a> &#8211; Maria Emilia Lubian\/Novo Hamburgo<\/p>\n<p><a href=\"https:\/\/www.youtube.com\/channel\/UCKd_CN6tgza9eVUTnJvVlYg\/videos?view_as=subscriber\" target=\"_blank\" rel=\"noopener noreferrer\">Gilce Sampaio<\/a> &#8211; Gilce Sampaio\/Campo Novo<\/p>\n<p><a href=\"https:\/\/www.youtube.com\/c\/SimplesmenteMobral\" target=\"_blank\" rel=\"noopener noreferrer\">Simplesmente Mobral<\/a> -Marlon Nunes\/Campo Bom<\/p>\n<p><a href=\"https:\/\/www.youtube.com\/channel\/UCAje7IPpsdBbcxaUhonyPEw\/videos\" target=\"_blank\" rel=\"noopener noreferrer\">N\u00facleo Terra Cambar\u00e1<\/a><\/p>\n<p><a href=\"https:\/\/www.youtube.com\/c\/FECEARS\/videos\" target=\"_blank\" rel=\"noopener noreferrer\">FECEA RS<\/a><\/p>\n<p>&nbsp;<\/p>\n<p><span style=\"color: #ff6600\">Santa Catarina:<\/span><\/p>\n<p><a href=\"https:\/\/www.youtube.com\/channel\/UCtRmvmXhJE43IdA9ZXaWwfw?view_as=subscriber\" target=\"_blank\" rel=\"noopener noreferrer\">Arthur Peixer<\/a> &#8211; Arthur Luiz Peixer\/Ca\u00e7ador<\/p>\n<p><a href=\"https:\/\/www.youtube.com\/channel\/UC3NldBaG36W0deo4rI7r1wQ\" target=\"_blank\" rel=\"noopener noreferrer\">N\u00facleo de Cinema MTC<\/a> &#8211; Luiz de Vasconcellos Ferreira Sobrinho\/Florian\u00f3polis<\/p>\n<hr \/>\n<p><strong><span style=\"font-size: 14pt\">SUDESTE:<\/span><\/strong><\/p>\n<p>&nbsp;<\/p>\n<p><span style=\"color: #ff6600\">Rio de Janeiro:<\/span><\/p>\n<p><a href=\"https:\/\/cinead.org\/\" target=\"_blank\" rel=\"noopener noreferrer\">CINEAD\/LECAV<\/a> &#8211; Laborat\u00f3rio de Educa\u00e7\u00e3o, Cinema e Audiovisual da Faculdade de Educa\u00e7\u00e3o da UFRJ<\/p>\n<p><a href=\"https:\/\/www.youtube.com\/c\/TeacherDaniCosta\" target=\"_blank\" rel=\"noopener noreferrer\">Dani Costa<\/a> &#8211; Daniele Costa Couto\/Rio de Janeiro<\/p>\n<p><a href=\"https:\/\/www.youtube.com\/channel\/UCXupqXnXMCcMd4iaqpo5uvA\/videos?view_as=subscriber\" target=\"_blank\" rel=\"noopener noreferrer\">Prof Carmelita Vieira de Melo Karmell<\/a> &#8211; CARMELITA VIEIRA DE MELO\/Nova Igua\u00e7u<\/p>\n<p><a href=\"https:\/\/www.youtube.com\/channel\/UCZxhPLx2Gt2AUS_64Dz178g?view_as=subscriber\" target=\"_blank\" rel=\"noopener noreferrer\">NEPA CP2<\/a> &#8211; Rosiane de Jesus Dourado\/Rio de Janeiro<\/p>\n<p><a href=\"https:\/\/www.youtube.com\/channel\/UC4K0GJOC8men3V8_ZGpIdaA\" target=\"_blank\" rel=\"noopener noreferrer\">Monitoria de Matem\u00e1tica IFRJCDUC<\/a> &#8211; Eduardo dos Santos de Oliveira Braga\/Rio de Janeiro<\/p>\n<p><a href=\"https:\/\/www.youtube.com\/channel\/UCV-McIOujpiVuYWMNNKd1DQ\" target=\"_blank\" rel=\"noopener noreferrer\">NAG N\u00facleo de Arte Gr\u00e9cia<\/a> &#8211; Luiz Claudio Motta Lima\/Rio de Janeiro<\/p>\n<p><a href=\"https:\/\/www.youtube.com\/user\/culturapolitecnica\" target=\"_blank\" rel=\"noopener noreferrer\">Cultura Politecnia<\/a> &#8211; Gregorio Galv\u00e3o de Albuquerque\/Rio de Janeiro<\/p>\n<p>&nbsp;<\/p>\n<p><span style=\"color: #ff6600\">S\u00e3o Paulo:<\/span><\/p>\n<p><a href=\"https:\/\/www.youtube.com\/channel\/UCu6Yifi09pTmUkbmMriXGsw\/videos\" target=\"_blank\" rel=\"noopener noreferrer\">Karla Beck<\/a> &#8211; Karla Beck\/Campinas<\/p>\n<p>&nbsp;<\/p>\n<hr \/>\n<p><strong>NORTE:<\/strong><\/p>\n<hr \/>\n<p><strong>NORDESTE:<\/strong><\/p>\n<p><span style=\"color: #ff6600\">Alagoas:<\/span><\/p>\n<p><a href=\"https:\/\/padlet.com\/mariozeymison1982\/nesav\" target=\"_blank\" rel=\"noopener noreferrer\">NESAV &#8211; E. E. Humberto Mendes<\/a> &#8211; M\u00e1rio Zeymison Castro da Silva\/Palmeira dos \u00cdndios<\/p>\n<hr \/>\n<p><strong>CENTRO OESTE:<\/strong><\/p>\n<hr \/>\n<p>&nbsp;<\/p>\n<p>&nbsp;<\/p>\n","protected":false},"excerpt":{"rendered":"<p>Esta \u00e9 uma lista de canais de professores, onde est\u00e3o dispon\u00edveis v\u00eddeos e materiais estudantis SUL: &nbsp; Rio Grande do Sul: Volunt\u00e1rios de M\u00eddias &#8211; Maria Emilia Lubian\/Novo Hamburgo Gilce Sampaio &#8211; Gilce Sampaio\/Campo Novo Simplesmente Mobral -Marlon Nunes\/Campo Bom N\u00facleo Terra Cambar\u00e1 FECEA RS &nbsp; Santa Catarina: Arthur Peixer &#8211; Arthur Luiz Peixer\/Ca\u00e7ador N\u00facleo [&hellip;]<\/p>\n","protected":false},"author":578,"featured_media":0,"parent":0,"menu_order":0,"comment_status":"closed","ping_status":"closed","template":"","meta":{"footnotes":""},"class_list":["post-243","page","type-page","status-publish","hentry","post"],"jetpack-related-posts":[],"jetpack_sharing_enabled":true,"_links":{"self":[{"href":"https:\/\/wp.ufpel.edu.br\/gp2ve\/wp-json\/wp\/v2\/pages\/243","targetHints":{"allow":["GET"]}}],"collection":[{"href":"https:\/\/wp.ufpel.edu.br\/gp2ve\/wp-json\/wp\/v2\/pages"}],"about":[{"href":"https:\/\/wp.ufpel.edu.br\/gp2ve\/wp-json\/wp\/v2\/types\/page"}],"author":[{"embeddable":true,"href":"https:\/\/wp.ufpel.edu.br\/gp2ve\/wp-json\/wp\/v2\/users\/578"}],"replies":[{"embeddable":true,"href":"https:\/\/wp.ufpel.edu.br\/gp2ve\/wp-json\/wp\/v2\/comments?post=243"}],"version-history":[{"count":5,"href":"https:\/\/wp.ufpel.edu.br\/gp2ve\/wp-json\/wp\/v2\/pages\/243\/revisions"}],"predecessor-version":[{"id":252,"href":"https:\/\/wp.ufpel.edu.br\/gp2ve\/wp-json\/wp\/v2\/pages\/243\/revisions\/252"}],"wp:attachment":[{"href":"https:\/\/wp.ufpel.edu.br\/gp2ve\/wp-json\/wp\/v2\/media?parent=243"}],"curies":[{"name":"wp","href":"https:\/\/api.w.org\/{rel}","templated":true}]}}